{"id":22725,"date":"2017-04-04T18:44:00","date_gmt":"2017-04-04T18:44:00","guid":{"rendered":"https:\/\/stageccl.wpengine.com\/?page_id=22725"},"modified":"2024-04-26T21:13:44","modified_gmt":"2024-04-26T21:13:44","slug":"valores","status":"publish","type":"page","link":"https:\/\/citizensclimatelobby.org\/es\/acerca-de-ccl\/valores\/","title":{"rendered":"Valores fundamentales"},"content":{"rendered":"[fullwidth_text alt_background=&#8221;none&#8221; width=&#8221;1\/1&#8243; el_position=&#8221;first last&#8221;]\n<h1>En qu\u00e9 creemos<\/h1>\n<p>Ciudadanos por un Clima Vivible\/Citizens&#8217; Climate Lobby es una organizaci\u00f3n de base no partidista y sin fines de lucro centrada en pol\u00edticas nacionales para resolver el cambio clim\u00e1tico. Estos valores fundamentales gu\u00edan a nuestro personal y voluntarios a lo largo del camino:<\/p>\n<div class=\"core_value_list\" style=\"margin-top: 30px;\">\n<div class=\"value_image\"><img decoding=\"async\" src=\"\/wp-content\/uploads\/2018\/06\/magnifying_color_sm.png\" \/><\/div>\n<div class=\"value_text\">\n<p class=\"values\"><img decoding=\"async\" src=\"\/wp-content\/uploads\/2018\/06\/magnifying_color_sm.png\" \/>Enfoque<\/p>\n<p><span style=\"font-weight: 400;\">Estamos enfocados en resolver el cambio clim\u00e1tico. Hacemos que el Congreso apruebe legislaci\u00f3n que garantice un clima saludable. Tambi\u00e9n trabajamos en soluciones complementarias que nos ayuden a trabajar juntos en nuestras comunidades y fomentar un ambiente m\u00e1s colaborativo en el Congreso. <\/span><\/p>\n<\/div>\n<div class=\"value_image\"><img decoding=\"async\" src=\"\/wp-content\/uploads\/2018\/06\/glass_color_sm.png\" \/><\/div>\n<div class=\"value_text\">\n<p class=\"values\"><img decoding=\"async\" src=\"\/wp-content\/uploads\/2018\/06\/glass_color_sm.png\" \/>Optimismo<\/p>\n<p><span style=\"font-weight: 400;\">Ante los desaf\u00edos, elegimos el optimismo: que la gente es buena, que la democracia puede funcionar, que podemos resolver el cambio clim\u00e1tico y que somos m\u00e1s grandes que nuestros defectos. El optimismo convierte nuestra preocupaci\u00f3n por el cambio clim\u00e1tico en acci\u00f3n, y est\u00e1 ganando popularidad: cada d\u00eda m\u00e1s personas se unen a nosotros.<\/span><\/p>\n<\/div>\n<div class=\"value_image\"><img decoding=\"async\" src=\"\/wp-content\/uploads\/2018\/06\/Diversity_sm.png\" \/><\/div>\n<div class=\"value_text\">\n<p class=\"values\"><img decoding=\"async\" src=\"\/wp-content\/uploads\/2018\/06\/Diversity_sm.png\" \/>Diversidad<\/p>\n<p><span style=\"font-weight: 400;\">Empoderamos a todos para que ejerzan su poder personal y pol\u00edtico independientemente de su raza, etnia, nacionalidad, g\u00e9nero, orientaci\u00f3n sexual, edad, religi\u00f3n, capacidad o afiliaci\u00f3n pol\u00edtica. Seguimos generando conciencia sobre temas importantes a todos nuestros voluntarios y fomentando un sentido de pertenencia a nuestra organizaci\u00f3n.<\/span><\/p>\n<\/div>\n<div class=\"value_image\"><img decoding=\"async\" src=\"\/wp-content\/uploads\/2018\/06\/handsheart_color_sm.png\" \/><\/div>\n<div class=\"value_text\">\n<p class=\"values\"><img decoding=\"async\" src=\"\/wp-content\/uploads\/2018\/06\/handsheart_color_sm.png\" \/>Relaciones<\/p>\n<p><span style=\"font-weight: 400;\">Adoptamos el enfoque m\u00e1s generoso posible hacia otras personas: aprecio, gratitud y respeto. Escuchamos, trabajamos para encontrar puntos en com\u00fan y nos esforzamos por comprender nuestros propios prejuicios. Somos honestos y firmes. Sabemos que hay lugar para la protesta, pero nuestro enfoque es generar consenso, porque es lo que creemos que nos traer\u00e1 un cambio duradero. Es por eso que los funcionarios electos y su personal, sin importar cu\u00e1l sea su pol\u00edtica, dicen que est\u00e1n felices de vernos, y lo dicen en serio.<\/span><\/p>\n<\/div>\n<div class=\"value_image\"><img decoding=\"async\" src=\"\/wp-content\/uploads\/2018\/06\/scale_color_sm.png\" \/><\/div>\n<div class=\"value_text\">\n<p class=\"values\"><img decoding=\"async\" src=\"\/wp-content\/uploads\/2018\/06\/scale_color_sm.png\" \/>Integridad<\/p>\n<p><span style=\"font-weight: 400;\">Nuestro enfoque es reflexivo y minucioso. Estamos preparados: consultamos a expertos, utilizamos datos y solicitamos comentarios antes de formar opiniones o tomar decisiones. Damos seguimiento cuando nos lo piden. Seguimos adelante incluso cuando es dif\u00edcil. La gente sabe que puede contar con nosotros para que seamos coherentes y hagamos lo que decimos que haremos.<\/span><\/p>\n<\/div>\n<div class=\"value_image\"><img decoding=\"async\" src=\"\/wp-content\/uploads\/2018\/06\/flag_color_sm.png\" \/><\/div>\n<div class=\"value_text\">\n<p class=\"values\"><img decoding=\"async\" src=\"\/wp-content\/uploads\/2018\/06\/flag_color_sm.png\" \/>Ser no partidista<\/p>\n<p><span style=\"font-weight: 400;\">Nuestro grupo est\u00e1 abierto a cualquiera que se tome en serio la soluci\u00f3n del cambio clim\u00e1tico. No importa d\u00f3nde viva, qu\u00e9 ropa vista o por qui\u00e9n vot\u00f3 en las \u00faltimas elecciones: es bienvenido. Trabajamos con funcionarios electos y l\u00edderes comunitarios de todo el espectro pol\u00edtico porque creemos que todos son aliados potenciales.<br \/>\n<\/span><\/p>\n<\/div>\n<div class=\"value_image\"><img decoding=\"async\" src=\"\/wp-content\/uploads\/2018\/06\/lightningbolt_color_sm.png\" \/><\/div>\n<div class=\"value_text\">\n<p class=\"values\"><img decoding=\"async\" src=\"\/wp-content\/uploads\/2018\/06\/lightningbolt_color_sm.png\" \/>Poder Personal<\/p>\n<p><span style=\"font-weight: 400;\">Usamos nuestras voces para ser escuchados en nuestra democracia. Este simple acto nos transforma de ser espectadores a ser ciudadanos comprometidos. Estamos impulsados \u200b\u200bpor voluntarios y confiamos en ellos para tomar decisiones importantes. Cada uno de nosotros es esencial para resolver el cambio clim\u00e1tico.<\/span><\/p>\n<\/div>\n<\/div>\n[\/fullwidth_text] [spb_text_block pb_margin_bottom=&#8221;no&#8221; pb_border_bottom=&#8221;no&#8221; width=&#8221;1\/1&#8243; el_position=&#8221;first last&#8221;]\n<p style=\"text-align: center;\"><img decoding=\"async\" class=\"size-full wp-image-20761\" src=\"https:\/\/citizensclimatelobby.org\/wp-content\/uploads\/2017\/04\/values.png\" alt=\"A team of citizens from Arkansas before lobbying on Capitol Hill\" width=\"387\" height=\"237\" \/><br \/>\n<i>Un grupo de voluntarios de Arkansas en el Capitolio.<\/i><\/p>\n[\/spb_text_block]\n","protected":false},"excerpt":{"rendered":"<p>[fullwidth_text alt_background=&#8221;none&#8221; width=&#8221;1\/1&#8243; el_position=&#8221;first last&#8221;] En qu\u00e9 creemos Ciudadanos por un Clima Vivible\/Citizens&#8217; Climate Lobby es una organizaci\u00f3n de base no partidista y sin fines de lucro centrada en pol\u00edticas nacionales para resolver el cambio clim\u00e1tico. Estos valores fundamentales gu\u00edan a nuestro personal y voluntarios a lo largo del camino: Enfoque Estamos enfocados en resolver el cambio clim\u00e1tico. Hacemos que [&hellip;]<\/p>\n","protected":false},"author":20,"featured_media":24469,"parent":22719,"menu_order":0,"comment_status":"closed","ping_status":"closed","template":"","meta":{"footnotes":""},"acf":[],"yoast_head":"<!-- This site is optimized with the Yoast SEO Premium plugin v21.3 (Yoast SEO v21.3) - https:\/\/yoast.com\/wordpress\/plugins\/seo\/ -->\n<title>Values<\/title>\n<meta name=\"description\" content=\"Citizens\u2019 Climate Lobby&#039;s core values: Integrity, Focus, Optimism, Relationships, Personal Power and Non-Partisan.\" \/>\n<meta name=\"robots\" content=\"index, follow, max-snippet:-1, max-image-preview:large, max-video-preview:-1\" \/>\n<link rel=\"canonical\" href=\"https:\/\/citizensclimatelobby.org\/es\/acerca-de-ccl\/valores\/\" \/>\n<meta property=\"og:locale\" content=\"es_ES\" \/>\n<meta property=\"og:type\" content=\"article\" \/>\n<meta property=\"og:title\" content=\"Values of Citizens&#039; Climate Lobby\" \/>\n<meta property=\"og:description\" content=\"Citizens\u2019 Climate Lobby is a non-profit, non-partisan, grassroots advocacy organization focused on national policies to address climate change. Our core values guide us along the way: Integrity, Focus, Optimism, Relationships, Personal Power and Non-Partisan.\" \/>\n<meta property=\"og:url\" content=\"https:\/\/citizensclimatelobby.org\/es\/acerca-de-ccl\/valores\/\" \/>\n<meta property=\"og:site_name\" content=\"Citizens&#039; Climate Lobby\" \/>\n<meta property=\"article:publisher\" content=\"https:\/\/www.facebook.com\/CitizensClimateLobby\/\" \/>\n<meta property=\"article:modified_time\" content=\"2024-04-26T21:13:44+00:00\" \/>\n<meta property=\"og:image\" content=\"https:\/\/citizensclimatelobby.org\/wp-content\/uploads\/2017\/04\/values.png\" \/>\n\t<meta property=\"og:image:width\" content=\"387\" \/>\n\t<meta property=\"og:image:height\" content=\"237\" \/>\n\t<meta property=\"og:image:type\" content=\"image\/jpeg\" \/>\n<meta name=\"twitter:card\" content=\"summary_large_image\" \/>\n<meta name=\"twitter:title\" content=\"Valores fundamentales\" \/>\n<meta name=\"twitter:site\" content=\"@citizensclimate\" \/>\n<meta name=\"twitter:label1\" content=\"Tiempo de lectura\" \/>\n\t<meta name=\"twitter:data1\" content=\"5 minutes\" \/>\n<script type=\"application\/ld+json\" class=\"yoast-schema-graph\">{\"@context\":\"https:\/\/schema.org\",\"@graph\":[{\"@type\":\"WebPage\",\"@id\":\"https:\/\/citizensclimatelobby.org\/es\/acerca-de-ccl\/valores\/\",\"url\":\"https:\/\/citizensclimatelobby.org\/es\/acerca-de-ccl\/valores\/\",\"name\":\"Values\",\"isPartOf\":{\"@id\":\"https:\/\/citizensclimatelobby.org\/#website\"},\"datePublished\":\"2017-04-04T18:44:00+00:00\",\"dateModified\":\"2024-04-26T21:13:44+00:00\",\"description\":\"Citizens\u2019 Climate Lobby's core values: Integrity, Focus, Optimism, Relationships, Personal Power and Non-Partisan.\",\"breadcrumb\":{\"@id\":\"https:\/\/citizensclimatelobby.org\/es\/acerca-de-ccl\/valores\/#breadcrumb\"},\"inLanguage\":\"es-ES\",\"potentialAction\":[{\"@type\":\"ReadAction\",\"target\":[\"https:\/\/citizensclimatelobby.org\/es\/acerca-de-ccl\/valores\/\"]}]},{\"@type\":\"BreadcrumbList\",\"@id\":\"https:\/\/citizensclimatelobby.org\/es\/acerca-de-ccl\/valores\/#breadcrumb\",\"itemListElement\":[{\"@type\":\"ListItem\",\"position\":1,\"name\":\"Home\",\"item\":\"https:\/\/citizensclimatelobby.org\/es\/\"},{\"@type\":\"ListItem\",\"position\":2,\"name\":\"Acerca de Ciudadanos por un Clima Vivible\",\"item\":\"https:\/\/citizensclimatelobby.org\/es\/acerca-de-ccl\/\"},{\"@type\":\"ListItem\",\"position\":3,\"name\":\"Valores fundamentales\"}]},{\"@type\":\"WebSite\",\"@id\":\"https:\/\/citizensclimatelobby.org\/#website\",\"url\":\"https:\/\/citizensclimatelobby.org\/\",\"name\":\"Citizens&#039; Climate Lobby\",\"description\":\"Political will for a livable world\",\"publisher\":{\"@id\":\"https:\/\/citizensclimatelobby.org\/#organization\"},\"potentialAction\":[{\"@type\":\"SearchAction\",\"target\":{\"@type\":\"EntryPoint\",\"urlTemplate\":\"https:\/\/citizensclimatelobby.org\/?s={search_term_string}\"},\"query-input\":\"required name=search_term_string\"}],\"inLanguage\":\"es-ES\"},{\"@type\":\"Organization\",\"@id\":\"https:\/\/citizensclimatelobby.org\/#organization\",\"name\":\"Citizens' Climate Lobby\",\"url\":\"https:\/\/citizensclimatelobby.org\/\",\"logo\":{\"@type\":\"ImageObject\",\"inLanguage\":\"es-ES\",\"@id\":\"https:\/\/citizensclimatelobby.org\/#\/schema\/logo\/image\/\",\"url\":\"https:\/\/citizensclimatelobby.org\/wp-content\/uploads\/2017\/04\/CCL-Logo.png\",\"contentUrl\":\"https:\/\/citizensclimatelobby.org\/wp-content\/uploads\/2017\/04\/CCL-Logo.png\",\"width\":314,\"height\":201,\"caption\":\"Citizens' Climate Lobby\"},\"image\":{\"@id\":\"https:\/\/citizensclimatelobby.org\/#\/schema\/logo\/image\/\"},\"sameAs\":[\"https:\/\/www.facebook.com\/CitizensClimateLobby\/\",\"https:\/\/twitter.com\/citizensclimate\",\"https:\/\/www.instagram.com\/citizensclimate\/\",\"https:\/\/www.linkedin.com\/company\/citizens-climate-lobby\/\",\"https:\/\/www.youtube.com\/c\/CitizensClimateLobby\",\"https:\/\/en.wikipedia.org\/wiki\/Citizens_Climate_Lobby\"]}]}<\/script>\n<!-- \/ Yoast SEO Premium plugin. -->","yoast_head_json":{"title":"Values","description":"Citizens\u2019 Climate Lobby's core values: Integrity, Focus, Optimism, Relationships, Personal Power and Non-Partisan.","robots":{"index":"index","follow":"follow","max-snippet":"max-snippet:-1","max-image-preview":"max-image-preview:large","max-video-preview":"max-video-preview:-1"},"canonical":"https:\/\/citizensclimatelobby.org\/es\/acerca-de-ccl\/valores\/","og_locale":"es_ES","og_type":"article","og_title":"Values of Citizens' Climate Lobby","og_description":"Citizens\u2019 Climate Lobby is a non-profit, non-partisan, grassroots advocacy organization focused on national policies to address climate change. Our core values guide us along the way: Integrity, Focus, Optimism, Relationships, Personal Power and Non-Partisan.","og_url":"https:\/\/citizensclimatelobby.org\/es\/acerca-de-ccl\/valores\/","og_site_name":"Citizens&#039; Climate Lobby","article_publisher":"https:\/\/www.facebook.com\/CitizensClimateLobby\/","article_modified_time":"2024-04-26T21:13:44+00:00","og_image":[{"width":387,"height":237,"url":"https:\/\/citizensclimatelobby.org\/wp-content\/uploads\/2017\/04\/values.png","type":"image\/jpeg"}],"twitter_card":"summary_large_image","twitter_title":"Valores fundamentales","twitter_site":"@citizensclimate","twitter_misc":{"Tiempo de lectura":"5 minutes"},"schema":{"@context":"https:\/\/schema.org","@graph":[{"@type":"WebPage","@id":"https:\/\/citizensclimatelobby.org\/es\/acerca-de-ccl\/valores\/","url":"https:\/\/citizensclimatelobby.org\/es\/acerca-de-ccl\/valores\/","name":"Values","isPartOf":{"@id":"https:\/\/citizensclimatelobby.org\/#website"},"datePublished":"2017-04-04T18:44:00+00:00","dateModified":"2024-04-26T21:13:44+00:00","description":"Citizens\u2019 Climate Lobby's core values: Integrity, Focus, Optimism, Relationships, Personal Power and Non-Partisan.","breadcrumb":{"@id":"https:\/\/citizensclimatelobby.org\/es\/acerca-de-ccl\/valores\/#breadcrumb"},"inLanguage":"es-ES","potentialAction":[{"@type":"ReadAction","target":["https:\/\/citizensclimatelobby.org\/es\/acerca-de-ccl\/valores\/"]}]},{"@type":"BreadcrumbList","@id":"https:\/\/citizensclimatelobby.org\/es\/acerca-de-ccl\/valores\/#breadcrumb","itemListElement":[{"@type":"ListItem","position":1,"name":"Home","item":"https:\/\/citizensclimatelobby.org\/es\/"},{"@type":"ListItem","position":2,"name":"Acerca de Ciudadanos por un Clima Vivible","item":"https:\/\/citizensclimatelobby.org\/es\/acerca-de-ccl\/"},{"@type":"ListItem","position":3,"name":"Valores fundamentales"}]},{"@type":"WebSite","@id":"https:\/\/citizensclimatelobby.org\/#website","url":"https:\/\/citizensclimatelobby.org\/","name":"Citizens&#039; Climate Lobby","description":"Political will for a livable world","publisher":{"@id":"https:\/\/citizensclimatelobby.org\/#organization"},"potentialAction":[{"@type":"SearchAction","target":{"@type":"EntryPoint","urlTemplate":"https:\/\/citizensclimatelobby.org\/?s={search_term_string}"},"query-input":"required name=search_term_string"}],"inLanguage":"es-ES"},{"@type":"Organization","@id":"https:\/\/citizensclimatelobby.org\/#organization","name":"Citizens' Climate Lobby","url":"https:\/\/citizensclimatelobby.org\/","logo":{"@type":"ImageObject","inLanguage":"es-ES","@id":"https:\/\/citizensclimatelobby.org\/#\/schema\/logo\/image\/","url":"https:\/\/citizensclimatelobby.org\/wp-content\/uploads\/2017\/04\/CCL-Logo.png","contentUrl":"https:\/\/citizensclimatelobby.org\/wp-content\/uploads\/2017\/04\/CCL-Logo.png","width":314,"height":201,"caption":"Citizens' Climate Lobby"},"image":{"@id":"https:\/\/citizensclimatelobby.org\/#\/schema\/logo\/image\/"},"sameAs":["https:\/\/www.facebook.com\/CitizensClimateLobby\/","https:\/\/twitter.com\/citizensclimate","https:\/\/www.instagram.com\/citizensclimate\/","https:\/\/www.linkedin.com\/company\/citizens-climate-lobby\/","https:\/\/www.youtube.com\/c\/CitizensClimateLobby","https:\/\/en.wikipedia.org\/wiki\/Citizens_Climate_Lobby"]}]}},"_links":{"self":[{"href":"https:\/\/citizensclimatelobby.org\/es\/wp-json\/wp\/v2\/pages\/22725"}],"collection":[{"href":"https:\/\/citizensclimatelobby.org\/es\/wp-json\/wp\/v2\/pages"}],"about":[{"href":"https:\/\/citizensclimatelobby.org\/es\/wp-json\/wp\/v2\/types\/page"}],"author":[{"embeddable":true,"href":"https:\/\/citizensclimatelobby.org\/es\/wp-json\/wp\/v2\/users\/20"}],"replies":[{"embeddable":true,"href":"https:\/\/citizensclimatelobby.org\/es\/wp-json\/wp\/v2\/comments?post=22725"}],"version-history":[{"count":0,"href":"https:\/\/citizensclimatelobby.org\/es\/wp-json\/wp\/v2\/pages\/22725\/revisions"}],"up":[{"embeddable":true,"href":"https:\/\/citizensclimatelobby.org\/es\/wp-json\/wp\/v2\/pages\/22719"}],"wp:featuredmedia":[{"embeddable":true,"href":"https:\/\/citizensclimatelobby.org\/es\/wp-json\/wp\/v2\/media\/24469"}],"wp:attachment":[{"href":"https:\/\/citizensclimatelobby.org\/es\/wp-json\/wp\/v2\/media?parent=22725"}],"curies":[{"name":"wp","href":"https:\/\/api.w.org\/{rel}","templated":true}]}}