{"id":22730,"date":"2017-10-22T00:16:23","date_gmt":"2017-10-22T00:16:23","guid":{"rendered":"https:\/\/stageccl.wpengine.com\/?page_id=22730"},"modified":"2020-12-08T19:05:54","modified_gmt":"2020-12-08T19:05:54","slug":"logros","status":"publish","type":"page","link":"https:\/\/citizensclimatelobby.org\/es\/acerca-de-ccl\/logros\/","title":{"rendered":"Nuestros logros"},"content":{"rendered":"[spb_text_block pb_margin_bottom=&#8221;no&#8221; pb_border_bottom=&#8221;no&#8221; width=&#8221;1\/1&#8243; el_position=&#8221;first last&#8221;]\n<h1>Avanzando la conversaci\u00f3n clim\u00e1tica en el Congreso<\/h1>\n<p><img decoding=\"async\" class=\"size-medium wp-image-37088 alignright\" src=\"\/wp-content\/uploads\/2018\/06\/changing-conversation-in-congress-300x187.jpg\" alt=\"\" width=\"300\" height=\"187\" \/>En CCL trabajamos tanto con republicanos como dem\u00f3cratas. Los electores se reunen regularmente con sus congresistas para pedirles ayudar a solucionar el problema del cambio clim\u00e1tico, y apoyar las soluciones que har\u00e1n una diferencia significativa. Esta estrategia ha contribuido al avance de la conversaci\u00f3n sobre el cambio clim\u00e1tico en el Congreso. Ya los congresistas est\u00e1n mirando m\u00e1s all\u00e1 del debate la ciencia del cambio clim\u00e1tico y est\u00e1n discutiendo las soluciones.<\/p>\n<p>CCL fue instrumental en la fundaci\u00f3n de los <a href=\"https:\/\/citizensclimatelobby.org\/es\/caucus-para-soluciones-climaticas\/\">Caucuses para Soluciones Clim\u00e1ticas<\/a>, dos grupos bipartidario en ambas C\u00e1maras del Congreso. El Caucus de Soluciones Clim\u00e1ticas en la C\u00e1mara de Representantes se fund\u00f3 en 2016, y\u00a0 el del Senado en 2020. Republicanos y dem\u00f3cratas se reunen para discutir los temas y soluciones al cambio clim\u00e1tico. Hacen el trabajo preparatorio para futuras colaboraciones en las soluciones del cambio clim\u00e1tico.<\/p>\n<section>\n<h2>La legislaci\u00f3n en el Congreso<\/h2>\n<div id=\"attachment_37078\" style=\"width: 310px\" class=\"wp-caption alignright\"><img aria-describedby=\"caption-attachment-37078\" decoding=\"async\" class=\"wp-image-37078 size-medium\" src=\"\/wp-content\/uploads\/2018\/06\/Use-1-1-300x200.jpg\" alt=\"\" width=\"300\" height=\"200\" \/><p id=\"caption-attachment-37078\" class=\"wp-caption-text\">El Rep. Ted Deutch (D-FL-22) presenta el Proyecto de Ley de Innovaci\u00f3n Energ\u00e9tica y Dividendos de Carbono en Washington, D.C. el 28 de noviembre de 2019<\/p><\/div>\n<p>Se present\u00f3 el Proyecto de Ley de Innovaci\u00f3n Energ\u00e9tica y Dividendos de Carbono en el Congreso en 2018. En ese momento, era el primer proyecto de ley bipartidista en m\u00e1s de una d\u00e9cada. Posteriormente, fue representado en la C\u00e1mara de Representantes como H.R. 763 en enero de 2019, en el 116<span class=\"_2fQ3Xj8U _2QBU0YsX\">\u00ba<\/span> Congreso.<\/p>\n<p>El Proyecto de Ley de Innovaci\u00f3n Energ\u00e9tica y Dividendos de Carbono exige una pol\u00edtica de Dividendos Energ\u00e9ticos, lo que reducir\u00e1 la contaminaci\u00f3n de carbono r\u00e1pidamente y dar\u00e1 un pago mensual en efectivo al pueblo. Este proyecto de ley es muy similar a la pol\u00edtica que CCL ha promovido para m\u00e1s de una d\u00e9cada. Asi que CCL ha aumentado el apoyo para el Proyecto de Ley de Innovaci\u00f3n Energ\u00e9tica y Dividendos de Carbono en el Congreso y en las comunidades locales, incluyendo:<\/p>\n<ul>\n<li><b>M\u00e1s de <\/b><b>80 copatrocinadores. <\/b>M\u00e1s de 80 congresistas de 22 estados, incluyendo Illinois, Georgia, Kentucky, Virginia, y Texas copatrocinaron el proyecto de ley en el 116<span class=\"_2fQ3Xj8U _2QBU0YsX\">\u00ba<\/span> Congreso<\/li>\n<li><b>M\u00e1s de 1500<\/b> <strong>declaraciones de respaldo<\/strong> de individuos, empresas, grupos de fe, gobiernos locales, y organizaciones civiles.\u00a0 from prominent individuals, businesses, faith groups, local governments, and nonprofit organizations.<\/li>\n<\/ul>\n<p>Hab\u00edan varios proyectos de ley relacionados al cambio clim\u00e1tico presentados en el 116<span class=\"_2fQ3Xj8U _2QBU0YsX\">\u00ba<\/span> Congreso, muchos con apoyo bipartidista. CCL apoya estos proyectos de ley cuando sean complementarios a un plan de poner precio al carbono. Desde el junio 2019, los CCLeros han ayudado a avanzar los siguientes proyectos de ley al generar el apoyo de sus congresistas:<\/p>\n<ul>\n<li>Proyecto de Ley USE IT<\/li>\n<li>Proyecto de Ley RECLAIM<\/li>\n<li>Proyecto de Ley BEST<\/li>\n<li>Proyecto de Ley DISASTER<\/li>\n<li>Proyecto de Ley para la Pesca Preparada Clim\u00e1ticamente (Climate-Ready Fisheries Act)<\/li>\n<li>Proyecto de Ley sobre las Comunidades Costeras y la Acidificaci\u00f3n del Oc\u00e9ano (Coastal Communities Ocean Acidification Act)<\/li>\n<li>Proyecto de Ley Creciendo Soluciones Clim\u00e1ticas (Growing Climate Solutions Act)<\/li>\n<\/ul>\n<\/section>\n<section>\n<h2>Logros al nivel estatal<\/h2>\n<div id=\"attachment_37080\" style=\"width: 310px\" class=\"wp-caption alignright\"><img aria-describedby=\"caption-attachment-37080\" decoding=\"async\" class=\"wp-image-37080\" src=\"\/wp-content\/uploads\/2018\/06\/Jamie-DeMarco-and-Max-Broad-the-DC-chapter-lead-holding-a-sign-after-passing-the-Clean-Energy-DC-Act-300x169.jpg\" alt=\"\" width=\"300\" height=\"169\" \/><p id=\"caption-attachment-37080\" class=\"wp-caption-text\">CCLeros expresan su contento desp\u00faes de que se promulg\u00f3 la Ley de Energ\u00eda Limpia de DC en el marzo de 2019<\/p><\/div>\n<p>A pesar de que la mayor\u00eda de nuestro trabajo es al nivel federal, CCL tambi\u00e9n ha apoyado a pol\u00edticas clim\u00e1ticas importantes al nivel estatal, incluyendo:<\/p>\n<ul>\n<li>Oregon &#8211; <a href=\"https:\/\/citizensclimatelobby.org\/oregon-governor-kate-brown-signs-strong-climate-executive-order\/\">Una orden ejecutiva para establecer un programa de tope y trueque <\/a> (2020)<\/li>\n<li>New York &#8211; <a href=\"https:\/\/citizensclimatelobby.org\/cclers-help-pass-ambitious-climate-legislation-in-new-york-state\/\">La Ley del Liderazgo Clim\u00e1tico y la Protecci\u00f3n de Comunidades (Climate Leadership and Communities Protections Act) <\/a> (2019)<\/li>\n<li>Maryland &#8211; <a href=\"https:\/\/citizensclimatelobby.org\/maryland-passes-major-renewable-energy-bill\/\">La Ley de Empleos en la Energ\u00eda Limpia (Clean Energy Jobs Act)<\/a> (2019)<\/li>\n<li>Washington, D.C. &#8211; <a href=\"https:\/\/citizensclimatelobby.org\/d-c-passes-strong-clean-energy-bill-with-price-on-carbon\/\">La Ley Omnibus de Energ\u00eda Limpia de D.C. (Clean Energy D.C. Omnibus Act) <\/a> (2018)<\/li>\n<li>Colorado &#8211; El Plan de Acci\u00f3n Clim\u00e1tica para Reducir la Contaminaci\u00f3n (Climate Action Plan to Reduce Pollution) (2019)<\/li>\n<\/ul>\n<\/section>\n<section>\n<h2>Nuestra metodolog\u00eda<\/h2>\n<p>Detr\u00e1s de nuestros logros hay m\u00e1s de 195,000+ simpatizantes de base: organizados, persistentes, e incre\u00edblemente persuasivos. Aprenda m\u00e1s sobre <a href=\"\/acerca-de-ccl\/metodologia\/\">c\u00f3mo trabajamos.<\/a><\/p>\n<\/section>\n[\/spb_text_block]\n","protected":false},"excerpt":{"rendered":"<p>[spb_text_block pb_margin_bottom=&#8221;no&#8221; pb_border_bottom=&#8221;no&#8221; width=&#8221;1\/1&#8243; el_position=&#8221;first last&#8221;] Avanzando la conversaci\u00f3n clim\u00e1tica en el Congreso En CCL trabajamos tanto con republicanos como dem\u00f3cratas. Los electores se reunen regularmente con sus congresistas para pedirles ayudar a solucionar el problema del cambio clim\u00e1tico, y apoyar las soluciones que har\u00e1n una diferencia significativa. Esta estrategia ha contribuido al avance de la conversaci\u00f3n sobre el cambio [&hellip;]<\/p>\n","protected":false},"author":46,"featured_media":23981,"parent":22719,"menu_order":0,"comment_status":"closed","ping_status":"closed","template":"","meta":{"footnotes":""},"acf":[],"yoast_head":"<!-- This site is optimized with the Yoast SEO Premium plugin v21.3 (Yoast SEO v21.3) - https:\/\/yoast.com\/wordpress\/plugins\/seo\/ -->\n<title>Our Accomplishments<\/title>\n<meta name=\"description\" content=\"Logros recientes de los voluntarios de CCL incluyen el Caucus para Soluciones Clim\u00e1ticas en la C\u00e1mara de Representantes, y m\u00e1s de 1200 reuniones y 19,000 cartas en 2016.\" \/>\n<meta name=\"robots\" content=\"noindex, nofollow\" \/>\n<meta property=\"og:locale\" content=\"es_ES\" \/>\n<meta property=\"og:type\" content=\"article\" \/>\n<meta property=\"og:title\" content=\"Citizens&#039; Climate Lobby - Our Accomplishments\" \/>\n<meta property=\"og:description\" content=\"We help get bipartisan climate solutions like the Energy Innovation Act introduced and passed in Congress. Learn more:\" \/>\n<meta property=\"og:url\" content=\"https:\/\/citizensclimatelobby.org\/es\/acerca-de-ccl\/logros\/\" \/>\n<meta property=\"og:site_name\" content=\"Citizens&#039; Climate Lobby\" \/>\n<meta property=\"article:publisher\" content=\"https:\/\/www.facebook.com\/CitizensClimateLobby\/\" \/>\n<meta property=\"article:modified_time\" content=\"2020-12-08T19:05:54+00:00\" \/>\n<meta property=\"og:image\" content=\"https:\/\/citizensclimatelobby.org\/wp-content\/uploads\/2016\/04\/Climate-Caucus-Gibson-Curbelo.jpeg\" \/>\n\t<meta property=\"og:image:width\" content=\"650\" \/>\n\t<meta property=\"og:image:height\" content=\"395\" \/>\n\t<meta property=\"og:image:type\" content=\"image\/jpeg\" \/>\n<meta name=\"twitter:card\" content=\"summary_large_image\" \/>\n<meta name=\"twitter:title\" content=\"Citizens&#039; Climate Lobby - Our Accomplishments\" \/>\n<meta name=\"twitter:description\" content=\"We help get bipartisan climate solutions like the Energy Innovation Act introduced and passed in Congress. Learn more:\" \/>\n<meta name=\"twitter:site\" content=\"@citizensclimate\" \/>\n<meta name=\"twitter:label1\" content=\"Tiempo de lectura\" \/>\n\t<meta name=\"twitter:data1\" content=\"4 minutes\" \/>\n<script type=\"application\/ld+json\" class=\"yoast-schema-graph\">{\"@context\":\"https:\/\/schema.org\",\"@graph\":[{\"@type\":\"WebPage\",\"@id\":\"https:\/\/citizensclimatelobby.org\/es\/acerca-de-ccl\/logros\/\",\"url\":\"https:\/\/citizensclimatelobby.org\/es\/acerca-de-ccl\/logros\/\",\"name\":\"Our Accomplishments\",\"isPartOf\":{\"@id\":\"https:\/\/citizensclimatelobby.org\/#website\"},\"datePublished\":\"2017-10-22T00:16:23+00:00\",\"dateModified\":\"2020-12-08T19:05:54+00:00\",\"description\":\"Logros recientes de los voluntarios de CCL incluyen el Caucus para Soluciones Clim\u00e1ticas en la C\u00e1mara de Representantes, y m\u00e1s de 1200 reuniones y 19,000 cartas en 2016.\",\"breadcrumb\":{\"@id\":\"https:\/\/citizensclimatelobby.org\/es\/acerca-de-ccl\/logros\/#breadcrumb\"},\"inLanguage\":\"es-ES\",\"potentialAction\":[{\"@type\":\"ReadAction\",\"target\":[\"https:\/\/citizensclimatelobby.org\/es\/acerca-de-ccl\/logros\/\"]}]},{\"@type\":\"BreadcrumbList\",\"@id\":\"https:\/\/citizensclimatelobby.org\/es\/acerca-de-ccl\/logros\/#breadcrumb\",\"itemListElement\":[{\"@type\":\"ListItem\",\"position\":1,\"name\":\"Home\",\"item\":\"https:\/\/citizensclimatelobby.org\/es\/\"},{\"@type\":\"ListItem\",\"position\":2,\"name\":\"Acerca de Ciudadanos por un Clima Vivible\",\"item\":\"https:\/\/citizensclimatelobby.org\/es\/acerca-de-ccl\/\"},{\"@type\":\"ListItem\",\"position\":3,\"name\":\"Nuestros logros\"}]},{\"@type\":\"WebSite\",\"@id\":\"https:\/\/citizensclimatelobby.org\/#website\",\"url\":\"https:\/\/citizensclimatelobby.org\/\",\"name\":\"Citizens&#039; Climate Lobby\",\"description\":\"Political will for a livable world\",\"publisher\":{\"@id\":\"https:\/\/citizensclimatelobby.org\/#organization\"},\"potentialAction\":[{\"@type\":\"SearchAction\",\"target\":{\"@type\":\"EntryPoint\",\"urlTemplate\":\"https:\/\/citizensclimatelobby.org\/?s={search_term_string}\"},\"query-input\":\"required name=search_term_string\"}],\"inLanguage\":\"es-ES\"},{\"@type\":\"Organization\",\"@id\":\"https:\/\/citizensclimatelobby.org\/#organization\",\"name\":\"Citizens' Climate Lobby\",\"url\":\"https:\/\/citizensclimatelobby.org\/\",\"logo\":{\"@type\":\"ImageObject\",\"inLanguage\":\"es-ES\",\"@id\":\"https:\/\/citizensclimatelobby.org\/#\/schema\/logo\/image\/\",\"url\":\"https:\/\/citizensclimatelobby.org\/wp-content\/uploads\/2017\/04\/CCL-Logo.png\",\"contentUrl\":\"https:\/\/citizensclimatelobby.org\/wp-content\/uploads\/2017\/04\/CCL-Logo.png\",\"width\":314,\"height\":201,\"caption\":\"Citizens' Climate Lobby\"},\"image\":{\"@id\":\"https:\/\/citizensclimatelobby.org\/#\/schema\/logo\/image\/\"},\"sameAs\":[\"https:\/\/www.facebook.com\/CitizensClimateLobby\/\",\"https:\/\/twitter.com\/citizensclimate\",\"https:\/\/www.instagram.com\/citizensclimate\/\",\"https:\/\/www.linkedin.com\/company\/citizens-climate-lobby\/\",\"https:\/\/www.youtube.com\/c\/CitizensClimateLobby\",\"https:\/\/en.wikipedia.org\/wiki\/Citizens_Climate_Lobby\"]}]}<\/script>\n<!-- \/ Yoast SEO Premium plugin. -->","yoast_head_json":{"title":"Our Accomplishments","description":"Logros recientes de los voluntarios de CCL incluyen el Caucus para Soluciones Clim\u00e1ticas en la C\u00e1mara de Representantes, y m\u00e1s de 1200 reuniones y 19,000 cartas en 2016.","robots":{"index":"noindex","follow":"nofollow"},"og_locale":"es_ES","og_type":"article","og_title":"Citizens' Climate Lobby - Our Accomplishments","og_description":"We help get bipartisan climate solutions like the Energy Innovation Act introduced and passed in Congress. Learn more:","og_url":"https:\/\/citizensclimatelobby.org\/es\/acerca-de-ccl\/logros\/","og_site_name":"Citizens&#039; Climate Lobby","article_publisher":"https:\/\/www.facebook.com\/CitizensClimateLobby\/","article_modified_time":"2020-12-08T19:05:54+00:00","og_image":[{"width":650,"height":395,"url":"https:\/\/citizensclimatelobby.org\/wp-content\/uploads\/2016\/04\/Climate-Caucus-Gibson-Curbelo.jpeg","type":"image\/jpeg"}],"twitter_card":"summary_large_image","twitter_title":"Citizens' Climate Lobby - Our Accomplishments","twitter_description":"We help get bipartisan climate solutions like the Energy Innovation Act introduced and passed in Congress. Learn more:","twitter_site":"@citizensclimate","twitter_misc":{"Tiempo de lectura":"4 minutes"},"schema":{"@context":"https:\/\/schema.org","@graph":[{"@type":"WebPage","@id":"https:\/\/citizensclimatelobby.org\/es\/acerca-de-ccl\/logros\/","url":"https:\/\/citizensclimatelobby.org\/es\/acerca-de-ccl\/logros\/","name":"Our Accomplishments","isPartOf":{"@id":"https:\/\/citizensclimatelobby.org\/#website"},"datePublished":"2017-10-22T00:16:23+00:00","dateModified":"2020-12-08T19:05:54+00:00","description":"Logros recientes de los voluntarios de CCL incluyen el Caucus para Soluciones Clim\u00e1ticas en la C\u00e1mara de Representantes, y m\u00e1s de 1200 reuniones y 19,000 cartas en 2016.","breadcrumb":{"@id":"https:\/\/citizensclimatelobby.org\/es\/acerca-de-ccl\/logros\/#breadcrumb"},"inLanguage":"es-ES","potentialAction":[{"@type":"ReadAction","target":["https:\/\/citizensclimatelobby.org\/es\/acerca-de-ccl\/logros\/"]}]},{"@type":"BreadcrumbList","@id":"https:\/\/citizensclimatelobby.org\/es\/acerca-de-ccl\/logros\/#breadcrumb","itemListElement":[{"@type":"ListItem","position":1,"name":"Home","item":"https:\/\/citizensclimatelobby.org\/es\/"},{"@type":"ListItem","position":2,"name":"Acerca de Ciudadanos por un Clima Vivible","item":"https:\/\/citizensclimatelobby.org\/es\/acerca-de-ccl\/"},{"@type":"ListItem","position":3,"name":"Nuestros logros"}]},{"@type":"WebSite","@id":"https:\/\/citizensclimatelobby.org\/#website","url":"https:\/\/citizensclimatelobby.org\/","name":"Citizens&#039; Climate Lobby","description":"Political will for a livable world","publisher":{"@id":"https:\/\/citizensclimatelobby.org\/#organization"},"potentialAction":[{"@type":"SearchAction","target":{"@type":"EntryPoint","urlTemplate":"https:\/\/citizensclimatelobby.org\/?s={search_term_string}"},"query-input":"required name=search_term_string"}],"inLanguage":"es-ES"},{"@type":"Organization","@id":"https:\/\/citizensclimatelobby.org\/#organization","name":"Citizens' Climate Lobby","url":"https:\/\/citizensclimatelobby.org\/","logo":{"@type":"ImageObject","inLanguage":"es-ES","@id":"https:\/\/citizensclimatelobby.org\/#\/schema\/logo\/image\/","url":"https:\/\/citizensclimatelobby.org\/wp-content\/uploads\/2017\/04\/CCL-Logo.png","contentUrl":"https:\/\/citizensclimatelobby.org\/wp-content\/uploads\/2017\/04\/CCL-Logo.png","width":314,"height":201,"caption":"Citizens' Climate Lobby"},"image":{"@id":"https:\/\/citizensclimatelobby.org\/#\/schema\/logo\/image\/"},"sameAs":["https:\/\/www.facebook.com\/CitizensClimateLobby\/","https:\/\/twitter.com\/citizensclimate","https:\/\/www.instagram.com\/citizensclimate\/","https:\/\/www.linkedin.com\/company\/citizens-climate-lobby\/","https:\/\/www.youtube.com\/c\/CitizensClimateLobby","https:\/\/en.wikipedia.org\/wiki\/Citizens_Climate_Lobby"]}]}},"_links":{"self":[{"href":"https:\/\/citizensclimatelobby.org\/es\/wp-json\/wp\/v2\/pages\/22730"}],"collection":[{"href":"https:\/\/citizensclimatelobby.org\/es\/wp-json\/wp\/v2\/pages"}],"about":[{"href":"https:\/\/citizensclimatelobby.org\/es\/wp-json\/wp\/v2\/types\/page"}],"author":[{"embeddable":true,"href":"https:\/\/citizensclimatelobby.org\/es\/wp-json\/wp\/v2\/users\/46"}],"replies":[{"embeddable":true,"href":"https:\/\/citizensclimatelobby.org\/es\/wp-json\/wp\/v2\/comments?post=22730"}],"version-history":[{"count":0,"href":"https:\/\/citizensclimatelobby.org\/es\/wp-json\/wp\/v2\/pages\/22730\/revisions"}],"up":[{"embeddable":true,"href":"https:\/\/citizensclimatelobby.org\/es\/wp-json\/wp\/v2\/pages\/22719"}],"wp:featuredmedia":[{"embeddable":true,"href":"https:\/\/citizensclimatelobby.org\/es\/wp-json\/wp\/v2\/media\/23981"}],"wp:attachment":[{"href":"https:\/\/citizensclimatelobby.org\/es\/wp-json\/wp\/v2\/media?parent=22730"}],"curies":[{"name":"wp","href":"https:\/\/api.w.org\/{rel}","templated":true}]}}