{"id":22741,"date":"2016-09-04T17:24:01","date_gmt":"2016-09-04T17:24:01","guid":{"rendered":"https:\/\/stageccl.wpengine.com\/?page_id=22741"},"modified":"2020-03-27T14:23:10","modified_gmt":"2020-03-27T14:23:10","slug":"nuestro-fundador","status":"publish","type":"page","link":"https:\/\/citizensclimatelobby.org\/es\/acerca-de-ccl\/nuestro-fundador\/","title":{"rendered":"El fundador de Ciudadanos por un Clima Vivible"},"content":{"rendered":"[spb_text_block pb_margin_bottom=&#8221;no&#8221; pb_border_bottom=&#8221;no&#8221; width=&#8221;1\/1&#8243; el_position=&#8221;first last&#8221;]\n<h1>Marshall Saunders<\/h1>\n<p>1939 &#8211; 2019<\/p>\n<p><img decoding=\"async\" class=\"alignright size-full wp-image-35820\" src=\"https:\/\/citizensclimatelobby.org\/wp-content\/uploads\/2020\/02\/marshall-capitol-hill249X249.jpg\" alt=\"Marshall Suanders en frente del Capitolio\" width=\"249\" height=\"249\" srcset=\"https:\/\/citizensclimatelobby.org\/wp-content\/uploads\/2020\/02\/marshall-capitol-hill249X249.jpg 249w, https:\/\/citizensclimatelobby.org\/wp-content\/uploads\/2020\/02\/marshall-capitol-hill249X249-150x150.jpg 150w\" sizes=\"(max-width: 249px) 100vw, 249px\" \/>El fundador de Ciudadanos por un Clima Vivible, Marshall Saunders, cre\u00f3 una organizaci\u00f3n que quiz\u00e1s est\u00e1 aportando el ingrediente m\u00e1s esencial para solucionar la crisis clim\u00e1tica: la voluntad pol\u00edtica. Marshall ejemplific\u00f3 la idea de ser el cambio que quieres ver en el mundo. Siempre amable, siempre generoso, y liderando con amor, llev\u00f3 esa idea a un paso m\u00e1s, empoderando a decenas de miles de personas para que sean el cambio. Di\u00f3 no solamente esperanza e inspiraci\u00f3n, no solamente capacitaci\u00f3n y habilidades pr\u00e1cticas, pero una oportunidad de transformarse.<\/p>\n<p>La historia de c\u00f3mo Marshall fund\u00f3 CCL empieza en 1994 cuando \u00e9l, en su voluntariado con una organizaci\u00f3n llamado RESULTS que trabaja contra el hambre y la probreza, asisti\u00f3 a su primera reuni\u00f3n de cabildeo en Washington, D.C. A\u00f1os despu\u00e9s, comparti\u00f3 el terror absoluto de ese primer esfuerzo de cabildeo, cuando trataba de recordar lo que deb\u00eda decir en esa reuni\u00f3n:<\/p>\n<p><iframe src=\"https:\/\/www.youtube.com\/embed\/oZMlG2NhDl4\" width=\"100%\" height=\"315\" frameborder=\"0\" allowfullscreen=\"allowfullscreen\"><\/iframe><\/p>\n<p>A trav\u00e9s de RESULTS, Marshall descubri\u00f3 el poder de hacer un mejor mundo que tiene un grupo de ciudadanos bien organizados y capacitados. Particip\u00f3 en campa\u00f1as para aumentar el presupuesto estadounidens dedicado a mejorar y salvar decenas de millones de vidas en todo el mundo. Durante ese tiempo, tambi\u00e9n descubri\u00f3 una estrategia innovadora para levantar la gente de la pobreza \u2013 el microcr\u00e9dito \u2013 en lo cual los pobres reciben pr\u00e9stamos peque\u00f1os para abrir o expandir sus propios negocios. Inspirado por el trabajo de Muhammad Yunus y su Banco Grameen en Banglad\u00e9s, Marshall fund\u00f3 un programa de micropr\u00e9stamos en M\u00e9xico, llamado Grameen de la Frontera, que ha transformado las vidas de decenas de miles de familias.<\/p>\n<p>En 2006, Marshall abri\u00f3 sus ojos a la crisis clim\u00e1tica cuando vi\u00f3 la pel\u00edcula \u201cUna Verdad Inc\u00f3moda\u201d. Al ver que sus esfuerzos para ayudar a la gente a salir de la pobreza ser\u00edan en vano si el cambio clim\u00e1tico hiciera que sus casas fueran inhabitables, comenz\u00f3 a dar charlas al p\u00fablico sobre el cambio clim\u00e1tico y las decisiones personales que la gente podr\u00eda tomar para reducir sus huellas de carbono. Sin embargo, se di\u00f3 cuenta de que esas decisiones personales estaban siendo empeque\u00f1ecidas por los legisladores en Washington, quienes repart\u00edan miles de millones de d\u00f3lares al sector de combustibles f\u00f3siles.<\/p>\n<p>Durante una presentaci\u00f3n en un asilo para jubilados, una se\u00f1ora pregunt\u00f3, \u201c\u00bfQu\u00e9 deber\u00edamos hacer?\u201d<\/p>\n<p>Marshall respondi\u00f3, \u201cSe necesitan cientos de personas ordinarias organizadas, presionando sus congresistas con una sola voz, un solo mensaje, y haci\u00e9ndolo de manera implacable, imparable, pero tambi\u00e9n amistosa y respetuosa\u201d.<\/p>\n<p>\u201c\u00bfPor qu\u00e9 no lo hagas? respondi\u00f3 la se\u00f1ora.<\/p>\n<p>Hablando en una conferencia, Marshall cont\u00f3 la historia de c\u00f3mo esa pregunta llev\u00f3 a la fundaci\u00f3n del primer cap\u00edtulo de CCL en 2007:<\/p>\n<p><iframe src=\"https:\/\/www.youtube.com\/embed\/xjeDxX33JIg\" width=\"100%\" height=\"315\" frameborder=\"0\" allowfullscreen=\"allowfullscreen\"><span style=\"display: inline-block; width: 0px; overflow: hidden; line-height: 0;\" data-mce-type=\"bookmark\" class=\"mce_SELRES_start\">\ufeff<\/span><\/iframe><\/p>\n<p>Desde entonces, el llamado a ciudadanos a cabildear frente sus congresistas para las soluciones clim\u00e1ticos \u201cde manera implacable, imparable, pero amistosa y respetuosa\u201d ha resonado con casi 200,000 simpatizantes en m\u00e1s de 570 cap\u00edtulos en todo el mundo.<\/p>\n<p>Igual a muchas personas, Marshall pensaba que \u201clos l\u00edderes\u201d, los que administran nuestros gobiernos, manejar\u00edan el problema del cambio clim\u00e1tico. Cuando estaba claro que los l\u00edderes no estaban para eso, escuch\u00f3 el consejo del visionario Buckminster Fuller, quien dijo, \u201cLas cosas por hacer son: las cosas que se necesitan hacer, que ves que se necesitan hacer, y que parece que nadie m\u00e1s ve que se necesitan hacer\u201d.<\/p>\n<p>La cosa que se necesitaba hacer era empoderar a la gente para que reclame sus democracias y aliente a sus congresistas para que tomen acc\u00f3n sobre el cambio clim\u00e1tico. Como Marshall dijo a los voluntarios de CCL en 2013, no podemos sentarnos esperando a que la caballer\u00eda llega y salve el d\u00eda \u2013 somos la caballer\u00eda.<\/p>\n<p><iframe src=\"https:\/\/www.youtube.com\/embed\/bI8h6MfCFvI\" width=\"100%\" height=\"315\" frameborder=\"0\" allowfullscreen=\"allowfullscreen\"><span style=\"display: inline-block; width: 0px; overflow: hidden; line-height: 0;\" data-mce-type=\"bookmark\" class=\"mce_SELRES_start\">\ufeff<\/span><\/iframe><\/p>\n[\/spb_text_block]\n","protected":false},"excerpt":{"rendered":"<p>[spb_text_block pb_margin_bottom=&#8221;no&#8221; pb_border_bottom=&#8221;no&#8221; width=&#8221;1\/1&#8243; el_position=&#8221;first last&#8221;] Marshall Saunders 1939 &#8211; 2019 El fundador de Ciudadanos por un Clima Vivible, Marshall Saunders, cre\u00f3 una organizaci\u00f3n que quiz\u00e1s est\u00e1 aportando el ingrediente m\u00e1s esencial para solucionar la crisis clim\u00e1tica: la voluntad pol\u00edtica. Marshall ejemplific\u00f3 la idea de ser el cambio que quieres ver en el mundo. Siempre amable, siempre generoso, y liderando [&hellip;]<\/p>\n","protected":false},"author":20,"featured_media":35822,"parent":22719,"menu_order":0,"comment_status":"closed","ping_status":"closed","template":"","meta":{"footnotes":""},"acf":[],"yoast_head":"<!-- This site is optimized with the Yoast SEO Premium plugin v21.3 (Yoast SEO v21.3) - https:\/\/yoast.com\/wordpress\/plugins\/seo\/ -->\n<title>El fundador de Ciudadanos por un Clima Vivible | Citizens&#039; Climate Lobby<\/title>\n<meta name=\"description\" content=\"El fundador de Ciudadanos por un Clima Vivible, Marshall Saunders, cre\u00f3 una organizaci\u00f3n que quiz\u00e1s est\u00e1 aportando el ingrediente m\u00e1s esencial para solucionar la crisis clim\u00e1tica: la voluntad pol\u00edtica.\" \/>\n<meta name=\"robots\" content=\"index, follow, max-snippet:-1, max-image-preview:large, max-video-preview:-1\" \/>\n<link rel=\"canonical\" href=\"https:\/\/citizensclimatelobby.org\/about-ccl\/citizens-climate-lobbys-founder\/\" \/>\n<meta property=\"og:locale\" content=\"es_ES\" \/>\n<meta property=\"og:type\" content=\"article\" \/>\n<meta property=\"og:title\" content=\"CCL Founder, Marshall Saunders\" \/>\n<meta property=\"og:description\" content=\"Gente ordinaria como yo tenemos que organizarnos, educarnos, abandonar la desesperanza e impotencia, y obtener las habilidades para ser efectivos con nuestro gobierno.\" \/>\n<meta property=\"og:url\" content=\"https:\/\/citizensclimatelobby.org\/about-ccl\/citizens-climate-lobbys-founder\/\" \/>\n<meta property=\"og:site_name\" content=\"Citizens&#039; Climate Lobby\" \/>\n<meta property=\"article:publisher\" content=\"https:\/\/www.facebook.com\/CitizensClimateLobby\/\" \/>\n<meta property=\"article:modified_time\" content=\"2020-03-27T14:23:10+00:00\" \/>\n<meta property=\"og:image\" content=\"https:\/\/citizensclimatelobby.org\/wp-content\/uploads\/2020\/02\/marshall-capitol-hill500X375_1.jpg\" \/>\n\t<meta property=\"og:image:width\" content=\"500\" \/>\n\t<meta property=\"og:image:height\" content=\"375\" \/>\n\t<meta property=\"og:image:type\" content=\"image\/jpeg\" \/>\n<meta name=\"twitter:card\" content=\"summary_large_image\" \/>\n<meta name=\"twitter:title\" content=\"El fundador de Ciudadanos por un Clima Vivible\" \/>\n<meta name=\"twitter:site\" content=\"@citizensclimate\" \/>\n<meta name=\"twitter:label1\" content=\"Tiempo de lectura\" \/>\n\t<meta name=\"twitter:data1\" content=\"3 minutes\" \/>\n<script type=\"application\/ld+json\" class=\"yoast-schema-graph\">{\"@context\":\"https:\/\/schema.org\",\"@graph\":[{\"@type\":\"WebPage\",\"@id\":\"https:\/\/citizensclimatelobby.org\/about-ccl\/citizens-climate-lobbys-founder\/\",\"url\":\"https:\/\/citizensclimatelobby.org\/about-ccl\/citizens-climate-lobbys-founder\/\",\"name\":\"El fundador de Ciudadanos por un Clima Vivible | Citizens&#039; Climate Lobby\",\"isPartOf\":{\"@id\":\"https:\/\/citizensclimatelobby.org\/#website\"},\"datePublished\":\"2016-09-04T17:24:01+00:00\",\"dateModified\":\"2020-03-27T14:23:10+00:00\",\"description\":\"El fundador de Ciudadanos por un Clima Vivible, Marshall Saunders, cre\u00f3 una organizaci\u00f3n que quiz\u00e1s est\u00e1 aportando el ingrediente m\u00e1s esencial para solucionar la crisis clim\u00e1tica: la voluntad pol\u00edtica.\",\"breadcrumb\":{\"@id\":\"https:\/\/citizensclimatelobby.org\/about-ccl\/citizens-climate-lobbys-founder\/#breadcrumb\"},\"inLanguage\":\"es-ES\",\"potentialAction\":[{\"@type\":\"ReadAction\",\"target\":[\"https:\/\/citizensclimatelobby.org\/about-ccl\/citizens-climate-lobbys-founder\/\"]}]},{\"@type\":\"BreadcrumbList\",\"@id\":\"https:\/\/citizensclimatelobby.org\/about-ccl\/citizens-climate-lobbys-founder\/#breadcrumb\",\"itemListElement\":[{\"@type\":\"ListItem\",\"position\":1,\"name\":\"Home\",\"item\":\"https:\/\/citizensclimatelobby.org\/es\/\"},{\"@type\":\"ListItem\",\"position\":2,\"name\":\"Acerca de Ciudadanos por un Clima Vivible\",\"item\":\"https:\/\/citizensclimatelobby.org\/es\/acerca-de-ccl\/\"},{\"@type\":\"ListItem\",\"position\":3,\"name\":\"El fundador de Ciudadanos por un Clima Vivible\"}]},{\"@type\":\"WebSite\",\"@id\":\"https:\/\/citizensclimatelobby.org\/#website\",\"url\":\"https:\/\/citizensclimatelobby.org\/\",\"name\":\"Citizens&#039; Climate Lobby\",\"description\":\"Political will for a livable world\",\"publisher\":{\"@id\":\"https:\/\/citizensclimatelobby.org\/#organization\"},\"potentialAction\":[{\"@type\":\"SearchAction\",\"target\":{\"@type\":\"EntryPoint\",\"urlTemplate\":\"https:\/\/citizensclimatelobby.org\/?s={search_term_string}\"},\"query-input\":\"required name=search_term_string\"}],\"inLanguage\":\"es-ES\"},{\"@type\":\"Organization\",\"@id\":\"https:\/\/citizensclimatelobby.org\/#organization\",\"name\":\"Citizens' Climate Lobby\",\"url\":\"https:\/\/citizensclimatelobby.org\/\",\"logo\":{\"@type\":\"ImageObject\",\"inLanguage\":\"es-ES\",\"@id\":\"https:\/\/citizensclimatelobby.org\/#\/schema\/logo\/image\/\",\"url\":\"https:\/\/citizensclimatelobby.org\/wp-content\/uploads\/2017\/04\/CCL-Logo.png\",\"contentUrl\":\"https:\/\/citizensclimatelobby.org\/wp-content\/uploads\/2017\/04\/CCL-Logo.png\",\"width\":314,\"height\":201,\"caption\":\"Citizens' Climate Lobby\"},\"image\":{\"@id\":\"https:\/\/citizensclimatelobby.org\/#\/schema\/logo\/image\/\"},\"sameAs\":[\"https:\/\/www.facebook.com\/CitizensClimateLobby\/\",\"https:\/\/twitter.com\/citizensclimate\",\"https:\/\/www.instagram.com\/citizensclimate\/\",\"https:\/\/www.linkedin.com\/company\/citizens-climate-lobby\/\",\"https:\/\/www.youtube.com\/c\/CitizensClimateLobby\",\"https:\/\/en.wikipedia.org\/wiki\/Citizens_Climate_Lobby\"]}]}<\/script>\n<meta property=\"og:video\" content=\"https:\/\/www.youtube.com\/embed\/oZMlG2NhDl4\" \/>\n<meta property=\"og:video:type\" content=\"text\/html\" \/>\n<meta property=\"og:video:duration\" content=\"343\" \/>\n<meta property=\"og:video:width\" content=\"480\" \/>\n<meta property=\"og:video:height\" content=\"270\" \/>\n<meta property=\"ya:ovs:adult\" content=\"false\" \/>\n<meta property=\"ya:ovs:upload_date\" content=\"2016-09-04T17:24:01+00:00\" \/>\n<meta property=\"ya:ovs:allow_embed\" content=\"true\" \/>\n<!-- \/ Yoast SEO Premium plugin. -->","yoast_head_json":{"title":"El fundador de Ciudadanos por un Clima Vivible | Citizens&#039; Climate Lobby","description":"El fundador de Ciudadanos por un Clima Vivible, Marshall Saunders, cre\u00f3 una organizaci\u00f3n que quiz\u00e1s est\u00e1 aportando el ingrediente m\u00e1s esencial para solucionar la crisis clim\u00e1tica: la voluntad pol\u00edtica.","robots":{"index":"index","follow":"follow","max-snippet":"max-snippet:-1","max-image-preview":"max-image-preview:large","max-video-preview":"max-video-preview:-1"},"canonical":"https:\/\/citizensclimatelobby.org\/about-ccl\/citizens-climate-lobbys-founder\/","og_locale":"es_ES","og_type":"article","og_title":"CCL Founder, Marshall Saunders","og_description":"Gente ordinaria como yo tenemos que organizarnos, educarnos, abandonar la desesperanza e impotencia, y obtener las habilidades para ser efectivos con nuestro gobierno.","og_url":"https:\/\/citizensclimatelobby.org\/about-ccl\/citizens-climate-lobbys-founder\/","og_site_name":"Citizens&#039; Climate Lobby","article_publisher":"https:\/\/www.facebook.com\/CitizensClimateLobby\/","article_modified_time":"2020-03-27T14:23:10+00:00","og_image":[{"width":500,"height":375,"url":"https:\/\/citizensclimatelobby.org\/wp-content\/uploads\/2020\/02\/marshall-capitol-hill500X375_1.jpg","type":"image\/jpeg"}],"twitter_card":"summary_large_image","twitter_title":"El fundador de Ciudadanos por un Clima Vivible","twitter_site":"@citizensclimate","twitter_misc":{"Tiempo de lectura":"3 minutes"},"schema":{"@context":"https:\/\/schema.org","@graph":[{"@type":"WebPage","@id":"https:\/\/citizensclimatelobby.org\/about-ccl\/citizens-climate-lobbys-founder\/","url":"https:\/\/citizensclimatelobby.org\/about-ccl\/citizens-climate-lobbys-founder\/","name":"El fundador de Ciudadanos por un Clima Vivible | Citizens&#039; Climate Lobby","isPartOf":{"@id":"https:\/\/citizensclimatelobby.org\/#website"},"datePublished":"2016-09-04T17:24:01+00:00","dateModified":"2020-03-27T14:23:10+00:00","description":"El fundador de Ciudadanos por un Clima Vivible, Marshall Saunders, cre\u00f3 una organizaci\u00f3n que quiz\u00e1s est\u00e1 aportando el ingrediente m\u00e1s esencial para solucionar la crisis clim\u00e1tica: la voluntad pol\u00edtica.","breadcrumb":{"@id":"https:\/\/citizensclimatelobby.org\/about-ccl\/citizens-climate-lobbys-founder\/#breadcrumb"},"inLanguage":"es-ES","potentialAction":[{"@type":"ReadAction","target":["https:\/\/citizensclimatelobby.org\/about-ccl\/citizens-climate-lobbys-founder\/"]}]},{"@type":"BreadcrumbList","@id":"https:\/\/citizensclimatelobby.org\/about-ccl\/citizens-climate-lobbys-founder\/#breadcrumb","itemListElement":[{"@type":"ListItem","position":1,"name":"Home","item":"https:\/\/citizensclimatelobby.org\/es\/"},{"@type":"ListItem","position":2,"name":"Acerca de Ciudadanos por un Clima Vivible","item":"https:\/\/citizensclimatelobby.org\/es\/acerca-de-ccl\/"},{"@type":"ListItem","position":3,"name":"El fundador de Ciudadanos por un Clima Vivible"}]},{"@type":"WebSite","@id":"https:\/\/citizensclimatelobby.org\/#website","url":"https:\/\/citizensclimatelobby.org\/","name":"Citizens&#039; Climate Lobby","description":"Political will for a livable world","publisher":{"@id":"https:\/\/citizensclimatelobby.org\/#organization"},"potentialAction":[{"@type":"SearchAction","target":{"@type":"EntryPoint","urlTemplate":"https:\/\/citizensclimatelobby.org\/?s={search_term_string}"},"query-input":"required name=search_term_string"}],"inLanguage":"es-ES"},{"@type":"Organization","@id":"https:\/\/citizensclimatelobby.org\/#organization","name":"Citizens' Climate Lobby","url":"https:\/\/citizensclimatelobby.org\/","logo":{"@type":"ImageObject","inLanguage":"es-ES","@id":"https:\/\/citizensclimatelobby.org\/#\/schema\/logo\/image\/","url":"https:\/\/citizensclimatelobby.org\/wp-content\/uploads\/2017\/04\/CCL-Logo.png","contentUrl":"https:\/\/citizensclimatelobby.org\/wp-content\/uploads\/2017\/04\/CCL-Logo.png","width":314,"height":201,"caption":"Citizens' Climate Lobby"},"image":{"@id":"https:\/\/citizensclimatelobby.org\/#\/schema\/logo\/image\/"},"sameAs":["https:\/\/www.facebook.com\/CitizensClimateLobby\/","https:\/\/twitter.com\/citizensclimate","https:\/\/www.instagram.com\/citizensclimate\/","https:\/\/www.linkedin.com\/company\/citizens-climate-lobby\/","https:\/\/www.youtube.com\/c\/CitizensClimateLobby","https:\/\/en.wikipedia.org\/wiki\/Citizens_Climate_Lobby"]}]},"og_video":"https:\/\/www.youtube.com\/embed\/oZMlG2NhDl4","og_video_type":"text\/html","og_video_duration":"343","og_video_width":"480","og_video_height":"270","ya_ovs_adult":"false","ya_ovs_upload_date":"2016-09-04T17:24:01+00:00","ya_ovs_allow_embed":"true"},"_links":{"self":[{"href":"https:\/\/citizensclimatelobby.org\/es\/wp-json\/wp\/v2\/pages\/22741"}],"collection":[{"href":"https:\/\/citizensclimatelobby.org\/es\/wp-json\/wp\/v2\/pages"}],"about":[{"href":"https:\/\/citizensclimatelobby.org\/es\/wp-json\/wp\/v2\/types\/page"}],"author":[{"embeddable":true,"href":"https:\/\/citizensclimatelobby.org\/es\/wp-json\/wp\/v2\/users\/20"}],"replies":[{"embeddable":true,"href":"https:\/\/citizensclimatelobby.org\/es\/wp-json\/wp\/v2\/comments?post=22741"}],"version-history":[{"count":0,"href":"https:\/\/citizensclimatelobby.org\/es\/wp-json\/wp\/v2\/pages\/22741\/revisions"}],"up":[{"embeddable":true,"href":"https:\/\/citizensclimatelobby.org\/es\/wp-json\/wp\/v2\/pages\/22719"}],"wp:featuredmedia":[{"embeddable":true,"href":"https:\/\/citizensclimatelobby.org\/es\/wp-json\/wp\/v2\/media\/35822"}],"wp:attachment":[{"href":"https:\/\/citizensclimatelobby.org\/es\/wp-json\/wp\/v2\/media?parent=22741"}],"curies":[{"name":"wp","href":"https:\/\/api.w.org\/{rel}","templated":true}]}}