{"id":22747,"date":"2016-08-28T14:10:24","date_gmt":"2016-08-28T14:10:24","guid":{"rendered":"https:\/\/stageccl.wpengine.com\/basics-carbon-fee-dividend\/"},"modified":"2018-12-15T13:40:02","modified_gmt":"2018-12-15T13:40:02","slug":"dividendos-energeticos","status":"publish","type":"page","link":"https:\/\/citizensclimatelobby.org\/es\/dividendos-energeticos\/","title":{"rendered":"Los b\u00e1sicos sobre Dividendos Energ\u00e9ticos"},"content":{"rendered":"<p>[spb_column width=&#8221;1\/1&#8243; el_position=&#8221;first last&#8221;] [spb_text_block pb_margin_bottom=&#8221;no&#8221; pb_border_bottom=&#8221;no&#8221; width=&#8221;1\/1&#8243; el_position=&#8221;first last&#8221;]\n<p><em>Ciudadanos por un Clima Vivible o CCL ha abogado por los Dividendos Energ\u00e9ticos casi una d\u00e9cada. En 2018, los miembros de la C\u00e1mara de Representantes presentaron el Proyecto de Ley de Innovaci\u00f3n Energ\u00e9tica y Dividendos de Carbono, que incorpora el enfoque de pagos y dividendos que apoyamos. Ahora estamos abogando por este proyecto de ley particular.<\/em><\/p>\n<h2>C\u00f3mo funciona el plan de Dividendos Energ\u00e9tics<\/h2>\n<h3>1. Poner una tarifa incremental sobre los combustibles f\u00f3siles<\/h3>\n<p>Para responder por el costo de quemar combustibles f\u00f3siles, proponemos una tarifa inicial de $15 USD por tonelada de emisiones equivalentes a CO<sub>2<\/sub>, que incrementa $10 USD por tonelada por a\u00f1o, implementada en el punto de partida (el pozo, la mina o el puerto de importaci\u00f3n).<\/p>\n<p>Responder por el costo real de las emisiones de combustibles f\u00f3siles no solo hace que las reglas del juego sean justas para todas las fuentes de energ\u00eda, sino que tambi\u00e9n informa los consumidores de la real diferencia en\u00a0los costos de varios combustibles al momento de decidir cual comprar.<\/p>\n<p>.<\/p>\n<p><img decoding=\"async\" class=\"wp-image-22749 aligncenter\" src=\"https:\/\/citizensclimatelobby.org\/wp-content\/uploads\/2016\/08\/carbon-fee-process-esp-768x228.png\" alt=\"\" width=\"769\" height=\"228\" \/><\/p>\n<h3>2. Dar 100% de las tarifas a todas las familias cada mes<\/h3>\n<p>100% de los ingresos netos de la tarifa al carbono ser\u00edan guardados en un Fondo Fiduciario de Tarifas al Carbono, y devueltos directamente a familias en forma de dividendos mensuales.<\/p>\n<p>Aproximadamente dos tercios de las familias quedar\u00edan a mano o recibir\u00edan m\u00e1s que pagar\u00edan por un costo de vida m\u00e1s alto. Este aspecto inyectar\u00e1 billones de d\u00f3lares en la econom\u00eda, proteger\u00e1 los presupuestos de familias, permitir\u00e1 a hogares tomar decisiones independientes sobre su uso de energ\u00eda, alentar\u00e1 la innovaci\u00f3n e inversi\u00f3n, y crear\u00e1 una demanda al nivel del consumidor a productos bajos en carbono.<\/p>\n<p>.<\/p>\n<div id=\"attachment_18322\" style=\"width: 671px\" class=\"wp-caption aligncenter\"><img aria-describedby=\"caption-attachment-18322\" decoding=\"async\" class=\"wp-image-24109 size-full\" src=\"https:\/\/citizensclimatelobby.org\/wp-content\/uploads\/2016\/08\/monthly-dividend.png\" alt=\"carbon dividend\" width=\"661\" height=\"348\" srcset=\"https:\/\/citizensclimatelobby.org\/wp-content\/uploads\/2016\/08\/monthly-dividend.png 661w, https:\/\/citizensclimatelobby.org\/wp-content\/uploads\/2016\/08\/monthly-dividend-300x158.png 300w\" sizes=\"(max-width: 661px) 100vw, 661px\" \/><p id=\"caption-attachment-18322\" class=\"wp-caption-text\">Proyecci\u00f3n de la porci\u00f3n mensual de los ingresos de la tarifa al carbono distribuidos a todas las familias estadounidenses.<\/p><\/div>\n<h3>3. Incluir un ajuste fronterizo para disuadir reubicaci\u00f3n de negocios<\/h3>\n<p>&nbsp;<\/p>\n<p><a href=\"\/es\/charlitas-laser\/ajuste-fronterizo\/\">Tarifas de importaci\u00f3n sobre productos importados desde pa\u00edses sin una tarifa al carbono, junto a reembolsos a empresas estadounidenses exportando a esos pa\u00edses<\/a>, desalentar\u00e1 la reubicaci\u00f3n de negocios a donde puedan emitir m\u00e1s CO<sub>2<\/sub>. Animar\u00e1 a otros pa\u00edses para que aprueben leyes similares que fijar\u00e1n un precio al carbono. Ampliaremos sistemas ya existentes de comercio e impuestos, evitando la necesidad de crear nuevos reglamentos institucionales muy complejos.<\/p>\n<p>Empresas que buscan evitar los costos de energ\u00eda m\u00e1s altos ser\u00e1n desalentados de reubicar a otros pa\u00edses (\u201cfiltraci\u00f3n\u201d), porque sus bienes ser\u00e1n sujetos a tarifas de importaci\u00f3n.<\/p>\n<p>&nbsp;<\/p>\n<hr \/>\n<h2>Es bueno para la econom\u00eda y a\u00fan mejor para la gente<\/h2>\n<p>Un <a href=\"https:\/\/citizensclimatelobby.org\/es\/estudio-remi\/\" target=\"_blank\" rel=\"noopener\">estudio hecho por REMI (Regional Economic Models, Inc.)<\/a> mostr\u00f3 que dentro de 20 a\u00f1os, un plan de Dividendos Energ\u00e9ticos reducir\u00e1 emisiones de CO2 por un 52% debajo los niveles de 1990, y que los ingresos reciclados crear\u00e1n un est\u00edmulo econ\u00f3mico que agregar\u00e1 2.8 millones de empleos a la econom\u00eda.<\/p>\n<p>Un precio estructurado e incrementando sobre las emisiones de gases de efecto invernadero enfocar\u00e1 planificaci\u00f3n de negocios en optimizar sus inversiones para florecer en un mundo bajo en carbono.<\/p>\n<p>Adem\u00e1s, el plan de Dividendos Energ\u00e9ticos se estima salvar 230,000 muertes prematuras en un per\u00edodo de 20 a\u00f1os, por la mejor calidad del aire.<\/p>\n<div id=\"attachment_18323\" style=\"width: 671px\" class=\"wp-caption alignleft\"><img aria-describedby=\"caption-attachment-18323\" decoding=\"async\" class=\"size-full wp-image-24110\" src=\"https:\/\/citizensclimatelobby.org\/wp-content\/uploads\/2016\/08\/premature-deaths-prevented.png\" alt=\"Each color in this chart represents one of the nine US regions. PAC=Pacific, MNT=Mountain, WSC=West South Central, ESC=East South Central, SA=South Atlantic, WNC=West North Central, ENC=East North Central, MA=Mid Atlantic, NE=New England.\" width=\"661\" height=\"346\" srcset=\"https:\/\/citizensclimatelobby.org\/wp-content\/uploads\/2016\/08\/premature-deaths-prevented.png 661w, https:\/\/citizensclimatelobby.org\/wp-content\/uploads\/2016\/08\/premature-deaths-prevented-300x157.png 300w\" sizes=\"(max-width: 661px) 100vw, 661px\" \/><p id=\"caption-attachment-18323\" class=\"wp-caption-text\">Cada color en esta figura representa una de las nueves regiones en EEUU. Por sus siglas en ingl\u00e9s: PAC=Pacific, MNT=Mountain, WSC=West South Central, ESC=East South Central, SA=South Atlantic, WNC=West North Central, ENC=East North Central, MA=Mid Atlantic, NE=New England.<\/p><\/div>\n<p>Dividendos Energ\u00e9ticos no aumenta el tama\u00f1o del gobierno, no requiere nuevas burocracias, ni directamente aumenta los ingresos del gobierno. Los dividendos aumentan los ingresos reales disponibles a las familias, protegen decisiones de gasto personales, y reclutar\u00e1n participaci\u00f3n generalizada y sostenida.<\/p>\n<p>Dividendos Energ\u00e9ticos es elegante en su simplicidad, transparente en su accesibilidad a observaci\u00f3n p\u00fablica, y clara en sus se\u00f1ales y beneficios.<\/p>\n<p>.<\/p>\n<p style=\"text-align: center;\"><a class=\"sf-button standard blue stroke-to-fill rickybutton\" href=\"es\/porque-dividendos-energeticos\/video\/\" target=\"_self\"><span class=\"text\"><span class=\"text\">Video de 2 minutos sobre Dividendos Energ\u00e9ticos<\/span><\/span><\/a><\/p>\n[\/spb_text_block] [\/spb_column]<\/p>\n","protected":false},"excerpt":{"rendered":"<p>[spb_column width=&#8221;1\/1&#8243; el_position=&#8221;first last&#8221;] [spb_text_block pb_margin_bottom=&#8221;no&#8221; pb_border_bottom=&#8221;no&#8221; width=&#8221;1\/1&#8243; el_position=&#8221;first last&#8221;] Ciudadanos por un Clima Vivible o CCL ha abogado por los Dividendos Energ\u00e9ticos casi una d\u00e9cada. En 2018, los miembros de la C\u00e1mara de Representantes presentaron el Proyecto de Ley de Innovaci\u00f3n Energ\u00e9tica y Dividendos de Carbono, que incorpora el enfoque de pagos y dividendos que apoyamos. Ahora estamos abogando [&hellip;]<\/p>\n","protected":false},"author":20,"featured_media":0,"parent":0,"menu_order":8,"comment_status":"closed","ping_status":"closed","template":"","meta":{"footnotes":""},"acf":[],"yoast_head":"<!-- This site is optimized with the Yoast SEO Premium plugin v21.3 (Yoast SEO v21.3) - https:\/\/yoast.com\/wordpress\/plugins\/seo\/ -->\n<title>Los b\u00e1sicos de Dividendos Energ\u00e9ticos<\/title>\n<meta name=\"description\" content=\"Los b\u00e1sicos del plan de Dividendos Energ\u00e9ticos: una tarifa incremental sobre los combustibles f\u00f3siles, 100% neutralidad de balance, y un ajuste fronterizo.\" \/>\n<meta name=\"robots\" content=\"index, follow, max-snippet:-1, max-image-preview:large, max-video-preview:-1\" \/>\n<link rel=\"canonical\" href=\"https:\/\/citizensclimatelobby.org\/es\/dividendos-energeticos\/\" \/>\n<meta property=\"og:locale\" content=\"es_ES\" \/>\n<meta property=\"og:type\" content=\"article\" \/>\n<meta property=\"og:title\" content=\"Los b\u00e1sicos sobre Dividendos Energ\u00e9ticos\" \/>\n<meta property=\"og:description\" content=\"Los b\u00e1sicos del plan de Dividendos Energ\u00e9ticos: una tarifa incremental sobre los combustibles f\u00f3siles, 100% neutralidad de balance, y un ajuste fronterizo.\" \/>\n<meta property=\"og:url\" content=\"https:\/\/citizensclimatelobby.org\/es\/dividendos-energeticos\/\" \/>\n<meta property=\"og:site_name\" content=\"Citizens&#039; Climate Lobby\" \/>\n<meta property=\"article:publisher\" content=\"https:\/\/www.facebook.com\/CitizensClimateLobby\/\" \/>\n<meta property=\"article:modified_time\" content=\"2018-12-15T13:40:02+00:00\" \/>\n<meta property=\"og:image\" content=\"https:\/\/citizensclimatelobby.org\/wp-content\/uploads\/2016\/08\/carbon-fee-process-esp-768x228-300x89.png\" \/>\n<meta name=\"twitter:card\" content=\"summary_large_image\" \/>\n<meta name=\"twitter:site\" content=\"@citizensclimate\" \/>\n<meta name=\"twitter:label1\" content=\"Tiempo de lectura\" \/>\n\t<meta name=\"twitter:data1\" content=\"4 minutes\" \/>\n<script type=\"application\/ld+json\" class=\"yoast-schema-graph\">{\"@context\":\"https:\/\/schema.org\",\"@graph\":[{\"@type\":\"WebPage\",\"@id\":\"https:\/\/citizensclimatelobby.org\/es\/dividendos-energeticos\/\",\"url\":\"https:\/\/citizensclimatelobby.org\/es\/dividendos-energeticos\/\",\"name\":\"Los b\u00e1sicos de Dividendos Energ\u00e9ticos\",\"isPartOf\":{\"@id\":\"https:\/\/citizensclimatelobby.org\/#website\"},\"datePublished\":\"2016-08-28T14:10:24+00:00\",\"dateModified\":\"2018-12-15T13:40:02+00:00\",\"description\":\"Los b\u00e1sicos del plan de Dividendos Energ\u00e9ticos: una tarifa incremental sobre los combustibles f\u00f3siles, 100% neutralidad de balance, y un ajuste fronterizo.\",\"breadcrumb\":{\"@id\":\"https:\/\/citizensclimatelobby.org\/es\/dividendos-energeticos\/#breadcrumb\"},\"inLanguage\":\"es-ES\",\"potentialAction\":[{\"@type\":\"ReadAction\",\"target\":[\"https:\/\/citizensclimatelobby.org\/es\/dividendos-energeticos\/\"]}]},{\"@type\":\"BreadcrumbList\",\"@id\":\"https:\/\/citizensclimatelobby.org\/es\/dividendos-energeticos\/#breadcrumb\",\"itemListElement\":[{\"@type\":\"ListItem\",\"position\":1,\"name\":\"Home\",\"item\":\"https:\/\/citizensclimatelobby.org\/es\/\"},{\"@type\":\"ListItem\",\"position\":2,\"name\":\"Los b\u00e1sicos sobre Dividendos Energ\u00e9ticos\"}]},{\"@type\":\"WebSite\",\"@id\":\"https:\/\/citizensclimatelobby.org\/#website\",\"url\":\"https:\/\/citizensclimatelobby.org\/\",\"name\":\"Citizens&#039; Climate Lobby\",\"description\":\"Political will for a livable world\",\"publisher\":{\"@id\":\"https:\/\/citizensclimatelobby.org\/#organization\"},\"potentialAction\":[{\"@type\":\"SearchAction\",\"target\":{\"@type\":\"EntryPoint\",\"urlTemplate\":\"https:\/\/citizensclimatelobby.org\/?s={search_term_string}\"},\"query-input\":\"required name=search_term_string\"}],\"inLanguage\":\"es-ES\"},{\"@type\":\"Organization\",\"@id\":\"https:\/\/citizensclimatelobby.org\/#organization\",\"name\":\"Citizens' Climate Lobby\",\"url\":\"https:\/\/citizensclimatelobby.org\/\",\"logo\":{\"@type\":\"ImageObject\",\"inLanguage\":\"es-ES\",\"@id\":\"https:\/\/citizensclimatelobby.org\/#\/schema\/logo\/image\/\",\"url\":\"https:\/\/citizensclimatelobby.org\/wp-content\/uploads\/2017\/04\/CCL-Logo.png\",\"contentUrl\":\"https:\/\/citizensclimatelobby.org\/wp-content\/uploads\/2017\/04\/CCL-Logo.png\",\"width\":314,\"height\":201,\"caption\":\"Citizens' Climate Lobby\"},\"image\":{\"@id\":\"https:\/\/citizensclimatelobby.org\/#\/schema\/logo\/image\/\"},\"sameAs\":[\"https:\/\/www.facebook.com\/CitizensClimateLobby\/\",\"https:\/\/twitter.com\/citizensclimate\",\"https:\/\/www.instagram.com\/citizensclimate\/\",\"https:\/\/www.linkedin.com\/company\/citizens-climate-lobby\/\",\"https:\/\/www.youtube.com\/c\/CitizensClimateLobby\",\"https:\/\/en.wikipedia.org\/wiki\/Citizens_Climate_Lobby\"]}]}<\/script>\n<!-- \/ Yoast SEO Premium plugin. -->","yoast_head_json":{"title":"Los b\u00e1sicos de Dividendos Energ\u00e9ticos","description":"Los b\u00e1sicos del plan de Dividendos Energ\u00e9ticos: una tarifa incremental sobre los combustibles f\u00f3siles, 100% neutralidad de balance, y un ajuste fronterizo.","robots":{"index":"index","follow":"follow","max-snippet":"max-snippet:-1","max-image-preview":"max-image-preview:large","max-video-preview":"max-video-preview:-1"},"canonical":"https:\/\/citizensclimatelobby.org\/es\/dividendos-energeticos\/","og_locale":"es_ES","og_type":"article","og_title":"Los b\u00e1sicos sobre Dividendos Energ\u00e9ticos","og_description":"Los b\u00e1sicos del plan de Dividendos Energ\u00e9ticos: una tarifa incremental sobre los combustibles f\u00f3siles, 100% neutralidad de balance, y un ajuste fronterizo.","og_url":"https:\/\/citizensclimatelobby.org\/es\/dividendos-energeticos\/","og_site_name":"Citizens&#039; Climate Lobby","article_publisher":"https:\/\/www.facebook.com\/CitizensClimateLobby\/","article_modified_time":"2018-12-15T13:40:02+00:00","og_image":[{"url":"https:\/\/citizensclimatelobby.org\/wp-content\/uploads\/2016\/08\/carbon-fee-process-esp-768x228-300x89.png"}],"twitter_card":"summary_large_image","twitter_site":"@citizensclimate","twitter_misc":{"Tiempo de lectura":"4 minutes"},"schema":{"@context":"https:\/\/schema.org","@graph":[{"@type":"WebPage","@id":"https:\/\/citizensclimatelobby.org\/es\/dividendos-energeticos\/","url":"https:\/\/citizensclimatelobby.org\/es\/dividendos-energeticos\/","name":"Los b\u00e1sicos de Dividendos Energ\u00e9ticos","isPartOf":{"@id":"https:\/\/citizensclimatelobby.org\/#website"},"datePublished":"2016-08-28T14:10:24+00:00","dateModified":"2018-12-15T13:40:02+00:00","description":"Los b\u00e1sicos del plan de Dividendos Energ\u00e9ticos: una tarifa incremental sobre los combustibles f\u00f3siles, 100% neutralidad de balance, y un ajuste fronterizo.","breadcrumb":{"@id":"https:\/\/citizensclimatelobby.org\/es\/dividendos-energeticos\/#breadcrumb"},"inLanguage":"es-ES","potentialAction":[{"@type":"ReadAction","target":["https:\/\/citizensclimatelobby.org\/es\/dividendos-energeticos\/"]}]},{"@type":"BreadcrumbList","@id":"https:\/\/citizensclimatelobby.org\/es\/dividendos-energeticos\/#breadcrumb","itemListElement":[{"@type":"ListItem","position":1,"name":"Home","item":"https:\/\/citizensclimatelobby.org\/es\/"},{"@type":"ListItem","position":2,"name":"Los b\u00e1sicos sobre Dividendos Energ\u00e9ticos"}]},{"@type":"WebSite","@id":"https:\/\/citizensclimatelobby.org\/#website","url":"https:\/\/citizensclimatelobby.org\/","name":"Citizens&#039; Climate Lobby","description":"Political will for a livable world","publisher":{"@id":"https:\/\/citizensclimatelobby.org\/#organization"},"potentialAction":[{"@type":"SearchAction","target":{"@type":"EntryPoint","urlTemplate":"https:\/\/citizensclimatelobby.org\/?s={search_term_string}"},"query-input":"required name=search_term_string"}],"inLanguage":"es-ES"},{"@type":"Organization","@id":"https:\/\/citizensclimatelobby.org\/#organization","name":"Citizens' Climate Lobby","url":"https:\/\/citizensclimatelobby.org\/","logo":{"@type":"ImageObject","inLanguage":"es-ES","@id":"https:\/\/citizensclimatelobby.org\/#\/schema\/logo\/image\/","url":"https:\/\/citizensclimatelobby.org\/wp-content\/uploads\/2017\/04\/CCL-Logo.png","contentUrl":"https:\/\/citizensclimatelobby.org\/wp-content\/uploads\/2017\/04\/CCL-Logo.png","width":314,"height":201,"caption":"Citizens' Climate Lobby"},"image":{"@id":"https:\/\/citizensclimatelobby.org\/#\/schema\/logo\/image\/"},"sameAs":["https:\/\/www.facebook.com\/CitizensClimateLobby\/","https:\/\/twitter.com\/citizensclimate","https:\/\/www.instagram.com\/citizensclimate\/","https:\/\/www.linkedin.com\/company\/citizens-climate-lobby\/","https:\/\/www.youtube.com\/c\/CitizensClimateLobby","https:\/\/en.wikipedia.org\/wiki\/Citizens_Climate_Lobby"]}]}},"_links":{"self":[{"href":"https:\/\/citizensclimatelobby.org\/es\/wp-json\/wp\/v2\/pages\/22747"}],"collection":[{"href":"https:\/\/citizensclimatelobby.org\/es\/wp-json\/wp\/v2\/pages"}],"about":[{"href":"https:\/\/citizensclimatelobby.org\/es\/wp-json\/wp\/v2\/types\/page"}],"author":[{"embeddable":true,"href":"https:\/\/citizensclimatelobby.org\/es\/wp-json\/wp\/v2\/users\/20"}],"replies":[{"embeddable":true,"href":"https:\/\/citizensclimatelobby.org\/es\/wp-json\/wp\/v2\/comments?post=22747"}],"version-history":[{"count":0,"href":"https:\/\/citizensclimatelobby.org\/es\/wp-json\/wp\/v2\/pages\/22747\/revisions"}],"wp:attachment":[{"href":"https:\/\/citizensclimatelobby.org\/es\/wp-json\/wp\/v2\/media?parent=22747"}],"curies":[{"name":"wp","href":"https:\/\/api.w.org\/{rel}","templated":true}]}}