{"id":22751,"date":"2017-10-22T04:32:37","date_gmt":"2017-10-22T04:32:37","guid":{"rendered":"https:\/\/stageccl.wpengine.com\/?page_id=22751"},"modified":"2018-11-27T18:45:42","modified_gmt":"2018-11-27T18:45:42","slug":"porque-dividendos-energeticos","status":"publish","type":"page","link":"https:\/\/citizensclimatelobby.org\/es\/porque-dividendos-energeticos\/","title":{"rendered":"\u00bfPorqu\u00e9 un plan de Dividendos Energ\u00e9ticos?"},"content":{"rendered":"[spb_text_block pb_margin_bottom=&#8221;no&#8221; pb_border_bottom=&#8221;no&#8221; width=&#8221;1\/1&#8243; el_position=&#8221;first last&#8221;]\n<p><em>Ciudadanos por un Clima Vivible o CCL ha abogado por los Dividendos Energ\u00e9ticos casi una d\u00e9cada. En 2018, los miembros de la C\u00e1mara de Representantes presentaron el Proyecto de Ley de Innovaci\u00f3n Energ\u00e9tica y Dividendos de Carbono, que incorpora el enfoque de pagos y dividendos que apoyamos. Ahora estamos abogando por este proyecto de ley particular.<\/em><\/p>\n<h2>El caso para soluciones clim\u00e1ticas<\/h2>\n<p>Desde el principio de la revoluci\u00f3n industrial, nuestra quema de combustibles f\u00f3siles <a href=\"\/es\/charlitas-laser\/ciencia-basica-del-cambio-climatico\/\" target=\"_blank\" rel=\"noopener\">ha incrementado constantamente la concentraci\u00f3n de di\u00f3xido del carbono en la atm\u00f3sfera terrestre.<\/a> Por muchas d\u00e9cadas, recib\u00edamos los beneficios de tales combustibles sin entender que el carbono aumentado en la atm\u00f3sfera estaba atrapando el calor y acelerando un cambio global del clima.<\/p>\n<p>Hoy d\u00eda, entendemos que el cambio clim\u00e1tico trae costos cat\u00e1strofes sobre <a href=\"\/es\/charlitas-laser\/impactos-salud\" target=\"_blank\" rel=\"noopener\">la salud<\/a>, el medio ambiente y la econom\u00eda. Sin embargo, en la mayor\u00eda de lugares no existen sanci\u00f3nes por contribuir a la contaminaci\u00f3n de carbono que impulsa el cambio clim\u00e1tico. Mientras que la contaminaci\u00f3n de carbono permanezca gratis, los verdaderos costos de los combustibles f\u00f3siles ser\u00e1n escondidos. Los hidrocarburos parecen menos costosos que las alternativas bajas en carbono, aunque ponen en riesgo la salud y la prosperidad econ\u00f3mica al largo plazo.<\/p>\n<h2>Bajar emisiones y crecer la econom\u00eda<\/h2>\n<p>La solucion clim\u00e1tica preferida por CCL se conoce como Dividendos Energ\u00e9ticos (en ing\u00e9s, Carbon Fee and Dividend, o CF&amp;D). Un sistema nacional de Dividendos Energ\u00e9ticos impondr\u00eda un predicible y constantamente incrementado precio sobre el carbono y otros gases de efecto invernadero; y devolver\u00eda todas las tarifas recaudadas, menos los costos administrativos, a familias en forma de pagos mensuales \u2014 los dividendos energ\u00e9ticos. Los <a href=\"https:\/\/citizensclimatelobby.org\/es\/estudio-remi\/\" target=\"_blank\" rel=\"noopener\">estudios muestran<\/a> que dentro de solamente 20 a\u00f1os tal sistema podr\u00eda reducir las emisiones de carbono a un 50% del nivel de 1990, mientras que agrega 2.1 millones de empleos mas arriba de la l\u00ednea de base a la econom\u00eda estadounidense.<\/p>\n<div id=\"attachment_18320\" style=\"width: 676px\" class=\"wp-caption aligncenter\"><img aria-describedby=\"caption-attachment-18320\" decoding=\"async\" class=\"wp-image-24107 size-full\" src=\"https:\/\/citizensclimatelobby.org\/wp-content\/uploads\/2016\/08\/carbon-dioxide-emissions-carbon-fee-and-dividend.jpg\" alt=\"carbon dioxide emissions carbon fee and dividend\" width=\"666\" height=\"299\" srcset=\"https:\/\/citizensclimatelobby.org\/wp-content\/uploads\/2016\/08\/carbon-dioxide-emissions-carbon-fee-and-dividend.jpg 666w, https:\/\/citizensclimatelobby.org\/wp-content\/uploads\/2016\/08\/carbon-dioxide-emissions-carbon-fee-and-dividend-300x135.jpg 300w\" sizes=\"(max-width: 666px) 100vw, 666px\" \/><p id=\"caption-attachment-18320\" class=\"wp-caption-text\">La l\u00ednea azul representa las emisiones con lo mismo de siempre. La l\u00ednea dorada representa la reducci\u00f3n en emisiones proyectada con Dividendos Energ\u00e9ticos.<\/p><\/div>\n<p style=\"text-align: center;\"><a class=\"sf-button standard blue stroke-to-fill rickybutton\" href=\"\/es\/dividendos energeticos\/\" target=\"_self\"><span class=\"text\">\u00bfC\u00f3mo funciona?<\/span><\/a><\/p>\n<p>Educar ciudadanos sobre los beneficios de la soluci\u00f3n clim\u00e1tica de CFD, y empoderarlos a crear la voluntad pol\u00edtica y social para las soluciones que necesitamos, es el n\u00facleo de la estrategia de CCL.<\/p>\n<p style=\"text-align: center;\">[easy-social-share buttons=&#8221;facebook,twitter,mail&#8221; counters=0]<\/p>\n[\/spb_text_block]\n","protected":false},"excerpt":{"rendered":"<p>[spb_text_block pb_margin_bottom=&#8221;no&#8221; pb_border_bottom=&#8221;no&#8221; width=&#8221;1\/1&#8243; el_position=&#8221;first last&#8221;] Ciudadanos por un Clima Vivible o CCL ha abogado por los Dividendos Energ\u00e9ticos casi una d\u00e9cada. En 2018, los miembros de la C\u00e1mara de Representantes presentaron el Proyecto de Ley de Innovaci\u00f3n Energ\u00e9tica y Dividendos de Carbono, que incorpora el enfoque de pagos y dividendos que apoyamos. Ahora estamos abogando por este proyecto de [&hellip;]<\/p>\n","protected":false},"author":46,"featured_media":0,"parent":0,"menu_order":8,"comment_status":"closed","ping_status":"closed","template":"","meta":{"footnotes":""},"acf":[],"yoast_head":"<!-- This site is optimized with the Yoast SEO Premium plugin v21.3 (Yoast SEO v21.3) - https:\/\/yoast.com\/wordpress\/plugins\/seo\/ -->\n<title>\u00bfPorqu\u00e9 un plan de Dividendos Energ\u00e9ticos? | Citizens&#039; Climate Lobby<\/title>\n<meta name=\"description\" content=\"Un sistema nacional de Dividendos Energ\u00e9ticos reembolosar\u00eda los ingresos de una tarifa al carbono a las familias en forma de un dividendo mensual.\" \/>\n<meta name=\"robots\" content=\"noindex, nofollow\" \/>\n<meta property=\"og:locale\" content=\"es_ES\" \/>\n<meta property=\"og:type\" content=\"article\" \/>\n<meta property=\"og:title\" content=\"\u00bfPorqu\u00e9 un plan de Dividendos Energ\u00e9ticos?\" \/>\n<meta property=\"og:description\" content=\"Un sistema nacional de Dividendos Energ\u00e9ticos reembolosar\u00eda los ingresos de una tarifa al carbono a las familias en forma de un dividendo mensual.\" \/>\n<meta property=\"og:url\" content=\"https:\/\/citizensclimatelobby.org\/es\/porque-dividendos-energeticos\/\" \/>\n<meta property=\"og:site_name\" content=\"Citizens&#039; Climate Lobby\" \/>\n<meta property=\"article:publisher\" content=\"https:\/\/www.facebook.com\/CitizensClimateLobby\/\" \/>\n<meta property=\"article:modified_time\" content=\"2018-11-27T18:45:42+00:00\" \/>\n<meta property=\"og:image\" content=\"https:\/\/citizensclimatelobby.org\/wp-content\/uploads\/2016\/08\/carbon-dioxide-emissions-carbon-fee-and-dividend.jpg\" \/>\n<meta name=\"twitter:card\" content=\"summary_large_image\" \/>\n<meta name=\"twitter:site\" content=\"@citizensclimate\" \/>\n<meta name=\"twitter:label1\" content=\"Tiempo de lectura\" \/>\n\t<meta name=\"twitter:data1\" content=\"2 minutes\" \/>\n<script type=\"application\/ld+json\" class=\"yoast-schema-graph\">{\"@context\":\"https:\/\/schema.org\",\"@graph\":[{\"@type\":\"WebPage\",\"@id\":\"https:\/\/citizensclimatelobby.org\/es\/porque-dividendos-energeticos\/\",\"url\":\"https:\/\/citizensclimatelobby.org\/es\/porque-dividendos-energeticos\/\",\"name\":\"\u00bfPorqu\u00e9 un plan de Dividendos Energ\u00e9ticos? | Citizens&#039; Climate Lobby\",\"isPartOf\":{\"@id\":\"https:\/\/citizensclimatelobby.org\/#website\"},\"datePublished\":\"2017-10-22T04:32:37+00:00\",\"dateModified\":\"2018-11-27T18:45:42+00:00\",\"description\":\"Un sistema nacional de Dividendos Energ\u00e9ticos reembolosar\u00eda los ingresos de una tarifa al carbono a las familias en forma de un dividendo mensual.\",\"breadcrumb\":{\"@id\":\"https:\/\/citizensclimatelobby.org\/es\/porque-dividendos-energeticos\/#breadcrumb\"},\"inLanguage\":\"es-ES\",\"potentialAction\":[{\"@type\":\"ReadAction\",\"target\":[\"https:\/\/citizensclimatelobby.org\/es\/porque-dividendos-energeticos\/\"]}]},{\"@type\":\"BreadcrumbList\",\"@id\":\"https:\/\/citizensclimatelobby.org\/es\/porque-dividendos-energeticos\/#breadcrumb\",\"itemListElement\":[{\"@type\":\"ListItem\",\"position\":1,\"name\":\"Home\",\"item\":\"https:\/\/citizensclimatelobby.org\/es\/\"},{\"@type\":\"ListItem\",\"position\":2,\"name\":\"\u00bfPorqu\u00e9 un plan de Dividendos Energ\u00e9ticos?\"}]},{\"@type\":\"WebSite\",\"@id\":\"https:\/\/citizensclimatelobby.org\/#website\",\"url\":\"https:\/\/citizensclimatelobby.org\/\",\"name\":\"Citizens&#039; Climate Lobby\",\"description\":\"Political will for a livable world\",\"publisher\":{\"@id\":\"https:\/\/citizensclimatelobby.org\/#organization\"},\"potentialAction\":[{\"@type\":\"SearchAction\",\"target\":{\"@type\":\"EntryPoint\",\"urlTemplate\":\"https:\/\/citizensclimatelobby.org\/?s={search_term_string}\"},\"query-input\":\"required name=search_term_string\"}],\"inLanguage\":\"es-ES\"},{\"@type\":\"Organization\",\"@id\":\"https:\/\/citizensclimatelobby.org\/#organization\",\"name\":\"Citizens' Climate Lobby\",\"url\":\"https:\/\/citizensclimatelobby.org\/\",\"logo\":{\"@type\":\"ImageObject\",\"inLanguage\":\"es-ES\",\"@id\":\"https:\/\/citizensclimatelobby.org\/#\/schema\/logo\/image\/\",\"url\":\"https:\/\/citizensclimatelobby.org\/wp-content\/uploads\/2017\/04\/CCL-Logo.png\",\"contentUrl\":\"https:\/\/citizensclimatelobby.org\/wp-content\/uploads\/2017\/04\/CCL-Logo.png\",\"width\":314,\"height\":201,\"caption\":\"Citizens' Climate Lobby\"},\"image\":{\"@id\":\"https:\/\/citizensclimatelobby.org\/#\/schema\/logo\/image\/\"},\"sameAs\":[\"https:\/\/www.facebook.com\/CitizensClimateLobby\/\",\"https:\/\/twitter.com\/citizensclimate\",\"https:\/\/www.instagram.com\/citizensclimate\/\",\"https:\/\/www.linkedin.com\/company\/citizens-climate-lobby\/\",\"https:\/\/www.youtube.com\/c\/CitizensClimateLobby\",\"https:\/\/en.wikipedia.org\/wiki\/Citizens_Climate_Lobby\"]}]}<\/script>\n<!-- \/ Yoast SEO Premium plugin. -->","yoast_head_json":{"title":"\u00bfPorqu\u00e9 un plan de Dividendos Energ\u00e9ticos? | Citizens&#039; Climate Lobby","description":"Un sistema nacional de Dividendos Energ\u00e9ticos reembolosar\u00eda los ingresos de una tarifa al carbono a las familias en forma de un dividendo mensual.","robots":{"index":"noindex","follow":"nofollow"},"og_locale":"es_ES","og_type":"article","og_title":"\u00bfPorqu\u00e9 un plan de Dividendos Energ\u00e9ticos?","og_description":"Un sistema nacional de Dividendos Energ\u00e9ticos reembolosar\u00eda los ingresos de una tarifa al carbono a las familias en forma de un dividendo mensual.","og_url":"https:\/\/citizensclimatelobby.org\/es\/porque-dividendos-energeticos\/","og_site_name":"Citizens&#039; Climate Lobby","article_publisher":"https:\/\/www.facebook.com\/CitizensClimateLobby\/","article_modified_time":"2018-11-27T18:45:42+00:00","og_image":[{"url":"https:\/\/citizensclimatelobby.org\/wp-content\/uploads\/2016\/08\/carbon-dioxide-emissions-carbon-fee-and-dividend.jpg"}],"twitter_card":"summary_large_image","twitter_site":"@citizensclimate","twitter_misc":{"Tiempo de lectura":"2 minutes"},"schema":{"@context":"https:\/\/schema.org","@graph":[{"@type":"WebPage","@id":"https:\/\/citizensclimatelobby.org\/es\/porque-dividendos-energeticos\/","url":"https:\/\/citizensclimatelobby.org\/es\/porque-dividendos-energeticos\/","name":"\u00bfPorqu\u00e9 un plan de Dividendos Energ\u00e9ticos? | Citizens&#039; Climate Lobby","isPartOf":{"@id":"https:\/\/citizensclimatelobby.org\/#website"},"datePublished":"2017-10-22T04:32:37+00:00","dateModified":"2018-11-27T18:45:42+00:00","description":"Un sistema nacional de Dividendos Energ\u00e9ticos reembolosar\u00eda los ingresos de una tarifa al carbono a las familias en forma de un dividendo mensual.","breadcrumb":{"@id":"https:\/\/citizensclimatelobby.org\/es\/porque-dividendos-energeticos\/#breadcrumb"},"inLanguage":"es-ES","potentialAction":[{"@type":"ReadAction","target":["https:\/\/citizensclimatelobby.org\/es\/porque-dividendos-energeticos\/"]}]},{"@type":"BreadcrumbList","@id":"https:\/\/citizensclimatelobby.org\/es\/porque-dividendos-energeticos\/#breadcrumb","itemListElement":[{"@type":"ListItem","position":1,"name":"Home","item":"https:\/\/citizensclimatelobby.org\/es\/"},{"@type":"ListItem","position":2,"name":"\u00bfPorqu\u00e9 un plan de Dividendos Energ\u00e9ticos?"}]},{"@type":"WebSite","@id":"https:\/\/citizensclimatelobby.org\/#website","url":"https:\/\/citizensclimatelobby.org\/","name":"Citizens&#039; Climate Lobby","description":"Political will for a livable world","publisher":{"@id":"https:\/\/citizensclimatelobby.org\/#organization"},"potentialAction":[{"@type":"SearchAction","target":{"@type":"EntryPoint","urlTemplate":"https:\/\/citizensclimatelobby.org\/?s={search_term_string}"},"query-input":"required name=search_term_string"}],"inLanguage":"es-ES"},{"@type":"Organization","@id":"https:\/\/citizensclimatelobby.org\/#organization","name":"Citizens' Climate Lobby","url":"https:\/\/citizensclimatelobby.org\/","logo":{"@type":"ImageObject","inLanguage":"es-ES","@id":"https:\/\/citizensclimatelobby.org\/#\/schema\/logo\/image\/","url":"https:\/\/citizensclimatelobby.org\/wp-content\/uploads\/2017\/04\/CCL-Logo.png","contentUrl":"https:\/\/citizensclimatelobby.org\/wp-content\/uploads\/2017\/04\/CCL-Logo.png","width":314,"height":201,"caption":"Citizens' Climate Lobby"},"image":{"@id":"https:\/\/citizensclimatelobby.org\/#\/schema\/logo\/image\/"},"sameAs":["https:\/\/www.facebook.com\/CitizensClimateLobby\/","https:\/\/twitter.com\/citizensclimate","https:\/\/www.instagram.com\/citizensclimate\/","https:\/\/www.linkedin.com\/company\/citizens-climate-lobby\/","https:\/\/www.youtube.com\/c\/CitizensClimateLobby","https:\/\/en.wikipedia.org\/wiki\/Citizens_Climate_Lobby"]}]}},"_links":{"self":[{"href":"https:\/\/citizensclimatelobby.org\/es\/wp-json\/wp\/v2\/pages\/22751"}],"collection":[{"href":"https:\/\/citizensclimatelobby.org\/es\/wp-json\/wp\/v2\/pages"}],"about":[{"href":"https:\/\/citizensclimatelobby.org\/es\/wp-json\/wp\/v2\/types\/page"}],"author":[{"embeddable":true,"href":"https:\/\/citizensclimatelobby.org\/es\/wp-json\/wp\/v2\/users\/46"}],"replies":[{"embeddable":true,"href":"https:\/\/citizensclimatelobby.org\/es\/wp-json\/wp\/v2\/comments?post=22751"}],"version-history":[{"count":0,"href":"https:\/\/citizensclimatelobby.org\/es\/wp-json\/wp\/v2\/pages\/22751\/revisions"}],"wp:attachment":[{"href":"https:\/\/citizensclimatelobby.org\/es\/wp-json\/wp\/v2\/media?parent=22751"}],"curies":[{"name":"wp","href":"https:\/\/api.w.org\/{rel}","templated":true}]}}