{"id":22778,"date":"2017-10-23T13:05:29","date_gmt":"2017-10-23T13:05:29","guid":{"rendered":"https:\/\/stageccl.wpengine.com\/?page_id=22778"},"modified":"2018-11-27T18:51:44","modified_gmt":"2018-11-27T18:51:44","slug":"respaldo-para-dividendos-energeticos","status":"publish","type":"page","link":"https:\/\/citizensclimatelobby.org\/es\/respaldo-para-dividendos-energeticos\/","title":{"rendered":"Respaldo para Dividendos Energ\u00e9ticos"},"content":{"rendered":"[spb_text_block pb_margin_bottom=&#8221;no&#8221; pb_border_bottom=&#8221;no&#8221; width=&#8221;1\/1&#8243; el_position=&#8221;first last&#8221;]\n<p><em>Ciudadanos por un Clima Vivible o CCL ha abogado por los Dividendos Energ\u00e9ticos casi una d\u00e9cada. En 2018, los miembros de la C\u00e1mara de Representantes presentaron el Proyecto de Ley de Innovaci\u00f3n Energ\u00e9tica y Dividendos de Carbono, que incorpora el enfoque de pagos y dividendos que apoyamos. Ahora estamos abogando por este proyecto de ley particular.<\/em><\/p>\n<p>Apoyo para el plan de <a href=\"https:\/\/citizensclimatelobby.org\/es\/dividendos-energeticos\/\" target=\"_blank\" rel=\"noopener\">Dividendos Energ\u00e9ticos<\/a> de Ciudadanos por un Clima Vivible viene de economistas, citent\u00edficos, empresarios, l\u00edderes de fe, gobiernos locales, y juntas editoriales a lo largo del espectro pol\u00edtico. Todos ellos ven los beneficios obvios de nuestro impuesto al carbono que es completamente reciclado al pueblo para garantizar un balance neutro. Esta solucion, basada en el mercado, salvar\u00e1 vidas, crear\u00e1 empleos y impulsar\u00e1 la econom\u00eda mientras reducir\u00e1 los riesgos asociados con el cambio clim\u00e1tico.<\/p>\n<h2>Resoluciones de los estados, condados y municipios<\/h2>\n<p>Gracias al trabajo de voluntarios de CCL, estados, condados y municipios por todo el pa\u00eds han aprobado resoluciones oficiales respaldando a la pol\u00edtica de Dividendos Energ\u00e9ticos. Gobiernos locales est\u00e1n exigiendo al Congreso que aborde el cambio clim\u00e1tico porque en el caso del calentamiento global, acci\u00f3n nacional es cr\u00edtica para proteger las comunidades locales.<\/p>\n<p>.<\/p>\n<p style=\"text-align: center;\"><a class=\"sf-button standard blue standard rickybutton dropshadow\" href=\"\/endorsements\/municipal\/\" target=\"_self\"><span class=\"text\"><span class=\"text\">Ver las resoluciones locales (ingl\u00e9s)<\/span><\/span><\/a><\/p>\n<h2>Respaldo editorial<\/h2>\n<p>Las juntas editoriales de los peri\u00f3dicos tienen un rol clave en el moldeamiento de la conversaci\u00f3n p\u00fablica sobre el cambio clim\u00e1tico. Por todo el pa\u00eds, juntas editoriales han anunciado su apoyo para acci\u00f3n congresional para el clima, y su preferencia para un precio basado en el mercado sobre los combustibles f\u00f3siles para impulsar el cambio.<\/p>\n<p>&nbsp;<\/p>\n<p style=\"text-align: center;\"><a class=\"sf-button standard blue standard rickybutton dropshadow\" href=\"\/endorsements\/editorial\/\" target=\"_self\"><span class=\"text\"><span class=\"text\">Ver el respaldo editorial (ingl\u00e9s)<\/span><\/span><\/a><\/p>\n<h2>La Junta Asesor<\/h2>\n<p>La Junta Asesor de Ciudadanos por un Clima Vivible, que incluye autoridades electas, economistas, cient\u00edficos, activistas, artistas y l\u00edderes militares a lo largo del espectro pol\u00edtico, muestra la amplitud y la solidez del apoyo para el trabajo nuestro.<\/p>\n<p>.<\/p>\n<p style=\"text-align: center;\"><a class=\"sf-button standard blue standard rickybutton dropshadow\" href=\"\/about-ccl\/#advisoryboard\" target=\"_self\"><span class=\"text\">La <span class=\"text\">Junta Asesor de CCL<\/span><\/span><\/a><\/p>\n[\/spb_text_block]\n","protected":false},"excerpt":{"rendered":"<p>[spb_text_block pb_margin_bottom=&#8221;no&#8221; pb_border_bottom=&#8221;no&#8221; width=&#8221;1\/1&#8243; el_position=&#8221;first last&#8221;] Ciudadanos por un Clima Vivible o CCL ha abogado por los Dividendos Energ\u00e9ticos casi una d\u00e9cada. En 2018, los miembros de la C\u00e1mara de Representantes presentaron el Proyecto de Ley de Innovaci\u00f3n Energ\u00e9tica y Dividendos de Carbono, que incorpora el enfoque de pagos y dividendos que apoyamos. Ahora estamos abogando por este proyecto de [&hellip;]<\/p>\n","protected":false},"author":46,"featured_media":0,"parent":0,"menu_order":8,"comment_status":"closed","ping_status":"closed","template":"","meta":{"footnotes":""},"acf":[],"yoast_head":"<!-- This site is optimized with the Yoast SEO Premium plugin v21.3 (Yoast SEO v21.3) - https:\/\/yoast.com\/wordpress\/plugins\/seo\/ -->\n<title>Respaldo para Dividendos Energ\u00e9ticos | Citizens&#039; Climate Lobby<\/title>\n<meta name=\"description\" content=\"En todo el pa\u00eds, entidades locales y juntas editoriales de los peri\u00f3dicos est\u00e1n respaldando nuestro plan de Dividendos Energ\u00e9ticos.\" \/>\n<meta name=\"robots\" content=\"index, follow, max-snippet:-1, max-image-preview:large, max-video-preview:-1\" \/>\n<link rel=\"canonical\" href=\"https:\/\/citizensclimatelobby.org\/es\/respaldo-para-dividendos-energeticos\/\" \/>\n<meta property=\"og:locale\" content=\"es_ES\" \/>\n<meta property=\"og:type\" content=\"article\" \/>\n<meta property=\"og:title\" content=\"Respaldo para Dividendos Energ\u00e9ticos\" \/>\n<meta property=\"og:description\" content=\"En todo el pa\u00eds, entidades locales y juntas editoriales de los peri\u00f3dicos est\u00e1n respaldando nuestro plan de Dividendos Energ\u00e9ticos.\" \/>\n<meta property=\"og:url\" content=\"https:\/\/citizensclimatelobby.org\/es\/respaldo-para-dividendos-energeticos\/\" \/>\n<meta property=\"og:site_name\" content=\"Citizens&#039; Climate Lobby\" \/>\n<meta property=\"article:publisher\" content=\"https:\/\/www.facebook.com\/CitizensClimateLobby\/\" \/>\n<meta property=\"article:modified_time\" content=\"2018-11-27T18:51:44+00:00\" \/>\n<meta name=\"twitter:card\" content=\"summary_large_image\" \/>\n<meta name=\"twitter:site\" content=\"@citizensclimate\" \/>\n<meta name=\"twitter:label1\" content=\"Tiempo de lectura\" \/>\n\t<meta name=\"twitter:data1\" content=\"2 minutes\" \/>\n<script type=\"application\/ld+json\" class=\"yoast-schema-graph\">{\"@context\":\"https:\/\/schema.org\",\"@graph\":[{\"@type\":\"WebPage\",\"@id\":\"https:\/\/citizensclimatelobby.org\/es\/respaldo-para-dividendos-energeticos\/\",\"url\":\"https:\/\/citizensclimatelobby.org\/es\/respaldo-para-dividendos-energeticos\/\",\"name\":\"Respaldo para Dividendos Energ\u00e9ticos | Citizens&#039; Climate Lobby\",\"isPartOf\":{\"@id\":\"https:\/\/citizensclimatelobby.org\/#website\"},\"datePublished\":\"2017-10-23T13:05:29+00:00\",\"dateModified\":\"2018-11-27T18:51:44+00:00\",\"description\":\"En todo el pa\u00eds, entidades locales y juntas editoriales de los peri\u00f3dicos est\u00e1n respaldando nuestro plan de Dividendos Energ\u00e9ticos.\",\"breadcrumb\":{\"@id\":\"https:\/\/citizensclimatelobby.org\/es\/respaldo-para-dividendos-energeticos\/#breadcrumb\"},\"inLanguage\":\"es-ES\",\"potentialAction\":[{\"@type\":\"ReadAction\",\"target\":[\"https:\/\/citizensclimatelobby.org\/es\/respaldo-para-dividendos-energeticos\/\"]}]},{\"@type\":\"BreadcrumbList\",\"@id\":\"https:\/\/citizensclimatelobby.org\/es\/respaldo-para-dividendos-energeticos\/#breadcrumb\",\"itemListElement\":[{\"@type\":\"ListItem\",\"position\":1,\"name\":\"Home\",\"item\":\"https:\/\/citizensclimatelobby.org\/es\/\"},{\"@type\":\"ListItem\",\"position\":2,\"name\":\"Respaldo para Dividendos Energ\u00e9ticos\"}]},{\"@type\":\"WebSite\",\"@id\":\"https:\/\/citizensclimatelobby.org\/#website\",\"url\":\"https:\/\/citizensclimatelobby.org\/\",\"name\":\"Citizens&#039; Climate Lobby\",\"description\":\"Political will for a livable world\",\"publisher\":{\"@id\":\"https:\/\/citizensclimatelobby.org\/#organization\"},\"potentialAction\":[{\"@type\":\"SearchAction\",\"target\":{\"@type\":\"EntryPoint\",\"urlTemplate\":\"https:\/\/citizensclimatelobby.org\/?s={search_term_string}\"},\"query-input\":\"required name=search_term_string\"}],\"inLanguage\":\"es-ES\"},{\"@type\":\"Organization\",\"@id\":\"https:\/\/citizensclimatelobby.org\/#organization\",\"name\":\"Citizens' Climate Lobby\",\"url\":\"https:\/\/citizensclimatelobby.org\/\",\"logo\":{\"@type\":\"ImageObject\",\"inLanguage\":\"es-ES\",\"@id\":\"https:\/\/citizensclimatelobby.org\/#\/schema\/logo\/image\/\",\"url\":\"https:\/\/citizensclimatelobby.org\/wp-content\/uploads\/2017\/04\/CCL-Logo.png\",\"contentUrl\":\"https:\/\/citizensclimatelobby.org\/wp-content\/uploads\/2017\/04\/CCL-Logo.png\",\"width\":314,\"height\":201,\"caption\":\"Citizens' Climate Lobby\"},\"image\":{\"@id\":\"https:\/\/citizensclimatelobby.org\/#\/schema\/logo\/image\/\"},\"sameAs\":[\"https:\/\/www.facebook.com\/CitizensClimateLobby\/\",\"https:\/\/twitter.com\/citizensclimate\",\"https:\/\/www.instagram.com\/citizensclimate\/\",\"https:\/\/www.linkedin.com\/company\/citizens-climate-lobby\/\",\"https:\/\/www.youtube.com\/c\/CitizensClimateLobby\",\"https:\/\/en.wikipedia.org\/wiki\/Citizens_Climate_Lobby\"]}]}<\/script>\n<!-- \/ Yoast SEO Premium plugin. -->","yoast_head_json":{"title":"Respaldo para Dividendos Energ\u00e9ticos | Citizens&#039; Climate Lobby","description":"En todo el pa\u00eds, entidades locales y juntas editoriales de los peri\u00f3dicos est\u00e1n respaldando nuestro plan de Dividendos Energ\u00e9ticos.","robots":{"index":"index","follow":"follow","max-snippet":"max-snippet:-1","max-image-preview":"max-image-preview:large","max-video-preview":"max-video-preview:-1"},"canonical":"https:\/\/citizensclimatelobby.org\/es\/respaldo-para-dividendos-energeticos\/","og_locale":"es_ES","og_type":"article","og_title":"Respaldo para Dividendos Energ\u00e9ticos","og_description":"En todo el pa\u00eds, entidades locales y juntas editoriales de los peri\u00f3dicos est\u00e1n respaldando nuestro plan de Dividendos Energ\u00e9ticos.","og_url":"https:\/\/citizensclimatelobby.org\/es\/respaldo-para-dividendos-energeticos\/","og_site_name":"Citizens&#039; Climate Lobby","article_publisher":"https:\/\/www.facebook.com\/CitizensClimateLobby\/","article_modified_time":"2018-11-27T18:51:44+00:00","twitter_card":"summary_large_image","twitter_site":"@citizensclimate","twitter_misc":{"Tiempo de lectura":"2 minutes"},"schema":{"@context":"https:\/\/schema.org","@graph":[{"@type":"WebPage","@id":"https:\/\/citizensclimatelobby.org\/es\/respaldo-para-dividendos-energeticos\/","url":"https:\/\/citizensclimatelobby.org\/es\/respaldo-para-dividendos-energeticos\/","name":"Respaldo para Dividendos Energ\u00e9ticos | Citizens&#039; Climate Lobby","isPartOf":{"@id":"https:\/\/citizensclimatelobby.org\/#website"},"datePublished":"2017-10-23T13:05:29+00:00","dateModified":"2018-11-27T18:51:44+00:00","description":"En todo el pa\u00eds, entidades locales y juntas editoriales de los peri\u00f3dicos est\u00e1n respaldando nuestro plan de Dividendos Energ\u00e9ticos.","breadcrumb":{"@id":"https:\/\/citizensclimatelobby.org\/es\/respaldo-para-dividendos-energeticos\/#breadcrumb"},"inLanguage":"es-ES","potentialAction":[{"@type":"ReadAction","target":["https:\/\/citizensclimatelobby.org\/es\/respaldo-para-dividendos-energeticos\/"]}]},{"@type":"BreadcrumbList","@id":"https:\/\/citizensclimatelobby.org\/es\/respaldo-para-dividendos-energeticos\/#breadcrumb","itemListElement":[{"@type":"ListItem","position":1,"name":"Home","item":"https:\/\/citizensclimatelobby.org\/es\/"},{"@type":"ListItem","position":2,"name":"Respaldo para Dividendos Energ\u00e9ticos"}]},{"@type":"WebSite","@id":"https:\/\/citizensclimatelobby.org\/#website","url":"https:\/\/citizensclimatelobby.org\/","name":"Citizens&#039; Climate Lobby","description":"Political will for a livable world","publisher":{"@id":"https:\/\/citizensclimatelobby.org\/#organization"},"potentialAction":[{"@type":"SearchAction","target":{"@type":"EntryPoint","urlTemplate":"https:\/\/citizensclimatelobby.org\/?s={search_term_string}"},"query-input":"required name=search_term_string"}],"inLanguage":"es-ES"},{"@type":"Organization","@id":"https:\/\/citizensclimatelobby.org\/#organization","name":"Citizens' Climate Lobby","url":"https:\/\/citizensclimatelobby.org\/","logo":{"@type":"ImageObject","inLanguage":"es-ES","@id":"https:\/\/citizensclimatelobby.org\/#\/schema\/logo\/image\/","url":"https:\/\/citizensclimatelobby.org\/wp-content\/uploads\/2017\/04\/CCL-Logo.png","contentUrl":"https:\/\/citizensclimatelobby.org\/wp-content\/uploads\/2017\/04\/CCL-Logo.png","width":314,"height":201,"caption":"Citizens' Climate Lobby"},"image":{"@id":"https:\/\/citizensclimatelobby.org\/#\/schema\/logo\/image\/"},"sameAs":["https:\/\/www.facebook.com\/CitizensClimateLobby\/","https:\/\/twitter.com\/citizensclimate","https:\/\/www.instagram.com\/citizensclimate\/","https:\/\/www.linkedin.com\/company\/citizens-climate-lobby\/","https:\/\/www.youtube.com\/c\/CitizensClimateLobby","https:\/\/en.wikipedia.org\/wiki\/Citizens_Climate_Lobby"]}]}},"_links":{"self":[{"href":"https:\/\/citizensclimatelobby.org\/es\/wp-json\/wp\/v2\/pages\/22778"}],"collection":[{"href":"https:\/\/citizensclimatelobby.org\/es\/wp-json\/wp\/v2\/pages"}],"about":[{"href":"https:\/\/citizensclimatelobby.org\/es\/wp-json\/wp\/v2\/types\/page"}],"author":[{"embeddable":true,"href":"https:\/\/citizensclimatelobby.org\/es\/wp-json\/wp\/v2\/users\/46"}],"replies":[{"embeddable":true,"href":"https:\/\/citizensclimatelobby.org\/es\/wp-json\/wp\/v2\/comments?post=22778"}],"version-history":[{"count":0,"href":"https:\/\/citizensclimatelobby.org\/es\/wp-json\/wp\/v2\/pages\/22778\/revisions"}],"wp:attachment":[{"href":"https:\/\/citizensclimatelobby.org\/es\/wp-json\/wp\/v2\/media?parent=22778"}],"curies":[{"name":"wp","href":"https:\/\/api.w.org\/{rel}","templated":true}]}}