{"id":22790,"date":"2017-10-23T13:54:24","date_gmt":"2017-10-23T13:54:24","guid":{"rendered":"https:\/\/stageccl.wpengine.com\/?page_id=22790"},"modified":"2024-04-26T21:30:19","modified_gmt":"2024-04-26T21:30:19","slug":"nuevos-voluntarios","status":"publish","type":"page","link":"https:\/\/citizensclimatelobby.org\/es\/nuevos-voluntarios\/","title":{"rendered":"\u00a1Empezar con CCL es f\u00e1cil!"},"content":{"rendered":"<p>[spb_column width=&#8221;1\/1&#8243; el_position=&#8221;first last&#8221;] [spb_text_block pb_margin_bottom=&#8221;no&#8221; pb_border_bottom=&#8221;no&#8221; width=&#8221;1\/1&#8243; el_position=&#8221;first last&#8221;]\n<h3 style=\"text-align: center;\"><strong>Entendemos que empezar con una organizaci\u00f3n nueva puede ser intimidatorio, por eso lo hacemos f\u00e1cil conectarte para poder contribuir inmediatamente.<\/strong><\/h3>\n[\/spb_text_block] [\/spb_column] [spb_tabs el_class=&#8221;center-tabs&#8221; width=&#8221;1\/1&#8243; el_position=&#8221;first last&#8221;] [spb_tab title=&#8221;La Sesi\u00f3n Informativa&#8221; icon=&#8221;&#8221; id=&#8221;lasesioninformativa&#8221;] [spb_text_block title=&#8221;La Sesi\u00f3n Informativa&#8221; icon=&#8221;fa-phone&#8221; pb_margin_bottom=&#8221;no&#8221; pb_border_bottom=&#8221;no&#8221; el_class=&#8221;tab&#8221; width=&#8221;1\/1&#8243; el_position=&#8221;first last&#8221;]\n<div id=\"attachment_16841\" style=\"width: 264px\" class=\"wp-caption alignright\"><img aria-describedby=\"caption-attachment-16841\" decoding=\"async\" class=\"size-full wp-image-16841\" src=\"https:\/\/citizensclimatelobby.org\/wp-content\/uploads\/2015\/01\/Elli-Sparks.png\" alt=\"CCL's Field Development Director Elli Sparks leads the Intro Call\" width=\"254\" height=\"319\" srcset=\"https:\/\/citizensclimatelobby.org\/wp-content\/uploads\/2015\/01\/Elli-Sparks.png 254w, https:\/\/citizensclimatelobby.org\/wp-content\/uploads\/2015\/01\/Elli-Sparks-239x300.png 239w\" sizes=\"(max-width: 254px) 100vw, 254px\" \/><p id=\"caption-attachment-16841\" class=\"wp-caption-text\">La Directora de Desarollo de Campo de CCL, Elli Sparks, dirige la Sesi\u00f3n Informativa.<\/p><\/div>\n<p>La Sesi\u00f3n Informativa es un lugar l\u00f3gico de inicio para los que quieran unirse o escuchar m\u00e1s sobre CCL.<\/p>\n<ul>\n<li><strong>Qu\u00e9:<\/strong> Facilitada <strong>en ingl\u00e9s <\/strong>por nuestra Directora de Desarollo del Campo, Elli Sparks, esta sesi\u00f3n te dar\u00e1 la informaci\u00f3n b\u00e1sica sobre Ciudadanos por un Clima Vivible.<\/li>\n<li><strong>Cu\u00e1ndo:<\/strong> todos los mi\u00e9rcoles a las 8:00 PM ET \/ 7:00 PM CT \/ 6:00 PM MT \/ 5:00 PM PT.<\/li>\n<li><strong>C\u00f3mo:<\/strong> \u00danete por hacer clic aqu\u00ed: <a href=\"\/es\/unirse-a-la-llamada-introductoria\">La Sesi\u00f3n Informativa<\/a>.<\/li>\n<li><strong>Porqu\u00e9:<\/strong> Ver\u00e1s como t\u00fa mismo puedes hacer la diferencia, creando la voluntad pol\u00edtica para legislaci\u00f3n que nos desenganchar\u00e1 de las fuentes de energ\u00eda que est\u00e1n calentando nuestro mundo y cambiando nuestro clima.<\/li>\n<\/ul>\n<p style=\"text-align: center;\"><a class=\"sf-button standard accent sf-icon-reveal button\" href=\"\/es\/unirse-a-la-llamada-introductoria\/\" target=\"_blank\"><i class=\"fa-check-circle\"><\/i><span class=\"text\">Inscribirse en la Sesi\u00f3n Informativa<\/span><\/a><\/p>\n<p>Para participar en la sesiones disponibles en espa\u00f1ol inscr\u00edbase en <a href=\"http:\/\/cclusa.org\/llamada\">cclusa.org\/llamada<\/a>.<\/p>\n<p>Las pr\u00f3ximas sesiones en el 2024 ser\u00e1n 28 de mayo, 27 de agosto y 26 de noviembre a las 7 p.m. Hora del Este.<\/p>\n[\/spb_text_block] [\/spb_tab] [spb_tab title=&#8221;La Capacitacion del Defensor del Clima&#8221; icon=&#8221;&#8221; id=&#8221;lacapacitaciondeldefensordelclima&#8221;] [spb_text_block pb_margin_bottom=&#8221;no&#8221; pb_border_bottom=&#8221;no&#8221; el_class=&#8221;tab&#8221; width=&#8221;1\/1&#8243; el_position=&#8221;first last&#8221;]\n<p><strong>Despu\u00e9s de la llamada introductoria, el pr\u00f3ximo paso para los nuevos voluntarios en CCL es La Capacitaci\u00f3n del Defensor del Clima.<\/strong><\/p>\n<ul>\n<li><strong>Qu\u00e9: <\/strong>Facilitada <strong>en ingl\u00e9s <\/strong>por entrenadores de CCL, esta <strong>formaci\u00f3n en dos sesiones<\/strong> no solamente te educar\u00e1 sobre los m\u00e9todos y las visiones de Ciudadanos por un Clima Vivible, sino tambi\u00e9n te animar\u00e1 a buscar tu propio rol para que puedas arrancar a toda velocidad.<\/li>\n<li><strong>Cu\u00e1ndo: Ofrecida dos veces al mes (por el d\u00eda y por la noche)<\/strong><\/li>\n<\/ul>\n<ol>\n<li style=\"margin: 1em 0em 0em 1.5em;\">La sesi\u00f3n de d\u00eda sucede el primer mi\u00e9rcoles de cada mes a la 1:00 PM Hora del Este.<\/li>\n<li style=\"margin-left: 1.5em;\">La sesi\u00f3n de noche sucede el tercer mi\u00e9rcoles de cada mes a las 8:00 PM Hora del Este.<\/li>\n<\/ol>\n<p style=\"text-align: center;\"><a class=\"sf-button standard blue sf-icon-stroke button\" href=\"https:\/\/citizensclimate.zoom.us\/webinar\/register\/WN_uvKNB9JlSUmvRM6NXtM60w\" target=\"_blank\"><i class=\"fa-sign-out\"><\/i><span class=\"text\">Inscribirse en la sesi\u00f3n de d\u00eda<\/span><\/a><\/p>\n<p style=\"text-align: center;\"><a class=\"sf-button standard blue sf-icon-stroke button\" href=\"https:\/\/citizensclimate.zoom.us\/webinar\/register\/WN_s9-u6a39Sf6zbk0XTPa7NQ\" target=\"_blank\"><i class=\"fa-sign-out\"><\/i><span class=\"text\">Inscribirse en la sesi\u00f3n de noche<\/span><\/a><\/p>\n<p style=\"text-align: center; line-height: 1.1em; font-size: 80%; margin-top: 10px;\">Por hacer clic en \u201cInscribirse\u201d, usted da permiso a <a title=\"Citizens' Climate, 1330 Orange Ave #300,Coronado, CA 92118, 619-437-7142\">Ciudadanos por un Clima Vivible\/Citizens\u2019 Climate Lobby (CCL) y Educaci\u00f3n Ciudadana por el Clima\/Citizens\u2019 Climate Education (CCE)<\/a> para mandarle correo electr\u00f3nico, incluso informaci\u00f3n sobre CCL\/CCE y c\u00f3mo usted puede ser un volutario y apoyar a nuestro trabajo. Puede salir de la lista en cualquier momento por mandar un correo a unsubscribe@citizensclimatelobby.org.<\/p>\n[\/spb_text_block] [\/spb_tab] [spb_tab title=&#8221;&#8221; icon=&#8221;&#8221; id=&#8221;&#8221;] [\/spb_tab] [spb_tab title=&#8221;&#8221; icon=&#8221;&#8221; id=&#8221;&#8221;] [spb_text_block pb_margin_bottom=&#8221;no&#8221; pb_border_bottom=&#8221;no&#8221; width=&#8221;1\/1&#8243; el_position=&#8221;first last&#8221;]\n<h3>Sesiones disponibles en espa\u00f1ol<\/h3>\n[\/spb_text_block] [spb_text_block pb_margin_bottom=&#8221;no&#8221; pb_border_bottom=&#8221;no&#8221; width=&#8221;1\/1&#8243; el_position=&#8221;first last&#8221;]\n<p>El equipo de trabajo de CCL Latinos ofrecer\u00e1 sesiones informativas durante estas fechas:<\/p>\n<p>27 de febrero<br \/>\n28 de mayo<br \/>\n27 de agosto<br \/>\n26 de noviembre<\/p>\n<p>Horario: 7 p.m. Hora del Este \/ 4 p.m. Hora del Pac\u00edfico<\/p>\n<p>Inscr\u00edbase en <a href=\"https:\/\/cclusa.org\/llamada\">cclusa.org\/llamada<\/a><\/p>\n[\/spb_text_block] [\/spb_tab] [\/spb_tabs]\n","protected":false},"excerpt":{"rendered":"<p>[spb_column width=&#8221;1\/1&#8243; el_position=&#8221;first last&#8221;] [spb_text_block pb_margin_bottom=&#8221;no&#8221; pb_border_bottom=&#8221;no&#8221; width=&#8221;1\/1&#8243; el_position=&#8221;first last&#8221;] Entendemos que empezar con una organizaci\u00f3n nueva puede ser intimidatorio, por eso lo hacemos f\u00e1cil conectarte para poder contribuir inmediatamente. [\/spb_text_block] [\/spb_column] [spb_tabs el_class=&#8221;center-tabs&#8221; width=&#8221;1\/1&#8243; el_position=&#8221;first last&#8221;] [spb_tab title=&#8221;La Sesi\u00f3n Informativa&#8221; icon=&#8221;&#8221; id=&#8221;lasesioninformativa&#8221;] [spb_text_block title=&#8221;La Sesi\u00f3n Informativa&#8221; icon=&#8221;fa-phone&#8221; pb_margin_bottom=&#8221;no&#8221; pb_border_bottom=&#8221;no&#8221; el_class=&#8221;tab&#8221; width=&#8221;1\/1&#8243; el_position=&#8221;first last&#8221;] La Sesi\u00f3n Informativa es un lugar [&hellip;]<\/p>\n","protected":false},"author":46,"featured_media":33421,"parent":0,"menu_order":8,"comment_status":"closed","ping_status":"closed","template":"","meta":{"footnotes":""},"acf":[],"yoast_head":"<!-- This site is optimized with the Yoast SEO Premium plugin v21.3 (Yoast SEO v21.3) - https:\/\/yoast.com\/wordpress\/plugins\/seo\/ -->\n<title>\u00a1Empezar con CCL es f\u00e1cil! | Citizens&#039; Climate Lobby<\/title>\n<meta name=\"description\" content=\"Entendemos que empezar con una nueva organizaci\u00f3n puede ser intimidatorio. Por eso lo hacemos facil conectarte para poder contribuir inmediatamente.\" \/>\n<meta name=\"robots\" content=\"index, follow, max-snippet:-1, max-image-preview:large, max-video-preview:-1\" \/>\n<link rel=\"canonical\" href=\"https:\/\/citizensclimatelobby.org\/es\/nuevos-voluntarios\/\" \/>\n<meta property=\"og:locale\" content=\"es_ES\" \/>\n<meta property=\"og:type\" content=\"article\" \/>\n<meta property=\"og:title\" content=\"Climate Advocate Training\" \/>\n<meta property=\"og:description\" content=\"We understand that working to solve climate change can be daunting, that\u2019s why we\u2019ve made it easy to get you plugged in with our Climate Advocate Training so you can begin contributing right away.\" \/>\n<meta property=\"og:url\" content=\"https:\/\/citizensclimatelobby.org\/es\/nuevos-voluntarios\/\" \/>\n<meta property=\"og:site_name\" content=\"Citizens&#039; Climate Lobby\" \/>\n<meta property=\"article:publisher\" content=\"https:\/\/www.facebook.com\/CitizensClimateLobby\/\" \/>\n<meta property=\"article:modified_time\" content=\"2024-04-26T21:30:19+00:00\" \/>\n<meta property=\"og:image\" content=\"https:\/\/citizensclimatelobby.org\/wp-content\/uploads\/2019\/07\/CCL_Jun2018-100_preview.jpeg\" \/>\n\t<meta property=\"og:image:width\" content=\"2048\" \/>\n\t<meta property=\"og:image:height\" content=\"1367\" \/>\n\t<meta property=\"og:image:type\" content=\"image\/jpeg\" \/>\n<meta name=\"twitter:card\" content=\"summary_large_image\" \/>\n<meta name=\"twitter:title\" content=\"Climate Advocate Training\" \/>\n<meta name=\"twitter:description\" content=\"We understand that working to solve climate change can be daunting, that\u2019s why we\u2019ve made it easy to get you plugged in with our Climate Advocate Training so you can begin contributing right away.\" \/>\n<meta name=\"twitter:site\" content=\"@citizensclimate\" \/>\n<meta name=\"twitter:label1\" content=\"Tiempo de lectura\" \/>\n\t<meta name=\"twitter:data1\" content=\"3 minutes\" \/>\n<script type=\"application\/ld+json\" class=\"yoast-schema-graph\">{\"@context\":\"https:\/\/schema.org\",\"@graph\":[{\"@type\":\"WebPage\",\"@id\":\"https:\/\/citizensclimatelobby.org\/es\/nuevos-voluntarios\/\",\"url\":\"https:\/\/citizensclimatelobby.org\/es\/nuevos-voluntarios\/\",\"name\":\"\u00a1Empezar con CCL es f\u00e1cil! | Citizens&#039; Climate Lobby\",\"isPartOf\":{\"@id\":\"https:\/\/citizensclimatelobby.org\/#website\"},\"datePublished\":\"2017-10-23T13:54:24+00:00\",\"dateModified\":\"2024-04-26T21:30:19+00:00\",\"description\":\"Entendemos que empezar con una nueva organizaci\u00f3n puede ser intimidatorio. Por eso lo hacemos facil conectarte para poder contribuir inmediatamente.\",\"breadcrumb\":{\"@id\":\"https:\/\/citizensclimatelobby.org\/es\/nuevos-voluntarios\/#breadcrumb\"},\"inLanguage\":\"es-ES\",\"potentialAction\":[{\"@type\":\"ReadAction\",\"target\":[\"https:\/\/citizensclimatelobby.org\/es\/nuevos-voluntarios\/\"]}]},{\"@type\":\"BreadcrumbList\",\"@id\":\"https:\/\/citizensclimatelobby.org\/es\/nuevos-voluntarios\/#breadcrumb\",\"itemListElement\":[{\"@type\":\"ListItem\",\"position\":1,\"name\":\"Home\",\"item\":\"https:\/\/citizensclimatelobby.org\/es\/\"},{\"@type\":\"ListItem\",\"position\":2,\"name\":\"\u00a1Empezar con CCL es f\u00e1cil!\"}]},{\"@type\":\"WebSite\",\"@id\":\"https:\/\/citizensclimatelobby.org\/#website\",\"url\":\"https:\/\/citizensclimatelobby.org\/\",\"name\":\"Citizens&#039; Climate Lobby\",\"description\":\"Political will for a livable world\",\"publisher\":{\"@id\":\"https:\/\/citizensclimatelobby.org\/#organization\"},\"potentialAction\":[{\"@type\":\"SearchAction\",\"target\":{\"@type\":\"EntryPoint\",\"urlTemplate\":\"https:\/\/citizensclimatelobby.org\/?s={search_term_string}\"},\"query-input\":\"required name=search_term_string\"}],\"inLanguage\":\"es-ES\"},{\"@type\":\"Organization\",\"@id\":\"https:\/\/citizensclimatelobby.org\/#organization\",\"name\":\"Citizens' Climate Lobby\",\"url\":\"https:\/\/citizensclimatelobby.org\/\",\"logo\":{\"@type\":\"ImageObject\",\"inLanguage\":\"es-ES\",\"@id\":\"https:\/\/citizensclimatelobby.org\/#\/schema\/logo\/image\/\",\"url\":\"https:\/\/citizensclimatelobby.org\/wp-content\/uploads\/2017\/04\/CCL-Logo.png\",\"contentUrl\":\"https:\/\/citizensclimatelobby.org\/wp-content\/uploads\/2017\/04\/CCL-Logo.png\",\"width\":314,\"height\":201,\"caption\":\"Citizens' Climate Lobby\"},\"image\":{\"@id\":\"https:\/\/citizensclimatelobby.org\/#\/schema\/logo\/image\/\"},\"sameAs\":[\"https:\/\/www.facebook.com\/CitizensClimateLobby\/\",\"https:\/\/twitter.com\/citizensclimate\",\"https:\/\/www.instagram.com\/citizensclimate\/\",\"https:\/\/www.linkedin.com\/company\/citizens-climate-lobby\/\",\"https:\/\/www.youtube.com\/c\/CitizensClimateLobby\",\"https:\/\/en.wikipedia.org\/wiki\/Citizens_Climate_Lobby\"]}]}<\/script>\n<!-- \/ Yoast SEO Premium plugin. -->","yoast_head_json":{"title":"\u00a1Empezar con CCL es f\u00e1cil! | Citizens&#039; Climate Lobby","description":"Entendemos que empezar con una nueva organizaci\u00f3n puede ser intimidatorio. Por eso lo hacemos facil conectarte para poder contribuir inmediatamente.","robots":{"index":"index","follow":"follow","max-snippet":"max-snippet:-1","max-image-preview":"max-image-preview:large","max-video-preview":"max-video-preview:-1"},"canonical":"https:\/\/citizensclimatelobby.org\/es\/nuevos-voluntarios\/","og_locale":"es_ES","og_type":"article","og_title":"Climate Advocate Training","og_description":"We understand that working to solve climate change can be daunting, that\u2019s why we\u2019ve made it easy to get you plugged in with our Climate Advocate Training so you can begin contributing right away.","og_url":"https:\/\/citizensclimatelobby.org\/es\/nuevos-voluntarios\/","og_site_name":"Citizens&#039; Climate Lobby","article_publisher":"https:\/\/www.facebook.com\/CitizensClimateLobby\/","article_modified_time":"2024-04-26T21:30:19+00:00","og_image":[{"width":2048,"height":1367,"url":"https:\/\/citizensclimatelobby.org\/wp-content\/uploads\/2019\/07\/CCL_Jun2018-100_preview.jpeg","type":"image\/jpeg"}],"twitter_card":"summary_large_image","twitter_title":"Climate Advocate Training","twitter_description":"We understand that working to solve climate change can be daunting, that\u2019s why we\u2019ve made it easy to get you plugged in with our Climate Advocate Training so you can begin contributing right away.","twitter_site":"@citizensclimate","twitter_misc":{"Tiempo de lectura":"3 minutes"},"schema":{"@context":"https:\/\/schema.org","@graph":[{"@type":"WebPage","@id":"https:\/\/citizensclimatelobby.org\/es\/nuevos-voluntarios\/","url":"https:\/\/citizensclimatelobby.org\/es\/nuevos-voluntarios\/","name":"\u00a1Empezar con CCL es f\u00e1cil! | Citizens&#039; Climate Lobby","isPartOf":{"@id":"https:\/\/citizensclimatelobby.org\/#website"},"datePublished":"2017-10-23T13:54:24+00:00","dateModified":"2024-04-26T21:30:19+00:00","description":"Entendemos que empezar con una nueva organizaci\u00f3n puede ser intimidatorio. Por eso lo hacemos facil conectarte para poder contribuir inmediatamente.","breadcrumb":{"@id":"https:\/\/citizensclimatelobby.org\/es\/nuevos-voluntarios\/#breadcrumb"},"inLanguage":"es-ES","potentialAction":[{"@type":"ReadAction","target":["https:\/\/citizensclimatelobby.org\/es\/nuevos-voluntarios\/"]}]},{"@type":"BreadcrumbList","@id":"https:\/\/citizensclimatelobby.org\/es\/nuevos-voluntarios\/#breadcrumb","itemListElement":[{"@type":"ListItem","position":1,"name":"Home","item":"https:\/\/citizensclimatelobby.org\/es\/"},{"@type":"ListItem","position":2,"name":"\u00a1Empezar con CCL es f\u00e1cil!"}]},{"@type":"WebSite","@id":"https:\/\/citizensclimatelobby.org\/#website","url":"https:\/\/citizensclimatelobby.org\/","name":"Citizens&#039; Climate Lobby","description":"Political will for a livable world","publisher":{"@id":"https:\/\/citizensclimatelobby.org\/#organization"},"potentialAction":[{"@type":"SearchAction","target":{"@type":"EntryPoint","urlTemplate":"https:\/\/citizensclimatelobby.org\/?s={search_term_string}"},"query-input":"required name=search_term_string"}],"inLanguage":"es-ES"},{"@type":"Organization","@id":"https:\/\/citizensclimatelobby.org\/#organization","name":"Citizens' Climate Lobby","url":"https:\/\/citizensclimatelobby.org\/","logo":{"@type":"ImageObject","inLanguage":"es-ES","@id":"https:\/\/citizensclimatelobby.org\/#\/schema\/logo\/image\/","url":"https:\/\/citizensclimatelobby.org\/wp-content\/uploads\/2017\/04\/CCL-Logo.png","contentUrl":"https:\/\/citizensclimatelobby.org\/wp-content\/uploads\/2017\/04\/CCL-Logo.png","width":314,"height":201,"caption":"Citizens' Climate Lobby"},"image":{"@id":"https:\/\/citizensclimatelobby.org\/#\/schema\/logo\/image\/"},"sameAs":["https:\/\/www.facebook.com\/CitizensClimateLobby\/","https:\/\/twitter.com\/citizensclimate","https:\/\/www.instagram.com\/citizensclimate\/","https:\/\/www.linkedin.com\/company\/citizens-climate-lobby\/","https:\/\/www.youtube.com\/c\/CitizensClimateLobby","https:\/\/en.wikipedia.org\/wiki\/Citizens_Climate_Lobby"]}]}},"_links":{"self":[{"href":"https:\/\/citizensclimatelobby.org\/es\/wp-json\/wp\/v2\/pages\/22790"}],"collection":[{"href":"https:\/\/citizensclimatelobby.org\/es\/wp-json\/wp\/v2\/pages"}],"about":[{"href":"https:\/\/citizensclimatelobby.org\/es\/wp-json\/wp\/v2\/types\/page"}],"author":[{"embeddable":true,"href":"https:\/\/citizensclimatelobby.org\/es\/wp-json\/wp\/v2\/users\/46"}],"replies":[{"embeddable":true,"href":"https:\/\/citizensclimatelobby.org\/es\/wp-json\/wp\/v2\/comments?post=22790"}],"version-history":[{"count":0,"href":"https:\/\/citizensclimatelobby.org\/es\/wp-json\/wp\/v2\/pages\/22790\/revisions"}],"wp:featuredmedia":[{"embeddable":true,"href":"https:\/\/citizensclimatelobby.org\/es\/wp-json\/wp\/v2\/media\/33421"}],"wp:attachment":[{"href":"https:\/\/citizensclimatelobby.org\/es\/wp-json\/wp\/v2\/media?parent=22790"}],"curies":[{"name":"wp","href":"https:\/\/api.w.org\/{rel}","templated":true}]}}