{"id":22804,"date":"2017-10-23T14:37:02","date_gmt":"2017-10-23T14:37:02","guid":{"rendered":"https:\/\/stageccl.wpengine.com\/?page_id=22804"},"modified":"2020-03-08T14:49:41","modified_gmt":"2020-03-08T14:49:41","slug":"las-reuniones-y-acciones-mensuales","status":"publish","type":"page","link":"https:\/\/citizensclimatelobby.org\/es\/las-reuniones-y-acciones-mensuales\/","title":{"rendered":"Las reuniones y acciones mensuales"},"content":{"rendered":"[boxed_content type=&#8221;coloured&#8221; custom_bg_colour=&#8221;#0098DA&#8221; pb_margin_bottom=&#8221;no&#8221; width=&#8221;1\/1&#8243; el_position=&#8221;first last&#8221;]\n<h1 style=\"text-align: center;\"><span style=\"color: #ffffff;\">La Reuni\u00f3n Mensual<\/span><\/h1>\n<h2 style=\"text-align: center;\"><span style=\"color: #ffffff;\">Nuestros voluntarios en todo el mundo se juntan localmente cada m\u00e9s en reuniones mensuales para hacer cuatro cosas:<\/span><br \/>\n<span style=\"color: #ffffff;\"> ________________________<\/span><\/h2>\n[\/boxed_content] [blank_spacer height=&#8221;10px&#8221; width=&#8221;1\/1&#8243; el_position=&#8221;first last&#8221;] [spb_icon_box title=&#8221;Aprender&#8221; box_type=&#8221;standard-title&#8221; image=&#8221;fa-info-circle&#8221; color=&#8221;standard&#8221; link=&#8221;\/monthly-international-conference-calls\/&#8221; target=&#8221;_self&#8221; animation=&#8221;none&#8221; animation_delay=&#8221;0&#8243; el_class=&#8221;box-border&#8221; width=&#8221;1\/2&#8243; el_position=&#8221;first&#8221;]\n<p>Escuchamos a un experto invitado hablar sobre un aspecto de la ciencia, la pol\u00edtica o las reglas relacionadas con el calentamiento global.<\/p>\n<p style=\"text-align: center;\"><a class=\"sf-button standard accent sf-icon-reveal \" href=\"\/es\/oradores-mensuales\/\" target=\"_self\"><i class=\"fa-phone\"><\/i><span class=\"text\">Oradores actuales y anteriores<\/span><\/a><\/p>\n[\/spb_icon_box] [spb_icon_box title=&#8221;Celebrar&#8221; box_type=&#8221;standard-title&#8221; image=&#8221;ss-loading&#8221; color=&#8221;standard&#8221; link=&#8221;\/about-ccl\/&#8221; target=&#8221;_self&#8221; animation=&#8221;none&#8221; animation_delay=&#8221;0&#8243; el_class=&#8221;box-border&#8221; width=&#8221;1\/2&#8243; el_position=&#8221;last&#8221;]\n<p>Celebramos nuestros \u00e9xitos desde todo el mundo, incluso el crecimiento, los avances legislativos, y los materiales publicados en los medios.<\/p>\n<p style=\"text-align: center;\"><a class=\"sf-button standard accent sf-icon-reveal \" href=\"\/es\/acerca-de-ccl\/logros\/\" target=\"_self\"><i class=\"ss-star\"><\/i><span class=\"text\">Nuestros logros<\/span><\/a><\/p>\n[\/spb_icon_box] [spb_icon_box title=&#8221;Practicar&#8221; box_type=&#8221;standard-title&#8221; image=&#8221;fa-wechat&#8221; color=&#8221;standard&#8221; link=&#8221;\/laser-talks\/&#8221; target=&#8221;_self&#8221; animation=&#8221;none&#8221; animation_delay=&#8221;0&#8243; el_class=&#8221;box-border&#8221; width=&#8221;1\/2&#8243; el_position=&#8221;first&#8221;]\n<p style=\"text-align: left;\">Practicando las charlitas l\u00e1ser, ampliamos nuestro conocimiento, y nuestra habilidad de comunicarlo persuasivemente.<\/p>\n<p style=\"text-align: center;\"><span style=\"color: #000000;\"><a class=\"sf-button standard accent sf-icon-reveal \" href=\"\/es\/charlitas-laser\/\" target=\"_self\"><i class=\"ss-key\"><\/i><span class=\"text\">Las charlitas l\u00e1ser<\/span><\/a><\/span><\/p>\n[\/spb_icon_box] [spb_icon_box title=&#8221;Actuar&#8221; box_type=&#8221;standard-title&#8221; image=&#8221;ss-share&#8221; color=&#8221;standard&#8221; target=&#8221;_self&#8221; animation=&#8221;none&#8221; animation_delay=&#8221;0&#8243; el_class=&#8221;box-border&#8221; width=&#8221;1\/2&#8243; el_position=&#8221;last&#8221;]\n<p style=\"text-align: left;\">Cada m\u00e9s, CCL sugiere a los cap\u00edtulos locales varias acciones coordinadas que generan la voluntad pol\u00edtica.<\/p>\n<p style=\"text-align: center;\"><a class=\"sf-button standard accent sf-icon-reveal \" href=\"https:\/\/community.citizensclimate.org\/resources\/item\/19\/397\" target=\"_blank\"><i class=\"fa-cloud-download\"><\/i><span class=\"text\">La Hoja de Acci\u00f3n<\/span><\/a><\/p>\n[\/spb_icon_box] [blank_spacer height=&#8221;1px&#8221; spacer_id=&#8221;actions&#8221; width=&#8221;1\/1&#8243; el_position=&#8221;first last&#8221;]\n","protected":false},"excerpt":{"rendered":"<p>[boxed_content type=&#8221;coloured&#8221; custom_bg_colour=&#8221;#0098DA&#8221; pb_margin_bottom=&#8221;no&#8221; width=&#8221;1\/1&#8243; el_position=&#8221;first last&#8221;] La Reuni\u00f3n Mensual Nuestros voluntarios en todo el mundo se juntan localmente cada m\u00e9s en reuniones mensuales para hacer cuatro cosas: ________________________ [\/boxed_content] [blank_spacer height=&#8221;10px&#8221; width=&#8221;1\/1&#8243; el_position=&#8221;first last&#8221;] [spb_icon_box title=&#8221;Aprender&#8221; box_type=&#8221;standard-title&#8221; image=&#8221;fa-info-circle&#8221; color=&#8221;standard&#8221; link=&#8221;\/monthly-international-conference-calls\/&#8221; target=&#8221;_self&#8221; animation=&#8221;none&#8221; animation_delay=&#8221;0&#8243; el_class=&#8221;box-border&#8221; width=&#8221;1\/2&#8243; el_position=&#8221;first&#8221;] Escuchamos a un experto invitado hablar sobre un aspecto de la ciencia, la [&hellip;]<\/p>\n","protected":false},"author":46,"featured_media":24080,"parent":0,"menu_order":8,"comment_status":"closed","ping_status":"closed","template":"","meta":{"footnotes":""},"acf":[],"yoast_head":"<!-- This site is optimized with the Yoast SEO Premium plugin v21.3 (Yoast SEO v21.3) - https:\/\/yoast.com\/wordpress\/plugins\/seo\/ -->\n<title>Las reuniones y acciones mensuales | Citizens&#039; Climate Lobby<\/title>\n<meta name=\"description\" content=\"Voluntarios de CCL en todo el mundo se juntan localmente en una reuni\u00f3n mensual para hacer cuatro cosas: educar, celebrar, practicar y actuar. \u00a1\u00danete a nosotros!\" \/>\n<meta name=\"robots\" content=\"index, follow, max-snippet:-1, max-image-preview:large, max-video-preview:-1\" \/>\n<link rel=\"canonical\" href=\"https:\/\/citizensclimatelobby.org\/es\/las-reuniones-y-acciones-mensuales\/\" \/>\n<meta property=\"og:locale\" content=\"es_ES\" \/>\n<meta property=\"og:type\" content=\"article\" \/>\n<meta property=\"og:title\" content=\"Las reuniones y acciones mensuales\" \/>\n<meta property=\"og:description\" content=\"Voluntarios de CCL en todo el mundo se juntan localmente en una reuni\u00f3n mensual para hacer cuatro cosas: educar, celebrar, practicar y actuar. \u00a1\u00danete a nosotros!\" \/>\n<meta property=\"og:url\" content=\"https:\/\/citizensclimatelobby.org\/es\/las-reuniones-y-acciones-mensuales\/\" \/>\n<meta property=\"og:site_name\" content=\"Citizens&#039; Climate Lobby\" \/>\n<meta property=\"article:publisher\" content=\"https:\/\/www.facebook.com\/CitizensClimateLobby\/\" \/>\n<meta property=\"article:modified_time\" content=\"2020-03-08T14:49:41+00:00\" \/>\n<meta property=\"og:image\" content=\"https:\/\/citizensclimatelobby.org\/wp-content\/uploads\/2014\/10\/take-action.jpg\" \/>\n\t<meta property=\"og:image:width\" content=\"500\" \/>\n\t<meta property=\"og:image:height\" content=\"333\" \/>\n\t<meta property=\"og:image:type\" content=\"image\/jpeg\" \/>\n<meta name=\"twitter:card\" content=\"summary_large_image\" \/>\n<meta name=\"twitter:site\" content=\"@citizensclimate\" \/>\n<meta name=\"twitter:label1\" content=\"Tiempo de lectura\" \/>\n\t<meta name=\"twitter:data1\" content=\"2 minutes\" \/>\n<script type=\"application\/ld+json\" class=\"yoast-schema-graph\">{\"@context\":\"https:\/\/schema.org\",\"@graph\":[{\"@type\":\"WebPage\",\"@id\":\"https:\/\/citizensclimatelobby.org\/es\/las-reuniones-y-acciones-mensuales\/\",\"url\":\"https:\/\/citizensclimatelobby.org\/es\/las-reuniones-y-acciones-mensuales\/\",\"name\":\"Las reuniones y acciones mensuales | Citizens&#039; Climate Lobby\",\"isPartOf\":{\"@id\":\"https:\/\/citizensclimatelobby.org\/#website\"},\"datePublished\":\"2017-10-23T14:37:02+00:00\",\"dateModified\":\"2020-03-08T14:49:41+00:00\",\"description\":\"Voluntarios de CCL en todo el mundo se juntan localmente en una reuni\u00f3n mensual para hacer cuatro cosas: educar, celebrar, practicar y actuar. \u00a1\u00danete a nosotros!\",\"breadcrumb\":{\"@id\":\"https:\/\/citizensclimatelobby.org\/es\/las-reuniones-y-acciones-mensuales\/#breadcrumb\"},\"inLanguage\":\"es-ES\",\"potentialAction\":[{\"@type\":\"ReadAction\",\"target\":[\"https:\/\/citizensclimatelobby.org\/es\/las-reuniones-y-acciones-mensuales\/\"]}]},{\"@type\":\"BreadcrumbList\",\"@id\":\"https:\/\/citizensclimatelobby.org\/es\/las-reuniones-y-acciones-mensuales\/#breadcrumb\",\"itemListElement\":[{\"@type\":\"ListItem\",\"position\":1,\"name\":\"Home\",\"item\":\"https:\/\/citizensclimatelobby.org\/es\/\"},{\"@type\":\"ListItem\",\"position\":2,\"name\":\"Las reuniones y acciones mensuales\"}]},{\"@type\":\"WebSite\",\"@id\":\"https:\/\/citizensclimatelobby.org\/#website\",\"url\":\"https:\/\/citizensclimatelobby.org\/\",\"name\":\"Citizens&#039; Climate Lobby\",\"description\":\"Political will for a livable world\",\"publisher\":{\"@id\":\"https:\/\/citizensclimatelobby.org\/#organization\"},\"potentialAction\":[{\"@type\":\"SearchAction\",\"target\":{\"@type\":\"EntryPoint\",\"urlTemplate\":\"https:\/\/citizensclimatelobby.org\/?s={search_term_string}\"},\"query-input\":\"required name=search_term_string\"}],\"inLanguage\":\"es-ES\"},{\"@type\":\"Organization\",\"@id\":\"https:\/\/citizensclimatelobby.org\/#organization\",\"name\":\"Citizens' Climate Lobby\",\"url\":\"https:\/\/citizensclimatelobby.org\/\",\"logo\":{\"@type\":\"ImageObject\",\"inLanguage\":\"es-ES\",\"@id\":\"https:\/\/citizensclimatelobby.org\/#\/schema\/logo\/image\/\",\"url\":\"https:\/\/citizensclimatelobby.org\/wp-content\/uploads\/2017\/04\/CCL-Logo.png\",\"contentUrl\":\"https:\/\/citizensclimatelobby.org\/wp-content\/uploads\/2017\/04\/CCL-Logo.png\",\"width\":314,\"height\":201,\"caption\":\"Citizens' Climate Lobby\"},\"image\":{\"@id\":\"https:\/\/citizensclimatelobby.org\/#\/schema\/logo\/image\/\"},\"sameAs\":[\"https:\/\/www.facebook.com\/CitizensClimateLobby\/\",\"https:\/\/twitter.com\/citizensclimate\",\"https:\/\/www.instagram.com\/citizensclimate\/\",\"https:\/\/www.linkedin.com\/company\/citizens-climate-lobby\/\",\"https:\/\/www.youtube.com\/c\/CitizensClimateLobby\",\"https:\/\/en.wikipedia.org\/wiki\/Citizens_Climate_Lobby\"]}]}<\/script>\n<!-- \/ Yoast SEO Premium plugin. -->","yoast_head_json":{"title":"Las reuniones y acciones mensuales | Citizens&#039; Climate Lobby","description":"Voluntarios de CCL en todo el mundo se juntan localmente en una reuni\u00f3n mensual para hacer cuatro cosas: educar, celebrar, practicar y actuar. \u00a1\u00danete a nosotros!","robots":{"index":"index","follow":"follow","max-snippet":"max-snippet:-1","max-image-preview":"max-image-preview:large","max-video-preview":"max-video-preview:-1"},"canonical":"https:\/\/citizensclimatelobby.org\/es\/las-reuniones-y-acciones-mensuales\/","og_locale":"es_ES","og_type":"article","og_title":"Las reuniones y acciones mensuales","og_description":"Voluntarios de CCL en todo el mundo se juntan localmente en una reuni\u00f3n mensual para hacer cuatro cosas: educar, celebrar, practicar y actuar. \u00a1\u00danete a nosotros!","og_url":"https:\/\/citizensclimatelobby.org\/es\/las-reuniones-y-acciones-mensuales\/","og_site_name":"Citizens&#039; Climate Lobby","article_publisher":"https:\/\/www.facebook.com\/CitizensClimateLobby\/","article_modified_time":"2020-03-08T14:49:41+00:00","og_image":[{"width":500,"height":333,"url":"https:\/\/citizensclimatelobby.org\/wp-content\/uploads\/2014\/10\/take-action.jpg","type":"image\/jpeg"}],"twitter_card":"summary_large_image","twitter_site":"@citizensclimate","twitter_misc":{"Tiempo de lectura":"2 minutes"},"schema":{"@context":"https:\/\/schema.org","@graph":[{"@type":"WebPage","@id":"https:\/\/citizensclimatelobby.org\/es\/las-reuniones-y-acciones-mensuales\/","url":"https:\/\/citizensclimatelobby.org\/es\/las-reuniones-y-acciones-mensuales\/","name":"Las reuniones y acciones mensuales | Citizens&#039; Climate Lobby","isPartOf":{"@id":"https:\/\/citizensclimatelobby.org\/#website"},"datePublished":"2017-10-23T14:37:02+00:00","dateModified":"2020-03-08T14:49:41+00:00","description":"Voluntarios de CCL en todo el mundo se juntan localmente en una reuni\u00f3n mensual para hacer cuatro cosas: educar, celebrar, practicar y actuar. \u00a1\u00danete a nosotros!","breadcrumb":{"@id":"https:\/\/citizensclimatelobby.org\/es\/las-reuniones-y-acciones-mensuales\/#breadcrumb"},"inLanguage":"es-ES","potentialAction":[{"@type":"ReadAction","target":["https:\/\/citizensclimatelobby.org\/es\/las-reuniones-y-acciones-mensuales\/"]}]},{"@type":"BreadcrumbList","@id":"https:\/\/citizensclimatelobby.org\/es\/las-reuniones-y-acciones-mensuales\/#breadcrumb","itemListElement":[{"@type":"ListItem","position":1,"name":"Home","item":"https:\/\/citizensclimatelobby.org\/es\/"},{"@type":"ListItem","position":2,"name":"Las reuniones y acciones mensuales"}]},{"@type":"WebSite","@id":"https:\/\/citizensclimatelobby.org\/#website","url":"https:\/\/citizensclimatelobby.org\/","name":"Citizens&#039; Climate Lobby","description":"Political will for a livable world","publisher":{"@id":"https:\/\/citizensclimatelobby.org\/#organization"},"potentialAction":[{"@type":"SearchAction","target":{"@type":"EntryPoint","urlTemplate":"https:\/\/citizensclimatelobby.org\/?s={search_term_string}"},"query-input":"required name=search_term_string"}],"inLanguage":"es-ES"},{"@type":"Organization","@id":"https:\/\/citizensclimatelobby.org\/#organization","name":"Citizens' Climate Lobby","url":"https:\/\/citizensclimatelobby.org\/","logo":{"@type":"ImageObject","inLanguage":"es-ES","@id":"https:\/\/citizensclimatelobby.org\/#\/schema\/logo\/image\/","url":"https:\/\/citizensclimatelobby.org\/wp-content\/uploads\/2017\/04\/CCL-Logo.png","contentUrl":"https:\/\/citizensclimatelobby.org\/wp-content\/uploads\/2017\/04\/CCL-Logo.png","width":314,"height":201,"caption":"Citizens' Climate Lobby"},"image":{"@id":"https:\/\/citizensclimatelobby.org\/#\/schema\/logo\/image\/"},"sameAs":["https:\/\/www.facebook.com\/CitizensClimateLobby\/","https:\/\/twitter.com\/citizensclimate","https:\/\/www.instagram.com\/citizensclimate\/","https:\/\/www.linkedin.com\/company\/citizens-climate-lobby\/","https:\/\/www.youtube.com\/c\/CitizensClimateLobby","https:\/\/en.wikipedia.org\/wiki\/Citizens_Climate_Lobby"]}]}},"_links":{"self":[{"href":"https:\/\/citizensclimatelobby.org\/es\/wp-json\/wp\/v2\/pages\/22804"}],"collection":[{"href":"https:\/\/citizensclimatelobby.org\/es\/wp-json\/wp\/v2\/pages"}],"about":[{"href":"https:\/\/citizensclimatelobby.org\/es\/wp-json\/wp\/v2\/types\/page"}],"author":[{"embeddable":true,"href":"https:\/\/citizensclimatelobby.org\/es\/wp-json\/wp\/v2\/users\/46"}],"replies":[{"embeddable":true,"href":"https:\/\/citizensclimatelobby.org\/es\/wp-json\/wp\/v2\/comments?post=22804"}],"version-history":[{"count":0,"href":"https:\/\/citizensclimatelobby.org\/es\/wp-json\/wp\/v2\/pages\/22804\/revisions"}],"wp:featuredmedia":[{"embeddable":true,"href":"https:\/\/citizensclimatelobby.org\/es\/wp-json\/wp\/v2\/media\/24080"}],"wp:attachment":[{"href":"https:\/\/citizensclimatelobby.org\/es\/wp-json\/wp\/v2\/media?parent=22804"}],"curies":[{"name":"wp","href":"https:\/\/api.w.org\/{rel}","templated":true}]}}