{"id":22829,"date":"2017-10-23T15:36:38","date_gmt":"2017-10-23T15:36:38","guid":{"rendered":"https:\/\/stageccl.wpengine.com\/?page_id=22829"},"modified":"2018-03-13T15:43:53","modified_gmt":"2018-03-13T15:43:53","slug":"resolucion-republicana-sobre-el-clima","status":"publish","type":"page","link":"https:\/\/citizensclimatelobby.org\/es\/resolucion-republicana-sobre-el-clima\/","title":{"rendered":"La Resoluci\u00f3n Republicana sobre el Clima"},"content":{"rendered":"[fullwidth_text alt_background=&#8221;none&#8221; el_class=&#8221;RCR-top&#8221; width=&#8221;1\/1&#8243; el_position=&#8221;first last&#8221;]\n<p><img decoding=\"async\" class=\"aligncenter size-full wp-image-20563\" src=\"https:\/\/citizensclimatelobby.org\/wp-content\/uploads\/2017\/03\/RCR-Banner.jpg\" alt=\"Republican Climate Resolution\" width=\"1518\" height=\"370\" srcset=\"https:\/\/citizensclimatelobby.org\/wp-content\/uploads\/2017\/03\/RCR-Banner.jpg 1518w, https:\/\/citizensclimatelobby.org\/wp-content\/uploads\/2017\/03\/RCR-Banner-300x73.png 300w, https:\/\/citizensclimatelobby.org\/wp-content\/uploads\/2017\/03\/RCR-Banner-768x187.png 768w, https:\/\/citizensclimatelobby.org\/wp-content\/uploads\/2017\/03\/RCR-Banner-1024x250.png 1024w, https:\/\/citizensclimatelobby.org\/wp-content\/uploads\/2017\/03\/RCR-Banner-1280x312.png 1280w\" sizes=\"(max-width: 1518px) 100vw, 1518px\" \/><\/p>\n<div class=\"white-div\">\u201cPodemos y debemos tomar acci\u00f3n responsable y significativa ahora mismo\u201d<\/div>\n[\/fullwidth_text] [spb_column width=&#8221;2\/3&#8243; el_position=&#8221;first&#8221;] [spb_text_block pb_margin_bottom=&#8221;no&#8221; pb_border_bottom=&#8221;no&#8221; width=&#8221;1\/1&#8243; el_position=&#8221;first last&#8221;]\n<p><span style=\"color: #de0100;font-size: 120%;font-weight: bold\">Miembros republicanos de la C\u00e1mara de Representantes han presentado la Resoluci\u00f3n Republicana del Clima, que respalda la necesidad de tomar acci\u00f3n para abordar al cambio clim\u00e1tico.<\/span><\/p>\n<h2>Acerca de la Resoluci\u00f3n Republicana sobre el Clima<\/h2>\n<p>La Resoluci\u00f3n (H.Res.195) fue presentada por un grupo de 20 Representantes Republicanos, liderados por los Representantes Elise Stefanik, Carlos Curbelo, y Ryan Costello. La resoluci\u00f3n invoca el principio conservador \u201cproteger, conservar, y cuidar bien nuestro ambiente; planificar responsablemente para todos los factores del mercado, y basar nuestras decisiones pol\u00edticas en la ciencia y hechos cuantificables y concretos.\u201d<\/p>\n<p>La resoluci\u00f3n declara,<\/p>\n<blockquote><p>&#8220;Si no lo abordamos, las consecuencias del cambio clim\u00e1tico tienen la posibilidad de impactar negativamente a todos los Americanos.&#8221;<\/p><\/blockquote>\n<p>Y concluye que la C\u00e1mara deber\u00eda comprometerse a<\/p>\n<blockquote><p>&#8220;trabajar de forma constructiva, usando nuestra tradici\u00f3n americana de ingenio, innovaci\u00f3n y excepcionalismo para crear y apoyar soluciones p\u00fablicas y privadas que sean viables econ\u00f3micamente y apoyadas ampliamente, para estudiar y abordar las causas y efectos de los cambios medidos a nuestros climas globales y regionales, incluyendo esfuerzas para mitigar y equilibrar las actividades humanas que se han demostrado tener un impacto.&#8221;<\/p><\/blockquote>\n<h2>Respuesta de CCL a la Resoluci\u00f3n<\/h2>\n<p>&#8220;Los riesgos del cambio clim\u00e1tico son demasiado grandes para atascarnos en la pol\u00edtica partidaria,\u201d dijo Mark Reynolds, el Director Ejecutivo de Ciudadanos por un Clima Vivible. \u201cCon esta resoluci\u00f3n, estos republicanos est\u00e1n diciendo que cuando se trata de dejar un mundo habitable para las generaciones futuras, la normalidad no es aceptable.&#8221;<\/p>\n<hr \/>\n<h2>EL TEXTO DE LA RESOLUCI\u00d3N H. Res. 195<\/h2>\n<p class=\"lbexHang\">Expresando el compromiso de la C\u00e1mara de Representantes con una administraci\u00f3n conservadora del medio ambiente.<\/p>\n<div class=\"whereas\">\n<p>Considerando que proteger, conservar y actuar como buenos administradores de nuestro medio ambiente, planificar responsablemente para todos los factores del mercado, y basar nuestras decisiones en hechos cuantificables sobre el terreno son principios conservadores;<\/p>\n<p>Considerando que la administraci\u00f3n prudente y basada en hechos de nuestra econom\u00eda y nuestro medio ambiente es una responsabilidad crucial para todos los estadounidenses a fin de garantizar que preservemos nuestra gran naci\u00f3n para las generaciones futuras;<\/p>\n<p>Considerando que Estados Unidos ha registrado un fuerte aumento de eventos clim\u00e1ticos extremos, incluyendo olas de calor m\u00e1s frecuentes, precipitaciones extremas, incendios forestales y escasez de agua;<\/p>\n<p>Considerando que estos eventos han tenido impactos negativos importantes y que se preve que empeoren en todas las regiones de los Estados Unidos y sus territorios, incluyendo, entre otros fen\u00f3menos meteorol\u00f3gicos significativos y perturbaciones ambientales, olas de calor m\u00e1s larga y m\u00e1s fuertes, tormentas m\u00e1s severas, alargamiento de los ciclos de inundaciones y sequ\u00edas, problemas de insectos y de especies invasoras, amenazas para las poblaciones de flora y fauna, el aumento del nivel del mar y, cuando se combina con la falta de una gesti\u00f3n forestal adecuado, un aumento en el riesgo de incendios forestales;<\/p>\n<p>Considerando que el aumento de agentes contaminantes y otros factores contribuyen a afectar la salud y el ambiente a niveles locales, regionales y nacionales, incluyendo mayores niveles de mercurio en los peces, aumento de ataques de asma en los ni\u00f1os, lluvia \u00e1cida, esmog, calidad degradada del agua, islas urbanas de calor y la r\u00e1pida escorrent\u00eda de aguas pluviales que lleva a proyectos de infraestructura costosos; <\/p>\n<p>Considerando que la Revisi\u00f3n Cuatrienal de Defensa 2014 afirma que los efectos de un clima cambiante son \u201cmultiplicadores de las amenazas que aumentar\u00e1n los factores estresantes en el exterior tanto como la pobreza, la degradaci\u00f3n ambiental, la inestabilidad pol\u00edtica y las tensiones sociales &#8220;;<\/p>\n<p>Considerando que de no abordarse, las consecuencias del cambio clim\u00e1tico tienen el potencial de afectar negativamente a todos los estadounidenses, afectando m\u00e1s a las poblaciones m\u00e1s vulnerables y perjudicando la productividad en sectores econ\u00f3micos claves como la construcci\u00f3n, la agricultura y el turismo, agobiando a las generaciones futuras con mayores cargas ambientales y econ\u00f3micas, e imponiendo costos adicionales a los presupuestos estatales y federales que se agregar\u00e1n a los desaf\u00edos fiscales a largo plazo que enfrentamos como naci\u00f3n;<\/p>\n<p>Considerando que los esfuerzos para mitigar los riesgos, prepararnos o responder a nuestro clima cambiante no deber\u00eda impedir la econom\u00eda de los Estados Unidos, especialmente en vista de la competitividad global; y<\/p>\n<p>Considerando que existe una creciente admisi\u00f3n que podemos y debemos tomar acciones responsables y significativas ahora mismo para enfrentar esta amenaza;<\/p>\n<\/div>\n<p><strong>Se resuelve,<\/strong> que la C\u00e1mara de Representantes se compromete a trabajar de manera constructiva, utilizando nuestra tradici\u00f3n estadounidense de creatividad, innovaci\u00f3n y excepcionalidad, para crear y apoyar soluciones privadas y p\u00fablicas que sean econ\u00f3micamente viables y ampliamente respaldadas para estudiar y abordar las causas y efectos de los cambios medidos en nuestros climas globales y regionales, incluyendo los esfuerzos de mitigaci\u00f3n y los esfuerzos para equilibrar las actividades humanas que lo afectan.<\/p>\n[\/spb_text_block] [\/spb_column] [spb_column width=&#8221;1\/3&#8243; el_position=&#8221;last&#8221;] [boxed_content type=&#8221;coloured&#8221; custom_bg_colour=&#8221;#DE0100&#8243; pb_margin_bottom=&#8221;no&#8221; el_class=&#8221;supporters&#8221; width=&#8221;1\/1&#8243; el_position=&#8221;first last&#8221;]\n<h2 style=\"text-align: center;margin-top: 0\"><span style=\"color: #ffffff\">\u00a1Los Republicanos que toman acci\u00f3n clim\u00e1tica necesitan nuestro apoyo!<\/span><\/h2>\n<p style=\"text-align: center;margin-top: 15px\"><strong>Agradecer a los patrocinadores<\/strong><\/p>\n<p style=\"text-align: center;margin-top: 15px\"><a class=\"sf-button large accent stroke-to-fill tweet-button\" href=\"https:\/\/citizensclimatelobby.org\/thank-sponsors-republican-climate-resolution\/\" target=\"_self\"><span class=\"text\">Twittea tu apoyo<\/span><\/a><\/p>\n<p style=\"text-align: center\"><a class=\"sf-button large accent stroke-to-fill email-button\" href=\"https:\/\/citizensclimatelobby.org\/thank-you-for-sponsoring-republican-climate-resolution\/\" target=\"_self\"><span class=\"text\">Manda un correo electr\u00f3nico<\/span><\/a><br \/>\n<span style=\"font-size: 85%;font-style: italic\">(solo electores)<\/span><\/p>\n<p style=\"text-align: center;margin-top: 15px\"><strong>Pedir de tu Representante que firme la Resoluci\u00f3n<\/strong><\/p>\n<p style=\"text-align: center\"><a class=\"sf-button large accent stroke-to-fill email-button\" href=\"https:\/\/citizensclimatelobby.org\/ask-your-representative-sign-republican-climate-resolution\/\" target=\"_self\"><span class=\"text\">P\u00eddele firmarla<\/span><\/a><span style=\"font-size: 85%;font-style: italic\">(Representantes Republicanos solamente)<\/span><\/p>\n<div class=\"sponsortext\">\n<h2 style=\"text-align: center;color: white;font-size: 125%\">Patrocinadores de la Resoluci\u00f3n<\/h2>\n<ol style=\"font-size: 85%\">\n<li>Rep. Elise Stefanik (NY-21)<\/li>\n<li>Rep. Ryan Costello (PA-06)<\/li>\n<li>Rep. Carlos Curbelo (FL-26)<\/li>\n<li>Rep. Mark Amodei (NV-02)<\/li>\n<li>Rep. Don Bacon (NE-02)<\/li>\n<li>Rep. Barbara Comstock (VA-10)<\/li>\n<li>Rep. John Faso (NY-19)<\/li>\n<li>Rep. Brian Fitzpatrick (PA-08)<\/li>\n<li>Rep. John Katko (NY-24)<\/li>\n<li>Rep. Frank LoBiondo (NJ-02)<\/li>\n<li>Rep. Mia Love (UT-04)<\/li>\n<li>Rep. Brian Mast (FL-18)<\/li>\n<li>Rep. Pat Meehan (PA-07)<\/li>\n<li>Rep. Tom Reed (NY-23)<\/li>\n<li>Rep. David Reichert (WA-08)<\/li>\n<li>Rep. Ileana Ros-Lehtinen (FL-27)<\/li>\n<li>Rep. Mark Sanford (SC-01)<\/li>\n<li>Rep. Mike Coffman (CO-06)<\/li>\n<li>Rep. Peter King (NY-02)<\/li>\n<li>Rep. Dan Donovan (NY-11)<\/li>\n<li>Rep. Leonard Lance (NJ-07)<\/li>\n<li>Rep. Susan Brooks (IN-05)<\/li>\n<li>Rep. Chris Smith (NJ-04)<\/li>\n<\/ol>\n<\/div>\n<p>[easy-social-share buttons=&#8221;facebook,twitter,mail&#8221; hide_names=&#8221;yes&#8221; text=&#8221;A Republican group in Congress resolves to take meaningful and responsible action to solve climate change.&#8221;]<\/p>\n[\/boxed_content] [\/spb_column]<\/p>\n","protected":false},"excerpt":{"rendered":"<p>[fullwidth_text alt_background=&#8221;none&#8221; el_class=&#8221;RCR-top&#8221; width=&#8221;1\/1&#8243; el_position=&#8221;first last&#8221;] \u201cPodemos y debemos tomar acci\u00f3n responsable y significativa ahora mismo\u201d [\/fullwidth_text] [spb_column width=&#8221;2\/3&#8243; el_position=&#8221;first&#8221;] [spb_text_block pb_margin_bottom=&#8221;no&#8221; pb_border_bottom=&#8221;no&#8221; width=&#8221;1\/1&#8243; el_position=&#8221;first last&#8221;] Miembros republicanos de la C\u00e1mara de Representantes han presentado la Resoluci\u00f3n Republicana del Clima, que respalda la necesidad de tomar acci\u00f3n para abordar al cambio clim\u00e1tico. Acerca de la Resoluci\u00f3n Republicana sobre el Clima [&hellip;]<\/p>\n","protected":false},"author":46,"featured_media":0,"parent":0,"menu_order":8,"comment_status":"closed","ping_status":"closed","template":"template-fw.php","meta":{"footnotes":""},"acf":[],"yoast_head":"<!-- This site is optimized with the Yoast SEO Premium plugin v21.3 (Yoast SEO v21.3) - https:\/\/yoast.com\/wordpress\/plugins\/seo\/ -->\n<title>La Resoluci\u00f3n Republicana sobre el Clima | Citizens&#039; Climate Lobby<\/title>\n<meta name=\"description\" content=\"Miebros republicanos de la C\u00e1mara de Representantes han entregado una Resoluci\u00f3n Republicana sobre el Clima, que declara la necesidad de tomar acci\u00f3n para abordar el cambio clim\u00e1tico.\" \/>\n<meta name=\"robots\" content=\"index, follow, max-snippet:-1, max-image-preview:large, max-video-preview:-1\" \/>\n<link rel=\"canonical\" href=\"https:\/\/citizensclimatelobby.org\/es\/resolucion-republicana-sobre-el-clima\/\" \/>\n<meta property=\"og:locale\" content=\"es_ES\" \/>\n<meta property=\"og:type\" content=\"article\" \/>\n<meta property=\"og:title\" content=\"La Resoluci\u00f3n Republicana sobre el Clima\" \/>\n<meta property=\"og:description\" content=\"Miebros republicanos de la C\u00e1mara de Representantes han entregado una Resoluci\u00f3n Republicana sobre el Clima, que declara la necesidad de tomar acci\u00f3n para abordar el cambio clim\u00e1tico.\" \/>\n<meta property=\"og:url\" content=\"https:\/\/citizensclimatelobby.org\/es\/resolucion-republicana-sobre-el-clima\/\" \/>\n<meta property=\"og:site_name\" content=\"Citizens&#039; Climate Lobby\" \/>\n<meta property=\"article:publisher\" content=\"https:\/\/www.facebook.com\/CitizensClimateLobby\/\" \/>\n<meta property=\"article:modified_time\" content=\"2018-03-13T15:43:53+00:00\" \/>\n<meta property=\"og:image\" content=\"https:\/\/citizensclimatelobby.org\/wp-content\/uploads\/2017\/03\/RCR-Banner.jpg\" \/>\n<meta name=\"twitter:card\" content=\"summary_large_image\" \/>\n<meta name=\"twitter:site\" content=\"@citizensclimate\" \/>\n<meta name=\"twitter:label1\" content=\"Tiempo de lectura\" \/>\n\t<meta name=\"twitter:data1\" content=\"6 minutes\" \/>\n<script type=\"application\/ld+json\" class=\"yoast-schema-graph\">{\"@context\":\"https:\/\/schema.org\",\"@graph\":[{\"@type\":\"WebPage\",\"@id\":\"https:\/\/citizensclimatelobby.org\/es\/resolucion-republicana-sobre-el-clima\/\",\"url\":\"https:\/\/citizensclimatelobby.org\/es\/resolucion-republicana-sobre-el-clima\/\",\"name\":\"La Resoluci\u00f3n Republicana sobre el Clima | Citizens&#039; Climate Lobby\",\"isPartOf\":{\"@id\":\"https:\/\/citizensclimatelobby.org\/#website\"},\"datePublished\":\"2017-10-23T15:36:38+00:00\",\"dateModified\":\"2018-03-13T15:43:53+00:00\",\"description\":\"Miebros republicanos de la C\u00e1mara de Representantes han entregado una Resoluci\u00f3n Republicana sobre el Clima, que declara la necesidad de tomar acci\u00f3n para abordar el cambio clim\u00e1tico.\",\"breadcrumb\":{\"@id\":\"https:\/\/citizensclimatelobby.org\/es\/resolucion-republicana-sobre-el-clima\/#breadcrumb\"},\"inLanguage\":\"es-ES\",\"potentialAction\":[{\"@type\":\"ReadAction\",\"target\":[\"https:\/\/citizensclimatelobby.org\/es\/resolucion-republicana-sobre-el-clima\/\"]}]},{\"@type\":\"BreadcrumbList\",\"@id\":\"https:\/\/citizensclimatelobby.org\/es\/resolucion-republicana-sobre-el-clima\/#breadcrumb\",\"itemListElement\":[{\"@type\":\"ListItem\",\"position\":1,\"name\":\"Home\",\"item\":\"https:\/\/citizensclimatelobby.org\/es\/\"},{\"@type\":\"ListItem\",\"position\":2,\"name\":\"La Resoluci\u00f3n Republicana sobre el Clima\"}]},{\"@type\":\"WebSite\",\"@id\":\"https:\/\/citizensclimatelobby.org\/#website\",\"url\":\"https:\/\/citizensclimatelobby.org\/\",\"name\":\"Citizens&#039; Climate Lobby\",\"description\":\"Political will for a livable world\",\"publisher\":{\"@id\":\"https:\/\/citizensclimatelobby.org\/#organization\"},\"potentialAction\":[{\"@type\":\"SearchAction\",\"target\":{\"@type\":\"EntryPoint\",\"urlTemplate\":\"https:\/\/citizensclimatelobby.org\/?s={search_term_string}\"},\"query-input\":\"required name=search_term_string\"}],\"inLanguage\":\"es-ES\"},{\"@type\":\"Organization\",\"@id\":\"https:\/\/citizensclimatelobby.org\/#organization\",\"name\":\"Citizens' Climate Lobby\",\"url\":\"https:\/\/citizensclimatelobby.org\/\",\"logo\":{\"@type\":\"ImageObject\",\"inLanguage\":\"es-ES\",\"@id\":\"https:\/\/citizensclimatelobby.org\/#\/schema\/logo\/image\/\",\"url\":\"https:\/\/citizensclimatelobby.org\/wp-content\/uploads\/2017\/04\/CCL-Logo.png\",\"contentUrl\":\"https:\/\/citizensclimatelobby.org\/wp-content\/uploads\/2017\/04\/CCL-Logo.png\",\"width\":314,\"height\":201,\"caption\":\"Citizens' Climate Lobby\"},\"image\":{\"@id\":\"https:\/\/citizensclimatelobby.org\/#\/schema\/logo\/image\/\"},\"sameAs\":[\"https:\/\/www.facebook.com\/CitizensClimateLobby\/\",\"https:\/\/twitter.com\/citizensclimate\",\"https:\/\/www.instagram.com\/citizensclimate\/\",\"https:\/\/www.linkedin.com\/company\/citizens-climate-lobby\/\",\"https:\/\/www.youtube.com\/c\/CitizensClimateLobby\",\"https:\/\/en.wikipedia.org\/wiki\/Citizens_Climate_Lobby\"]}]}<\/script>\n<!-- \/ Yoast SEO Premium plugin. -->","yoast_head_json":{"title":"La Resoluci\u00f3n Republicana sobre el Clima | Citizens&#039; Climate Lobby","description":"Miebros republicanos de la C\u00e1mara de Representantes han entregado una Resoluci\u00f3n Republicana sobre el Clima, que declara la necesidad de tomar acci\u00f3n para abordar el cambio clim\u00e1tico.","robots":{"index":"index","follow":"follow","max-snippet":"max-snippet:-1","max-image-preview":"max-image-preview:large","max-video-preview":"max-video-preview:-1"},"canonical":"https:\/\/citizensclimatelobby.org\/es\/resolucion-republicana-sobre-el-clima\/","og_locale":"es_ES","og_type":"article","og_title":"La Resoluci\u00f3n Republicana sobre el Clima","og_description":"Miebros republicanos de la C\u00e1mara de Representantes han entregado una Resoluci\u00f3n Republicana sobre el Clima, que declara la necesidad de tomar acci\u00f3n para abordar el cambio clim\u00e1tico.","og_url":"https:\/\/citizensclimatelobby.org\/es\/resolucion-republicana-sobre-el-clima\/","og_site_name":"Citizens&#039; Climate Lobby","article_publisher":"https:\/\/www.facebook.com\/CitizensClimateLobby\/","article_modified_time":"2018-03-13T15:43:53+00:00","og_image":[{"url":"https:\/\/citizensclimatelobby.org\/wp-content\/uploads\/2017\/03\/RCR-Banner.jpg"}],"twitter_card":"summary_large_image","twitter_site":"@citizensclimate","twitter_misc":{"Tiempo de lectura":"6 minutes"},"schema":{"@context":"https:\/\/schema.org","@graph":[{"@type":"WebPage","@id":"https:\/\/citizensclimatelobby.org\/es\/resolucion-republicana-sobre-el-clima\/","url":"https:\/\/citizensclimatelobby.org\/es\/resolucion-republicana-sobre-el-clima\/","name":"La Resoluci\u00f3n Republicana sobre el Clima | Citizens&#039; Climate Lobby","isPartOf":{"@id":"https:\/\/citizensclimatelobby.org\/#website"},"datePublished":"2017-10-23T15:36:38+00:00","dateModified":"2018-03-13T15:43:53+00:00","description":"Miebros republicanos de la C\u00e1mara de Representantes han entregado una Resoluci\u00f3n Republicana sobre el Clima, que declara la necesidad de tomar acci\u00f3n para abordar el cambio clim\u00e1tico.","breadcrumb":{"@id":"https:\/\/citizensclimatelobby.org\/es\/resolucion-republicana-sobre-el-clima\/#breadcrumb"},"inLanguage":"es-ES","potentialAction":[{"@type":"ReadAction","target":["https:\/\/citizensclimatelobby.org\/es\/resolucion-republicana-sobre-el-clima\/"]}]},{"@type":"BreadcrumbList","@id":"https:\/\/citizensclimatelobby.org\/es\/resolucion-republicana-sobre-el-clima\/#breadcrumb","itemListElement":[{"@type":"ListItem","position":1,"name":"Home","item":"https:\/\/citizensclimatelobby.org\/es\/"},{"@type":"ListItem","position":2,"name":"La Resoluci\u00f3n Republicana sobre el Clima"}]},{"@type":"WebSite","@id":"https:\/\/citizensclimatelobby.org\/#website","url":"https:\/\/citizensclimatelobby.org\/","name":"Citizens&#039; Climate Lobby","description":"Political will for a livable world","publisher":{"@id":"https:\/\/citizensclimatelobby.org\/#organization"},"potentialAction":[{"@type":"SearchAction","target":{"@type":"EntryPoint","urlTemplate":"https:\/\/citizensclimatelobby.org\/?s={search_term_string}"},"query-input":"required name=search_term_string"}],"inLanguage":"es-ES"},{"@type":"Organization","@id":"https:\/\/citizensclimatelobby.org\/#organization","name":"Citizens' Climate Lobby","url":"https:\/\/citizensclimatelobby.org\/","logo":{"@type":"ImageObject","inLanguage":"es-ES","@id":"https:\/\/citizensclimatelobby.org\/#\/schema\/logo\/image\/","url":"https:\/\/citizensclimatelobby.org\/wp-content\/uploads\/2017\/04\/CCL-Logo.png","contentUrl":"https:\/\/citizensclimatelobby.org\/wp-content\/uploads\/2017\/04\/CCL-Logo.png","width":314,"height":201,"caption":"Citizens' Climate Lobby"},"image":{"@id":"https:\/\/citizensclimatelobby.org\/#\/schema\/logo\/image\/"},"sameAs":["https:\/\/www.facebook.com\/CitizensClimateLobby\/","https:\/\/twitter.com\/citizensclimate","https:\/\/www.instagram.com\/citizensclimate\/","https:\/\/www.linkedin.com\/company\/citizens-climate-lobby\/","https:\/\/www.youtube.com\/c\/CitizensClimateLobby","https:\/\/en.wikipedia.org\/wiki\/Citizens_Climate_Lobby"]}]}},"_links":{"self":[{"href":"https:\/\/citizensclimatelobby.org\/es\/wp-json\/wp\/v2\/pages\/22829"}],"collection":[{"href":"https:\/\/citizensclimatelobby.org\/es\/wp-json\/wp\/v2\/pages"}],"about":[{"href":"https:\/\/citizensclimatelobby.org\/es\/wp-json\/wp\/v2\/types\/page"}],"author":[{"embeddable":true,"href":"https:\/\/citizensclimatelobby.org\/es\/wp-json\/wp\/v2\/users\/46"}],"replies":[{"embeddable":true,"href":"https:\/\/citizensclimatelobby.org\/es\/wp-json\/wp\/v2\/comments?post=22829"}],"version-history":[{"count":0,"href":"https:\/\/citizensclimatelobby.org\/es\/wp-json\/wp\/v2\/pages\/22829\/revisions"}],"wp:attachment":[{"href":"https:\/\/citizensclimatelobby.org\/es\/wp-json\/wp\/v2\/media?parent=22829"}],"curies":[{"name":"wp","href":"https:\/\/api.w.org\/{rel}","templated":true}]}}