{"id":23021,"date":"2014-10-18T14:34:36","date_gmt":"2014-10-18T14:34:36","guid":{"rendered":"https:\/\/stageccl.wpengine.com\/charlitas-laser\/carbon-prices-around-world\/"},"modified":"2023-07-27T16:56:40","modified_gmt":"2023-07-27T16:56:40","slug":"precios-al-carbono-en-el-mundo","status":"publish","type":"page","link":"https:\/\/citizensclimatelobby.org\/es\/charlitas-laser\/precios-al-carbono-en-el-mundo\/","title":{"rendered":"Precios al carbono en el mundo"},"content":{"rendered":"<p>[spb_column width=&#8221;2\/3&#8243; el_position=&#8221;first&#8221;] [spb_text_block pb_margin_bottom=&#8221;no&#8221; pb_border_bottom=&#8221;no&#8221; width=&#8221;1\/1&#8243; el_position=&#8221;first last&#8221;]\n<h1><a href=\"#\" rel=\"tooltip\" data-original-title=\"Una charlita l\u00e1ser es una breve y potente oraci\u00f3n sobre un tema espec\u00edfico relacionado con el cambio clim\u00e1tico o el plan de Dividendos Energ\u00e9ticos. Las charlitas l\u00e1ser no son para memorizar, sino para internalizar.\" data-placement=\"right\"><span class=\"highlighted\">Charlita L\u00e1ser:<\/span><\/a> Precios al carbono en el mundo<\/h1>\n[\/spb_text_block] [spb_text_block pb_margin_bottom=&#8221;no&#8221; pb_border_bottom=&#8221;no&#8221; width=&#8221;1\/1&#8243; el_position=&#8221;first last&#8221;]\n<h3><strong>Pregunta: \u00bfCu\u00e1les pa\u00edses han implementado precios al carbono?<\/strong><\/h3>\n<p><strong>Respuesta:<\/strong> Hasta el mayo de 2021, hab\u00eda 64 pol\u00edticas de precio al carbono en funcionamiento, y tres programadas para su implementaci\u00f3n [<a href=\"https:\/\/openknowledge.worldbank.org\/handle\/10986\/35620\" target=\"_blank\" rel=\"noopener\">1<\/a>,<a href=\"https:\/\/www.independent.co.uk\/news\/russian-parliament-approves-law-greenhouse-gas-b1858203.html\" target=\"_blank\" rel=\"noopener\">2<\/a>]. Estos incluyen tanto los impuestos al carbono como las esquemas de comercio de emisiones (ETS), y abarcan alrededor del 22 por ciento de las emisiones en todo el mundo.<\/p>\n<p>La lista de gobiernos que ya practican alg\u00fan m\u00e9todo de fijaci\u00f3n de precios al carbono incluye a Argentina Canad\u00e1, Chile, China, Colombia, Dinamarca, la Uni\u00f3n Europea (27 pa\u00edses), Jap\u00f3n, Kazajst\u00e1n, Corea, M\u00e9xico, Nueva Zelanda, Noruega, Singapor, Sud\u00e1frica, Suecia, el Reino Unido, y Ucrania. Otros pa\u00edses que est\u00e1n considerando unirse a ellos incluyen Brasil, Brunei, Indonesia, Pakist\u00e1n, Rusia, Serbia, Tailandia, y Turqu\u00eda, y Vietnam.<\/p>\n<p>El pa\u00eds con la mayor huella de carbono, China, comenz\u00f3 en 2013 con ocho proyectos regionales de comercio de las emisiones de GEI, y en julio de 2021 lanz\u00f3 una expansi\u00f3n nacional dentro de su sector el\u00e9ctrico, con otros sectores por ser integrados en el tiempo [<a href=\"https:\/\/sdg.iisd.org\/news\/trading-begins-under-chinas-national-ets\/\" target=\"_blank\" rel=\"noopener\">3<\/a>].<\/p>\n<p>Y nuestro vecino Canad\u00e1, donde algunas provincias ya tienen impuestos sobre el carbono, empezando por Columbia Brit\u00e1nica en 2008, ahora ha implementado su &#8220;mecanismo de seguridad&#8221; federal, el impuesto al carbono con dividendos para las provincias que no han promulgado un precio al carbono capaz de reducir las emisiones por un 30% por debajo de los niveles de 2005 antes del 2030 [<a href=\"https:\/\/www.canada.ca\/en\/services\/environment\/weather\/climatechange\/technical-paper-federal-carbon-pricing-backstop.html\" target=\"_blank\" rel=\"noopener\">4<\/a>].<\/p>\n<p>De las 15 mayores econom\u00edas del mundo [<a href=\"https:\/\/www.un.org\/development\/desa\/dpad\/wp-content\/uploads\/sites\/45\/WESP2021_ANNEX.pdf\" target=\"_blank\" rel=\"noopener\">5<\/a>], solo Estados Unidos y Australia no tienen ning\u00fan precio al carbono a nivel nacional. Si miramos las 20 mayores econom\u00edas, los \u00fanicos que se resisten son la India y algunos estado petroleros del Golfo P\u00e9rsico [<a href=\"https:\/\/en.wikipedia.org\/wiki\/List_of_countries_by_GDP_(nominal)\" target=\"_blank\" rel=\"noopener\">6<\/a>].<\/p>\n<p><a href=\"https:\/\/citizensclimatelobby.org\/wp-content\/uploads\/2021\/06\/36.CPricesWorld.R3.Figs_.pdf\" target=\"_blank\" rel=\"noopener\">Haga clic aqu\u00ed<\/a> para gr\u00e1ficas en ingl\u00e9s.<\/p>\n[\/spb_text_block] [spb_message color=&#8221;alert-info&#8221; width=&#8221;1\/1&#8243; el_position=&#8221;first last&#8221;]\n<p><strong>En pocas palabras:<\/strong> Muchos pa\u00edses, incluidos la mayor\u00eda de nuestros grandes socios comerciales, han establecido alg\u00fan tipo de precio al carbono a nivel nacional. De todas las econom\u00edas desarrolladas del mundo, s\u00f3lo Australia y Estados Unidos no han promulgado un precio al carbono a nivel nacional.<\/p>\n[\/spb_message] [spb_text_block pb_margin_bottom=&#8221;no&#8221; pb_border_bottom=&#8221;no&#8221; width=&#8221;1\/1&#8243; el_position=&#8221;first last&#8221;]\n<p><strong>Relacionadas:<\/strong>\u00a0 <a href=\"https:\/\/citizensclimatelobby.org\/es\/charlitas-laser\/columbia-britanica\/\">El Impuesto al Carbono de Canad\u00e1<\/a>, <a href=\"https:\/\/citizensclimatelobby.org\/es\/charlitas-laser\/china-e-india\">La China y la India<\/a>, <a href=\"https:\/\/citizensclimatelobby.org\/es\/charlitas-laser\/acuerdo-de-paris\/\">El Acuerdo de Par\u00eds<\/a><\/p>\n[\/spb_text_block] [divider type=&#8221;standard&#8221; text=&#8221;Go to top&#8221; full_width=&#8221;no&#8221; width=&#8221;1\/1&#8243; el_position=&#8221;first last&#8221;] [boxed_content type=&#8221;whitestroke&#8221; pb_margin_bottom=&#8221;no&#8221; width=&#8221;1\/1&#8243; el_position=&#8221;first last&#8221;]\n<ol>\n<li>\u201cState and Trends of Carbon Pricing 2021.\u201d Publicacion del Grupo del Banco Mundial, Washington, DC. (mayo de 2021).<\/li>\n<li>Chao-Fong, L. \u201cRussian parliament approves law to curb greenhouse gas emissions.\u201d <em>The Independent<\/em> (02 de junio de 2021).<\/li>\n<li>\u201cTrading Begins under China\u2019s National ETS.\u201d IISD\/SDG Knowledge Hub (19 de julio de 2021).<\/li>\n<li>\u201cTechnical paper: federal carbon pricing backstop.\u201d Gobierno de Canad\u00e1 (5 de enero 2018).<\/li>\n<li>\u201cWorld Economic Situation and Prospects 2021: Annex.\u201d Departamento de Asuntos Econ\u00f3micos y Sociales de la ONU (25 de enero de 2021).<\/li>\n<li>\u201cList of Countries by GDP (Nominal).\u201d Wikipedia (26 de junio de 2021).<\/li>\n<\/ol>\n[\/boxed_content] [spb_text_block pb_margin_bottom=&#8221;no&#8221; pb_border_bottom=&#8221;no&#8221; width=&#8221;1\/1&#8243; el_position=&#8221;first last&#8221;]\n<p><em>Se actualiz\u00f3 esta charlita el 26 de octubre de 2021.<\/em><\/p>\n[\/spb_text_block] [\/spb_column] [sidebar_widget sidebar_id=&#8221;sidebar-1&#8243; width=&#8221;1\/3&#8243; el_position=&#8221;last&#8221;]<\/p>\n","protected":false},"excerpt":{"rendered":"<p>[spb_column width=&#8221;2\/3&#8243; el_position=&#8221;first&#8221;] [spb_text_block pb_margin_bottom=&#8221;no&#8221; pb_border_bottom=&#8221;no&#8221; width=&#8221;1\/1&#8243; el_position=&#8221;first last&#8221;] Precios al carbono en el mundo [\/spb_text_block] [spb_text_block pb_margin_bottom=&#8221;no&#8221; pb_border_bottom=&#8221;no&#8221; width=&#8221;1\/1&#8243; el_position=&#8221;first last&#8221;] Pregunta: \u00bfCu\u00e1les pa\u00edses han implementado precios al carbono? Respuesta: Hasta el mayo de 2021, hab\u00eda 64 pol\u00edticas de precio al carbono en funcionamiento, y tres programadas para su implementaci\u00f3n [1,2]. Estos incluyen tanto los impuestos al carbono como [&hellip;]<\/p>\n","protected":false},"author":50,"featured_media":0,"parent":22843,"menu_order":0,"comment_status":"closed","ping_status":"closed","template":"","meta":{"footnotes":""},"acf":[],"yoast_head":"<!-- This site is optimized with the Yoast SEO Premium plugin v21.3 (Yoast SEO v21.3) - https:\/\/yoast.com\/wordpress\/plugins\/seo\/ -->\n<title>Carbon Prices Around The World<\/title>\n<meta name=\"description\" content=\"\u00bfQu\u00e9 otros pa\u00edses han implementado un precio al carbono? \u00bfCuales regiones han implementado un impuesto directo al carbono?\" \/>\n<meta name=\"robots\" content=\"index, follow, max-snippet:-1, max-image-preview:large, max-video-preview:-1\" \/>\n<link rel=\"canonical\" href=\"https:\/\/citizensclimatelobby.org\/es\/charlitas-laser\/precios-al-carbono-en-el-mundo\/\" \/>\n<meta property=\"og:locale\" content=\"es_ES\" \/>\n<meta property=\"og:type\" content=\"article\" \/>\n<meta property=\"og:title\" content=\"Precios al carbono en el mundo\" \/>\n<meta property=\"og:description\" content=\"\u00bfQu\u00e9 otros pa\u00edses han implementado un precio al carbono? \u00bfCuales regiones han implementado un impuesto directo al carbono?\" \/>\n<meta property=\"og:url\" content=\"https:\/\/citizensclimatelobby.org\/es\/charlitas-laser\/precios-al-carbono-en-el-mundo\/\" \/>\n<meta property=\"og:site_name\" content=\"Citizens&#039; Climate Lobby\" \/>\n<meta property=\"article:publisher\" content=\"https:\/\/www.facebook.com\/CitizensClimateLobby\/\" \/>\n<meta property=\"article:modified_time\" content=\"2023-07-27T16:56:40+00:00\" \/>\n<meta name=\"twitter:card\" content=\"summary_large_image\" \/>\n<meta name=\"twitter:site\" content=\"@citizensclimate\" \/>\n<meta name=\"twitter:label1\" content=\"Tiempo de lectura\" \/>\n\t<meta name=\"twitter:data1\" content=\"3 minutes\" \/>\n<script type=\"application\/ld+json\" class=\"yoast-schema-graph\">{\"@context\":\"https:\/\/schema.org\",\"@graph\":[{\"@type\":\"WebPage\",\"@id\":\"https:\/\/citizensclimatelobby.org\/es\/charlitas-laser\/precios-al-carbono-en-el-mundo\/\",\"url\":\"https:\/\/citizensclimatelobby.org\/es\/charlitas-laser\/precios-al-carbono-en-el-mundo\/\",\"name\":\"Carbon Prices Around The World\",\"isPartOf\":{\"@id\":\"https:\/\/citizensclimatelobby.org\/#website\"},\"datePublished\":\"2014-10-18T14:34:36+00:00\",\"dateModified\":\"2023-07-27T16:56:40+00:00\",\"description\":\"\u00bfQu\u00e9 otros pa\u00edses han implementado un precio al carbono? \u00bfCuales regiones han implementado un impuesto directo al carbono?\",\"breadcrumb\":{\"@id\":\"https:\/\/citizensclimatelobby.org\/es\/charlitas-laser\/precios-al-carbono-en-el-mundo\/#breadcrumb\"},\"inLanguage\":\"es-ES\",\"potentialAction\":[{\"@type\":\"ReadAction\",\"target\":[\"https:\/\/citizensclimatelobby.org\/es\/charlitas-laser\/precios-al-carbono-en-el-mundo\/\"]}]},{\"@type\":\"BreadcrumbList\",\"@id\":\"https:\/\/citizensclimatelobby.org\/es\/charlitas-laser\/precios-al-carbono-en-el-mundo\/#breadcrumb\",\"itemListElement\":[{\"@type\":\"ListItem\",\"position\":1,\"name\":\"Home\",\"item\":\"https:\/\/citizensclimatelobby.org\/es\/\"},{\"@type\":\"ListItem\",\"position\":2,\"name\":\"Charlitas l\u00e1ser &#8211; directorio\",\"item\":\"https:\/\/citizensclimatelobby.org\/es\/charlitas-laser\/\"},{\"@type\":\"ListItem\",\"position\":3,\"name\":\"Precios al carbono en el mundo\"}]},{\"@type\":\"WebSite\",\"@id\":\"https:\/\/citizensclimatelobby.org\/#website\",\"url\":\"https:\/\/citizensclimatelobby.org\/\",\"name\":\"Citizens&#039; Climate Lobby\",\"description\":\"Political will for a livable world\",\"publisher\":{\"@id\":\"https:\/\/citizensclimatelobby.org\/#organization\"},\"potentialAction\":[{\"@type\":\"SearchAction\",\"target\":{\"@type\":\"EntryPoint\",\"urlTemplate\":\"https:\/\/citizensclimatelobby.org\/?s={search_term_string}\"},\"query-input\":\"required name=search_term_string\"}],\"inLanguage\":\"es-ES\"},{\"@type\":\"Organization\",\"@id\":\"https:\/\/citizensclimatelobby.org\/#organization\",\"name\":\"Citizens' Climate Lobby\",\"url\":\"https:\/\/citizensclimatelobby.org\/\",\"logo\":{\"@type\":\"ImageObject\",\"inLanguage\":\"es-ES\",\"@id\":\"https:\/\/citizensclimatelobby.org\/#\/schema\/logo\/image\/\",\"url\":\"https:\/\/citizensclimatelobby.org\/wp-content\/uploads\/2017\/04\/CCL-Logo.png\",\"contentUrl\":\"https:\/\/citizensclimatelobby.org\/wp-content\/uploads\/2017\/04\/CCL-Logo.png\",\"width\":314,\"height\":201,\"caption\":\"Citizens' Climate Lobby\"},\"image\":{\"@id\":\"https:\/\/citizensclimatelobby.org\/#\/schema\/logo\/image\/\"},\"sameAs\":[\"https:\/\/www.facebook.com\/CitizensClimateLobby\/\",\"https:\/\/twitter.com\/citizensclimate\",\"https:\/\/www.instagram.com\/citizensclimate\/\",\"https:\/\/www.linkedin.com\/company\/citizens-climate-lobby\/\",\"https:\/\/www.youtube.com\/c\/CitizensClimateLobby\",\"https:\/\/en.wikipedia.org\/wiki\/Citizens_Climate_Lobby\"]}]}<\/script>\n<!-- \/ Yoast SEO Premium plugin. -->","yoast_head_json":{"title":"Carbon Prices Around The World","description":"\u00bfQu\u00e9 otros pa\u00edses han implementado un precio al carbono? \u00bfCuales regiones han implementado un impuesto directo al carbono?","robots":{"index":"index","follow":"follow","max-snippet":"max-snippet:-1","max-image-preview":"max-image-preview:large","max-video-preview":"max-video-preview:-1"},"canonical":"https:\/\/citizensclimatelobby.org\/es\/charlitas-laser\/precios-al-carbono-en-el-mundo\/","og_locale":"es_ES","og_type":"article","og_title":"Precios al carbono en el mundo","og_description":"\u00bfQu\u00e9 otros pa\u00edses han implementado un precio al carbono? \u00bfCuales regiones han implementado un impuesto directo al carbono?","og_url":"https:\/\/citizensclimatelobby.org\/es\/charlitas-laser\/precios-al-carbono-en-el-mundo\/","og_site_name":"Citizens&#039; Climate Lobby","article_publisher":"https:\/\/www.facebook.com\/CitizensClimateLobby\/","article_modified_time":"2023-07-27T16:56:40+00:00","twitter_card":"summary_large_image","twitter_site":"@citizensclimate","twitter_misc":{"Tiempo de lectura":"3 minutes"},"schema":{"@context":"https:\/\/schema.org","@graph":[{"@type":"WebPage","@id":"https:\/\/citizensclimatelobby.org\/es\/charlitas-laser\/precios-al-carbono-en-el-mundo\/","url":"https:\/\/citizensclimatelobby.org\/es\/charlitas-laser\/precios-al-carbono-en-el-mundo\/","name":"Carbon Prices Around The World","isPartOf":{"@id":"https:\/\/citizensclimatelobby.org\/#website"},"datePublished":"2014-10-18T14:34:36+00:00","dateModified":"2023-07-27T16:56:40+00:00","description":"\u00bfQu\u00e9 otros pa\u00edses han implementado un precio al carbono? \u00bfCuales regiones han implementado un impuesto directo al carbono?","breadcrumb":{"@id":"https:\/\/citizensclimatelobby.org\/es\/charlitas-laser\/precios-al-carbono-en-el-mundo\/#breadcrumb"},"inLanguage":"es-ES","potentialAction":[{"@type":"ReadAction","target":["https:\/\/citizensclimatelobby.org\/es\/charlitas-laser\/precios-al-carbono-en-el-mundo\/"]}]},{"@type":"BreadcrumbList","@id":"https:\/\/citizensclimatelobby.org\/es\/charlitas-laser\/precios-al-carbono-en-el-mundo\/#breadcrumb","itemListElement":[{"@type":"ListItem","position":1,"name":"Home","item":"https:\/\/citizensclimatelobby.org\/es\/"},{"@type":"ListItem","position":2,"name":"Charlitas l\u00e1ser &#8211; directorio","item":"https:\/\/citizensclimatelobby.org\/es\/charlitas-laser\/"},{"@type":"ListItem","position":3,"name":"Precios al carbono en el mundo"}]},{"@type":"WebSite","@id":"https:\/\/citizensclimatelobby.org\/#website","url":"https:\/\/citizensclimatelobby.org\/","name":"Citizens&#039; Climate Lobby","description":"Political will for a livable world","publisher":{"@id":"https:\/\/citizensclimatelobby.org\/#organization"},"potentialAction":[{"@type":"SearchAction","target":{"@type":"EntryPoint","urlTemplate":"https:\/\/citizensclimatelobby.org\/?s={search_term_string}"},"query-input":"required name=search_term_string"}],"inLanguage":"es-ES"},{"@type":"Organization","@id":"https:\/\/citizensclimatelobby.org\/#organization","name":"Citizens' Climate Lobby","url":"https:\/\/citizensclimatelobby.org\/","logo":{"@type":"ImageObject","inLanguage":"es-ES","@id":"https:\/\/citizensclimatelobby.org\/#\/schema\/logo\/image\/","url":"https:\/\/citizensclimatelobby.org\/wp-content\/uploads\/2017\/04\/CCL-Logo.png","contentUrl":"https:\/\/citizensclimatelobby.org\/wp-content\/uploads\/2017\/04\/CCL-Logo.png","width":314,"height":201,"caption":"Citizens' Climate Lobby"},"image":{"@id":"https:\/\/citizensclimatelobby.org\/#\/schema\/logo\/image\/"},"sameAs":["https:\/\/www.facebook.com\/CitizensClimateLobby\/","https:\/\/twitter.com\/citizensclimate","https:\/\/www.instagram.com\/citizensclimate\/","https:\/\/www.linkedin.com\/company\/citizens-climate-lobby\/","https:\/\/www.youtube.com\/c\/CitizensClimateLobby","https:\/\/en.wikipedia.org\/wiki\/Citizens_Climate_Lobby"]}]}},"_links":{"self":[{"href":"https:\/\/citizensclimatelobby.org\/es\/wp-json\/wp\/v2\/pages\/23021"}],"collection":[{"href":"https:\/\/citizensclimatelobby.org\/es\/wp-json\/wp\/v2\/pages"}],"about":[{"href":"https:\/\/citizensclimatelobby.org\/es\/wp-json\/wp\/v2\/types\/page"}],"author":[{"embeddable":true,"href":"https:\/\/citizensclimatelobby.org\/es\/wp-json\/wp\/v2\/users\/50"}],"replies":[{"embeddable":true,"href":"https:\/\/citizensclimatelobby.org\/es\/wp-json\/wp\/v2\/comments?post=23021"}],"version-history":[{"count":0,"href":"https:\/\/citizensclimatelobby.org\/es\/wp-json\/wp\/v2\/pages\/23021\/revisions"}],"up":[{"embeddable":true,"href":"https:\/\/citizensclimatelobby.org\/es\/wp-json\/wp\/v2\/pages\/22843"}],"wp:attachment":[{"href":"https:\/\/citizensclimatelobby.org\/es\/wp-json\/wp\/v2\/media?parent=23021"}],"curies":[{"name":"wp","href":"https:\/\/api.w.org\/{rel}","templated":true}]}}