{"id":23068,"date":"2017-10-24T07:11:05","date_gmt":"2017-10-24T07:11:05","guid":{"rendered":"https:\/\/stageccl.wpengine.com\/?page_id=23068"},"modified":"2021-07-20T12:55:29","modified_gmt":"2021-07-20T12:55:29","slug":"charlita-estudio-remi","status":"publish","type":"page","link":"https:\/\/citizensclimatelobby.org\/es\/charlitas-laser\/charlita-estudio-remi\/","title":{"rendered":"Reducci\u00f3n de las emisiones de carbono"},"content":{"rendered":"<p>[spb_column width=&#8221;2\/3&#8243; el_position=&#8221;first&#8221;] [spb_text_block pb_margin_bottom=&#8221;no&#8221; pb_border_bottom=&#8221;no&#8221; width=&#8221;1\/1&#8243; el_position=&#8221;first last&#8221;]\n<h1><a href=\"#\" rel=\"tooltip\" data-original-title=\"Una charlita l\u00e1ser es una breve y potente oraci\u00f3n sobre un tema espec\u00edfico relacionado con el cambio clim\u00e1tico o la Renta Clim\u00e1tica. Las charlitas l\u00e1ser no son para memorizar, sino para internalizar.\" data-placement=\"right\"><span class=\"highlighted\">Charlita l\u00e1ser:<\/span><\/a> Reducci\u00f3n de las emisiones de carbono<\/h1>\n[\/spb_text_block] [spb_text_block pb_margin_bottom=&#8221;no&#8221; pb_border_bottom=&#8221;no&#8221; width=&#8221;1\/1&#8243; el_position=&#8221;first last&#8221;]\n<h3>Pregunta: \u00bfQu\u00e9 tan bien reduce las emisiones un precio al carbono?<\/h3>\n<p><b>Respuesta<\/b>: La reducci\u00f3n de emisiones de carbono es el objetivo de cualquier pol\u00edtica clim\u00e1tica, y un precio al carbono es una herramienta muy poderosa para lograr eso. Prognosticar c\u00f3mo una pol\u00edtica determindada afectar\u00e1 las emisiones de carbono se realiza mediante modelos de sistemas energ\u00e9ticas, un tema de intenso estudio y perfeccionamiento en los \u00faltimos a\u00f1os [<a href=\"https:\/\/www.mdpi.com\/2227-9717\/6\/12\/238\/pdf\" target=\"_blank\" rel=\"noopener\">1<\/a>].<\/p>\n<p>Despu\u00e9s de la introducci\u00f3n del Proyecto de Ley de Innovaci\u00f3n Energ\u00e9tica y Dividendos de Carbono en 2019 [<a href=\"https:\/\/www.congress.gov\/bill\/116th-congress\/house-bill\/763\" target=\"_blank\" rel=\"noopener\">2<\/a>], dos grupos l\u00edderes, el Centro de Pol\u00edtica Energ\u00e9tica Global de la Universidad de Columbia (CGEP) [3] y Resources for the Future (RFF) [<a href=\"https:\/\/www.rff.org\/publications\/data-tools\/carbon-pricing-calculator\/\" target=\"_blank\" rel=\"noopener\">4<\/a>], la evaluaron utilizando sus respectivos modelos.<\/p>\n<p>Despu\u00e9s de estudiar estos informes, CCL ha llegado a la conclusi\u00f3n de que el modelo <em>GH-E3<\/em> utilizado por RFF [<a href=\"https:\/\/media.rff.org\/archive\/files\/sharepoint\/Documents\/WP-Numerical-General-Equilibrium-Model.pdf\" target=\"_blank\" rel=\"noopener\">5<\/a>] ofrece resultados m\u00e1s realistas. Cuando las cifras se ajustan a la base declarada recientemente por el gobierno de EEUU para las metas futuras, las cifras de RFF muestran que si la pol\u00edtica entra en vigor en 2022, las emisiones deber\u00edan caer un <strong>52 por ciento<\/strong> para 2030 y un <strong>61 por ciento<\/strong> para 2035.<\/p>\n<p>Los recortes de emisiones modelados por CGEP resultaron m\u00e1s d\u00e9biles, en un 37-38 por ciento durante el mismo per\u00edodo, pero un extenso estudio de 2018 [<a href=\"https:\/\/www.worldscientific.com\/doi\/pdf\/10.1142\/S201000781840002X\" target=\"_blank\" rel=\"noopener\">6<\/a>] que compara 11 modelos de sistemas de energ\u00eda diferentes respalda la selecci\u00f3n del modelo de RFF. De los 11 modelos estudiados, el modelo RFF estuvo cerca de la mitad del grupo en la reducci\u00f3n de emisiones, mientras que el modelo <em>NEMS<\/em> utilizado por CGEP qued\u00f3 en \u00faltimo lugar. Adem\u00e1s, los analistas de CGEP reconocen la incapacidad del modelo <em>NEMS<\/em> para reconocer algunas de las formas en que los precios del carbono pueden reducir las emisiones. [<a href=\"https:\/\/files.wri.org\/d8\/s3fs-public\/Putting_a_Price_on_Carbon_Emissions.pdf\" target=\"_blank\" rel=\"noopener\">7<\/a>,8]<\/p>\n<p>Los modelos de sistemas energ\u00e9ticos son herramientas esenciales para comprender qu\u00e9 esperar de una pol\u00edtica clim\u00e1tica. El modelo de vanguardia de RFF muestra que una pol\u00edtica de tarifa al carbono como el Proyecto de Ley de Innovaci\u00f3n Energ\u00e9tica y Dividendos de Carbono es un componente indispensable para lograr nuestros objetivos clim\u00e1ticos nacionales.<\/p>\n<p><a href=\"https:\/\/citizensclimatelobby.org\/wp-content\/uploads\/2018\/06\/EmissionsForecastChart.LT11.050921.pdf\" target=\"_blank\" rel=\"noopener\">Haga clic aqu\u00ed<\/a> para ver las im\u00e1gines gr\u00e1ficas.<\/p>\n<p>&nbsp;<\/p>\n<p>&nbsp;<\/p>\n[\/spb_text_block] [boxed_content type=&#8221;coloured&#8221; pb_margin_bottom=&#8221;no&#8221; width=&#8221;1\/1&#8243; el_position=&#8221;first last&#8221;]\n<p><strong>En pocas palabras:<\/strong> Un modelo de sistema energ\u00e9tica de \u00faltima generaci\u00f3n de Resources for the Future calcula que un plan como el Proyecto de Ley de Innovaci\u00f3n Energ\u00e9tica y Dividendos de Carbono puede reducir las emisiones de carbono en un 52 por ciento por debajo de los niveles de 2005 en ocho a\u00f1os. Esto confirma que un plan popular que fija un precio al carbono, si se promulga con prontitud, podr\u00eda reducir las emisiones de manera suficientemente r\u00e1pida como para poner a EEUU en una trayectoria de cumplimiento de 1.5 \u00b0 C.<\/p>\n[\/boxed_content] [divider type=&#8221;standard&#8221; text=&#8221;Go to top&#8221; full_width=&#8221;no&#8221; width=&#8221;1\/1&#8243; el_position=&#8221;first last&#8221;] [boxed_content type=&#8221;whitestroke&#8221; pb_margin_bottom=&#8221;no&#8221; width=&#8221;1\/1&#8243; el_position=&#8221;first last&#8221;]\n<p class=\"p1\"><span class=\"s1\">Se puede ver un resumen en espa\u00f1ol del estudio <a href=\"https:\/\/citizensclimatelobby.org\/wp-content\/uploads\/2017\/10\/CCL-Resumen-nacional-estudio-REMI.pdf\" target=\"_blank\" rel=\"noopener noreferrer\">aqu\u00ed<\/a>.<br \/>\n<\/span><\/p>\n<p>&nbsp;<\/p>\n[\/boxed_content] [boxed_content type=&#8221;whitestroke&#8221; pb_margin_bottom=&#8221;no&#8221; width=&#8221;1\/1&#8243; el_position=&#8221;first last&#8221;]\n<section class=\"container\">\n<div class=\"row\">\n<div class=\"spb_content_element col-sm-12 spb_text_column\">\n<div class=\"spb_wrapper clearfix\">\n<ol>\n<li>Subramanian, A., T. Gundersen, y T.A. Adams II. \u201cModeling and Simulation of Energy Systems: A Review.\u201d <em>Processes<\/em> <strong>6<\/strong>:238 (23 de noviembre de 2018).<\/li>\n<li>H.R.763 The Energy Innovation and Carbon Dividend Act of 2019. Congress.gov (24 de enero 2019).<\/li>\n<li>Kaufman, N. <em>et al.<\/em> \u201cAn Assessment of the Energy Innovation and Carbon Dividend Act.\u201d Columbia | SIPA Center on Global Energy Policy (6 de noviembre de 2019).<\/li>\n<li>Hafstead, M. \u201cCarbon Pricing Calculator.\u201d Resources for the Future (10 de agosto de 2020).<\/li>\n<li>Goulder, L.H. y M.A.C. Hafstead. \u201cA Numerical General Equilibrium Model for Evaluating U.S. Energy and Environmental Policies.\u201d Resources for the Future (Oct 2013). Tambi\u00e9n se refiere a este modelo como \u201cGH-E3\u201d.<\/li>\n<li>McFarland, J.R. <em>et al.<\/em> \u201cOverview of the EMF 32 Study on U.S. Carbon Tax Scenarios.\u201d <em>Climate Change Economics <\/em><strong>9<\/strong>:1 (20 de marzo de 2018).<\/li>\n<li>Kaufman, N., M. Obeiter, y E. Krause. \u201cPutting a Price on Carbon: Reducing Emissions.\u201d World Resources Institute Issue Brief (13 de enero de 2016).<\/li>\n<li>Extractos de la referencia 7: &#8220;&#8230; es probable que un precio al carbono sea m\u00e1s eficaz para reducir las emisiones de lo que predice el modelo &#8230; la teor\u00eda y la evidencia hist\u00f3rica nos dicen que la amplitud de los incentivos proporcionados por un precio al carbono conducir\u00eda a reducciones adicionales de emisiones que normalmente no son predicho en los pron\u00f3sticos del modelo&#8221;.<\/li>\n<\/ol>\n<\/div>\n<\/div>\n<\/div>\n<\/section>\n[\/boxed_content] [spb_text_block pb_margin_bottom=&#8221;no&#8221; pb_border_bottom=&#8221;no&#8221; width=&#8221;1\/1&#8243; el_position=&#8221;first last&#8221;]\n<p><em>Se actualiz\u00f3 esta charlita el 8 de mayo de 2021.<br \/>\n<\/em><\/p>\n[\/spb_text_block] [\/spb_column] [sidebar_widget sidebar_id=&#8221;sidebar-1&#8243; width=&#8221;1\/3&#8243; el_position=&#8221;last&#8221;]<\/p>\n","protected":false},"excerpt":{"rendered":"<p>[spb_column width=&#8221;2\/3&#8243; el_position=&#8221;first&#8221;] [spb_text_block pb_margin_bottom=&#8221;no&#8221; pb_border_bottom=&#8221;no&#8221; width=&#8221;1\/1&#8243; el_position=&#8221;first last&#8221;] Reducci\u00f3n de las emisiones de carbono [\/spb_text_block] [spb_text_block pb_margin_bottom=&#8221;no&#8221; pb_border_bottom=&#8221;no&#8221; width=&#8221;1\/1&#8243; el_position=&#8221;first last&#8221;] Pregunta: \u00bfQu\u00e9 tan bien reduce las emisiones un precio al carbono? Respuesta: La reducci\u00f3n de emisiones de carbono es el objetivo de cualquier pol\u00edtica clim\u00e1tica, y un precio al carbono es una herramienta muy poderosa para lograr eso. [&hellip;]<\/p>\n","protected":false},"author":46,"featured_media":0,"parent":22843,"menu_order":0,"comment_status":"closed","ping_status":"closed","template":"","meta":{"footnotes":""},"acf":[],"yoast_head":"<!-- This site is optimized with the Yoast SEO Premium plugin v21.3 (Yoast SEO v21.3) - https:\/\/yoast.com\/wordpress\/plugins\/seo\/ -->\n<title>Reducci\u00f3n de las emisiones de carbono | Citizens&#039; Climate Lobby<\/title>\n<meta name=\"description\" content=\"El estudio REMI examin\u00f3 el efecto de un incrementado impuesto al carbono, empezando a $10 por tonelada de CO2. Esto son los resultados.\" \/>\n<meta name=\"robots\" content=\"index, follow, max-snippet:-1, max-image-preview:large, max-video-preview:-1\" \/>\n<link rel=\"canonical\" href=\"https:\/\/citizensclimatelobby.org\/es\/charlitas-laser\/charlita-estudio-remi\/\" \/>\n<meta property=\"og:locale\" content=\"es_ES\" \/>\n<meta property=\"og:type\" content=\"article\" \/>\n<meta property=\"og:title\" content=\"Reducci\u00f3n de las emisiones de carbono\" \/>\n<meta property=\"og:description\" content=\"El estudio REMI examin\u00f3 el efecto de un incrementado impuesto al carbono, empezando a $10 por tonelada de CO2. Esto son los resultados.\" \/>\n<meta property=\"og:url\" content=\"https:\/\/citizensclimatelobby.org\/es\/charlitas-laser\/charlita-estudio-remi\/\" \/>\n<meta property=\"og:site_name\" content=\"Citizens&#039; Climate Lobby\" \/>\n<meta property=\"article:publisher\" content=\"https:\/\/www.facebook.com\/CitizensClimateLobby\/\" \/>\n<meta property=\"article:modified_time\" content=\"2021-07-20T12:55:29+00:00\" \/>\n<meta name=\"twitter:card\" content=\"summary_large_image\" \/>\n<meta name=\"twitter:site\" content=\"@citizensclimate\" \/>\n<meta name=\"twitter:label1\" content=\"Tiempo de lectura\" \/>\n\t<meta name=\"twitter:data1\" content=\"4 minutes\" \/>\n<script type=\"application\/ld+json\" class=\"yoast-schema-graph\">{\"@context\":\"https:\/\/schema.org\",\"@graph\":[{\"@type\":\"WebPage\",\"@id\":\"https:\/\/citizensclimatelobby.org\/es\/charlitas-laser\/charlita-estudio-remi\/\",\"url\":\"https:\/\/citizensclimatelobby.org\/es\/charlitas-laser\/charlita-estudio-remi\/\",\"name\":\"Reducci\u00f3n de las emisiones de carbono | Citizens&#039; Climate Lobby\",\"isPartOf\":{\"@id\":\"https:\/\/citizensclimatelobby.org\/#website\"},\"datePublished\":\"2017-10-24T07:11:05+00:00\",\"dateModified\":\"2021-07-20T12:55:29+00:00\",\"description\":\"El estudio REMI examin\u00f3 el efecto de un incrementado impuesto al carbono, empezando a $10 por tonelada de CO2. Esto son los resultados.\",\"breadcrumb\":{\"@id\":\"https:\/\/citizensclimatelobby.org\/es\/charlitas-laser\/charlita-estudio-remi\/#breadcrumb\"},\"inLanguage\":\"es-ES\",\"potentialAction\":[{\"@type\":\"ReadAction\",\"target\":[\"https:\/\/citizensclimatelobby.org\/es\/charlitas-laser\/charlita-estudio-remi\/\"]}]},{\"@type\":\"BreadcrumbList\",\"@id\":\"https:\/\/citizensclimatelobby.org\/es\/charlitas-laser\/charlita-estudio-remi\/#breadcrumb\",\"itemListElement\":[{\"@type\":\"ListItem\",\"position\":1,\"name\":\"Home\",\"item\":\"https:\/\/citizensclimatelobby.org\/es\/\"},{\"@type\":\"ListItem\",\"position\":2,\"name\":\"Charlitas l\u00e1ser &#8211; directorio\",\"item\":\"https:\/\/citizensclimatelobby.org\/es\/charlitas-laser\/\"},{\"@type\":\"ListItem\",\"position\":3,\"name\":\"Reducci\u00f3n de las emisiones de carbono\"}]},{\"@type\":\"WebSite\",\"@id\":\"https:\/\/citizensclimatelobby.org\/#website\",\"url\":\"https:\/\/citizensclimatelobby.org\/\",\"name\":\"Citizens&#039; Climate Lobby\",\"description\":\"Political will for a livable world\",\"publisher\":{\"@id\":\"https:\/\/citizensclimatelobby.org\/#organization\"},\"potentialAction\":[{\"@type\":\"SearchAction\",\"target\":{\"@type\":\"EntryPoint\",\"urlTemplate\":\"https:\/\/citizensclimatelobby.org\/?s={search_term_string}\"},\"query-input\":\"required name=search_term_string\"}],\"inLanguage\":\"es-ES\"},{\"@type\":\"Organization\",\"@id\":\"https:\/\/citizensclimatelobby.org\/#organization\",\"name\":\"Citizens' Climate Lobby\",\"url\":\"https:\/\/citizensclimatelobby.org\/\",\"logo\":{\"@type\":\"ImageObject\",\"inLanguage\":\"es-ES\",\"@id\":\"https:\/\/citizensclimatelobby.org\/#\/schema\/logo\/image\/\",\"url\":\"https:\/\/citizensclimatelobby.org\/wp-content\/uploads\/2017\/04\/CCL-Logo.png\",\"contentUrl\":\"https:\/\/citizensclimatelobby.org\/wp-content\/uploads\/2017\/04\/CCL-Logo.png\",\"width\":314,\"height\":201,\"caption\":\"Citizens' Climate Lobby\"},\"image\":{\"@id\":\"https:\/\/citizensclimatelobby.org\/#\/schema\/logo\/image\/\"},\"sameAs\":[\"https:\/\/www.facebook.com\/CitizensClimateLobby\/\",\"https:\/\/twitter.com\/citizensclimate\",\"https:\/\/www.instagram.com\/citizensclimate\/\",\"https:\/\/www.linkedin.com\/company\/citizens-climate-lobby\/\",\"https:\/\/www.youtube.com\/c\/CitizensClimateLobby\",\"https:\/\/en.wikipedia.org\/wiki\/Citizens_Climate_Lobby\"]}]}<\/script>\n<!-- \/ Yoast SEO Premium plugin. -->","yoast_head_json":{"title":"Reducci\u00f3n de las emisiones de carbono | Citizens&#039; Climate Lobby","description":"El estudio REMI examin\u00f3 el efecto de un incrementado impuesto al carbono, empezando a $10 por tonelada de CO2. Esto son los resultados.","robots":{"index":"index","follow":"follow","max-snippet":"max-snippet:-1","max-image-preview":"max-image-preview:large","max-video-preview":"max-video-preview:-1"},"canonical":"https:\/\/citizensclimatelobby.org\/es\/charlitas-laser\/charlita-estudio-remi\/","og_locale":"es_ES","og_type":"article","og_title":"Reducci\u00f3n de las emisiones de carbono","og_description":"El estudio REMI examin\u00f3 el efecto de un incrementado impuesto al carbono, empezando a $10 por tonelada de CO2. Esto son los resultados.","og_url":"https:\/\/citizensclimatelobby.org\/es\/charlitas-laser\/charlita-estudio-remi\/","og_site_name":"Citizens&#039; Climate Lobby","article_publisher":"https:\/\/www.facebook.com\/CitizensClimateLobby\/","article_modified_time":"2021-07-20T12:55:29+00:00","twitter_card":"summary_large_image","twitter_site":"@citizensclimate","twitter_misc":{"Tiempo de lectura":"4 minutes"},"schema":{"@context":"https:\/\/schema.org","@graph":[{"@type":"WebPage","@id":"https:\/\/citizensclimatelobby.org\/es\/charlitas-laser\/charlita-estudio-remi\/","url":"https:\/\/citizensclimatelobby.org\/es\/charlitas-laser\/charlita-estudio-remi\/","name":"Reducci\u00f3n de las emisiones de carbono | Citizens&#039; Climate Lobby","isPartOf":{"@id":"https:\/\/citizensclimatelobby.org\/#website"},"datePublished":"2017-10-24T07:11:05+00:00","dateModified":"2021-07-20T12:55:29+00:00","description":"El estudio REMI examin\u00f3 el efecto de un incrementado impuesto al carbono, empezando a $10 por tonelada de CO2. Esto son los resultados.","breadcrumb":{"@id":"https:\/\/citizensclimatelobby.org\/es\/charlitas-laser\/charlita-estudio-remi\/#breadcrumb"},"inLanguage":"es-ES","potentialAction":[{"@type":"ReadAction","target":["https:\/\/citizensclimatelobby.org\/es\/charlitas-laser\/charlita-estudio-remi\/"]}]},{"@type":"BreadcrumbList","@id":"https:\/\/citizensclimatelobby.org\/es\/charlitas-laser\/charlita-estudio-remi\/#breadcrumb","itemListElement":[{"@type":"ListItem","position":1,"name":"Home","item":"https:\/\/citizensclimatelobby.org\/es\/"},{"@type":"ListItem","position":2,"name":"Charlitas l\u00e1ser &#8211; directorio","item":"https:\/\/citizensclimatelobby.org\/es\/charlitas-laser\/"},{"@type":"ListItem","position":3,"name":"Reducci\u00f3n de las emisiones de carbono"}]},{"@type":"WebSite","@id":"https:\/\/citizensclimatelobby.org\/#website","url":"https:\/\/citizensclimatelobby.org\/","name":"Citizens&#039; Climate Lobby","description":"Political will for a livable world","publisher":{"@id":"https:\/\/citizensclimatelobby.org\/#organization"},"potentialAction":[{"@type":"SearchAction","target":{"@type":"EntryPoint","urlTemplate":"https:\/\/citizensclimatelobby.org\/?s={search_term_string}"},"query-input":"required name=search_term_string"}],"inLanguage":"es-ES"},{"@type":"Organization","@id":"https:\/\/citizensclimatelobby.org\/#organization","name":"Citizens' Climate Lobby","url":"https:\/\/citizensclimatelobby.org\/","logo":{"@type":"ImageObject","inLanguage":"es-ES","@id":"https:\/\/citizensclimatelobby.org\/#\/schema\/logo\/image\/","url":"https:\/\/citizensclimatelobby.org\/wp-content\/uploads\/2017\/04\/CCL-Logo.png","contentUrl":"https:\/\/citizensclimatelobby.org\/wp-content\/uploads\/2017\/04\/CCL-Logo.png","width":314,"height":201,"caption":"Citizens' Climate Lobby"},"image":{"@id":"https:\/\/citizensclimatelobby.org\/#\/schema\/logo\/image\/"},"sameAs":["https:\/\/www.facebook.com\/CitizensClimateLobby\/","https:\/\/twitter.com\/citizensclimate","https:\/\/www.instagram.com\/citizensclimate\/","https:\/\/www.linkedin.com\/company\/citizens-climate-lobby\/","https:\/\/www.youtube.com\/c\/CitizensClimateLobby","https:\/\/en.wikipedia.org\/wiki\/Citizens_Climate_Lobby"]}]}},"_links":{"self":[{"href":"https:\/\/citizensclimatelobby.org\/es\/wp-json\/wp\/v2\/pages\/23068"}],"collection":[{"href":"https:\/\/citizensclimatelobby.org\/es\/wp-json\/wp\/v2\/pages"}],"about":[{"href":"https:\/\/citizensclimatelobby.org\/es\/wp-json\/wp\/v2\/types\/page"}],"author":[{"embeddable":true,"href":"https:\/\/citizensclimatelobby.org\/es\/wp-json\/wp\/v2\/users\/46"}],"replies":[{"embeddable":true,"href":"https:\/\/citizensclimatelobby.org\/es\/wp-json\/wp\/v2\/comments?post=23068"}],"version-history":[{"count":0,"href":"https:\/\/citizensclimatelobby.org\/es\/wp-json\/wp\/v2\/pages\/23068\/revisions"}],"up":[{"embeddable":true,"href":"https:\/\/citizensclimatelobby.org\/es\/wp-json\/wp\/v2\/pages\/22843"}],"wp:attachment":[{"href":"https:\/\/citizensclimatelobby.org\/es\/wp-json\/wp\/v2\/media?parent=23068"}],"curies":[{"name":"wp","href":"https:\/\/api.w.org\/{rel}","templated":true}]}}