{"id":23076,"date":"2017-10-24T07:19:53","date_gmt":"2017-10-24T07:19:53","guid":{"rendered":"https:\/\/stageccl.wpengine.com\/?page_id=23076"},"modified":"2021-07-20T13:05:27","modified_gmt":"2021-07-20T13:05:27","slug":"ciencia-basica-del-cambio-climatico","status":"publish","type":"page","link":"https:\/\/citizensclimatelobby.org\/es\/charlitas-laser\/ciencia-basica-del-cambio-climatico\/","title":{"rendered":"La ciencia b\u00e1sica del cambio clim\u00e1tico"},"content":{"rendered":"[spb_text_block pb_margin_bottom=&#8221;no&#8221; pb_border_bottom=&#8221;no&#8221; width=&#8221;1\/1&#8243; el_position=&#8221;first last&#8221;]\n<h1><a href=\"#\" rel=\"tooltip\" data-original-title=\"Una charlita l\u00e1ser es una breve y potente oraci\u00f3n sobre un tema espec\u00edfico relacionado con el cambio clim\u00e1tico o la Renta Clim\u00e1tica. Las charlitas l\u00e1ser no son para memorizar, sino para internalizar\" data-placement=\"right\"><span class=\"highlighted\">Charlita l\u00e1ser:<\/span><\/a> La ciencia b\u00e1sica del cambio clim\u00e1tico<\/h1>\n[\/spb_text_block] [spb_text_block pb_margin_bottom=&#8221;no&#8221; pb_border_bottom=&#8221;no&#8221; width=&#8221;1\/1&#8243; el_position=&#8221;first last&#8221;]\n<h2><strong>Pregunta:\u00a0 \u00bfQu\u00e9 es la ciencia detr\u00e1s del calentamiento global? <\/strong><\/h2>\n<p><strong>Respuesta:<\/strong> La tierra recibe calor del sol, y normalmente env\u00eda una cantidad igual al espacio en la forma de radiaci\u00f3n infrarroja. Ciertos gases \u2013 \u201cgases de efecto invernadero\u201d \u2013 interceptan una porci\u00f3n de esta radiaci\u00f3n saliente y as\u00ed mantienen la temperatura m\u00e1s alta que ser\u00eda sin ellos. El di\u00f3xido de carbono, CO<sub>2<\/sub>, es el m\u00e1s importante de estos gases. Si no hubiera nada de CO<sub>2<\/sub> en la atm\u00f3sfera, nos congelar\u00edamos todos, pero solo un poquito es suficiente para sostener la vida.<\/p>\n<p>Por aproximadamente 10,000 a\u00f1os, ese nivel de CO<sub>2<\/sub> era bien constante, d\u00e1ndonos un clima estable donde vivir y crecer. Pero cuando descubrimos el carb\u00f3n, petr\u00f3leo y gas natural y todas las cosas que podr\u00edamos extraer con ellos, empezamos de quemarlos cada vez m\u00e1s. Quemar esos combustibles convierte el carbono &#8220;f\u00f3sil&#8221; que ha estado enterrado debajo la tierra para millones de a\u00f1os a CO<sub>2<\/sub>, pasando el nivel natural que ten\u00edamos para los milenios.<\/p>\n<p>Los cient\u00edficos descubrieron el efecto invernadero en los a\u00f1os 1850 [<a href=\"https:\/\/history.aip.org\/climate\/co2.htm\">1<\/a>,<a href=\"http:\/\/www.climatechangenews.com\/2016\/09\/02\/the-woman-who-identified-the-greenhouse-effect-years-before-tyndall\/\">2<\/a>], pero no era hasta 1958 que pod\u00edamos medir exactamente la cantidad de CO<sub>2<\/sub> en el aire y monitorizar su velocidad de aumenta. [<a href=\"https:\/\/en.wikipedia.org\/wiki\/Charles_David_Keeling\">3<\/a>] Solamente en ese tiempo, ha subido por m\u00e1s que 30 por ciento <span style=\"font-family: Source Sans Pro, serif;\">[<\/span><span style=\"color: #0000ff;\"><u><a href=\"https:\/\/climate.nasa.gov\/vital-signs\/carbon-dioxide\/\" target=\"_blank\" rel=\"noopener noreferrer\"><span style=\"color: #0563c1;\">4<\/span><\/a><\/u><\/span><span style=\"font-family: Source Sans Pro, serif;\">]<\/span>, aproximadamente cien veces m\u00e1s r\u00e1pido que se pudiera explicar un ciclo natural. <span style=\"font-family: Source Sans Pro, serif;\">[<\/span><span style=\"color: #0000ff;\"><u><a href=\"https:\/\/www.climate.gov\/news-features\/understanding-climate\/climate-change-atmospheric-carbon-dioxide\"><span style=\"font-family: Source Sans Pro, serif;\">5<\/span><\/a><\/u><\/span><span style=\"font-family: Source Sans Pro, serif;\">]<\/span><\/p>\n<p>Eso no solamente est\u00e1 aumentando la temperatura global, sino que casi la mitad del CO<sub>2<\/sub> exceso entra en los oc\u00e9anos, acidificando el agua, que es da\u00f1ino a la importante vida marina. [<a href=\"https:\/\/www.fisheries.noaa.gov\/insight\/ocean-acidification\">6<\/a>]<\/p>\n<p>La actividad humana, mayormente la quemadura de combustibles f\u00f3siles, actualmente agrega m\u00e1s de 1,000 toneladas de CO<sub>2<\/sub> <em>cada segundo<\/em> a la atm\u00f3sfera y los oc\u00e9anos. [<a href=\"https:\/\/ourworldindata.org\/co2-and-other-greenhouse-gas-emissions\">7<\/a>]\u00a0 Los ciclos naturales, los volcanes, y el sol han sido descartadas como causas del aumento de la temperatura actual. [<a href=\"https:\/\/www.bloomberg.com\/graphics\/2015-whats-warming-the-world\/\">8<\/a>] O son muy peque\u00f1as, o muy lentas, o van en la direcci\u00f3n opuesta. La causa somos nosotros.<\/p>\n[\/spb_text_block] [spb_message color=&#8221;alert-info&#8221; width=&#8221;1\/1&#8243; el_position=&#8221;first last&#8221;]\n<p><strong>En pocas palabras:<\/strong> Las temperaturas globales est\u00e1n aumentando a un ritmo gradual pero acelerando. Esto se debe en su totalidad a la acumulaci\u00f3n de gases de efecto invernadero causada por la actividad humana, principalmente la quema de los combustibles f\u00f3siles.<\/p>\n[\/spb_message] [divider type=&#8221;standard&#8221; text=&#8221;Go to top&#8221; full_width=&#8221;no&#8221; width=&#8221;1\/1&#8243; el_position=&#8221;first last&#8221;] [fullwidth_text alt_background=&#8221;none&#8221; width=&#8221;1\/1&#8243; el_position=&#8221;first last&#8221;]\n<p><strong>Relacionada:<\/strong> <a href=\"\/es\/charlitas-laser\/posicion-de-cientificos-sobre-cambio-climatico\">La posici\u00f3n de los cient\u00edficos sobre el cambio clim\u00e1tico<\/a><\/p>\n[\/fullwidth_text] [divider type=&#8221;standard&#8221; text=&#8221;Go to top&#8221; full_width=&#8221;no&#8221; width=&#8221;1\/1&#8243; el_position=&#8221;first last&#8221;] [boxed_content type=&#8221;whitestroke&#8221; pb_margin_bottom=&#8221;no&#8221; width=&#8221;1\/1&#8243; el_position=&#8221;first last&#8221;]\n<ol>\n<li>\u201cThe Discovery of Global Warming.\u201d American Institute of Physics (Instituto de la F\u00edsica Norteamericano) (febrero de 2018).<\/li>\n<li>\u201cMeet the woman who first identified the greenhouse effect.\u201d <em>Climate Home News<\/em> (9 Feb 2016).<\/li>\n<li>\u201cCharles David Keeling.\u201d Wikipedia (1 de abril de 2018).<\/li>\n<li>Espec\u00edficamente, de 315 a 413 partes por mill\u00f3n (ppm). \u201cGlobal CO<sub>2<\/sub> Levels.\u201d Instituto Secundario\u00a0 (accedido el 29 de diciembre de 2019).<\/li>\n<li><span style=\"font-family: Source Sans Pro, serif;\">Lindsey, R. \u201cClimate Change: Atmospheric Carbon Dioxide.\u201d NOAA Climate.Gov (19 de septiembre de 2019<\/span><\/li>\n<li>\u201cOcean Acidification.\u201d NOAA Fisheries (La pesca de la Administraci\u00f3n Nacional Oce\u00e1nica y Atmosf\u00e9rica) (28 de junio de 2017).<\/li>\n<li>Ritchie, H. y M. Roser. \u201cCO<sub>2<\/sub> and Other Greenhouse Gas Emissions.\u201d <em>Our World in Data<\/em> en l\u00ednea (2018).<\/li>\n<li>Roston, E. y B. Migliozzi. \u201cWhat\u2019s Really Warming the World?\u201d <em>Bloomberg Business Week<\/em> (24 de junio de 2015).<\/li>\n<\/ol>\n[\/boxed_content] [spb_text_block pb_margin_bottom=&#8221;no&#8221; pb_border_bottom=&#8221;no&#8221; width=&#8221;1\/1&#8243; el_position=&#8221;first last&#8221;]\n<p align=\"left\"><em><span lang=\"es-ES\">Se actualiz\u00f3 esta p\u00e1gina el 1 de mayo de 2021.<\/span><\/em><\/p>\n[\/spb_text_block]\n","protected":false},"excerpt":{"rendered":"<p>[spb_text_block pb_margin_bottom=&#8221;no&#8221; pb_border_bottom=&#8221;no&#8221; width=&#8221;1\/1&#8243; el_position=&#8221;first last&#8221;] La ciencia b\u00e1sica del cambio clim\u00e1tico [\/spb_text_block] [spb_text_block pb_margin_bottom=&#8221;no&#8221; pb_border_bottom=&#8221;no&#8221; width=&#8221;1\/1&#8243; el_position=&#8221;first last&#8221;] Pregunta:\u00a0 \u00bfQu\u00e9 es la ciencia detr\u00e1s del calentamiento global? Respuesta: La tierra recibe calor del sol, y normalmente env\u00eda una cantidad igual al espacio en la forma de radiaci\u00f3n infrarroja. Ciertos gases \u2013 \u201cgases de efecto invernadero\u201d \u2013 interceptan una porci\u00f3n [&hellip;]<\/p>\n","protected":false},"author":46,"featured_media":0,"parent":22843,"menu_order":0,"comment_status":"closed","ping_status":"open","template":"","meta":{"footnotes":""},"acf":[],"yoast_head":"<!-- This site is optimized with the Yoast SEO Premium plugin v21.3 (Yoast SEO v21.3) - https:\/\/yoast.com\/wordpress\/plugins\/seo\/ -->\n<title>Basic Science of Climate Change - Citizens&#039; Climate Lobby<\/title>\n<meta name=\"robots\" content=\"noindex, nofollow\" \/>\n<meta property=\"og:locale\" content=\"es_ES\" \/>\n<meta property=\"og:type\" content=\"article\" \/>\n<meta property=\"og:title\" content=\"La ciencia b\u00e1sica del cambio clim\u00e1tico\" \/>\n<meta property=\"og:description\" content=\"[spb_text_block pb_margin_bottom=&#8221;no&#8221; pb_border_bottom=&#8221;no&#8221; width=&#8221;1\/1&#8243; el_position=&#8221;first last&#8221;] La ciencia b\u00e1sica del cambio clim\u00e1tico [\/spb_text_block] [spb_text_block pb_margin_bottom=&#8221;no&#8221; pb_border_bottom=&#8221;no&#8221; width=&#8221;1\/1&#8243; el_position=&#8221;first last&#8221;] Pregunta:\u00a0 \u00bfQu\u00e9 es la ciencia detr\u00e1s del calentamiento global? Respuesta: La tierra recibe calor del sol, y normalmente env\u00eda una cantidad igual al espacio en la forma de radiaci\u00f3n infrarroja. Ciertos gases \u2013 \u201cgases de efecto invernadero\u201d \u2013 interceptan una porci\u00f3n [&hellip;]\" \/>\n<meta property=\"og:url\" content=\"https:\/\/citizensclimatelobby.org\/es\/charlitas-laser\/ciencia-basica-del-cambio-climatico\/\" \/>\n<meta property=\"og:site_name\" content=\"Citizens&#039; Climate Lobby\" \/>\n<meta property=\"article:publisher\" content=\"https:\/\/www.facebook.com\/CitizensClimateLobby\/\" \/>\n<meta property=\"article:modified_time\" content=\"2021-07-20T13:05:27+00:00\" \/>\n<meta name=\"twitter:card\" content=\"summary_large_image\" \/>\n<meta name=\"twitter:site\" content=\"@citizensclimate\" \/>\n<meta name=\"twitter:label1\" content=\"Tiempo de lectura\" \/>\n\t<meta name=\"twitter:data1\" content=\"3 minutes\" \/>\n<script type=\"application\/ld+json\" class=\"yoast-schema-graph\">{\"@context\":\"https:\/\/schema.org\",\"@graph\":[{\"@type\":\"WebPage\",\"@id\":\"https:\/\/citizensclimatelobby.org\/es\/charlitas-laser\/ciencia-basica-del-cambio-climatico\/\",\"url\":\"https:\/\/citizensclimatelobby.org\/es\/charlitas-laser\/ciencia-basica-del-cambio-climatico\/\",\"name\":\"Basic Science of Climate Change - Citizens' Climate Lobby\",\"isPartOf\":{\"@id\":\"https:\/\/citizensclimatelobby.org\/#website\"},\"datePublished\":\"2017-10-24T07:19:53+00:00\",\"dateModified\":\"2021-07-20T13:05:27+00:00\",\"breadcrumb\":{\"@id\":\"https:\/\/citizensclimatelobby.org\/es\/charlitas-laser\/ciencia-basica-del-cambio-climatico\/#breadcrumb\"},\"inLanguage\":\"es-ES\",\"potentialAction\":[{\"@type\":\"ReadAction\",\"target\":[\"https:\/\/citizensclimatelobby.org\/es\/charlitas-laser\/ciencia-basica-del-cambio-climatico\/\"]}]},{\"@type\":\"BreadcrumbList\",\"@id\":\"https:\/\/citizensclimatelobby.org\/es\/charlitas-laser\/ciencia-basica-del-cambio-climatico\/#breadcrumb\",\"itemListElement\":[{\"@type\":\"ListItem\",\"position\":1,\"name\":\"Home\",\"item\":\"https:\/\/citizensclimatelobby.org\/es\/\"},{\"@type\":\"ListItem\",\"position\":2,\"name\":\"Charlitas l\u00e1ser &#8211; directorio\",\"item\":\"https:\/\/citizensclimatelobby.org\/es\/charlitas-laser\/\"},{\"@type\":\"ListItem\",\"position\":3,\"name\":\"La ciencia b\u00e1sica del cambio clim\u00e1tico\"}]},{\"@type\":\"WebSite\",\"@id\":\"https:\/\/citizensclimatelobby.org\/#website\",\"url\":\"https:\/\/citizensclimatelobby.org\/\",\"name\":\"Citizens&#039; Climate Lobby\",\"description\":\"Political will for a livable world\",\"publisher\":{\"@id\":\"https:\/\/citizensclimatelobby.org\/#organization\"},\"potentialAction\":[{\"@type\":\"SearchAction\",\"target\":{\"@type\":\"EntryPoint\",\"urlTemplate\":\"https:\/\/citizensclimatelobby.org\/?s={search_term_string}\"},\"query-input\":\"required name=search_term_string\"}],\"inLanguage\":\"es-ES\"},{\"@type\":\"Organization\",\"@id\":\"https:\/\/citizensclimatelobby.org\/#organization\",\"name\":\"Citizens' Climate Lobby\",\"url\":\"https:\/\/citizensclimatelobby.org\/\",\"logo\":{\"@type\":\"ImageObject\",\"inLanguage\":\"es-ES\",\"@id\":\"https:\/\/citizensclimatelobby.org\/#\/schema\/logo\/image\/\",\"url\":\"https:\/\/citizensclimatelobby.org\/wp-content\/uploads\/2017\/04\/CCL-Logo.png\",\"contentUrl\":\"https:\/\/citizensclimatelobby.org\/wp-content\/uploads\/2017\/04\/CCL-Logo.png\",\"width\":314,\"height\":201,\"caption\":\"Citizens' Climate Lobby\"},\"image\":{\"@id\":\"https:\/\/citizensclimatelobby.org\/#\/schema\/logo\/image\/\"},\"sameAs\":[\"https:\/\/www.facebook.com\/CitizensClimateLobby\/\",\"https:\/\/twitter.com\/citizensclimate\",\"https:\/\/www.instagram.com\/citizensclimate\/\",\"https:\/\/www.linkedin.com\/company\/citizens-climate-lobby\/\",\"https:\/\/www.youtube.com\/c\/CitizensClimateLobby\",\"https:\/\/en.wikipedia.org\/wiki\/Citizens_Climate_Lobby\"]}]}<\/script>\n<!-- \/ Yoast SEO Premium plugin. -->","yoast_head_json":{"title":"Basic Science of Climate Change - Citizens' Climate Lobby","robots":{"index":"noindex","follow":"nofollow"},"og_locale":"es_ES","og_type":"article","og_title":"La ciencia b\u00e1sica del cambio clim\u00e1tico","og_description":"[spb_text_block pb_margin_bottom=&#8221;no&#8221; pb_border_bottom=&#8221;no&#8221; width=&#8221;1\/1&#8243; el_position=&#8221;first last&#8221;] La ciencia b\u00e1sica del cambio clim\u00e1tico [\/spb_text_block] [spb_text_block pb_margin_bottom=&#8221;no&#8221; pb_border_bottom=&#8221;no&#8221; width=&#8221;1\/1&#8243; el_position=&#8221;first last&#8221;] Pregunta:\u00a0 \u00bfQu\u00e9 es la ciencia detr\u00e1s del calentamiento global? Respuesta: La tierra recibe calor del sol, y normalmente env\u00eda una cantidad igual al espacio en la forma de radiaci\u00f3n infrarroja. Ciertos gases \u2013 \u201cgases de efecto invernadero\u201d \u2013 interceptan una porci\u00f3n [&hellip;]","og_url":"https:\/\/citizensclimatelobby.org\/es\/charlitas-laser\/ciencia-basica-del-cambio-climatico\/","og_site_name":"Citizens&#039; Climate Lobby","article_publisher":"https:\/\/www.facebook.com\/CitizensClimateLobby\/","article_modified_time":"2021-07-20T13:05:27+00:00","twitter_card":"summary_large_image","twitter_site":"@citizensclimate","twitter_misc":{"Tiempo de lectura":"3 minutes"},"schema":{"@context":"https:\/\/schema.org","@graph":[{"@type":"WebPage","@id":"https:\/\/citizensclimatelobby.org\/es\/charlitas-laser\/ciencia-basica-del-cambio-climatico\/","url":"https:\/\/citizensclimatelobby.org\/es\/charlitas-laser\/ciencia-basica-del-cambio-climatico\/","name":"Basic Science of Climate Change - Citizens' Climate Lobby","isPartOf":{"@id":"https:\/\/citizensclimatelobby.org\/#website"},"datePublished":"2017-10-24T07:19:53+00:00","dateModified":"2021-07-20T13:05:27+00:00","breadcrumb":{"@id":"https:\/\/citizensclimatelobby.org\/es\/charlitas-laser\/ciencia-basica-del-cambio-climatico\/#breadcrumb"},"inLanguage":"es-ES","potentialAction":[{"@type":"ReadAction","target":["https:\/\/citizensclimatelobby.org\/es\/charlitas-laser\/ciencia-basica-del-cambio-climatico\/"]}]},{"@type":"BreadcrumbList","@id":"https:\/\/citizensclimatelobby.org\/es\/charlitas-laser\/ciencia-basica-del-cambio-climatico\/#breadcrumb","itemListElement":[{"@type":"ListItem","position":1,"name":"Home","item":"https:\/\/citizensclimatelobby.org\/es\/"},{"@type":"ListItem","position":2,"name":"Charlitas l\u00e1ser &#8211; directorio","item":"https:\/\/citizensclimatelobby.org\/es\/charlitas-laser\/"},{"@type":"ListItem","position":3,"name":"La ciencia b\u00e1sica del cambio clim\u00e1tico"}]},{"@type":"WebSite","@id":"https:\/\/citizensclimatelobby.org\/#website","url":"https:\/\/citizensclimatelobby.org\/","name":"Citizens&#039; Climate Lobby","description":"Political will for a livable world","publisher":{"@id":"https:\/\/citizensclimatelobby.org\/#organization"},"potentialAction":[{"@type":"SearchAction","target":{"@type":"EntryPoint","urlTemplate":"https:\/\/citizensclimatelobby.org\/?s={search_term_string}"},"query-input":"required name=search_term_string"}],"inLanguage":"es-ES"},{"@type":"Organization","@id":"https:\/\/citizensclimatelobby.org\/#organization","name":"Citizens' Climate Lobby","url":"https:\/\/citizensclimatelobby.org\/","logo":{"@type":"ImageObject","inLanguage":"es-ES","@id":"https:\/\/citizensclimatelobby.org\/#\/schema\/logo\/image\/","url":"https:\/\/citizensclimatelobby.org\/wp-content\/uploads\/2017\/04\/CCL-Logo.png","contentUrl":"https:\/\/citizensclimatelobby.org\/wp-content\/uploads\/2017\/04\/CCL-Logo.png","width":314,"height":201,"caption":"Citizens' Climate Lobby"},"image":{"@id":"https:\/\/citizensclimatelobby.org\/#\/schema\/logo\/image\/"},"sameAs":["https:\/\/www.facebook.com\/CitizensClimateLobby\/","https:\/\/twitter.com\/citizensclimate","https:\/\/www.instagram.com\/citizensclimate\/","https:\/\/www.linkedin.com\/company\/citizens-climate-lobby\/","https:\/\/www.youtube.com\/c\/CitizensClimateLobby","https:\/\/en.wikipedia.org\/wiki\/Citizens_Climate_Lobby"]}]}},"_links":{"self":[{"href":"https:\/\/citizensclimatelobby.org\/es\/wp-json\/wp\/v2\/pages\/23076"}],"collection":[{"href":"https:\/\/citizensclimatelobby.org\/es\/wp-json\/wp\/v2\/pages"}],"about":[{"href":"https:\/\/citizensclimatelobby.org\/es\/wp-json\/wp\/v2\/types\/page"}],"author":[{"embeddable":true,"href":"https:\/\/citizensclimatelobby.org\/es\/wp-json\/wp\/v2\/users\/46"}],"replies":[{"embeddable":true,"href":"https:\/\/citizensclimatelobby.org\/es\/wp-json\/wp\/v2\/comments?post=23076"}],"version-history":[{"count":0,"href":"https:\/\/citizensclimatelobby.org\/es\/wp-json\/wp\/v2\/pages\/23076\/revisions"}],"up":[{"embeddable":true,"href":"https:\/\/citizensclimatelobby.org\/es\/wp-json\/wp\/v2\/pages\/22843"}],"wp:attachment":[{"href":"https:\/\/citizensclimatelobby.org\/es\/wp-json\/wp\/v2\/media?parent=23076"}],"curies":[{"name":"wp","href":"https:\/\/api.w.org\/{rel}","templated":true}]}}