{"id":25545,"date":"2017-12-15T00:11:26","date_gmt":"2017-12-15T00:11:26","guid":{"rendered":"https:\/\/stageccl.wpengine.com\/?page_id=25545"},"modified":"2017-12-15T17:03:04","modified_gmt":"2017-12-15T17:03:04","slug":"unete-a-ciudadanos-por-un-clima-vivible","status":"publish","type":"page","link":"https:\/\/citizensclimatelobby.org\/es\/unete-a-ciudadanos-por-un-clima-vivible\/","title":{"rendered":"\u00danete a Ciudadanos por un Clima Vivible"},"content":{"rendered":"[spb_row wrap_type=&#8221;full-width&#8221; row_bg_type=&#8221;image&#8221; row_bg_color=&#8221;#a1a1a1&#8243; color_row_height=&#8221;content-height&#8221; bg_image=&#8221;25433&#8243; bg_type=&#8221;cover&#8221; parallax_image_height=&#8221;content-height&#8221; parallax_image_movement=&#8221;stellar&#8221; parallax_image_speed=&#8221;0.5&#8243; parallax_video_height=&#8221;window-height&#8221; parallax_video_overlay=&#8221;color&#8221; row_overlay_opacity=&#8221;40&#8243; row_padding_vertical=&#8221;0&#8243; row_padding_horizontal=&#8221;0&#8243; row_margin_vertical=&#8221;0&#8243; remove_element_spacing=&#8221;no&#8221; inner_column_height=&#8221;col-natural&#8221; row_el_class=&#8221;mt0 ml0&#8243; width=&#8221;1\/1&#8243; el_position=&#8221;first last&#8221;] [spb_text_block pb_margin_bottom=&#8221;no&#8221; pb_border_bottom=&#8221;no&#8221; width=&#8221;1\/1&#8243; el_position=&#8221;first last&#8221;]\n<div>\n<div class=\"logo\"><a href=\"http:\/\/citizensclimatelobby.org\"><img decoding=\"async\" width=\"405\" height=\"56\" class=\"img-responsive alignnone wp-image-25450\" src=\"https:\/\/citizensclimatelobby.org\/wp-content\/uploads\/2017\/11\/white-logo405.png\" srcset=\"https:\/\/citizensclimatelobby.org\/wp-content\/uploads\/2017\/11\/white-logo405.png 405w, https:\/\/citizensclimatelobby.org\/wp-content\/uploads\/2017\/11\/white-logo405-300x41.png 300w\" sizes=\"(max-width: 405px) 100vw, 405px\" \/><\/a><\/div>\n<header class=\"masthead\">\n<div class=\"container\">\n<div class=\"intro-text\">\n<div class=\"intro-lead-in\">El cambio clim\u00e1tico es un gran problema<\/div>\n<div class=\"intro-heading text-uppercase\">Tenemos una gran soluci\u00f3n<\/div>\n<\/div>\n<div style=\"text-align: center;\"><a class=\"sf-button large accent stroke-to-fill btn-lg smooth-scroll-link\" href=\"#form\" target=\"_self\"><span class=\"text\">\u00a1\u00danete!<\/span><\/a><\/div>\n<\/div>\n<\/header>\n<\/div>\n<h1 class=\"text-center\"><i class=\"fa-angle-down sf-icon sf-icon-float-none sf-icon-large sf-icon-icon-two\"><\/i><\/h1>\n[\/spb_text_block] [\/spb_row] [fullwidth_text alt_background=&#8221;alt-one&#8221; el_class=&#8221;mt0 mb0 bt0 bb0 no-shadow ml-15&#8243; width=&#8221;1\/1&#8243; el_position=&#8221;first last&#8221;]\n<div id=\"about\">\n<p class=\"about-headline text-center\">Nuestro Enfoque<\/p>\n<p class=\"about-text text-center\">Ciudadanos por un Clima Vivible existe para empoderar a personas como T\u00da, a conectarse e influenciar a sus congresistas; para difundir la idea de que cada uno de nosotros puede hacer frente al cambio clim\u00e1tico con soluciones como Dividendos Energ\u00e9ticos.<\/p>\n<p class=\"about-text text-center\">Podemos hacer que esto suceda. \u00a1Trae tu voz a Ciudadanos por un Clima Vivible!<\/p>\n<\/div>\n[\/fullwidth_text] [blank_spacer height=&#8221;60px&#8221; spacer_id=&#8221;form&#8221; width=&#8221;1\/1&#8243; el_position=&#8221;first last&#8221;] [fullwidth_text alt_background=&#8221;none&#8221; el_class=&#8221;mt0 mb0 bt0 bb0 no-shadow ml-15&#8243; width=&#8221;1\/1&#8243; el_position=&#8221;first last&#8221;]\n<h1 style=\"text-align: center;\">\u00danete a Ciudadanos por un Clima Vivible<\/h1>\n<div class=\"join-form\">\n<p style=\"text-align: center;\"><style>.wForm form{text-align: left;}<\/style><!-- FORM: HEAD SECTION -->\n    <meta http-equiv=\"Content-Type\" content=\"text\/html; charset=utf-8\" \/>\n    <meta name=\"referrer\" content=\"no-referrer-when-downgrade\">\n    <!-- THIS SCRIPT NEEDS TO BE LOADED FIRST BEFORE wforms.js -->\n    <script type=\"text\/javascript\" data-for=\"FA__DOMContentLoadedEventDispatch\" src=\"https:\/\/www.tfaforms.com\/js\/FA__DOMContentLoadedEventDispatcher.js\" defer><\/script>\n        <script type=\"text\/javascript\">\n        document.addEventListener(\"FA__DOMContentLoaded\", function(){\n            const FORM_TIME_START = Math.floor((new Date).getTime()\/1000);\n            let formElement = document.getElementById(\"tfa_0\");\n            if (null === formElement) {\n                formElement = document.getElementById(\"0\");\n            }\n            let appendJsTimerElement = function(){\n                let formTimeDiff = Math.floor((new Date).getTime()\/1000) - FORM_TIME_START;\n                let cumulatedTimeElement = document.getElementById(\"tfa_dbCumulatedTime\");\n                if (null !== cumulatedTimeElement) {\n                    let cumulatedTime = parseInt(cumulatedTimeElement.value);\n                    if (null !== cumulatedTime && cumulatedTime > 0) {\n                        formTimeDiff += cumulatedTime;\n                    }\n                }\n                let jsTimeInput = document.createElement(\"input\");\n                jsTimeInput.setAttribute(\"type\", \"hidden\");\n                jsTimeInput.setAttribute(\"value\", formTimeDiff.toString());\n                jsTimeInput.setAttribute(\"name\", \"tfa_dbElapsedJsTime\");\n                jsTimeInput.setAttribute(\"id\", \"tfa_dbElapsedJsTime\");\n                jsTimeInput.setAttribute(\"autocomplete\", \"off\");\n                if (null !== formElement) {\n                    formElement.appendChild(jsTimeInput);\n                }\n            };\n            if (null !== formElement) {\n                if(formElement.addEventListener){\n                    formElement.addEventListener('submit', appendJsTimerElement, false);\n                } else if(formElement.attachEvent){\n                    formElement.attachEvent('onsubmit', appendJsTimerElement);\n                }\n            }\n        });\n    <\/script>\n\n    <link href=\"https:\/\/www.tfaforms.com\/dist\/form-builder\/5.0.0\/wforms-layout.css?v=1775273837\" rel=\"stylesheet\" type=\"text\/css\" \/>\n\n    <link href=\"https:\/\/www.tfaforms.com\/themes\/get\/17258\" rel=\"stylesheet\" type=\"text\/css\" \/>\n    <link href=\"https:\/\/www.tfaforms.com\/dist\/form-builder\/5.0.0\/wforms-jsonly.css?v=1775273837\" rel=\"alternate stylesheet\" title=\"This stylesheet activated by javascript\" type=\"text\/css\" \/>\n    <script type=\"text\/javascript\" src=\"https:\/\/www.tfaforms.com\/wForms\/3.11\/js\/wforms.js?v=1775273837\"><\/script>\n    <script type=\"text\/javascript\">\n        if(wFORMS.behaviors.prefill) wFORMS.behaviors.prefill.skip = true;\n    <\/script>\n    <script type=\"text\/javascript\" src=\"https:\/\/www.tfaforms.com\/wForms\/3.11\/js\/localization-es_AR.js?v=1775273837\"><\/script>\n\n<!-- FORM: BODY SECTION -->\n<div class=\"wFormContainer\" style=\"max-width: 320px; width: auto;\">\n    <div class=\"wFormHeader\"><\/div>\n    <style type=\"text\/css\">\n                #tfa_7,\n                *[id^=\"tfa_7[\"] {\n                    width: 205px !important;\n                }\n                #tfa_7-D,\n                *[id^=\"tfa_7[\"][class~=\"field-container-D\"] {\n                    width: auto !important;\n                }\n            \n                #tfa_10,\n                *[id^=\"tfa_10[\"] {\n                    width: 298px !important;\n                }\n                #tfa_10-D,\n                *[id^=\"tfa_10[\"][class~=\"field-container-D\"] {\n                    width: auto !important;\n                }\n            \n                #tfa_11,\n                *[id^=\"tfa_11[\"] {\n                    width: 146px !important;\n                }\n                #tfa_11-D,\n                *[id^=\"tfa_11[\"][class~=\"field-container-D\"] {\n                    width: auto !important;\n                }\n            \n                #tfa_12,\n                *[id^=\"tfa_12[\"] {\n                    width: 146px !important;\n                }\n                #tfa_12-D,\n                *[id^=\"tfa_12[\"][class~=\"field-container-D\"] {\n                    width: auto !important;\n                }\n            \n                #tfa_6,\n                *[id^=\"tfa_6[\"] {\n                    width: 240px !important;\n                }\n                #tfa_6-D,\n                *[id^=\"tfa_6[\"][class~=\"field-container-D\"] {\n                    width: auto !important;\n                }\n            <\/style><div class=\"\"><div class=\"wForm\" id=\"4644217-WRPR\" data-language=\"es_AR\" dir=\"ltr\">\n<div class=\"codesection\" id=\"code-4644217\">\n<script>wFORMS.behaviors.paging.showTabNavigation = true;<\/script><style type=\"text\/css\">\n  label {\n    color:#000 !important;\n  }\n  .oneField{\n    padding:0 !important;\n    margin:0 !important;\n  }\n.wForm .oneField input {\n      padding: 1.5px 0px 1.5px 2px !important;\n\n  }\n  \n   .wForm .inputWrapper{\n    width:100%; \n  }\n  #tfa_7-D ,#tfa_8-D {\n    width:48.3% !important;\n  }\n  #tfa_11-D ,#tfa_12-D {\n    width:48.3% !important;\n  }\n  \n#tfa_7{\nwidth:96% !important;margin-right:9px;\n}\n#tfa_8{\nwidth:100% !important;\n}\n#tfa_10{\nmargin-top:6px !important;\n    width:278px !important;\n}\n  #tfa_11 ,#tfa_12 {\n    margin-top:6px !important;\n}\n  \n\n  \n\n  \n.wForm .actions {\n    margin-top: 6px !important;\n    padding-top: 0 !important;\n    text-align:center !important;\n    padding-right:8px;\n    margin-right:auto;\n    margin-left:auto;\n    \n}\n.wForm  input[type=\"submit\"] {\n    background-color:#F6290C !important; \n  }\n  .wForm .xactions::after{\n    clear:all;\n   display: block;\nmargin-top: 16px;\nfont-size: 13px;\n    font-weight: normal;\n  }\n  \n  \n  .supportInfo{display:none !important;}\n  \n  .wFormTitle {font-size:15px;text-align: center;}\n  \n  .wFormContainer{\n    overfow-y:hidden !important; \n    border:thin solid black;\n  }\n  \n@media screen and (max-width: 500px) {\n#tfa_10 {\n    width: 290px !important;\n}\n}\n  \n  @media screen and (max-width: 500px) {\n#tfa_7 {\n    width: 91% !important;\n}\n}\n  \n  @media screen and (max-width: 500px) {\n#tfa_8 {\n    width: 94% !important;\n}\n}  \n\n  \n<\/style>\n<\/div>\n<h3 class=\"wFormTitle\" data-testid=\"form-title\" id=\"4644217-T\"><span lang=\"es\">Rellene el siguiente formulario<\/span><\/h3>\n<form method=\"post\" action=\"https:\/\/www.tfaforms.com\/api_v2\/rest\/workflow\/processor\" class=\"hintsTooltip labelsBelow\" id=\"4644217\">\n<div id=\"tfa_4\" class=\"section group\"><div id=\"tfa_5\" class=\"section inline group\">\n<div class=\"oneField field-container-D  labelsRemoved  \" id=\"tfa_7-D\"><div class=\"inputWrapper\"><input aria-required=\"true\" type=\"text\" id=\"tfa_7\" name=\"tfa_7\" value=\"\" placeholder=\"Nombre\" title=\"First Name\" class=\"required\"><\/div><\/div>\n<div class=\"oneField field-container-D  labelsRemoved  \" id=\"tfa_8-D\"><div class=\"inputWrapper\"><input aria-required=\"true\" type=\"text\" id=\"tfa_8\" name=\"tfa_8\" value=\"\" placeholder=\"Apellido\" title=\"Last Name\" class=\"required\"><\/div><\/div>\n<\/div><\/div>\n<div class=\"oneField field-container-D  labelsRemoved  \" id=\"tfa_10-D\"><div class=\"inputWrapper\"><input type=\"text\" id=\"tfa_10\" name=\"tfa_10\" value=\"\" placeholder=\"Correo electr\u00f3nico\" title=\"Email Address\" class=\"validate-email\"><\/div><\/div>\n<div id=\"tfa_14\" class=\"section inline group\">\n<div class=\"oneField field-container-D  labelsRemoved  \" id=\"tfa_11-D\"><div class=\"inputWrapper\"><input aria-required=\"true\" type=\"text\" id=\"tfa_11\" name=\"tfa_11\" value=\"\" placeholder=\"C\u00f3digo postal\" autoformat=\"#####\" title=\"Zipcode\" class=\"validate-custom \/[\\d]{5}\/g required\"><\/div><\/div>\n<div class=\"oneField field-container-D  labelsRemoved  \" id=\"tfa_12-D\"><div class=\"inputWrapper\"><input type=\"text\" id=\"tfa_12\" name=\"tfa_12\" value=\"\" placeholder=\"N\u00famero de tel\u00e9fono\" autoformat=\"(###) ###-####\" title=\"Phone Number\" class=\"validate-custom \/^([\\(]{1}[0-9]{3}[\\)]{1}[\\.| |\\-]{0,1}|^[0-9]{3}[\\.|\\-| ]?)?[0-9]{3}(\\.|\\-| )?[0-9]{4}$\/\"><\/div><\/div>\n<\/div>\n<div class=\"oneField field-container-D  labelsRemoved  \" id=\"tfa_6-D\"><div class=\"inputWrapper\"><input type=\"text\" id=\"tfa_6\" name=\"tfa_6\" value=\"\" title=\"Confirm Email\" class=\"\"><\/div><\/div>\n<input type=\"hidden\" id=\"tfa_13\" name=\"tfa_13\" value=\"\" class=\"\"><div class=\"actions\" id=\"4644217-A\" data-contentid=\"submit_button\"><input type=\"submit\" data-label=\"\u00a1\u00danete!\" class=\"primaryAction\" id=\"submit_button\" value=\"\u00a1\u00danete!\"><\/div>\n<div style=\"clear:both\"><\/div>\n<input type=\"hidden\" value=\"607-bb6994c61c78765cf1d73370c2d682f4\" name=\"tfa_dbCounters\" id=\"tfa_dbCounters\" autocomplete=\"off\"><input type=\"hidden\" value=\"4644217\" name=\"tfa_dbFormId\" id=\"tfa_dbFormId\"><input type=\"hidden\" value=\"\" name=\"tfa_dbResponseId\" id=\"tfa_dbResponseId\"><input type=\"hidden\" value=\"7fdec0d5a6d9d6ecec9bb5ffb628bb11\" name=\"tfa_dbControl\" id=\"tfa_dbControl\"><input type=\"hidden\" value=\"\" name=\"tfa_dbWorkflowSessionUuid\" id=\"tfa_dbWorkflowSessionUuid\"><input type=\"hidden\" value=\"1775273837\" name=\"tfa_dbTimeStarted\" id=\"tfa_dbTimeStarted\" autocomplete=\"off\"><input type=\"hidden\" value=\"15\" name=\"tfa_dbVersionId\" id=\"tfa_dbVersionId\"><input type=\"hidden\" value=\"\" name=\"tfa_switchedoff\" id=\"tfa_switchedoff\">\n<\/form>\n<\/div><\/div><div class=\"wFormFooter\"><p class=\"supportInfo\"><a target=\"new\" class=\"contactInfoLink\" href=\"https:\/\/www.tfaforms.com\/forms\/help\/4644217\" data-testid=\"contact-info-link\">Contact Information<\/a><br><\/p><\/div>\n  <p class=\"supportInfo\" >\n      <\/p>\n <\/div>\n<\/p>\n<div class=\"disclaimer\">\n<p class=\"small\" style=\"margin-top: 1.5em;\">Recibir\u00e1s nuestro bolet\u00edn mensual, una invitaci\u00f3n a la pr\u00f3xima Llamada Introductoria Semanal, y una invitaci\u00f3n para juntarte con tu cap\u00edtulo local de Ciudadanos por un Clima Vivible.<\/p>\n<p class=\"small\">Al hacer clic en &#8220;\u00a1\u00danete!&#8221;, usted da permiso a Ciudadanos por un Clima Vivible\/Citizens&#8217; Climate Lobby (CCL) y Educaci\u00f3n Ciudadana por el Clima\/Citizens&#8217; Climate Education (CCE) para mandarle correo electr\u00f3nico, incluso informaci\u00f3n sobre CCL\/CCE y c\u00f3mo usted puede ser un voluntario y apoyar a nuestro trabajo. Puede salir de la lista en cualquier momento por escribir a <a href=\"mailto:unsubscribe@citizensclimatelobby.org\" target=\"_blank\" rel=\"noopener\">unsubscribe@citizensclimatelobby.org<\/a>.<\/p>\n<p class=\"small text-center\"><a href=\"\/privacy-policy\/\">Pol\u00edtica de Privacidad<\/a><\/p>\n<\/div>\n<\/div>\n<p style=\"text-align: center; margin-top: 2em;\"><a href=\"https:\/\/citizensclimatelobby.org\/es\"><button class=\"btn-lg\" type=\"button\">Descubre m\u00e1s sobre CCL!<\/button><\/a><\/p>\n[\/fullwidth_text]\n","protected":false},"excerpt":{"rendered":"<p>[spb_row wrap_type=&#8221;full-width&#8221; row_bg_type=&#8221;image&#8221; row_bg_color=&#8221;#a1a1a1&#8243; color_row_height=&#8221;content-height&#8221; bg_image=&#8221;25433&#8243; bg_type=&#8221;cover&#8221; parallax_image_height=&#8221;content-height&#8221; parallax_image_movement=&#8221;stellar&#8221; parallax_image_speed=&#8221;0.5&#8243; parallax_video_height=&#8221;window-height&#8221; parallax_video_overlay=&#8221;color&#8221; row_overlay_opacity=&#8221;40&#8243; row_padding_vertical=&#8221;0&#8243; row_padding_horizontal=&#8221;0&#8243; row_margin_vertical=&#8221;0&#8243; remove_element_spacing=&#8221;no&#8221; inner_column_height=&#8221;col-natural&#8221; row_el_class=&#8221;mt0 ml0&#8243; width=&#8221;1\/1&#8243; el_position=&#8221;first last&#8221;] [spb_text_block pb_margin_bottom=&#8221;no&#8221; pb_border_bottom=&#8221;no&#8221; width=&#8221;1\/1&#8243; el_position=&#8221;first last&#8221;] El cambio clim\u00e1tico es un gran problema Tenemos una gran soluci\u00f3n [\/spb_text_block] [\/spb_row] [fullwidth_text alt_background=&#8221;alt-one&#8221; el_class=&#8221;mt0 mb0 bt0 bb0 no-shadow ml-15&#8243; width=&#8221;1\/1&#8243; el_position=&#8221;first last&#8221;] Nuestro Enfoque Ciudadanos por un Clima Vivible [&hellip;]<\/p>\n","protected":false},"author":20,"featured_media":0,"parent":0,"menu_order":8,"comment_status":"closed","ping_status":"closed","template":"","meta":{"footnotes":""},"acf":[],"yoast_head":"<!-- This site is optimized with the Yoast SEO Premium plugin v21.3 (Yoast SEO v21.3) - https:\/\/yoast.com\/wordpress\/plugins\/seo\/ -->\n<title>\u00danete a Ciudadanos por un Clima Vivible | Citizens&#039; Climate Lobby<\/title>\n<meta name=\"robots\" content=\"noindex, nofollow\" \/>\n<meta property=\"og:locale\" content=\"es_ES\" \/>\n<meta property=\"og:type\" content=\"article\" \/>\n<meta property=\"og:title\" content=\"\u00danete a Ciudadanos por un Clima Vivible\" \/>\n<meta property=\"og:description\" content=\"[spb_row wrap_type=&#8221;full-width&#8221; row_bg_type=&#8221;image&#8221; row_bg_color=&#8221;#a1a1a1&#8243; color_row_height=&#8221;content-height&#8221; bg_image=&#8221;25433&#8243; bg_type=&#8221;cover&#8221; parallax_image_height=&#8221;content-height&#8221; parallax_image_movement=&#8221;stellar&#8221; parallax_image_speed=&#8221;0.5&#8243; parallax_video_height=&#8221;window-height&#8221; parallax_video_overlay=&#8221;color&#8221; row_overlay_opacity=&#8221;40&#8243; row_padding_vertical=&#8221;0&#8243; row_padding_horizontal=&#8221;0&#8243; row_margin_vertical=&#8221;0&#8243; remove_element_spacing=&#8221;no&#8221; inner_column_height=&#8221;col-natural&#8221; row_el_class=&#8221;mt0 ml0&#8243; width=&#8221;1\/1&#8243; el_position=&#8221;first last&#8221;] [spb_text_block pb_margin_bottom=&#8221;no&#8221; pb_border_bottom=&#8221;no&#8221; width=&#8221;1\/1&#8243; el_position=&#8221;first last&#8221;] El cambio clim\u00e1tico es un gran problema Tenemos una gran soluci\u00f3n [\/spb_text_block] [\/spb_row] [fullwidth_text alt_background=&#8221;alt-one&#8221; el_class=&#8221;mt0 mb0 bt0 bb0 no-shadow ml-15&#8243; width=&#8221;1\/1&#8243; el_position=&#8221;first last&#8221;] Nuestro Enfoque Ciudadanos por un Clima Vivible [&hellip;]\" \/>\n<meta property=\"og:url\" content=\"https:\/\/citizensclimatelobby.org\/es\/unete-a-ciudadanos-por-un-clima-vivible\/\" \/>\n<meta property=\"og:site_name\" content=\"Citizens&#039; Climate Lobby\" \/>\n<meta property=\"article:publisher\" content=\"https:\/\/www.facebook.com\/CitizensClimateLobby\/\" \/>\n<meta property=\"article:modified_time\" content=\"2017-12-15T17:03:04+00:00\" \/>\n<meta property=\"og:image\" content=\"https:\/\/citizensclimatelobby.org\/wp-content\/uploads\/2017\/11\/white-logo405.png\" \/>\n<meta name=\"twitter:card\" content=\"summary_large_image\" \/>\n<meta name=\"twitter:site\" content=\"@citizensclimate\" \/>\n<meta name=\"twitter:label1\" content=\"Tiempo de lectura\" \/>\n\t<meta name=\"twitter:data1\" content=\"2 minutes\" \/>\n<script type=\"application\/ld+json\" class=\"yoast-schema-graph\">{\"@context\":\"https:\/\/schema.org\",\"@graph\":[{\"@type\":\"WebPage\",\"@id\":\"https:\/\/citizensclimatelobby.org\/es\/unete-a-ciudadanos-por-un-clima-vivible\/\",\"url\":\"https:\/\/citizensclimatelobby.org\/es\/unete-a-ciudadanos-por-un-clima-vivible\/\",\"name\":\"\u00danete a Ciudadanos por un Clima Vivible | Citizens&#039; Climate Lobby\",\"isPartOf\":{\"@id\":\"https:\/\/citizensclimatelobby.org\/#website\"},\"datePublished\":\"2017-12-15T00:11:26+00:00\",\"dateModified\":\"2017-12-15T17:03:04+00:00\",\"breadcrumb\":{\"@id\":\"https:\/\/citizensclimatelobby.org\/es\/unete-a-ciudadanos-por-un-clima-vivible\/#breadcrumb\"},\"inLanguage\":\"es-ES\",\"potentialAction\":[{\"@type\":\"ReadAction\",\"target\":[\"https:\/\/citizensclimatelobby.org\/es\/unete-a-ciudadanos-por-un-clima-vivible\/\"]}]},{\"@type\":\"BreadcrumbList\",\"@id\":\"https:\/\/citizensclimatelobby.org\/es\/unete-a-ciudadanos-por-un-clima-vivible\/#breadcrumb\",\"itemListElement\":[{\"@type\":\"ListItem\",\"position\":1,\"name\":\"Home\",\"item\":\"https:\/\/citizensclimatelobby.org\/es\/\"},{\"@type\":\"ListItem\",\"position\":2,\"name\":\"\u00danete a Ciudadanos por un Clima Vivible\"}]},{\"@type\":\"WebSite\",\"@id\":\"https:\/\/citizensclimatelobby.org\/#website\",\"url\":\"https:\/\/citizensclimatelobby.org\/\",\"name\":\"Citizens&#039; Climate Lobby\",\"description\":\"Political will for a livable world\",\"publisher\":{\"@id\":\"https:\/\/citizensclimatelobby.org\/#organization\"},\"potentialAction\":[{\"@type\":\"SearchAction\",\"target\":{\"@type\":\"EntryPoint\",\"urlTemplate\":\"https:\/\/citizensclimatelobby.org\/?s={search_term_string}\"},\"query-input\":\"required name=search_term_string\"}],\"inLanguage\":\"es-ES\"},{\"@type\":\"Organization\",\"@id\":\"https:\/\/citizensclimatelobby.org\/#organization\",\"name\":\"Citizens' Climate Lobby\",\"url\":\"https:\/\/citizensclimatelobby.org\/\",\"logo\":{\"@type\":\"ImageObject\",\"inLanguage\":\"es-ES\",\"@id\":\"https:\/\/citizensclimatelobby.org\/#\/schema\/logo\/image\/\",\"url\":\"https:\/\/citizensclimatelobby.org\/wp-content\/uploads\/2017\/04\/CCL-Logo.png\",\"contentUrl\":\"https:\/\/citizensclimatelobby.org\/wp-content\/uploads\/2017\/04\/CCL-Logo.png\",\"width\":314,\"height\":201,\"caption\":\"Citizens' Climate Lobby\"},\"image\":{\"@id\":\"https:\/\/citizensclimatelobby.org\/#\/schema\/logo\/image\/\"},\"sameAs\":[\"https:\/\/www.facebook.com\/CitizensClimateLobby\/\",\"https:\/\/twitter.com\/citizensclimate\",\"https:\/\/www.instagram.com\/citizensclimate\/\",\"https:\/\/www.linkedin.com\/company\/citizens-climate-lobby\/\",\"https:\/\/www.youtube.com\/c\/CitizensClimateLobby\",\"https:\/\/en.wikipedia.org\/wiki\/Citizens_Climate_Lobby\"]}]}<\/script>\n<!-- \/ Yoast SEO Premium plugin. -->","yoast_head_json":{"title":"\u00danete a Ciudadanos por un Clima Vivible | Citizens&#039; Climate Lobby","robots":{"index":"noindex","follow":"nofollow"},"og_locale":"es_ES","og_type":"article","og_title":"\u00danete a Ciudadanos por un Clima Vivible","og_description":"[spb_row wrap_type=&#8221;full-width&#8221; row_bg_type=&#8221;image&#8221; row_bg_color=&#8221;#a1a1a1&#8243; color_row_height=&#8221;content-height&#8221; bg_image=&#8221;25433&#8243; bg_type=&#8221;cover&#8221; parallax_image_height=&#8221;content-height&#8221; parallax_image_movement=&#8221;stellar&#8221; parallax_image_speed=&#8221;0.5&#8243; parallax_video_height=&#8221;window-height&#8221; parallax_video_overlay=&#8221;color&#8221; row_overlay_opacity=&#8221;40&#8243; row_padding_vertical=&#8221;0&#8243; row_padding_horizontal=&#8221;0&#8243; row_margin_vertical=&#8221;0&#8243; remove_element_spacing=&#8221;no&#8221; inner_column_height=&#8221;col-natural&#8221; row_el_class=&#8221;mt0 ml0&#8243; width=&#8221;1\/1&#8243; el_position=&#8221;first last&#8221;] [spb_text_block pb_margin_bottom=&#8221;no&#8221; pb_border_bottom=&#8221;no&#8221; width=&#8221;1\/1&#8243; el_position=&#8221;first last&#8221;] El cambio clim\u00e1tico es un gran problema Tenemos una gran soluci\u00f3n [\/spb_text_block] [\/spb_row] [fullwidth_text alt_background=&#8221;alt-one&#8221; el_class=&#8221;mt0 mb0 bt0 bb0 no-shadow ml-15&#8243; width=&#8221;1\/1&#8243; el_position=&#8221;first last&#8221;] Nuestro Enfoque Ciudadanos por un Clima Vivible [&hellip;]","og_url":"https:\/\/citizensclimatelobby.org\/es\/unete-a-ciudadanos-por-un-clima-vivible\/","og_site_name":"Citizens&#039; Climate Lobby","article_publisher":"https:\/\/www.facebook.com\/CitizensClimateLobby\/","article_modified_time":"2017-12-15T17:03:04+00:00","og_image":[{"url":"https:\/\/citizensclimatelobby.org\/wp-content\/uploads\/2017\/11\/white-logo405.png"}],"twitter_card":"summary_large_image","twitter_site":"@citizensclimate","twitter_misc":{"Tiempo de lectura":"2 minutes"},"schema":{"@context":"https:\/\/schema.org","@graph":[{"@type":"WebPage","@id":"https:\/\/citizensclimatelobby.org\/es\/unete-a-ciudadanos-por-un-clima-vivible\/","url":"https:\/\/citizensclimatelobby.org\/es\/unete-a-ciudadanos-por-un-clima-vivible\/","name":"\u00danete a Ciudadanos por un Clima Vivible | Citizens&#039; Climate Lobby","isPartOf":{"@id":"https:\/\/citizensclimatelobby.org\/#website"},"datePublished":"2017-12-15T00:11:26+00:00","dateModified":"2017-12-15T17:03:04+00:00","breadcrumb":{"@id":"https:\/\/citizensclimatelobby.org\/es\/unete-a-ciudadanos-por-un-clima-vivible\/#breadcrumb"},"inLanguage":"es-ES","potentialAction":[{"@type":"ReadAction","target":["https:\/\/citizensclimatelobby.org\/es\/unete-a-ciudadanos-por-un-clima-vivible\/"]}]},{"@type":"BreadcrumbList","@id":"https:\/\/citizensclimatelobby.org\/es\/unete-a-ciudadanos-por-un-clima-vivible\/#breadcrumb","itemListElement":[{"@type":"ListItem","position":1,"name":"Home","item":"https:\/\/citizensclimatelobby.org\/es\/"},{"@type":"ListItem","position":2,"name":"\u00danete a Ciudadanos por un Clima Vivible"}]},{"@type":"WebSite","@id":"https:\/\/citizensclimatelobby.org\/#website","url":"https:\/\/citizensclimatelobby.org\/","name":"Citizens&#039; Climate Lobby","description":"Political will for a livable world","publisher":{"@id":"https:\/\/citizensclimatelobby.org\/#organization"},"potentialAction":[{"@type":"SearchAction","target":{"@type":"EntryPoint","urlTemplate":"https:\/\/citizensclimatelobby.org\/?s={search_term_string}"},"query-input":"required name=search_term_string"}],"inLanguage":"es-ES"},{"@type":"Organization","@id":"https:\/\/citizensclimatelobby.org\/#organization","name":"Citizens' Climate Lobby","url":"https:\/\/citizensclimatelobby.org\/","logo":{"@type":"ImageObject","inLanguage":"es-ES","@id":"https:\/\/citizensclimatelobby.org\/#\/schema\/logo\/image\/","url":"https:\/\/citizensclimatelobby.org\/wp-content\/uploads\/2017\/04\/CCL-Logo.png","contentUrl":"https:\/\/citizensclimatelobby.org\/wp-content\/uploads\/2017\/04\/CCL-Logo.png","width":314,"height":201,"caption":"Citizens' Climate Lobby"},"image":{"@id":"https:\/\/citizensclimatelobby.org\/#\/schema\/logo\/image\/"},"sameAs":["https:\/\/www.facebook.com\/CitizensClimateLobby\/","https:\/\/twitter.com\/citizensclimate","https:\/\/www.instagram.com\/citizensclimate\/","https:\/\/www.linkedin.com\/company\/citizens-climate-lobby\/","https:\/\/www.youtube.com\/c\/CitizensClimateLobby","https:\/\/en.wikipedia.org\/wiki\/Citizens_Climate_Lobby"]}]}},"_links":{"self":[{"href":"https:\/\/citizensclimatelobby.org\/es\/wp-json\/wp\/v2\/pages\/25545"}],"collection":[{"href":"https:\/\/citizensclimatelobby.org\/es\/wp-json\/wp\/v2\/pages"}],"about":[{"href":"https:\/\/citizensclimatelobby.org\/es\/wp-json\/wp\/v2\/types\/page"}],"author":[{"embeddable":true,"href":"https:\/\/citizensclimatelobby.org\/es\/wp-json\/wp\/v2\/users\/20"}],"replies":[{"embeddable":true,"href":"https:\/\/citizensclimatelobby.org\/es\/wp-json\/wp\/v2\/comments?post=25545"}],"version-history":[{"count":0,"href":"https:\/\/citizensclimatelobby.org\/es\/wp-json\/wp\/v2\/pages\/25545\/revisions"}],"wp:attachment":[{"href":"https:\/\/citizensclimatelobby.org\/es\/wp-json\/wp\/v2\/media?parent=25545"}],"curies":[{"name":"wp","href":"https:\/\/api.w.org\/{rel}","templated":true}]}}