{"id":26258,"date":"2014-10-15T17:19:18","date_gmt":"2014-10-15T17:19:18","guid":{"rendered":"https:\/\/stageccl.wpengine.com\/charlitas-laser\/jobs-fossil-fuels-vs-renewables\/"},"modified":"2021-07-20T13:13:48","modified_gmt":"2021-07-20T13:13:48","slug":"empleos-combustibles-fosiles-versus-renovables","status":"publish","type":"page","link":"https:\/\/citizensclimatelobby.org\/es\/empleos-combustibles-fosiles-versus-renovables\/","title":{"rendered":"Empleos &#8211; Los combustibles f\u00f3siles versus la energ\u00eda limpia"},"content":{"rendered":"<p>[spb_column width=&#8221;2\/3&#8243; el_position=&#8221;first&#8221;] [spb_text_block pb_margin_bottom=&#8221;no&#8221; pb_border_bottom=&#8221;no&#8221; width=&#8221;1\/1&#8243; el_position=&#8221;first last&#8221;]\n<h1><a href=\"#\" rel=\"tooltip\" data-original-title=\"Una charlita l\u00e1ser es una breve y potente oraci\u00f3n sobre un tema espec\u00edfico relacionado con el cambio clim\u00e1tio o la Renta Clim\u00e1tica. Charlitas l\u00e1ser no son dise\u00f1adas para memorizar, sino para internalizar.\" data-placement=\"right\"><span class=\"highlighted\">Charlita l\u00e1ser:<\/span><\/a> Empleos &#8212; Los combustibles f\u00f3siles versus la energ\u00eda limpia<\/h1>\n[\/spb_text_block] [spb_text_block pb_margin_bottom=&#8221;no&#8221; pb_border_bottom=&#8221;no&#8221; width=&#8221;1\/1&#8243; el_position=&#8221;first last&#8221;]\n<h3><strong>Pregunta: Si los combustibles f\u00f3siles son m\u00e1s caros, <\/strong><strong>rematar\u00e1 el empleo<\/strong><strong>, \u00bfno?<\/strong><\/h3>\n<p><strong>Respuesta:<\/strong> Reducir las emisiones de combustibles f\u00f3siles en realidad pone a <em>m\u00e1s<\/em> personas a trabajar, con salarios comparables, de lo habitual [<a href=\"https:\/\/www.bls.gov\/oes\/current\/oes_nat.htm#49-0000\" target=\"_blank\" rel=\"noopener noreferrer\">1<\/a>].\u00a0 El empleo en el sector de hidrocarburos ha disminuido mayormente debido a la mecanizaci\u00f3n, no la regulaci\u00f3n. Por ejemplo, en 1980, la producci\u00f3n de cien toneladas de carb\u00f3n por hora requer\u00eda 52 mineros; en 2015 ese n\u00famero baj\u00f3 a 16. Aunque se extra\u00eda m\u00e1s carb\u00f3n, el sector minero perdi\u00f3 58 por ciento de los empleos entre 1980 y 2015 [<a href=\"https:\/\/www.brookings.edu\/blog\/the-avenue\/2017\/01\/25\/automation-guarantees-a-bleak-outlook-for-trumps-promises-to-coal-miners\/\" target=\"_blank\" rel=\"noopener noreferrer\">2<\/a>].<\/p>\n<p>En 2018, hab\u00eda 2.4 millones empleos en la energ\u00eda limpia y en la eficiencia energ\u00e9tica, pero solo aproximadamente la mitad de eso en la energ\u00eda f\u00f3sil [<a href=\"https:\/\/static1.squarespace.com\/static\/5a98cf80ec4eb7c5cd928c61\/t\/5c7f3708fa0d6036d7120d8f\/1551849054549\/USEER+2019+US+Energy+Employment+Report.pdf\" target=\"_blank\" rel=\"noopener noreferrer\">3<\/a>]. A\u00fan sin un precio al carbono, se prognostican que los instaladores y t\u00e9cnicos de mantenimiento para la energ\u00eda e\u00f3lica y solar aumentar\u00e1n entre 11 y 13 veces m\u00e1s r\u00e1pido que el promedio estadounidense. [<a href=\"https:\/\/www.bls.gov\/ooh\/construction-and-extraction\/solar-photovoltaic-installers.htm#tab-6\" target=\"_blank\" rel=\"noopener noreferrer\">4<\/a>,<a href=\"https:\/\/www.bls.gov\/ooh\/installation-maintenance-and-repair\/wind-turbine-technicians.htm#tab-6\" target=\"_blank\" rel=\"noopener noreferrer\">5<\/a>] Adem\u00e1s, la gran mayor\u00eda de los empleos en el sector energ\u00e9tico, tales como electricistas, operadores de plantas el\u00e9ctricas, instaladores, entre otros, se necesitan tanto para la energ\u00eda f\u00f3sil como para la energ\u00eda sin f\u00f3siles [<a href=\"https:\/\/www.bls.gov\/oes\/current\/oes_nat.htm#49-0000\" target=\"_blank\" rel=\"noopener noreferrer\">6<\/a>].<\/p>\n<p>Nuestro pa\u00eds siempre necesitar\u00e1 energ\u00eda, si viene de fuentes de bajo o cero carbono, o de fuentes anticuadas contaminantes. Hoy en d\u00eda, las tecnolog\u00edas energ\u00e9ticas futuristas generan m\u00e1s empleos por d\u00f3lar energ\u00e9tico gastado que las tecnolog\u00edas del pasado, y probablemente continuar\u00e1n haci\u00e9ndolo a\u00fan cuando las nuevas tecnolog\u00edas maduren [<a href=\"https:\/\/www.greenbiz.com\/article\/how-many-jobs-does-clean-energy-create\" target=\"_blank\" rel=\"noopener noreferrer\">7<\/a>]. La electricidad e\u00f3lica ya es competitiva con la electricidad de los combustibles f\u00f3siles [<a href=\"https:\/\/www.eia.gov\/outlooks\/aeo\/pdf\/electricity_generation.pdf\" target=\"_blank\" rel=\"noopener noreferrer\">8<\/a>,<a href=\"https:\/\/www.lazard.com\/perspective\/lcoe2019\" target=\"_blank\" rel=\"noopener noreferrer\">9<\/a>], y genera 50 por ciento m\u00e1s empleos, con sueldos similares, para la misma cantidad de energ\u00eda. [<a href=\"https:\/\/rael.berkeley.edu\/wp-content\/uploads\/2015\/04\/WeiPatadiaKammen_CleanEnergyJobs_EPolicy2010.pdf\" target=\"_blank\" rel=\"noopener noreferrer\">10<\/a>,1]<\/p>\n<p>\u00a1Y no ser\u00e1n solamente los empleos de energ\u00eda renovable que se aumentar\u00e1n! Un estudio econ\u00f3mico en 2017 de un impuesto al carbono en la provincia de Columbia Brit\u00e1nica que devuelve la mayor\u00eda de los ingresos a los contribuyentes\u00a0[<a href=\"https:\/\/papers.ssrn.com\/sol3\/papers.cfm?abstract_id=2958020\" target=\"_blank\" rel=\"noopener\">11<\/a>] mostr\u00f3 que durante un periodo de 6 a\u00f1os, las ganancias de empleo en sectores intensivos en mano de obra, como la atenci\u00f3n a la salud, superaron las p\u00e9rdidas de empleo en los sectores intensivos en energ\u00eda como los viajes a\u00e9reos. Hab\u00eda m\u00e1s oportunidades de empleo <em>con<\/em> la tarifa al carbono que\u00a0<em>sin<\/em> ella.<\/p>\n[\/spb_text_block] [spb_message color=&#8221;alert-info&#8221; width=&#8221;1\/1&#8243; el_position=&#8221;first last&#8221;]\n<p><strong>En\u00a0 pocas palabras:<\/strong> La energ\u00eda limpia y la eficiencia energ\u00e9tica en realidad ponen a trabajar a <em>m\u00e1s<\/em> personas, con salarios comparables, que la extracci\u00f3n continua de combustibles f\u00f3siles. Cuando se devuelve los ingresos como pagos en efectivo a las familias (&#8220;Renta Clim\u00e1tica&#8221; o &#8220;Carbon Cashback&#8221;), esto tambi\u00e9n estimula el crecimiento de empleo en empresas fuera del sector energ\u00e9tico.<\/p>\n[\/spb_message] [divider type=&#8221;standard&#8221; text=&#8221;Go to top&#8221; full_width=&#8221;no&#8221; width=&#8221;1\/1&#8243; el_position=&#8221;first last&#8221;] [boxed_content type=&#8221;whitestroke&#8221; pb_margin_bottom=&#8221;no&#8221; width=&#8221;1\/1&#8243; el_position=&#8221;first last&#8221;]\n<ol>\n<li>\u201cOccupational Employment Statistics.\u201d Oficina de Estad\u00edsticas Laborales Estadounidense (mayo de 2018). Empleos en energ\u00eda f\u00f3sil ganaron en promedio $25 por hora; empleos en energ\u00edas e\u00f3lica y solar ganaron en promedio $24 por hora; empleos en energ\u00eda nuclar ganaron en promedio $46; empleos que aplican a todas las formas de energ\u00eda ganaron en promedio $28 por hora.<\/li>\n<li class=\"western\">Saha, D. y S. Liu. \u201cIncreased automation guarantees a bleak outlook for Trump\u2019s promises to coal miners.\u201d Brookings.edu (25 de enero de 2017).<\/li>\n<li>\u201cThe 2019 U.S. Energy &amp; Employment Report.\u201d Energy Futures Initiative (La Iniciativa del Futuro de Energ\u00eda)\u00a0y National Association of State Energy Officials (Asociaci\u00f3n Nacional de Oficiales Estatales de Energ\u00eda)\u00a0 (2019).<\/li>\n<li>\u201cOccupational Outlook Handbook: Solar Voltaic Installers.\u201d Oficina de Estad\u00edsticas Laborales Estadounidense (19 de septiembre de 2019).<\/li>\n<li>\u201cOccupational Outlook Handbook: Wind Turbine Technicians.\u201d Oficina de Estad\u00edsticas Laborales Estadounidense (19 de septiembre de 2019).<\/li>\n<li>Ve la fuente n\u00famero 1. Los datos muestran que un 85 por ciento de los empleos del sector energ\u00e9tico (electricistas, operadores de plantas el\u00e9ctricas, instaladores, entre otros) seguir\u00e1n siendo indispensables durante un escenario de descarbonizaci\u00f3n.<\/li>\n<li>Kats, G. \u201cHow many jobs does clean energy create?\u201d <em>GreenBiz<\/em> (5 de diciembre de 2016).<\/li>\n<li class=\"western\">\u201cLevelized Cost and Levelized Avoided Cost of New Generation Resources in the Annual Energy Outlook 2018.\u201d La Administraci\u00f3n de Informaci\u00f3n Energ\u00e9tica de Estados Unidos (marzo de 2018).<\/li>\n<li class=\"western\">\u201cLevelized Cost of Energy and Levelized Cost of Storage 2018.\u201d Lazard Insights (8 de noviembre de 2018).<\/li>\n<li>Wei, M., S. Patadia, y D.M. Kammen. \u201cPutting renewables and energy efficiency to work: How many jobs can the clean energy industry generate in the US?\u201d <em>Energy Policy<\/em> <strong>38<\/strong>, 919-931 (2010).<\/li>\n<li>Yamazaki, Akio. \u201cJobs and Climate Policy: Evidence from British Columbia\u2019s Revenue-Neutral Carbon Tax.\u201d <em> Environ. Econ. and Manag<\/em>., <strong>83(C)<\/strong>, 197-216 (mayo de 2017).<\/li>\n<\/ol>\n[\/boxed_content] [spb_text_block pb_margin_bottom=&#8221;no&#8221; pb_border_bottom=&#8221;no&#8221; width=&#8221;1\/1&#8243; el_position=&#8221;first last&#8221;]\n<p><em>Se actualiz\u00f3 esta p\u00e1gina el 1 de mayo de 2021.<\/em><\/p>\n[\/spb_text_block] [\/spb_column] [sidebar_widget sidebar_id=&#8221;sidebar-1&#8243; width=&#8221;1\/3&#8243; el_position=&#8221;last&#8221;]<\/p>\n","protected":false},"excerpt":{"rendered":"<p>[spb_column width=&#8221;2\/3&#8243; el_position=&#8221;first&#8221;] [spb_text_block pb_margin_bottom=&#8221;no&#8221; pb_border_bottom=&#8221;no&#8221; width=&#8221;1\/1&#8243; el_position=&#8221;first last&#8221;] Empleos &#8212; Los combustibles f\u00f3siles versus la energ\u00eda limpia [\/spb_text_block] [spb_text_block pb_margin_bottom=&#8221;no&#8221; pb_border_bottom=&#8221;no&#8221; width=&#8221;1\/1&#8243; el_position=&#8221;first last&#8221;] Pregunta: Si los combustibles f\u00f3siles son m\u00e1s caros, rematar\u00e1 el empleo, \u00bfno? Respuesta: Reducir las emisiones de combustibles f\u00f3siles en realidad pone a m\u00e1s personas a trabajar, con salarios comparables, de lo habitual [1].\u00a0 El [&hellip;]<\/p>\n","protected":false},"author":50,"featured_media":23601,"parent":0,"menu_order":8,"comment_status":"closed","ping_status":"closed","template":"laser_talk.php","meta":{"footnotes":""},"acf":[],"yoast_head":"<!-- This site is optimized with the Yoast SEO Premium plugin v21.3 (Yoast SEO v21.3) - https:\/\/yoast.com\/wordpress\/plugins\/seo\/ -->\n<title>Empleos - Los combustibles f\u00f3siles versus la energ\u00eda limpia | Citizens&#039; Climate Lobby<\/title>\n<meta name=\"description\" content=\"La historia sobre todo de los empleos es que la energ\u00eda renovable proporcionar\u00e1 m\u00e1s empleos, y con Dividendos Energ\u00e9ticos, har\u00e1 un aumento de empleo en otros sectores tambi\u00e9n.\" \/>\n<meta name=\"robots\" content=\"noindex, follow\" \/>\n<meta property=\"og:locale\" content=\"es_ES\" \/>\n<meta property=\"og:type\" content=\"article\" \/>\n<meta property=\"og:title\" content=\"Empleos - Los combustibles f\u00f3siles versus la energ\u00eda limpia\" \/>\n<meta property=\"og:description\" content=\"La historia sobre todo de los empleos es que la energ\u00eda renovable proporcionar\u00e1 m\u00e1s empleos, y con Dividendos Energ\u00e9ticos, har\u00e1 un aumento de empleo en otros sectores tambi\u00e9n.\" \/>\n<meta property=\"og:url\" content=\"https:\/\/citizensclimatelobby.org\/es\/empleos-combustibles-fosiles-versus-renovables\/\" \/>\n<meta property=\"og:site_name\" content=\"Citizens&#039; Climate Lobby\" \/>\n<meta property=\"article:publisher\" content=\"https:\/\/www.facebook.com\/CitizensClimateLobby\/\" \/>\n<meta property=\"article:modified_time\" content=\"2021-07-20T13:13:48+00:00\" \/>\n<meta property=\"og:image\" content=\"https:\/\/citizensclimatelobby.org\/wp-content\/uploads\/2014\/10\/CCLFBLogo.jpg\" \/>\n\t<meta property=\"og:image:width\" content=\"237\" \/>\n\t<meta property=\"og:image:height\" content=\"200\" \/>\n\t<meta property=\"og:image:type\" content=\"image\/jpeg\" \/>\n<meta name=\"twitter:card\" content=\"summary_large_image\" \/>\n<meta name=\"twitter:site\" content=\"@citizensclimate\" \/>\n<meta name=\"twitter:label1\" content=\"Tiempo de lectura\" \/>\n\t<meta name=\"twitter:data1\" content=\"5 minutes\" \/>\n<script type=\"application\/ld+json\" class=\"yoast-schema-graph\">{\"@context\":\"https:\/\/schema.org\",\"@graph\":[{\"@type\":\"WebPage\",\"@id\":\"https:\/\/citizensclimatelobby.org\/es\/empleos-combustibles-fosiles-versus-renovables\/\",\"url\":\"https:\/\/citizensclimatelobby.org\/es\/empleos-combustibles-fosiles-versus-renovables\/\",\"name\":\"Empleos - Los combustibles f\u00f3siles versus la energ\u00eda limpia | Citizens&#039; Climate Lobby\",\"isPartOf\":{\"@id\":\"https:\/\/citizensclimatelobby.org\/#website\"},\"datePublished\":\"2014-10-15T17:19:18+00:00\",\"dateModified\":\"2021-07-20T13:13:48+00:00\",\"description\":\"La historia sobre todo de los empleos es que la energ\u00eda renovable proporcionar\u00e1 m\u00e1s empleos, y con Dividendos Energ\u00e9ticos, har\u00e1 un aumento de empleo en otros sectores tambi\u00e9n.\",\"breadcrumb\":{\"@id\":\"https:\/\/citizensclimatelobby.org\/es\/empleos-combustibles-fosiles-versus-renovables\/#breadcrumb\"},\"inLanguage\":\"es-ES\",\"potentialAction\":[{\"@type\":\"ReadAction\",\"target\":[\"https:\/\/citizensclimatelobby.org\/es\/empleos-combustibles-fosiles-versus-renovables\/\"]}]},{\"@type\":\"BreadcrumbList\",\"@id\":\"https:\/\/citizensclimatelobby.org\/es\/empleos-combustibles-fosiles-versus-renovables\/#breadcrumb\",\"itemListElement\":[{\"@type\":\"ListItem\",\"position\":1,\"name\":\"Home\",\"item\":\"https:\/\/citizensclimatelobby.org\/es\/\"},{\"@type\":\"ListItem\",\"position\":2,\"name\":\"Empleos &#8211; Los combustibles f\u00f3siles versus la energ\u00eda limpia\"}]},{\"@type\":\"WebSite\",\"@id\":\"https:\/\/citizensclimatelobby.org\/#website\",\"url\":\"https:\/\/citizensclimatelobby.org\/\",\"name\":\"Citizens&#039; Climate Lobby\",\"description\":\"Political will for a livable world\",\"publisher\":{\"@id\":\"https:\/\/citizensclimatelobby.org\/#organization\"},\"potentialAction\":[{\"@type\":\"SearchAction\",\"target\":{\"@type\":\"EntryPoint\",\"urlTemplate\":\"https:\/\/citizensclimatelobby.org\/?s={search_term_string}\"},\"query-input\":\"required name=search_term_string\"}],\"inLanguage\":\"es-ES\"},{\"@type\":\"Organization\",\"@id\":\"https:\/\/citizensclimatelobby.org\/#organization\",\"name\":\"Citizens' Climate Lobby\",\"url\":\"https:\/\/citizensclimatelobby.org\/\",\"logo\":{\"@type\":\"ImageObject\",\"inLanguage\":\"es-ES\",\"@id\":\"https:\/\/citizensclimatelobby.org\/#\/schema\/logo\/image\/\",\"url\":\"https:\/\/citizensclimatelobby.org\/wp-content\/uploads\/2017\/04\/CCL-Logo.png\",\"contentUrl\":\"https:\/\/citizensclimatelobby.org\/wp-content\/uploads\/2017\/04\/CCL-Logo.png\",\"width\":314,\"height\":201,\"caption\":\"Citizens' Climate Lobby\"},\"image\":{\"@id\":\"https:\/\/citizensclimatelobby.org\/#\/schema\/logo\/image\/\"},\"sameAs\":[\"https:\/\/www.facebook.com\/CitizensClimateLobby\/\",\"https:\/\/twitter.com\/citizensclimate\",\"https:\/\/www.instagram.com\/citizensclimate\/\",\"https:\/\/www.linkedin.com\/company\/citizens-climate-lobby\/\",\"https:\/\/www.youtube.com\/c\/CitizensClimateLobby\",\"https:\/\/en.wikipedia.org\/wiki\/Citizens_Climate_Lobby\"]}]}<\/script>\n<!-- \/ Yoast SEO Premium plugin. -->","yoast_head_json":{"title":"Empleos - Los combustibles f\u00f3siles versus la energ\u00eda limpia | Citizens&#039; Climate Lobby","description":"La historia sobre todo de los empleos es que la energ\u00eda renovable proporcionar\u00e1 m\u00e1s empleos, y con Dividendos Energ\u00e9ticos, har\u00e1 un aumento de empleo en otros sectores tambi\u00e9n.","robots":{"index":"noindex","follow":"follow"},"og_locale":"es_ES","og_type":"article","og_title":"Empleos - Los combustibles f\u00f3siles versus la energ\u00eda limpia","og_description":"La historia sobre todo de los empleos es que la energ\u00eda renovable proporcionar\u00e1 m\u00e1s empleos, y con Dividendos Energ\u00e9ticos, har\u00e1 un aumento de empleo en otros sectores tambi\u00e9n.","og_url":"https:\/\/citizensclimatelobby.org\/es\/empleos-combustibles-fosiles-versus-renovables\/","og_site_name":"Citizens&#039; Climate Lobby","article_publisher":"https:\/\/www.facebook.com\/CitizensClimateLobby\/","article_modified_time":"2021-07-20T13:13:48+00:00","og_image":[{"width":237,"height":200,"url":"https:\/\/citizensclimatelobby.org\/wp-content\/uploads\/2014\/10\/CCLFBLogo.jpg","type":"image\/jpeg"}],"twitter_card":"summary_large_image","twitter_site":"@citizensclimate","twitter_misc":{"Tiempo de lectura":"5 minutes"},"schema":{"@context":"https:\/\/schema.org","@graph":[{"@type":"WebPage","@id":"https:\/\/citizensclimatelobby.org\/es\/empleos-combustibles-fosiles-versus-renovables\/","url":"https:\/\/citizensclimatelobby.org\/es\/empleos-combustibles-fosiles-versus-renovables\/","name":"Empleos - Los combustibles f\u00f3siles versus la energ\u00eda limpia | Citizens&#039; Climate Lobby","isPartOf":{"@id":"https:\/\/citizensclimatelobby.org\/#website"},"datePublished":"2014-10-15T17:19:18+00:00","dateModified":"2021-07-20T13:13:48+00:00","description":"La historia sobre todo de los empleos es que la energ\u00eda renovable proporcionar\u00e1 m\u00e1s empleos, y con Dividendos Energ\u00e9ticos, har\u00e1 un aumento de empleo en otros sectores tambi\u00e9n.","breadcrumb":{"@id":"https:\/\/citizensclimatelobby.org\/es\/empleos-combustibles-fosiles-versus-renovables\/#breadcrumb"},"inLanguage":"es-ES","potentialAction":[{"@type":"ReadAction","target":["https:\/\/citizensclimatelobby.org\/es\/empleos-combustibles-fosiles-versus-renovables\/"]}]},{"@type":"BreadcrumbList","@id":"https:\/\/citizensclimatelobby.org\/es\/empleos-combustibles-fosiles-versus-renovables\/#breadcrumb","itemListElement":[{"@type":"ListItem","position":1,"name":"Home","item":"https:\/\/citizensclimatelobby.org\/es\/"},{"@type":"ListItem","position":2,"name":"Empleos &#8211; Los combustibles f\u00f3siles versus la energ\u00eda limpia"}]},{"@type":"WebSite","@id":"https:\/\/citizensclimatelobby.org\/#website","url":"https:\/\/citizensclimatelobby.org\/","name":"Citizens&#039; Climate Lobby","description":"Political will for a livable world","publisher":{"@id":"https:\/\/citizensclimatelobby.org\/#organization"},"potentialAction":[{"@type":"SearchAction","target":{"@type":"EntryPoint","urlTemplate":"https:\/\/citizensclimatelobby.org\/?s={search_term_string}"},"query-input":"required name=search_term_string"}],"inLanguage":"es-ES"},{"@type":"Organization","@id":"https:\/\/citizensclimatelobby.org\/#organization","name":"Citizens' Climate Lobby","url":"https:\/\/citizensclimatelobby.org\/","logo":{"@type":"ImageObject","inLanguage":"es-ES","@id":"https:\/\/citizensclimatelobby.org\/#\/schema\/logo\/image\/","url":"https:\/\/citizensclimatelobby.org\/wp-content\/uploads\/2017\/04\/CCL-Logo.png","contentUrl":"https:\/\/citizensclimatelobby.org\/wp-content\/uploads\/2017\/04\/CCL-Logo.png","width":314,"height":201,"caption":"Citizens' Climate Lobby"},"image":{"@id":"https:\/\/citizensclimatelobby.org\/#\/schema\/logo\/image\/"},"sameAs":["https:\/\/www.facebook.com\/CitizensClimateLobby\/","https:\/\/twitter.com\/citizensclimate","https:\/\/www.instagram.com\/citizensclimate\/","https:\/\/www.linkedin.com\/company\/citizens-climate-lobby\/","https:\/\/www.youtube.com\/c\/CitizensClimateLobby","https:\/\/en.wikipedia.org\/wiki\/Citizens_Climate_Lobby"]}]}},"_links":{"self":[{"href":"https:\/\/citizensclimatelobby.org\/es\/wp-json\/wp\/v2\/pages\/26258"}],"collection":[{"href":"https:\/\/citizensclimatelobby.org\/es\/wp-json\/wp\/v2\/pages"}],"about":[{"href":"https:\/\/citizensclimatelobby.org\/es\/wp-json\/wp\/v2\/types\/page"}],"author":[{"embeddable":true,"href":"https:\/\/citizensclimatelobby.org\/es\/wp-json\/wp\/v2\/users\/50"}],"replies":[{"embeddable":true,"href":"https:\/\/citizensclimatelobby.org\/es\/wp-json\/wp\/v2\/comments?post=26258"}],"version-history":[{"count":0,"href":"https:\/\/citizensclimatelobby.org\/es\/wp-json\/wp\/v2\/pages\/26258\/revisions"}],"wp:featuredmedia":[{"embeddable":true,"href":"https:\/\/citizensclimatelobby.org\/es\/wp-json\/wp\/v2\/media\/23601"}],"wp:attachment":[{"href":"https:\/\/citizensclimatelobby.org\/es\/wp-json\/wp\/v2\/media?parent=26258"}],"curies":[{"name":"wp","href":"https:\/\/api.w.org\/{rel}","templated":true}]}}