{"id":27176,"date":"2018-03-08T01:17:11","date_gmt":"2018-03-08T01:17:11","guid":{"rendered":"https:\/\/stageccl.wpengine.com\/info-session-complete\/"},"modified":"2018-03-19T18:59:26","modified_gmt":"2018-03-19T18:59:26","slug":"sesion-informativa-cumplida","status":"publish","type":"page","link":"https:\/\/citizensclimatelobby.org\/es\/sesion-informativa-cumplida\/","title":{"rendered":"Sesi\u00f3n Informativa Cumplida"},"content":{"rendered":"<p>[spb_column width=&#8221;1\/1&#8243; el_position=&#8221;first last&#8221;] [spb_text_block pb_margin_bottom=&#8221;no&#8221; pb_border_bottom=&#8221;no&#8221; width=&#8221;1\/1&#8243; el_position=&#8221;first last&#8221;]\n<div class=\"notify\" align=\"center\">\n<h3 style=\"text-align: center;margin-top: 35px\">D\u00e9janos saber una vez que hayas mirado o escuchado la Sesi\u00f3n Informativa y te ayudaremos con el pr\u00f3ximo paso.<\/h3>\n<style>.wForm form{text-align: left;}<\/style><!-- FORM: HEAD SECTION -->\n    <meta http-equiv=\"Content-Type\" content=\"text\/html; charset=utf-8\" \/>\n    <meta name=\"referrer\" content=\"no-referrer-when-downgrade\">\n    <!-- THIS SCRIPT NEEDS TO BE LOADED FIRST BEFORE wforms.js -->\n    <script type=\"text\/javascript\" data-for=\"FA__DOMContentLoadedEventDispatch\" src=\"https:\/\/www.tfaforms.com\/js\/FA__DOMContentLoadedEventDispatcher.js\" defer><\/script>\n        <script type=\"text\/javascript\">\n        document.addEventListener(\"FA__DOMContentLoaded\", function(){\n            const FORM_TIME_START = Math.floor((new Date).getTime()\/1000);\n            let formElement = document.getElementById(\"tfa_0\");\n            if (null === formElement) {\n                formElement = document.getElementById(\"0\");\n            }\n            let appendJsTimerElement = function(){\n                let formTimeDiff = Math.floor((new Date).getTime()\/1000) - FORM_TIME_START;\n                let cumulatedTimeElement = document.getElementById(\"tfa_dbCumulatedTime\");\n                if (null !== cumulatedTimeElement) {\n                    let cumulatedTime = parseInt(cumulatedTimeElement.value);\n                    if (null !== cumulatedTime && cumulatedTime > 0) {\n                        formTimeDiff += cumulatedTime;\n                    }\n                }\n                let jsTimeInput = document.createElement(\"input\");\n                jsTimeInput.setAttribute(\"type\", \"hidden\");\n                jsTimeInput.setAttribute(\"value\", formTimeDiff.toString());\n                jsTimeInput.setAttribute(\"name\", \"tfa_dbElapsedJsTime\");\n                jsTimeInput.setAttribute(\"id\", \"tfa_dbElapsedJsTime\");\n                jsTimeInput.setAttribute(\"autocomplete\", \"off\");\n                if (null !== formElement) {\n                    formElement.appendChild(jsTimeInput);\n                }\n            };\n            if (null !== formElement) {\n                if(formElement.addEventListener){\n                    formElement.addEventListener('submit', appendJsTimerElement, false);\n                } else if(formElement.attachEvent){\n                    formElement.attachEvent('onsubmit', appendJsTimerElement);\n                }\n            }\n        });\n    <\/script>\n\n    <link href=\"https:\/\/www.tfaforms.com\/form-builder\/4.4.0\/css\/wforms-layout.css?v=1776170465\" rel=\"stylesheet\" type=\"text\/css\" \/>\n\n    <!--[if IE 8]>\n    <link href=\"https:\/\/www.tfaforms.com\/form-builder\/4.4.0\/css\/wforms-layout-ie8.css\" rel=\"stylesheet\" type=\"text\/css\" \/>\n    <![endif]-->\n    <!--[if IE 7]>\n    <link href=\"https:\/\/www.tfaforms.com\/form-builder\/4.4.0\/css\/wforms-layout-ie7.css\" rel=\"stylesheet\" type=\"text\/css\" \/>\n    <![endif]-->\n    <!--[if IE 6]>\n    <link href=\"https:\/\/www.tfaforms.com\/form-builder\/4.4.0\/css\/wforms-layout-ie6.css\" rel=\"stylesheet\" type=\"text\/css\" \/>\n    <![endif]-->\n    <link href=\"https:\/\/www.tfaforms.com\/themes\/get\/default\" rel=\"stylesheet\" type=\"text\/css\" \/>\n    <link href=\"https:\/\/www.tfaforms.com\/form-builder\/4.4.0\/css\/wforms-jsonly.css?v=1776170465\" rel=\"alternate stylesheet\" title=\"This stylesheet activated by javascript\" type=\"text\/css\" \/>\n    <script type=\"text\/javascript\" src=\"https:\/\/www.tfaforms.com\/wForms\/3.10\/js\/wforms.js?v=1776170465\"><\/script>\n    <script type=\"text\/javascript\">\n        if(wFORMS.behaviors.prefill) wFORMS.behaviors.prefill.skip = true;\n    <\/script>\n    <script type=\"text\/javascript\" src=\"https:\/\/www.tfaforms.com\/wForms\/3.10\/js\/localization-en_US.js?v=1776170465\"><\/script>\n\n<!-- FORM: BODY SECTION -->\n<div class=\"wFormContainer\" style=\"max-width: 300px; width: auto;\">\n    <style type=\"text\/css\">\n                #tfa_2,\n                *[id^=\"tfa_2[\"] {\n                    width: 92px !important;\n                }\n                #tfa_2-D,\n                *[id^=\"tfa_2[\"][class~=\"field-container-D\"] {\n                    width: auto !important;\n                }\n            \n                #tfa_3,\n                *[id^=\"tfa_3[\"] {\n                    width: 96px !important;\n                }\n                #tfa_3-D,\n                *[id^=\"tfa_3[\"][class~=\"field-container-D\"] {\n                    width: auto !important;\n                }\n            \n                #tfa_1,\n                *[id^=\"tfa_1[\"] {\n                    width: 212px !important;\n                }\n                #tfa_1-D,\n                *[id^=\"tfa_1[\"][class~=\"field-container-D\"] {\n                    width: auto !important;\n                }\n            \n                #tfa_10,\n                *[id^=\"tfa_10[\"] {\n                    width: 212px !important;\n                }\n                #tfa_10-D,\n                *[id^=\"tfa_10[\"][class~=\"field-container-D\"] {\n                    width: auto !important;\n                }\n            <\/style><div class=\"\"><div class=\"wForm\" id=\"tfa_0-WRPR\" dir=\"ltr\">\n<div class=\"codesection\" id=\"code-tfa_0\">\n\n<style type=\"text\/css\">\n  \n\n  .page-content .wForm .actions::after{\n    content:\"\"; \n  }\n    #tfa_3 {\nwidth:125px !important;\n}\n      #tfa_2 {\nwidth:125px !important;\n}\n        #tfa_1 {\nwidth:256px !important;\n}\n          #tfa_10 {\nwidth:256px !important;\n}\n  #submit_button {\n    width:100%;\n  }\n  .wFormContainer .supportInfo {\n    display:none;\n  }\n<\/style>\n<\/div>\n<h3 class=\"wFormTitle\" id=\"tfa_0-T\">Spanish - watched or listened email phone<\/h3>\n<form method=\"post\" action=\"https:\/\/www.tfaforms.com\/api_v2\/rest\/workflow\/processor\" class=\"hintsBelow labelsAbove\" id=\"tfa_0\">\n<div id=\"tfa_4\" class=\"section group\"><div id=\"tfa_5\" class=\"section inline group\">\n<div class=\"oneField field-container-D  labelsRemoved  \" id=\"tfa_2-D\"><div class=\"inputWrapper\"><input type=\"text\" id=\"tfa_2\" name=\"tfa_2\" value=\"\" placeholder=\"Nombre\" aria-required=\"true\" title=\"First Name\" class=\"required\"><\/div><\/div>\n<div class=\"oneField field-container-D  labelsRemoved  \" id=\"tfa_3-D\"><div class=\"inputWrapper\"><input type=\"text\" id=\"tfa_3\" name=\"tfa_3\" value=\"\" placeholder=\"Apellido\" aria-required=\"true\" title=\"Last Name\" class=\"required\"><\/div><\/div>\n<\/div><\/div>\n<div class=\"oneField field-container-D  labelsRemoved  \" id=\"tfa_1-D\"><div class=\"inputWrapper\"><input type=\"text\" id=\"tfa_1\" name=\"tfa_1\" value=\"\" placeholder=\"Correo electr\u00f3nico\" aria-required=\"true\" title=\"Email Address\" class=\"validate-email required\"><\/div><\/div>\n<div class=\"oneField field-container-D  labelsRemoved  \" id=\"tfa_10-D\"><div class=\"inputWrapper\"><input type=\"text\" id=\"tfa_10\" name=\"tfa_10\" value=\"\" placeholder=\"C\u00f3digo postal\" aria-required=\"true\" title=\"Zipcode\" class=\"required\"><\/div><\/div>\n<div class=\"actions\" id=\"tfa_0-A\"><input type=\"submit\" data-label=\"\u00a1S\u00ed, la he mirado o escuchado!\" class=\"primaryAction\" id=\"submit_button\" value=\"\u00a1S\u00ed, la he mirado o escuchado!\"><\/div>\n<div style=\"clear:both\"><\/div>\n<input type=\"hidden\" value=\"809-c418582e7e5e5387faf7ce2e54f613ac\" name=\"tfa_dbCounters\" id=\"tfa_dbCounters\" autocomplete=\"off\"><input type=\"hidden\" value=\"4666174\" name=\"tfa_dbFormId\" id=\"tfa_dbFormId\"><input type=\"hidden\" value=\"\" name=\"tfa_dbResponseId\" id=\"tfa_dbResponseId\"><input type=\"hidden\" value=\"e9daed292976866829bd1d92314c6d38\" name=\"tfa_dbControl\" id=\"tfa_dbControl\"><input type=\"hidden\" value=\"\" name=\"tfa_dbWorkflowSessionUuid\" id=\"tfa_dbWorkflowSessionUuid\"><input type=\"hidden\" value=\"1776170465\" name=\"tfa_dbTimeStarted\" id=\"tfa_dbTimeStarted\" autocomplete=\"off\"><input type=\"hidden\" value=\"1\" name=\"tfa_dbVersionId\" id=\"tfa_dbVersionId\"><input type=\"hidden\" value=\"\" name=\"tfa_switchedoff\" id=\"tfa_switchedoff\">\n<\/form>\n<\/div><\/div>\n<div class=\"wFormFooter\">\n  <p class=\"supportInfo\" >\n        <a href=\"https:\/\/www.tfaforms.com\/forms\/help\/4666174\" target=\"new\" data-testid=\"contact-info-link\"\n       style=\"font-size: 0.7em;\"  >\n      Need assistance with this form?    <\/a>\n  <\/p>\n <\/div>\n<\/div>\n\n<p style=\"text-align: center;line-height: 1.1em;font-size: 60%\">Al hacer clic en el bot\u00f3n arriba, usted da permiso a <a title=\"Citizens' Climate, 1330 Orange Ave #300,Coronado, CA 92118, 619-437-7142\">Ciudadanos por un Clima Vivible\/Citizens Climate Lobby (CCL) y Educaci\u00f3n Ciudadana por el Clima\/Citizens\u2019 Climate Education (CCE)<\/a> para mandarle correos electr\u00f3nicos, incluyendo informaci\u00f3n sobre CCL\/CCE y c\u00f3mo usted puede ser un voluntario y apoyar a nuestro trabajo. Puede salir de la lista en cualquier momento por mandar un correo a unsubscribe@climavivible.org.<br \/>\n<a href=\"\/?page_id=8894\" target=\"_blank\" rel=\"noopener\">Pol\u00edtica de Privacidad<\/a><\/p>\n<\/div>\n[\/spb_text_block] [\/spb_column]<\/p>\n","protected":false},"excerpt":{"rendered":"<p>[spb_column width=&#8221;1\/1&#8243; el_position=&#8221;first last&#8221;] [spb_text_block pb_margin_bottom=&#8221;no&#8221; pb_border_bottom=&#8221;no&#8221; width=&#8221;1\/1&#8243; el_position=&#8221;first last&#8221;] D\u00e9janos saber una vez que hayas mirado o escuchado la Sesi\u00f3n Informativa y te ayudaremos con el pr\u00f3ximo paso. Al hacer clic en el bot\u00f3n arriba, usted da permiso a Ciudadanos por un Clima Vivible\/Citizens Climate Lobby (CCL) y Educaci\u00f3n Ciudadana por el Clima\/Citizens\u2019 Climate Education (CCE) para mandarle correos [&hellip;]<\/p>\n","protected":false},"author":20,"featured_media":0,"parent":0,"menu_order":8,"comment_status":"closed","ping_status":"closed","template":"","meta":{"footnotes":""},"acf":[],"yoast_head":"<!-- This site is optimized with the Yoast SEO Premium plugin v21.3 (Yoast SEO v21.3) - https:\/\/yoast.com\/wordpress\/plugins\/seo\/ -->\n<title>Sesi\u00f3n Informativa Cumplida | Citizens&#039; Climate Lobby<\/title>\n<meta name=\"robots\" content=\"noindex, nofollow\" \/>\n<meta property=\"og:locale\" content=\"es_ES\" \/>\n<meta property=\"og:type\" content=\"article\" \/>\n<meta property=\"og:title\" content=\"Sesi\u00f3n Informativa Cumplida\" \/>\n<meta property=\"og:description\" content=\"[spb_column width=&#8221;1\/1&#8243; el_position=&#8221;first last&#8221;] [spb_text_block pb_margin_bottom=&#8221;no&#8221; pb_border_bottom=&#8221;no&#8221; width=&#8221;1\/1&#8243; el_position=&#8221;first last&#8221;] D\u00e9janos saber una vez que hayas mirado o escuchado la Sesi\u00f3n Informativa y te ayudaremos con el pr\u00f3ximo paso. Al hacer clic en el bot\u00f3n arriba, usted da permiso a Ciudadanos por un Clima Vivible\/Citizens Climate Lobby (CCL) y Educaci\u00f3n Ciudadana por el Clima\/Citizens\u2019 Climate Education (CCE) para mandarle correos [&hellip;]\" \/>\n<meta property=\"og:url\" content=\"https:\/\/citizensclimatelobby.org\/es\/sesion-informativa-cumplida\/\" \/>\n<meta property=\"og:site_name\" content=\"Citizens&#039; Climate Lobby\" \/>\n<meta property=\"article:publisher\" content=\"https:\/\/www.facebook.com\/CitizensClimateLobby\/\" \/>\n<meta property=\"article:modified_time\" content=\"2018-03-19T18:59:26+00:00\" \/>\n<meta name=\"twitter:card\" content=\"summary_large_image\" \/>\n<meta name=\"twitter:site\" content=\"@citizensclimate\" \/>\n<meta name=\"twitter:label1\" content=\"Tiempo de lectura\" \/>\n\t<meta name=\"twitter:data1\" content=\"1 minute\" \/>\n<script type=\"application\/ld+json\" class=\"yoast-schema-graph\">{\"@context\":\"https:\/\/schema.org\",\"@graph\":[{\"@type\":\"WebPage\",\"@id\":\"https:\/\/citizensclimatelobby.org\/es\/sesion-informativa-cumplida\/\",\"url\":\"https:\/\/citizensclimatelobby.org\/es\/sesion-informativa-cumplida\/\",\"name\":\"Sesi\u00f3n Informativa Cumplida | Citizens&#039; Climate Lobby\",\"isPartOf\":{\"@id\":\"https:\/\/citizensclimatelobby.org\/#website\"},\"datePublished\":\"2018-03-08T01:17:11+00:00\",\"dateModified\":\"2018-03-19T18:59:26+00:00\",\"breadcrumb\":{\"@id\":\"https:\/\/citizensclimatelobby.org\/es\/sesion-informativa-cumplida\/#breadcrumb\"},\"inLanguage\":\"es-ES\",\"potentialAction\":[{\"@type\":\"ReadAction\",\"target\":[\"https:\/\/citizensclimatelobby.org\/es\/sesion-informativa-cumplida\/\"]}]},{\"@type\":\"BreadcrumbList\",\"@id\":\"https:\/\/citizensclimatelobby.org\/es\/sesion-informativa-cumplida\/#breadcrumb\",\"itemListElement\":[{\"@type\":\"ListItem\",\"position\":1,\"name\":\"Home\",\"item\":\"https:\/\/citizensclimatelobby.org\/es\/\"},{\"@type\":\"ListItem\",\"position\":2,\"name\":\"Sesi\u00f3n Informativa Cumplida\"}]},{\"@type\":\"WebSite\",\"@id\":\"https:\/\/citizensclimatelobby.org\/#website\",\"url\":\"https:\/\/citizensclimatelobby.org\/\",\"name\":\"Citizens&#039; Climate Lobby\",\"description\":\"Political will for a livable world\",\"publisher\":{\"@id\":\"https:\/\/citizensclimatelobby.org\/#organization\"},\"potentialAction\":[{\"@type\":\"SearchAction\",\"target\":{\"@type\":\"EntryPoint\",\"urlTemplate\":\"https:\/\/citizensclimatelobby.org\/?s={search_term_string}\"},\"query-input\":\"required name=search_term_string\"}],\"inLanguage\":\"es-ES\"},{\"@type\":\"Organization\",\"@id\":\"https:\/\/citizensclimatelobby.org\/#organization\",\"name\":\"Citizens' Climate Lobby\",\"url\":\"https:\/\/citizensclimatelobby.org\/\",\"logo\":{\"@type\":\"ImageObject\",\"inLanguage\":\"es-ES\",\"@id\":\"https:\/\/citizensclimatelobby.org\/#\/schema\/logo\/image\/\",\"url\":\"https:\/\/citizensclimatelobby.org\/wp-content\/uploads\/2017\/04\/CCL-Logo.png\",\"contentUrl\":\"https:\/\/citizensclimatelobby.org\/wp-content\/uploads\/2017\/04\/CCL-Logo.png\",\"width\":314,\"height\":201,\"caption\":\"Citizens' Climate Lobby\"},\"image\":{\"@id\":\"https:\/\/citizensclimatelobby.org\/#\/schema\/logo\/image\/\"},\"sameAs\":[\"https:\/\/www.facebook.com\/CitizensClimateLobby\/\",\"https:\/\/twitter.com\/citizensclimate\",\"https:\/\/www.instagram.com\/citizensclimate\/\",\"https:\/\/www.linkedin.com\/company\/citizens-climate-lobby\/\",\"https:\/\/www.youtube.com\/c\/CitizensClimateLobby\",\"https:\/\/en.wikipedia.org\/wiki\/Citizens_Climate_Lobby\"]}]}<\/script>\n<!-- \/ Yoast SEO Premium plugin. -->","yoast_head_json":{"title":"Sesi\u00f3n Informativa Cumplida | Citizens&#039; Climate Lobby","robots":{"index":"noindex","follow":"nofollow"},"og_locale":"es_ES","og_type":"article","og_title":"Sesi\u00f3n Informativa Cumplida","og_description":"[spb_column width=&#8221;1\/1&#8243; el_position=&#8221;first last&#8221;] [spb_text_block pb_margin_bottom=&#8221;no&#8221; pb_border_bottom=&#8221;no&#8221; width=&#8221;1\/1&#8243; el_position=&#8221;first last&#8221;] D\u00e9janos saber una vez que hayas mirado o escuchado la Sesi\u00f3n Informativa y te ayudaremos con el pr\u00f3ximo paso. Al hacer clic en el bot\u00f3n arriba, usted da permiso a Ciudadanos por un Clima Vivible\/Citizens Climate Lobby (CCL) y Educaci\u00f3n Ciudadana por el Clima\/Citizens\u2019 Climate Education (CCE) para mandarle correos [&hellip;]","og_url":"https:\/\/citizensclimatelobby.org\/es\/sesion-informativa-cumplida\/","og_site_name":"Citizens&#039; Climate Lobby","article_publisher":"https:\/\/www.facebook.com\/CitizensClimateLobby\/","article_modified_time":"2018-03-19T18:59:26+00:00","twitter_card":"summary_large_image","twitter_site":"@citizensclimate","twitter_misc":{"Tiempo de lectura":"1 minute"},"schema":{"@context":"https:\/\/schema.org","@graph":[{"@type":"WebPage","@id":"https:\/\/citizensclimatelobby.org\/es\/sesion-informativa-cumplida\/","url":"https:\/\/citizensclimatelobby.org\/es\/sesion-informativa-cumplida\/","name":"Sesi\u00f3n Informativa Cumplida | Citizens&#039; Climate Lobby","isPartOf":{"@id":"https:\/\/citizensclimatelobby.org\/#website"},"datePublished":"2018-03-08T01:17:11+00:00","dateModified":"2018-03-19T18:59:26+00:00","breadcrumb":{"@id":"https:\/\/citizensclimatelobby.org\/es\/sesion-informativa-cumplida\/#breadcrumb"},"inLanguage":"es-ES","potentialAction":[{"@type":"ReadAction","target":["https:\/\/citizensclimatelobby.org\/es\/sesion-informativa-cumplida\/"]}]},{"@type":"BreadcrumbList","@id":"https:\/\/citizensclimatelobby.org\/es\/sesion-informativa-cumplida\/#breadcrumb","itemListElement":[{"@type":"ListItem","position":1,"name":"Home","item":"https:\/\/citizensclimatelobby.org\/es\/"},{"@type":"ListItem","position":2,"name":"Sesi\u00f3n Informativa Cumplida"}]},{"@type":"WebSite","@id":"https:\/\/citizensclimatelobby.org\/#website","url":"https:\/\/citizensclimatelobby.org\/","name":"Citizens&#039; Climate Lobby","description":"Political will for a livable world","publisher":{"@id":"https:\/\/citizensclimatelobby.org\/#organization"},"potentialAction":[{"@type":"SearchAction","target":{"@type":"EntryPoint","urlTemplate":"https:\/\/citizensclimatelobby.org\/?s={search_term_string}"},"query-input":"required name=search_term_string"}],"inLanguage":"es-ES"},{"@type":"Organization","@id":"https:\/\/citizensclimatelobby.org\/#organization","name":"Citizens' Climate Lobby","url":"https:\/\/citizensclimatelobby.org\/","logo":{"@type":"ImageObject","inLanguage":"es-ES","@id":"https:\/\/citizensclimatelobby.org\/#\/schema\/logo\/image\/","url":"https:\/\/citizensclimatelobby.org\/wp-content\/uploads\/2017\/04\/CCL-Logo.png","contentUrl":"https:\/\/citizensclimatelobby.org\/wp-content\/uploads\/2017\/04\/CCL-Logo.png","width":314,"height":201,"caption":"Citizens' Climate Lobby"},"image":{"@id":"https:\/\/citizensclimatelobby.org\/#\/schema\/logo\/image\/"},"sameAs":["https:\/\/www.facebook.com\/CitizensClimateLobby\/","https:\/\/twitter.com\/citizensclimate","https:\/\/www.instagram.com\/citizensclimate\/","https:\/\/www.linkedin.com\/company\/citizens-climate-lobby\/","https:\/\/www.youtube.com\/c\/CitizensClimateLobby","https:\/\/en.wikipedia.org\/wiki\/Citizens_Climate_Lobby"]}]}},"_links":{"self":[{"href":"https:\/\/citizensclimatelobby.org\/es\/wp-json\/wp\/v2\/pages\/27176"}],"collection":[{"href":"https:\/\/citizensclimatelobby.org\/es\/wp-json\/wp\/v2\/pages"}],"about":[{"href":"https:\/\/citizensclimatelobby.org\/es\/wp-json\/wp\/v2\/types\/page"}],"author":[{"embeddable":true,"href":"https:\/\/citizensclimatelobby.org\/es\/wp-json\/wp\/v2\/users\/20"}],"replies":[{"embeddable":true,"href":"https:\/\/citizensclimatelobby.org\/es\/wp-json\/wp\/v2\/comments?post=27176"}],"version-history":[{"count":0,"href":"https:\/\/citizensclimatelobby.org\/es\/wp-json\/wp\/v2\/pages\/27176\/revisions"}],"wp:attachment":[{"href":"https:\/\/citizensclimatelobby.org\/es\/wp-json\/wp\/v2\/media?parent=27176"}],"curies":[{"name":"wp","href":"https:\/\/api.w.org\/{rel}","templated":true}]}}