{"id":27364,"date":"2014-10-27T22:25:13","date_gmt":"2014-10-27T22:25:13","guid":{"rendered":"https:\/\/stageccl.wpengine.com\/privacy-policy\/"},"modified":"2018-05-08T21:10:39","modified_gmt":"2018-05-08T21:10:39","slug":"politica-de-privacidad","status":"publish","type":"page","link":"https:\/\/citizensclimatelobby.org\/es\/politica-de-privacidad\/","title":{"rendered":"Pol\u00edtica de privacidad"},"content":{"rendered":"<div class=\"container\">\n<p><strong>Pol\u00edtica de Privacidad<\/strong><\/p>\n<p><em>Su privacidad nos importa mucho. En Ciudadanos por un Clima Vivible (Citizens\u2019 Climate Lobby) y Educaci\u00f3n Ciudadana por el Clima (Citizens\u2019 Climate Education), tenemos principios fundamentales.<\/em><\/p>\n<p>Educaci\u00f3n Ciudadana por el Clima (Citizens\u2019 Climate Education (\u201cCCE\u201d)) y Ciudadanos por un Clima Vivible (Citizens\u2019 Climate Lobby (\u201cCCL\u201d)) (llamadas colectivamente \u201cCitizens\u2019 Climate\u201d or \u201cCC\u201d) operan varios sitios web incluyendo climavivible.org, citizensclimatelobby.org, community.citizensclimatelobby.org y donate.citizensclimateeducationcorp.org.<\/p>\n<p><strong>Visitantes a los sitios web<\/strong><\/p>\n<p>Igual como la mayor\u00eda de operadores de sitios web, CC colecta informaci\u00f3n no personalmente identificable &#8211; informaci\u00f3n que servidores y navegadores del internet t\u00edpicamente hacen disponible, como el tipo de navegador, la preferencia del idioma, el sitio de referencia, y la fecha y hora de cada solicitaci\u00f3n de usuario. Al colectar informaci\u00f3n no personalmente identificable, el prop\u00f3sito de CC es mejor entender c\u00f3mo los visitantes usan los sitios web de CC. De vez en cuando, CC podr\u00e1 utilizar informaci\u00f3n no personalmente identificable en agregaci\u00f3n, por ejemplo, por reportar internamente sobre las tendencias en el uso de sus sitios web.<\/p>\n<p>CC tambi\u00e9n colecta informaci\u00f3n personalmente identificable como la direcci\u00f3n del Protocolo de Internet (Internet Protocol (IP)) para los usuarios registrados y para usuarios que hagan comentarios o que publiquen cualquier contenido. CC solamente revela las direcciones IP de los usuarios registrados y los comentadores como descrito abajo, bajo las mismas circunstancias que utiliza y revela la informaci\u00f3n personalmente identificable.<\/p>\n<p><strong>El control de la informaci\u00f3n personalmente identificable<\/strong><\/p>\n<p>Visitantes a los sitios web de CC podr\u00e1n elegir a interactuar con CC en maneras que requieren la recolecci\u00f3n por parte de CC de informaci\u00f3n personalmente identificable. La cantidad y clase de informaci\u00f3n que recolecta CC depende en la naturaleza de la interacci\u00f3n. Por ejemplo, pedimos de los visitantes que se inscriben en Community que proporcionen un nombre de usuario, correo electr\u00f3nico, pa\u00eds, ciudad, et etc\u00e9tera. De las personas que completan transacciones con CC \u2013 las donaciones, por ejemplo \u2013 pedimos informaci\u00f3n adicional, incluyendo como necesario la informaci\u00f3n personal y financiera requerida para procesar esas transacciones. En todos los casos, CC recolecta solamente la informaci\u00f3n necesaria o apropiada para cumplir con el prop\u00f3sito de la interacci\u00f3n entre el visitante y CC. CC no revela la informaci\u00f3n personalmente identificable afuera de como descrito abajo.<\/p>\n<p class=\"western\">CCL rec<span lang=\"en-US\">opila<\/span> y <span lang=\"en-US\">procesa<\/span> la informaci\u00f3n personalmente identificable de un individuo solo con el permiso de esa persona. Individuos siempre pueden negar de proporcionar informaci\u00f3n personalmente identificable, o pueden retractar su permiso anteriormente dado para tratar tal informaci\u00f3n, con el entendimiento de que pueda prevenirle de participar en ciertas actividades basadas en el sitio web para las cuales su informaci\u00f3n personalmente identificable es necesaria.<\/p>\n<\/div>\n<div class=\"container\">\n<p>Adicionalmente, CC recolecta informaci\u00f3n personalmente identificable y monitoriza el uso del sitio para que los visitantes que llegan al sitio solo hagan \u201cclic\u201d en un correo electr\u00f3nico. Utilizaremos esta informaci\u00f3n para proporcionar una mejor experiencia para nuestros usuarios y voluntarios. Por ejemplo, podemos asegurar que los correos (y el posible contenido del sitio) sean personalizados para usted, y as\u00ed no ser\u00e1 solicitado tomar acciones que ya ha tomado o que sean inapropiados para usted. Utilizamos esta informaci\u00f3n para darle oportunidades de educaci\u00f3n y capacitaci\u00f3n que sean las m\u00e1s aptas para sus necesidades.<\/p>\n<p class=\"western\"><strong><span lang=\"en-US\">Ot<\/span><\/strong><strong><span lang=\"es-ES\">ros usos de su informaci\u00f3n personal<\/span><\/strong><\/p>\n<p class=\"western\">Otras maneras con las cuales CC podr\u00eda utilizar su informaci\u00f3n personalmente identificable incluyen:<\/p>\n<ul>\n<li>Para procesar su membres\u00eda<\/li>\n<li>Para apoyar solicitudes de reclutamiento<\/li>\n<li>Para dar informes basados en la informaci\u00f3n recopilada a l\u00edderes locales<\/li>\n<li>Para mantenerle al tanto con los \u00faltimos anuncios y otra informaci\u00f3n<\/li>\n<li>Para dar apoyo y asistencia<\/li>\n<li>Para hacerlo posible crear perfiles personales y ver contenido protegido<\/li>\n<li>Para recibir retroalimentaci\u00f3n del cliente y dar apoyo<\/li>\n<li>Para ofrecer encuestas voluntarias, mejor para entender nuestros miembros<\/li>\n<li>Para conocerle mejor a usted, para que podamos personalizar los boletines y los sitios web seg\u00fan sus preferencias<\/li>\n<li>Para proporcionar informaci\u00f3n sobre su solicitud a otros individuos internos, por ejemplo un l\u00edder de un cap\u00edtulo<\/li>\n<\/ul>\n<p><strong>Estad\u00edsticas agregadas<\/strong><\/p>\n<p>CC may collect stCC podr\u00e1 recolectar estad\u00edsticas sobre el comportamiento de visitantes a sus sitios web.<\/p>\n<p>Estas estad\u00edsticas son utilizadas solamente para apoyar decisiones sobre el dise\u00f1o del sitio y la experiencia del usuario; no son guardadas en nuestros servidores; y no contienen ninguna informaci\u00f3n personalmente identificable. Estas estad\u00edsticas son estrictamente para uso interno y nunca son publicadas ni compartidas con nadie afuera de CC.<\/p>\n<p><strong>La protecci\u00f3n de cierta informaci\u00f3n de identidicaci\u00f3n<\/strong><\/p>\n<p>CCL y CCE trabajan conjuntamente, incluyendo la operaci\u00f3n en conjunto de ciertos sitios web. Como resultado, la informaci\u00f3n recolectada por CCL o por CCE podr\u00e1 ser compartida con otra entidad sin notificarle a usted. Tanto CCL como CCE obedece esta pol\u00edtica de privacidad compartida, y honrar\u00e1 una sola exclusi\u00f3n si usted desea que no retengamos su informaci\u00f3n personalmente identificable.<\/p>\n<p>Adem\u00e1s de eso, CC revela informaci\u00f3n personalmente identificable y potencialmente personalmente identificable solamente a sus empleados y contratistas que necesitan saber esa informaci\u00f3n para procesarla de parte de CC o para proporcionar servicios disponibles en los sitios web de CC.\u00a0<span lang=\"en-US\">Los servicios <\/span><span lang=\"es-ES\">prove\u00eddos<\/span><span lang=\"en-US\"> por estos contratistas <\/span><span lang=\"es-ES\">externos<\/span><span lang=\"en-US\"> incluye la <\/span><span lang=\"es-ES\">mercadotecnia, <\/span><span lang=\"en-US\">la<\/span><span lang=\"es-ES\"> gesti\u00f3n de las <\/span><span lang=\"en-US\">relaci\u00f3n<\/span><span lang=\"es-ES\">es<\/span><span lang=\"en-US\"> con clientes <\/span><span lang=\"es-ES\">y<\/span><span lang=\"en-US\"> donaciones, <\/span><span lang=\"es-ES\">el <\/span><span lang=\"en-US\">almacenamiento de datos, <\/span><span lang=\"es-ES\">el <\/span><span lang=\"en-US\">an\u00e1lisis de <\/span><span lang=\"es-ES\">los <\/span><span lang=\"en-US\">sitios web y <\/span><span lang=\"es-ES\">los <\/span><span lang=\"en-US\">servicios de comunicaci\u00f3n <\/span><span lang=\"es-ES\">y <\/span><span lang=\"en-US\">contacto con cliente<\/span><span lang=\"es-ES\">s<\/span><span lang=\"en-US\">, entre otros.<\/span> Algunos de esos empleados y contratistas podr\u00e1n ser ubicados fuera de su pa\u00eds; al usar los sitios web de CC, usted da permiso para la transferencia de tal informaci\u00f3n con ellos.\u00a0<span lang=\"en-US\">En particular, los usuarios <\/span><span lang=\"es-ES\">en<\/span><span lang=\"en-US\"> la Uni\u00f3n Europea deben ser conscientes de que sus datos ser\u00e1n transferidos a los Estados Unidos y que la Comisi\u00f3n Europea no ha <\/span><span lang=\"es-ES\">determinado<\/span><span lang=\"en-US\"> que la<\/span><span lang=\"es-ES\">s<\/span><span lang=\"en-US\"> ley<\/span><span lang=\"es-ES\">es<\/span><span lang=\"en-US\"> de los Estados Unidos proteja<\/span><span lang=\"es-ES\">n<\/span><span lang=\"en-US\"> adecuadamente los derechos de los sujetos de datos. <\/span><\/p>\n<p>CC tambi\u00e9n comparte informaci\u00f3n personalmente identificable y datos sobre el uso del sitio con nuestros L\u00edderes de Grupos, Coordinadores Regionales, Coordinadores Estatales, y otros voluntarios en posiciones de liderazgo, para que puedan apoyar nuestra conexi\u00f3n y compromiso con nuestros seguidores y voluntarios. Por ejemplo, podremos informarles cuando alguien en su regi\u00f3n ha completado un programa educacional, o cuando un nuevo contacto nos parece entusiasmado para participar y merece una conexi\u00f3n m\u00e1s personal. CC no alquilar\u00e1 o vendr\u00e1 informaci\u00f3n personalmente identificable o potencialmente personalmente identificable a cualquier tercera parte. Adem\u00e1s de sus empleados, voluntarios y contratistas, como descrito arriba, CC revela informaci\u00f3n personalmente identificable o potencialmente personalmente identificable solamente para cumplir con una citaci\u00f3n, mandato judicial u otro pedido gubernamental, o cuando CC piensa de buena fe que la revelaci\u00f3n sea razonablemente necesaria para proteger la propiedad o derechos de CC, terceras partes o el p\u00fablico en general.<\/p>\n<p>Si usted participa en el programa Anfitri\u00f3n por el Clima en Washington, DC, la informaci\u00f3n que usted env\u00eda a trav\u00e9s de nuestro formulario Google ser\u00e1 agregada a una hoja de c\u00e1lculo que ser\u00e1 disponible a posibles hu\u00e9spedes buscando hospedaje. Si usted est\u00e1 buscando hospedaje y entra su informaci\u00f3n en esa hoja de c\u00e1lculo, la informaci\u00f3n tambi\u00e9n ser\u00e1 visible a otros usuarios inscritos en Community. Solamente usuarios inscritos (tambi\u00e9n como CC y sus empleados y contratistas) tendr\u00e1n acceso a esta informaci\u00f3n. Mientras CC pretende que esta informaci\u00f3n sea utilizada solamente para comunicaciones acerca de hospedaje compartido, CC no puede controlar c\u00f3mo otros usuarios podr\u00edan utilizar su informaci\u00f3n una vez que usted se la proporcione.<\/p>\n<p class=\"western\"><span lang=\"en-US\">En todos los casos, los datos se almacenar\u00e1n s\u00f3lo durante el tiempo que sea necesario para <\/span><span lang=\"en-US\">los<\/span><span lang=\"en-US\"> fin<\/span><span lang=\"en-US\">es<\/span><span lang=\"en-US\"> p<\/span><span lang=\"en-US\">or lo<\/span><span lang=\"en-US\">s <\/span><span lang=\"en-US\">cuales se <\/span><span lang=\"en-US\">recopila<\/span><span lang=\"en-US\">ron.<\/span><\/p>\n<p><strong>La exclusi\u00f3n voluntaria de las comunicaciones de CC <\/strong><\/p>\n<p><span style=\"text-decoration: underline\">La exclusi\u00f3n de correo electr\u00f3nico<\/span><br \/>\nSi usted es un usuario inscrito en un sitio web de CC y usted ha proporcionado su direcci\u00f3n de correo electr\u00f3nico, CC podr\u00e1 ocasionalmente enviarle para avisarle de nuevas funciones, solicitarle su opini\u00f3n, o ponerle al d\u00eda con las actividades de CC. Todos los mensajes enviados por CC incluyen informaci\u00f3n sobre c\u00f3mo excluirse r\u00e1pidamente y f\u00e1cilmente a trav\u00e9s de un sistema autom\u00e1tico. Adicionalmente, si en cualquier momento usted desea excluirse de recibir comunicaciones de nosotros, podr\u00eda enviar una solicitud escrita a Citizens\u2019 Climate Lobby, 1330 Orange Avenue, #309, Coronado, CA 92118..<\/p>\n<p><span style=\"text-decoration: underline\">La exclusi\u00f3n de mensajes de texto\/SMS<\/span><br \/>\nExisten dos maneras en cuales usted podr\u00e1 excluirse de recibir mensajes de texto:<\/p>\n<ol>\n<li>En su tel\u00e9fono celular, abra un nuevo mensaje de texto. En el campo del recipiente, entre +1-619-701-6903. En el campo del mensaje, entre \u201cSTOP\u201d, y luego env\u00edelo.<\/li>\n<li>Responda a cualquier mensaje recibido de CCE\/CCL con la palabra \u201cSTOP\u201d.<\/li>\n<\/ol>\n<p><span style=\"text-decoration: underline\">Los derechos de datos<\/span><\/p>\n<p class=\"western\"><span lang=\"en-US\">Para pedir aceso, borrar, o corregir sus datos personales, favor de contactar a:<\/span><\/p>\n<p class=\"western\">Ricky Bradley<br \/>\nDirector de Inform\u00e1tica<br \/>\nEducaci\u00f3n Ciudadana por el Clima\/Citizens\u2019 Climate Education<\/p>\n<p class=\"western\"><a href=\"mailto:user-data@citizensclimate.org\">user-data@citizensclimate.org <\/a><\/p>\n<p><strong>La seguridad<\/strong><\/p>\n<p>CC toma todas las medidas razonablementes necesarias para proteger en contra del acceso, uso, alteraci\u00f3n o destrucci\u00f3n no autorizada de informaci\u00f3n personalmente identificable o potencialmente personalmente identificable..<\/p>\n<p><strong>Cookies<\/strong><\/p>\n<p>Un \u201ccookie\u201d es un pedazo de informaci\u00f3n que un sitio web guarda en la computadora del visitante, y que el navegador del visitante proporciona al sitio web cada vez que el visitante regrese al sitio. CC utiliza cookies para ayudar con la identificaci\u00f3n y monitoreo de sus visitantes, su uso del sitio web de CC, y sus preferencias de acceso al sitio web. Visitantes a los sitios de CC que desean que cookies no sean depositados en sus computadoras deber\u00edan configurar sus navegadores para rechazar los cookies antes de usar los sitios web de CC, con la desventaja de que ciertas funciones podr\u00edan no funcionar sin el uso de los cookies..<\/p>\n<p><strong>Cambios en la Pol\u00edtica de Privacidad<\/strong><\/p>\n<p>Aunque la mayor\u00eda de los cambios probablemente ser\u00e1n peque\u00f1os, CC podr\u00e1 cambiar su Pol\u00edtica de Privacidad de vez en cuando, y a su total discreci\u00f3n. CC recomienda a sus visitantes que revisen esta p\u00e1gina frecuentemente para cambios en su Pol\u00edtica de Privacidad. Si usted nos ha proporcionado su direcci\u00f3n de correo electr\u00f3nico, tambi\u00e9n intentaremos enviarle aviso adelantado sobre los cambios a esta pol\u00edtica. <span lang=\"en-US\">Para los que <\/span><span lang=\"es-ES\">no<\/span><span lang=\"en-US\"> residen en la <\/span><span lang=\"es-ES\">Uni\u00f3n Europea, su <\/span>uso continuado de este sitio despu\u00e9s de cualquier cambio en esta Pol\u00edtica de Privacidad representar\u00e1 su aceptaci\u00f3n de tal cambio.<\/p>\n<\/div>\n","protected":false},"excerpt":{"rendered":"<p>Pol\u00edtica de Privacidad Su privacidad nos importa mucho. En Ciudadanos por un Clima Vivible (Citizens\u2019 Climate Lobby) y Educaci\u00f3n Ciudadana por el Clima (Citizens\u2019 Climate Education), tenemos principios fundamentales. Educaci\u00f3n Ciudadana por el Clima (Citizens\u2019 Climate Education (\u201cCCE\u201d)) y Ciudadanos por un Clima Vivible (Citizens\u2019 Climate Lobby (\u201cCCL\u201d)) (llamadas colectivamente \u201cCitizens\u2019 Climate\u201d or \u201cCC\u201d) operan varios sitios web incluyendo climavivible.org, [&hellip;]<\/p>\n","protected":false},"author":2,"featured_media":0,"parent":0,"menu_order":8,"comment_status":"closed","ping_status":"closed","template":"","meta":{"footnotes":""},"acf":[],"yoast_head":"<!-- This site is optimized with the Yoast SEO Premium plugin v21.3 (Yoast SEO v21.3) - https:\/\/yoast.com\/wordpress\/plugins\/seo\/ -->\n<title>Pol\u00edtica de privacidad | Citizens&#039; Climate Lobby<\/title>\n<meta name=\"robots\" content=\"index, follow, max-snippet:-1, max-image-preview:large, max-video-preview:-1\" \/>\n<link rel=\"canonical\" href=\"https:\/\/citizensclimatelobby.org\/es\/politica-de-privacidad\/\" \/>\n<meta property=\"og:locale\" content=\"es_ES\" \/>\n<meta property=\"og:type\" content=\"article\" \/>\n<meta property=\"og:title\" content=\"Pol\u00edtica de privacidad\" \/>\n<meta property=\"og:description\" content=\"Pol\u00edtica de Privacidad Su privacidad nos importa mucho. En Ciudadanos por un Clima Vivible (Citizens\u2019 Climate Lobby) y Educaci\u00f3n Ciudadana por el Clima (Citizens\u2019 Climate Education), tenemos principios fundamentales. Educaci\u00f3n Ciudadana por el Clima (Citizens\u2019 Climate Education (\u201cCCE\u201d)) y Ciudadanos por un Clima Vivible (Citizens\u2019 Climate Lobby (\u201cCCL\u201d)) (llamadas colectivamente \u201cCitizens\u2019 Climate\u201d or \u201cCC\u201d) operan varios sitios web incluyendo climavivible.org, [&hellip;]\" \/>\n<meta property=\"og:url\" content=\"https:\/\/citizensclimatelobby.org\/es\/politica-de-privacidad\/\" \/>\n<meta property=\"og:site_name\" content=\"Citizens&#039; Climate Lobby\" \/>\n<meta property=\"article:publisher\" content=\"https:\/\/www.facebook.com\/CitizensClimateLobby\/\" \/>\n<meta property=\"article:modified_time\" content=\"2018-05-08T21:10:39+00:00\" \/>\n<meta name=\"twitter:card\" content=\"summary_large_image\" \/>\n<meta name=\"twitter:site\" content=\"@citizensclimate\" \/>\n<meta name=\"twitter:label1\" content=\"Tiempo de lectura\" \/>\n\t<meta name=\"twitter:data1\" content=\"9 minutes\" \/>\n<script type=\"application\/ld+json\" class=\"yoast-schema-graph\">{\"@context\":\"https:\/\/schema.org\",\"@graph\":[{\"@type\":\"WebPage\",\"@id\":\"https:\/\/citizensclimatelobby.org\/es\/politica-de-privacidad\/\",\"url\":\"https:\/\/citizensclimatelobby.org\/es\/politica-de-privacidad\/\",\"name\":\"Pol\u00edtica de privacidad | Citizens&#039; Climate Lobby\",\"isPartOf\":{\"@id\":\"https:\/\/citizensclimatelobby.org\/#website\"},\"datePublished\":\"2014-10-27T22:25:13+00:00\",\"dateModified\":\"2018-05-08T21:10:39+00:00\",\"breadcrumb\":{\"@id\":\"https:\/\/citizensclimatelobby.org\/es\/politica-de-privacidad\/#breadcrumb\"},\"inLanguage\":\"es-ES\",\"potentialAction\":[{\"@type\":\"ReadAction\",\"target\":[\"https:\/\/citizensclimatelobby.org\/es\/politica-de-privacidad\/\"]}]},{\"@type\":\"BreadcrumbList\",\"@id\":\"https:\/\/citizensclimatelobby.org\/es\/politica-de-privacidad\/#breadcrumb\",\"itemListElement\":[{\"@type\":\"ListItem\",\"position\":1,\"name\":\"Home\",\"item\":\"https:\/\/citizensclimatelobby.org\/es\/\"},{\"@type\":\"ListItem\",\"position\":2,\"name\":\"Pol\u00edtica de privacidad\"}]},{\"@type\":\"WebSite\",\"@id\":\"https:\/\/citizensclimatelobby.org\/#website\",\"url\":\"https:\/\/citizensclimatelobby.org\/\",\"name\":\"Citizens&#039; Climate Lobby\",\"description\":\"Political will for a livable world\",\"publisher\":{\"@id\":\"https:\/\/citizensclimatelobby.org\/#organization\"},\"potentialAction\":[{\"@type\":\"SearchAction\",\"target\":{\"@type\":\"EntryPoint\",\"urlTemplate\":\"https:\/\/citizensclimatelobby.org\/?s={search_term_string}\"},\"query-input\":\"required name=search_term_string\"}],\"inLanguage\":\"es-ES\"},{\"@type\":\"Organization\",\"@id\":\"https:\/\/citizensclimatelobby.org\/#organization\",\"name\":\"Citizens' Climate Lobby\",\"url\":\"https:\/\/citizensclimatelobby.org\/\",\"logo\":{\"@type\":\"ImageObject\",\"inLanguage\":\"es-ES\",\"@id\":\"https:\/\/citizensclimatelobby.org\/#\/schema\/logo\/image\/\",\"url\":\"https:\/\/citizensclimatelobby.org\/wp-content\/uploads\/2017\/04\/CCL-Logo.png\",\"contentUrl\":\"https:\/\/citizensclimatelobby.org\/wp-content\/uploads\/2017\/04\/CCL-Logo.png\",\"width\":314,\"height\":201,\"caption\":\"Citizens' Climate Lobby\"},\"image\":{\"@id\":\"https:\/\/citizensclimatelobby.org\/#\/schema\/logo\/image\/\"},\"sameAs\":[\"https:\/\/www.facebook.com\/CitizensClimateLobby\/\",\"https:\/\/twitter.com\/citizensclimate\",\"https:\/\/www.instagram.com\/citizensclimate\/\",\"https:\/\/www.linkedin.com\/company\/citizens-climate-lobby\/\",\"https:\/\/www.youtube.com\/c\/CitizensClimateLobby\",\"https:\/\/en.wikipedia.org\/wiki\/Citizens_Climate_Lobby\"]}]}<\/script>\n<!-- \/ Yoast SEO Premium plugin. -->","yoast_head_json":{"title":"Pol\u00edtica de privacidad | Citizens&#039; Climate Lobby","robots":{"index":"index","follow":"follow","max-snippet":"max-snippet:-1","max-image-preview":"max-image-preview:large","max-video-preview":"max-video-preview:-1"},"canonical":"https:\/\/citizensclimatelobby.org\/es\/politica-de-privacidad\/","og_locale":"es_ES","og_type":"article","og_title":"Pol\u00edtica de privacidad","og_description":"Pol\u00edtica de Privacidad Su privacidad nos importa mucho. En Ciudadanos por un Clima Vivible (Citizens\u2019 Climate Lobby) y Educaci\u00f3n Ciudadana por el Clima (Citizens\u2019 Climate Education), tenemos principios fundamentales. Educaci\u00f3n Ciudadana por el Clima (Citizens\u2019 Climate Education (\u201cCCE\u201d)) y Ciudadanos por un Clima Vivible (Citizens\u2019 Climate Lobby (\u201cCCL\u201d)) (llamadas colectivamente \u201cCitizens\u2019 Climate\u201d or \u201cCC\u201d) operan varios sitios web incluyendo climavivible.org, [&hellip;]","og_url":"https:\/\/citizensclimatelobby.org\/es\/politica-de-privacidad\/","og_site_name":"Citizens&#039; Climate Lobby","article_publisher":"https:\/\/www.facebook.com\/CitizensClimateLobby\/","article_modified_time":"2018-05-08T21:10:39+00:00","twitter_card":"summary_large_image","twitter_site":"@citizensclimate","twitter_misc":{"Tiempo de lectura":"9 minutes"},"schema":{"@context":"https:\/\/schema.org","@graph":[{"@type":"WebPage","@id":"https:\/\/citizensclimatelobby.org\/es\/politica-de-privacidad\/","url":"https:\/\/citizensclimatelobby.org\/es\/politica-de-privacidad\/","name":"Pol\u00edtica de privacidad | Citizens&#039; Climate Lobby","isPartOf":{"@id":"https:\/\/citizensclimatelobby.org\/#website"},"datePublished":"2014-10-27T22:25:13+00:00","dateModified":"2018-05-08T21:10:39+00:00","breadcrumb":{"@id":"https:\/\/citizensclimatelobby.org\/es\/politica-de-privacidad\/#breadcrumb"},"inLanguage":"es-ES","potentialAction":[{"@type":"ReadAction","target":["https:\/\/citizensclimatelobby.org\/es\/politica-de-privacidad\/"]}]},{"@type":"BreadcrumbList","@id":"https:\/\/citizensclimatelobby.org\/es\/politica-de-privacidad\/#breadcrumb","itemListElement":[{"@type":"ListItem","position":1,"name":"Home","item":"https:\/\/citizensclimatelobby.org\/es\/"},{"@type":"ListItem","position":2,"name":"Pol\u00edtica de privacidad"}]},{"@type":"WebSite","@id":"https:\/\/citizensclimatelobby.org\/#website","url":"https:\/\/citizensclimatelobby.org\/","name":"Citizens&#039; Climate Lobby","description":"Political will for a livable world","publisher":{"@id":"https:\/\/citizensclimatelobby.org\/#organization"},"potentialAction":[{"@type":"SearchAction","target":{"@type":"EntryPoint","urlTemplate":"https:\/\/citizensclimatelobby.org\/?s={search_term_string}"},"query-input":"required name=search_term_string"}],"inLanguage":"es-ES"},{"@type":"Organization","@id":"https:\/\/citizensclimatelobby.org\/#organization","name":"Citizens' Climate Lobby","url":"https:\/\/citizensclimatelobby.org\/","logo":{"@type":"ImageObject","inLanguage":"es-ES","@id":"https:\/\/citizensclimatelobby.org\/#\/schema\/logo\/image\/","url":"https:\/\/citizensclimatelobby.org\/wp-content\/uploads\/2017\/04\/CCL-Logo.png","contentUrl":"https:\/\/citizensclimatelobby.org\/wp-content\/uploads\/2017\/04\/CCL-Logo.png","width":314,"height":201,"caption":"Citizens' Climate Lobby"},"image":{"@id":"https:\/\/citizensclimatelobby.org\/#\/schema\/logo\/image\/"},"sameAs":["https:\/\/www.facebook.com\/CitizensClimateLobby\/","https:\/\/twitter.com\/citizensclimate","https:\/\/www.instagram.com\/citizensclimate\/","https:\/\/www.linkedin.com\/company\/citizens-climate-lobby\/","https:\/\/www.youtube.com\/c\/CitizensClimateLobby","https:\/\/en.wikipedia.org\/wiki\/Citizens_Climate_Lobby"]}]}},"_links":{"self":[{"href":"https:\/\/citizensclimatelobby.org\/es\/wp-json\/wp\/v2\/pages\/27364"}],"collection":[{"href":"https:\/\/citizensclimatelobby.org\/es\/wp-json\/wp\/v2\/pages"}],"about":[{"href":"https:\/\/citizensclimatelobby.org\/es\/wp-json\/wp\/v2\/types\/page"}],"author":[{"embeddable":true,"href":"https:\/\/citizensclimatelobby.org\/es\/wp-json\/wp\/v2\/users\/2"}],"replies":[{"embeddable":true,"href":"https:\/\/citizensclimatelobby.org\/es\/wp-json\/wp\/v2\/comments?post=27364"}],"version-history":[{"count":0,"href":"https:\/\/citizensclimatelobby.org\/es\/wp-json\/wp\/v2\/pages\/27364\/revisions"}],"wp:attachment":[{"href":"https:\/\/citizensclimatelobby.org\/es\/wp-json\/wp\/v2\/media?parent=27364"}],"curies":[{"name":"wp","href":"https:\/\/api.w.org\/{rel}","templated":true}]}}