{"id":28402,"date":"2016-04-08T16:29:18","date_gmt":"2016-04-08T16:29:18","guid":{"rendered":"https:\/\/stageccl.wpengine.com\/charlitas-laser\/carbon-dividend-distribution\/"},"modified":"2021-10-27T20:35:42","modified_gmt":"2021-10-27T20:35:42","slug":"distribucion-de-dividendos","status":"publish","type":"page","link":"https:\/\/citizensclimatelobby.org\/es\/charlitas-laser\/distribucion-de-dividendos\/","title":{"rendered":"Distribuci\u00f3n de Dividendos"},"content":{"rendered":"<p>[spb_column width=&#8221;2\/3&#8243; el_position=&#8221;first&#8221;] [spb_text_block pb_margin_bottom=&#8221;no&#8221; pb_border_bottom=&#8221;no&#8221; width=&#8221;1\/1&#8243; el_position=&#8221;first last&#8221;]\n<h1><a href=\"#\" rel=\"tooltip\" data-original-title=\"Una charlita l\u00e1ser es una breve y potente oraci\u00f3n sobre un tema espec\u00edfico relacionado con el cambio clim\u00e1tico o el plan de Dividendos Energ\u00e9ticos. Las charlitas l\u00e1ser no son para memorizar, sino para internalizar.\" data-placement=\"right\"><span class=\"highlighted\">Charlita l\u00e1ser:<\/span><\/a> La distribuci\u00f3n de la Renta Clim\u00e1tica<\/h1>\n[\/spb_text_block] [spb_text_block pb_margin_bottom=&#8221;no&#8221; pb_border_bottom=&#8221;no&#8221; width=&#8221;1\/1&#8243; el_position=&#8221;first last&#8221;]\n<h3><span lang=\"es-ES\">Pregunta<\/span>: <span lang=\"es-ES\">\u00bfC\u00f3mo se distribuir\u00e1 los Dividendos de Carbono eficientemente a las personas?<\/span><\/h3>\n<p><strong><span lang=\"es-ES\">Respuesta:<\/span><\/strong> <span lang=\"es-ES\">Los Dividendos de Carbono es una de las tres partes clave <\/span><span lang=\"es-ES\">de una pol\u00edtica como <\/span><span lang=\"es-ES\">H.R. 2307, el Proyecto de Ley de Innovaci\u00f3n Energ\u00e9tica y Dividendos de Carbono de 2021<\/span><span lang=\"es-ES\"> [<a href=\"https:\/\/www.congress.gov\/bill\/117th-congress\/house-bill\/2307\" target=\"_blank\" rel=\"noopener\">1<\/a>], entonces es importante que lo hagamos correctamente. Anteriomente CCL patrocin\u00f3 un estudio experto para investigar <\/span><span lang=\"es-ES\">en detalle <\/span><span lang=\"es-ES\">c\u00f3mo se har\u00eda esto <\/span><span lang=\"es-ES\">[<a href=\"https:\/\/citizensclimatelobby.org\/dividend-delivery-study\/\" target=\"_blank\" rel=\"noopener\">2<\/a>]. <\/span> <span lang=\"es-ES\">Nuestr<\/span><span lang=\"es-ES\">o objetivo<\/span><span lang=\"es-ES\"> era minimizar los costos administrativos y hacerlo funcionar eficientemente para todos, mientras <\/span><span lang=\"es-ES\">asegurar <\/span><span lang=\"es-ES\">que el dinero llegue a la m<\/span><span lang=\"es-ES\">ayor cantidad <\/span><span lang=\"es-ES\">posible <\/span><span lang=\"es-ES\">de<\/span><span lang=\"es-ES\"> familias. <\/span><\/p>\n<p><span lang=\"es-ES\">La investigaci\u00f3n experta confirm\u00f3 lo que hab\u00edamos anticipado: la forma menos costosa y onerosa de reciclar los ingresos a los consumidores es remitir Dividendos de Carbono, o una &#8220;Renta Clim\u00e1tica&#8221; directamente a las familias<\/span><span lang=\"es-ES\">.<\/span><\/p>\n<p lang=\"es-ES\"><span lang=\"es-ES\">En este estudio, todos los ingresos recaudados de los productores de combustibles f\u00f3siles entran en un Fondo Fiduciario de Carbono administra<\/span><span lang=\"es-ES\">do<\/span><span lang=\"es-ES\"> por <\/span><span lang=\"es-ES\">la<\/span><span lang=\"es-ES\"> Tesorer<\/span><span lang=\"es-ES\">\u00eda<\/span><span lang=\"es-ES\">.\u00a0<\/span><span lang=\"es-ES\">La totalidad de<\/span> <span lang=\"es-ES\">ese fondo, despu\u00e9s de descontar<\/span> <span lang=\"es-ES\">los gastos administrativos, se distribuye a los recipientes, que se identifican por<\/span> <span lang=\"es-ES\">las declaraciones<\/span> <span lang=\"es-ES\">de impuestos o, para los que no han llenado tal<\/span> <span lang=\"es-ES\">declaraci\u00f3n, a trav\u00e9s de un formulario especial.<\/span><\/p>\n<p>La <span lang=\"es-ES\">mayor\u00eda de personas recibir\u00e1n sus Renta Clim\u00e1tica en un dep\u00f3sito directo a su banco, o como saldo en una tarjeta de d\u00e9bito emitida por el gobierno, con cheques de papel como plan de contingencia. Se trata<\/span><span lang=\"es-ES\">r\u00e1n<\/span> <span lang=\"es-ES\">los cambios en la elegibilidad <\/span> \u2013 <span lang=\"es-ES\">nacimientos, fallecimientos, adopciones, cambios de edad \u2013 mensualmente, y diferencias entre la suma<\/span> <span lang=\"es-ES\">debida<\/span> <span lang=\"es-ES\">y la suma<\/span> <span lang=\"es-ES\">recibida<\/span> <span lang=\"es-ES\">ser\u00edan reconciliadas en la<\/span> <span lang=\"es-ES\">pr\u00f3xima<\/span> <span lang=\"es-ES\">declaraci\u00f3n de impuestos. <\/span><\/p>\n<p><span lang=\"es-ES\">En CCL, estamos satisfechos que estos procedimientos har\u00e1n que la distribuci\u00f3n de los Dividendos <\/span><span lang=\"es-ES\">de Carbono<\/span><span lang=\"es-ES\"> sea justa, flexible, y muy transparente para las familias.<\/span><\/p>\n<p lang=\"es-ES\">Para m\u00e1s detalles, ve el Papel de Trabajo o las <a href=\"\/es\/la-legislacion-y-las-preguntas-frecuentes\/\">Preguntas Frecuentes<\/a>.<em> <span lang=\"es-ES\">Nota: este papel fue escrito antes de la introducci\u00f3n del Proyecto de Ley de Innovaci\u00f3n Energ\u00e9tica y Dividendos de Carbono, por lo cual hay algunas diferencias en la pol\u00edtica.<\/span><\/em><\/p>\n[\/spb_text_block] [spb_message color=&#8221;alert-info&#8221; width=&#8221;1\/1&#8243; el_position=&#8221;first last&#8221;]\n<p><strong>En pocas palabras:<\/strong> Los pagos de Dividendos de Carbono &#8212; de la Renta Clim\u00e1tica &#8212; se enviar\u00e1n a todas las personas como dep\u00f3sitos bancarios directos, transferencias a una tarjeta de d\u00e9bito, o cheques de papel. CCL comision\u00f3 una investigaci\u00f3n expert\u00a1a que elabor\u00f3 con detalle los formularios y procedimientos que minimizar\u00e1n los gastos administrativos de esta parte esencial de un plan de Renta Clim\u00e1tica.<\/p>\n[\/spb_message] [spb_text_block pb_margin_bottom=&#8221;no&#8221; pb_border_bottom=&#8221;no&#8221; width=&#8221;1\/1&#8243; el_position=&#8221;first last&#8221;]\n<p>Relacionada: <a href=\"\/es\/estudio-distribucion-de-dividendos\/\" target=\"_blank\" rel=\"noopener noreferrer\">El estudio sobre la distribuci\u00f3n de los Dividendos<\/a><\/p>\n[\/spb_text_block] [divider type=&#8221;standard&#8221; text=&#8221;Go to top&#8221; full_width=&#8221;no&#8221; width=&#8221;1\/1&#8243; el_position=&#8221;first last&#8221;] [boxed_content type=&#8221;whitestroke&#8221; pb_margin_bottom=&#8221;no&#8221; width=&#8221;1\/1&#8243; el_position=&#8221;first last&#8221;]\n<ol>\n<li>\u201cH.R.2307 \u2013 Energy Innovation and Carbon Dividend Act of 2021.\u201d Biblioteca del Congreso (01 de abril de 2021).<\/li>\n<li>Lerman, A.H. \u201cPaying Dividends From Carbon Fee Revenue To American Residents.\u201d\u00a0 Papel de Trabajo solicitado por CCL actualizado en mayo de 2018). El Sr. Lerman era un economista en la Oficina de An\u00e1lisis de los Impuestos en el Departamento de la Tesorer\u00eda, quien analizaba, desarrollaba y recomendaba pol\u00edticas tributarias. Ha proporcionado asesor\u00eda experta a los legisladores, trabajando en todas las grandes reformas de la legislaci\u00f3n tributaria y reformas administrativas desde 1971.<\/li>\n<\/ol>\n[\/boxed_content] [spb_text_block pb_margin_bottom=&#8221;no&#8221; pb_border_bottom=&#8221;no&#8221; width=&#8221;1\/1&#8243; el_position=&#8221;first last&#8221;]\n<p><em>Se actualiz\u00f3 esta p\u00e1gina el 24 de octubre de 2021.<\/em><\/p>\n[\/spb_text_block] [\/spb_column] [sidebar_widget sidebar_id=&#8221;sidebar-1&#8243; width=&#8221;1\/3&#8243; el_position=&#8221;last&#8221;]<\/p>\n","protected":false},"excerpt":{"rendered":"<p>[spb_column width=&#8221;2\/3&#8243; el_position=&#8221;first&#8221;] [spb_text_block pb_margin_bottom=&#8221;no&#8221; pb_border_bottom=&#8221;no&#8221; width=&#8221;1\/1&#8243; el_position=&#8221;first last&#8221;] La distribuci\u00f3n de la Renta Clim\u00e1tica [\/spb_text_block] [spb_text_block pb_margin_bottom=&#8221;no&#8221; pb_border_bottom=&#8221;no&#8221; width=&#8221;1\/1&#8243; el_position=&#8221;first last&#8221;] Pregunta: \u00bfC\u00f3mo se distribuir\u00e1 los Dividendos de Carbono eficientemente a las personas? Respuesta: Los Dividendos de Carbono es una de las tres partes clave de una pol\u00edtica como H.R. 2307, el Proyecto de Ley de Innovaci\u00f3n Energ\u00e9tica y [&hellip;]<\/p>\n","protected":false},"author":20,"featured_media":25191,"parent":22843,"menu_order":0,"comment_status":"closed","ping_status":"closed","template":"","meta":{"footnotes":""},"acf":[],"yoast_head":"<!-- This site is optimized with the Yoast SEO Premium plugin v21.3 (Yoast SEO v21.3) - https:\/\/yoast.com\/wordpress\/plugins\/seo\/ -->\n<title>Distribuci\u00f3n de Dividendos | Citizens&#039; Climate Lobby<\/title>\n<meta name=\"description\" content=\"C\u00f3mo la distribuci\u00f3n de los Dividendos Energ\u00e9ticos a las familias funcionar\u00eda.\" \/>\n<meta name=\"robots\" content=\"index, follow, max-snippet:-1, max-image-preview:large, max-video-preview:-1\" \/>\n<link rel=\"canonical\" href=\"https:\/\/citizensclimatelobby.org\/es\/charlitas-laser\/distribucion-de-dividendos\/\" \/>\n<meta property=\"og:locale\" content=\"es_ES\" \/>\n<meta property=\"og:type\" content=\"article\" \/>\n<meta property=\"og:title\" content=\"Distribuci\u00f3n de Dividendos\" \/>\n<meta property=\"og:description\" content=\"C\u00f3mo la distribuci\u00f3n de los Dividendos Energ\u00e9ticos a las familias funcionar\u00eda.\" \/>\n<meta property=\"og:url\" content=\"https:\/\/citizensclimatelobby.org\/es\/charlitas-laser\/distribucion-de-dividendos\/\" \/>\n<meta property=\"og:site_name\" content=\"Citizens&#039; Climate Lobby\" \/>\n<meta property=\"article:publisher\" content=\"https:\/\/www.facebook.com\/CitizensClimateLobby\/\" \/>\n<meta property=\"article:modified_time\" content=\"2021-10-27T20:35:42+00:00\" \/>\n<meta property=\"og:image\" content=\"https:\/\/citizensclimatelobby.org\/wp-content\/uploads\/2017\/11\/carbon-dividend-distribution-image.png\" \/>\n\t<meta property=\"og:image:width\" content=\"800\" \/>\n\t<meta property=\"og:image:height\" content=\"1059\" \/>\n\t<meta property=\"og:image:type\" content=\"image\/png\" \/>\n<meta name=\"twitter:card\" content=\"summary_large_image\" \/>\n<meta name=\"twitter:site\" content=\"@citizensclimate\" \/>\n<meta name=\"twitter:label1\" content=\"Tiempo de lectura\" \/>\n\t<meta name=\"twitter:data1\" content=\"3 minutes\" \/>\n<script type=\"application\/ld+json\" class=\"yoast-schema-graph\">{\"@context\":\"https:\/\/schema.org\",\"@graph\":[{\"@type\":\"WebPage\",\"@id\":\"https:\/\/citizensclimatelobby.org\/es\/charlitas-laser\/distribucion-de-dividendos\/\",\"url\":\"https:\/\/citizensclimatelobby.org\/es\/charlitas-laser\/distribucion-de-dividendos\/\",\"name\":\"Distribuci\u00f3n de Dividendos | Citizens&#039; Climate Lobby\",\"isPartOf\":{\"@id\":\"https:\/\/citizensclimatelobby.org\/#website\"},\"datePublished\":\"2016-04-08T16:29:18+00:00\",\"dateModified\":\"2021-10-27T20:35:42+00:00\",\"description\":\"C\u00f3mo la distribuci\u00f3n de los Dividendos Energ\u00e9ticos a las familias funcionar\u00eda.\",\"breadcrumb\":{\"@id\":\"https:\/\/citizensclimatelobby.org\/es\/charlitas-laser\/distribucion-de-dividendos\/#breadcrumb\"},\"inLanguage\":\"es-ES\",\"potentialAction\":[{\"@type\":\"ReadAction\",\"target\":[\"https:\/\/citizensclimatelobby.org\/es\/charlitas-laser\/distribucion-de-dividendos\/\"]}]},{\"@type\":\"BreadcrumbList\",\"@id\":\"https:\/\/citizensclimatelobby.org\/es\/charlitas-laser\/distribucion-de-dividendos\/#breadcrumb\",\"itemListElement\":[{\"@type\":\"ListItem\",\"position\":1,\"name\":\"Home\",\"item\":\"https:\/\/citizensclimatelobby.org\/es\/\"},{\"@type\":\"ListItem\",\"position\":2,\"name\":\"Charlitas l\u00e1ser &#8211; directorio\",\"item\":\"https:\/\/citizensclimatelobby.org\/es\/charlitas-laser\/\"},{\"@type\":\"ListItem\",\"position\":3,\"name\":\"Distribuci\u00f3n de Dividendos\"}]},{\"@type\":\"WebSite\",\"@id\":\"https:\/\/citizensclimatelobby.org\/#website\",\"url\":\"https:\/\/citizensclimatelobby.org\/\",\"name\":\"Citizens&#039; Climate Lobby\",\"description\":\"Political will for a livable world\",\"publisher\":{\"@id\":\"https:\/\/citizensclimatelobby.org\/#organization\"},\"potentialAction\":[{\"@type\":\"SearchAction\",\"target\":{\"@type\":\"EntryPoint\",\"urlTemplate\":\"https:\/\/citizensclimatelobby.org\/?s={search_term_string}\"},\"query-input\":\"required name=search_term_string\"}],\"inLanguage\":\"es-ES\"},{\"@type\":\"Organization\",\"@id\":\"https:\/\/citizensclimatelobby.org\/#organization\",\"name\":\"Citizens' Climate Lobby\",\"url\":\"https:\/\/citizensclimatelobby.org\/\",\"logo\":{\"@type\":\"ImageObject\",\"inLanguage\":\"es-ES\",\"@id\":\"https:\/\/citizensclimatelobby.org\/#\/schema\/logo\/image\/\",\"url\":\"https:\/\/citizensclimatelobby.org\/wp-content\/uploads\/2017\/04\/CCL-Logo.png\",\"contentUrl\":\"https:\/\/citizensclimatelobby.org\/wp-content\/uploads\/2017\/04\/CCL-Logo.png\",\"width\":314,\"height\":201,\"caption\":\"Citizens' Climate Lobby\"},\"image\":{\"@id\":\"https:\/\/citizensclimatelobby.org\/#\/schema\/logo\/image\/\"},\"sameAs\":[\"https:\/\/www.facebook.com\/CitizensClimateLobby\/\",\"https:\/\/twitter.com\/citizensclimate\",\"https:\/\/www.instagram.com\/citizensclimate\/\",\"https:\/\/www.linkedin.com\/company\/citizens-climate-lobby\/\",\"https:\/\/www.youtube.com\/c\/CitizensClimateLobby\",\"https:\/\/en.wikipedia.org\/wiki\/Citizens_Climate_Lobby\"]}]}<\/script>\n<!-- \/ Yoast SEO Premium plugin. -->","yoast_head_json":{"title":"Distribuci\u00f3n de Dividendos | Citizens&#039; Climate Lobby","description":"C\u00f3mo la distribuci\u00f3n de los Dividendos Energ\u00e9ticos a las familias funcionar\u00eda.","robots":{"index":"index","follow":"follow","max-snippet":"max-snippet:-1","max-image-preview":"max-image-preview:large","max-video-preview":"max-video-preview:-1"},"canonical":"https:\/\/citizensclimatelobby.org\/es\/charlitas-laser\/distribucion-de-dividendos\/","og_locale":"es_ES","og_type":"article","og_title":"Distribuci\u00f3n de Dividendos","og_description":"C\u00f3mo la distribuci\u00f3n de los Dividendos Energ\u00e9ticos a las familias funcionar\u00eda.","og_url":"https:\/\/citizensclimatelobby.org\/es\/charlitas-laser\/distribucion-de-dividendos\/","og_site_name":"Citizens&#039; Climate Lobby","article_publisher":"https:\/\/www.facebook.com\/CitizensClimateLobby\/","article_modified_time":"2021-10-27T20:35:42+00:00","og_image":[{"width":"800","height":"1059","url":"https:\/\/citizensclimatelobby.org\/wp-content\/uploads\/2017\/11\/carbon-dividend-distribution-image.png","type":"image\/png"}],"twitter_card":"summary_large_image","twitter_site":"@citizensclimate","twitter_misc":{"Tiempo de lectura":"3 minutes"},"schema":{"@context":"https:\/\/schema.org","@graph":[{"@type":"WebPage","@id":"https:\/\/citizensclimatelobby.org\/es\/charlitas-laser\/distribucion-de-dividendos\/","url":"https:\/\/citizensclimatelobby.org\/es\/charlitas-laser\/distribucion-de-dividendos\/","name":"Distribuci\u00f3n de Dividendos | Citizens&#039; Climate Lobby","isPartOf":{"@id":"https:\/\/citizensclimatelobby.org\/#website"},"datePublished":"2016-04-08T16:29:18+00:00","dateModified":"2021-10-27T20:35:42+00:00","description":"C\u00f3mo la distribuci\u00f3n de los Dividendos Energ\u00e9ticos a las familias funcionar\u00eda.","breadcrumb":{"@id":"https:\/\/citizensclimatelobby.org\/es\/charlitas-laser\/distribucion-de-dividendos\/#breadcrumb"},"inLanguage":"es-ES","potentialAction":[{"@type":"ReadAction","target":["https:\/\/citizensclimatelobby.org\/es\/charlitas-laser\/distribucion-de-dividendos\/"]}]},{"@type":"BreadcrumbList","@id":"https:\/\/citizensclimatelobby.org\/es\/charlitas-laser\/distribucion-de-dividendos\/#breadcrumb","itemListElement":[{"@type":"ListItem","position":1,"name":"Home","item":"https:\/\/citizensclimatelobby.org\/es\/"},{"@type":"ListItem","position":2,"name":"Charlitas l\u00e1ser &#8211; directorio","item":"https:\/\/citizensclimatelobby.org\/es\/charlitas-laser\/"},{"@type":"ListItem","position":3,"name":"Distribuci\u00f3n de Dividendos"}]},{"@type":"WebSite","@id":"https:\/\/citizensclimatelobby.org\/#website","url":"https:\/\/citizensclimatelobby.org\/","name":"Citizens&#039; Climate Lobby","description":"Political will for a livable world","publisher":{"@id":"https:\/\/citizensclimatelobby.org\/#organization"},"potentialAction":[{"@type":"SearchAction","target":{"@type":"EntryPoint","urlTemplate":"https:\/\/citizensclimatelobby.org\/?s={search_term_string}"},"query-input":"required name=search_term_string"}],"inLanguage":"es-ES"},{"@type":"Organization","@id":"https:\/\/citizensclimatelobby.org\/#organization","name":"Citizens' Climate Lobby","url":"https:\/\/citizensclimatelobby.org\/","logo":{"@type":"ImageObject","inLanguage":"es-ES","@id":"https:\/\/citizensclimatelobby.org\/#\/schema\/logo\/image\/","url":"https:\/\/citizensclimatelobby.org\/wp-content\/uploads\/2017\/04\/CCL-Logo.png","contentUrl":"https:\/\/citizensclimatelobby.org\/wp-content\/uploads\/2017\/04\/CCL-Logo.png","width":314,"height":201,"caption":"Citizens' Climate Lobby"},"image":{"@id":"https:\/\/citizensclimatelobby.org\/#\/schema\/logo\/image\/"},"sameAs":["https:\/\/www.facebook.com\/CitizensClimateLobby\/","https:\/\/twitter.com\/citizensclimate","https:\/\/www.instagram.com\/citizensclimate\/","https:\/\/www.linkedin.com\/company\/citizens-climate-lobby\/","https:\/\/www.youtube.com\/c\/CitizensClimateLobby","https:\/\/en.wikipedia.org\/wiki\/Citizens_Climate_Lobby"]}]}},"_links":{"self":[{"href":"https:\/\/citizensclimatelobby.org\/es\/wp-json\/wp\/v2\/pages\/28402"}],"collection":[{"href":"https:\/\/citizensclimatelobby.org\/es\/wp-json\/wp\/v2\/pages"}],"about":[{"href":"https:\/\/citizensclimatelobby.org\/es\/wp-json\/wp\/v2\/types\/page"}],"author":[{"embeddable":true,"href":"https:\/\/citizensclimatelobby.org\/es\/wp-json\/wp\/v2\/users\/20"}],"replies":[{"embeddable":true,"href":"https:\/\/citizensclimatelobby.org\/es\/wp-json\/wp\/v2\/comments?post=28402"}],"version-history":[{"count":0,"href":"https:\/\/citizensclimatelobby.org\/es\/wp-json\/wp\/v2\/pages\/28402\/revisions"}],"up":[{"embeddable":true,"href":"https:\/\/citizensclimatelobby.org\/es\/wp-json\/wp\/v2\/pages\/22843"}],"wp:featuredmedia":[{"embeddable":true,"href":"https:\/\/citizensclimatelobby.org\/es\/wp-json\/wp\/v2\/media\/25191"}],"wp:attachment":[{"href":"https:\/\/citizensclimatelobby.org\/es\/wp-json\/wp\/v2\/media?parent=28402"}],"curies":[{"name":"wp","href":"https:\/\/api.w.org\/{rel}","templated":true}]}}