{"id":28415,"date":"2014-10-17T17:11:08","date_gmt":"2014-10-17T17:11:08","guid":{"rendered":"https:\/\/stageccl.wpengine.com\/charlitas-laser\/biofuels-taxed\/"},"modified":"2021-10-27T13:50:18","modified_gmt":"2021-10-27T13:50:18","slug":"biomasa-y-la-tarifa","status":"publish","type":"page","link":"https:\/\/citizensclimatelobby.org\/es\/charlitas-laser\/biomasa-y-la-tarifa\/","title":{"rendered":"Biomasa y la tarifa al carbono"},"content":{"rendered":"<p>[spb_column width=&#8221;2\/3&#8243; el_position=&#8221;first&#8221;] [spb_text_block pb_margin_bottom=&#8221;no&#8221; pb_border_bottom=&#8221;no&#8221; width=&#8221;1\/1&#8243; el_position=&#8221;first last&#8221;]\n<h1><a href=\"#\" rel=\"tooltip\" data-original-title=\"Una charlita l\u00e1ser es una breve y potente oraci\u00f3n sobre un tema espec\u00edfico relacionado con el cambio clim\u00e1tico o el plan de Dividendos Energ\u00e9ticos. Las charlitas l\u00e1ser no son para memorizar, sino para internalizar.\" data-placement=\"right\"><span class=\"highlighted\">Charlita l\u00e1ser:<\/span><\/a> Biomasa y la tarifa al carbono<\/h1>\n[\/spb_text_block] [spb_text_block pb_margin_bottom=&#8221;no&#8221; pb_border_bottom=&#8221;no&#8221; width=&#8221;1\/1&#8243; el_position=&#8221;first last&#8221;]\n<h3>Pregunta: <span lang=\"es-ES\">\u00bfDebe el carbono de la energ\u00eda de biomasa <\/span><span lang=\"es-ES\">estar sujeto a<\/span><span lang=\"es-ES\"> la tarifa?<\/span><\/h3>\n<p><span style=\"color: #000000;\"><span style=\"font-size: medium;\"><span lang=\"es-ES\"><b>Respuesta<\/b><\/span><\/span><\/span><span style=\"color: #000000;\"><span style=\"font-size: medium;\"><b>:<\/b><\/span><\/span><span style=\"color: #000000;\"> Desde el punto de vista cient\u00edfico, no<\/span>. <span style=\"color: #000000;\"><span lang=\"es-ES\">A diferencia con los combustibles f\u00f3siles, la biomasa forma parte del ciclo de carbono del mundo vivo. Las plantas utilizan <\/span><\/span><span style=\"color: #000000;\"><span lang=\"en-US\">el<\/span><\/span> <span style=\"color: #000000;\"><span lang=\"es-ES\">CO<\/span><\/span><span style=\"color: #000000;\"><sub><span lang=\"es-ES\">2<\/span><\/sub><\/span><span style=\"color: #000000;\"><span lang=\"es-ES\"> de la atm\u00f3sfera para producir la biomasa, y cuando mueren, se descomp<\/span><\/span><span style=\"color: #000000;\"><span lang=\"es-ES\">one<\/span><\/span><span style=\"color: #000000;\"><span lang=\"es-ES\">n, devolviendo la mayor parte de su <\/span><\/span><span style=\"color: #000000;\"><span lang=\"es-ES\">CO<\/span><\/span><span style=\"color: #000000;\"><sub><span lang=\"es-ES\">2<\/span><\/sub><\/span><span style=\"color: #000000;\"><span lang=\"es-ES\"> al medio ambiente <\/span><\/span><span style=\"color: #000000;\"><span lang=\"es-ES\">[<a href=\"https:\/\/en.wikipedia.org\/wiki\/Terrestrial_biological_carbon_cycle\" target=\"_blank\" rel=\"noopener\">1<\/a>]. <\/span><\/span><span style=\"color: #000000;\"><span lang=\"es-ES\">Mientras que <\/span><\/span><span style=\"color: #000000;\"><span lang=\"es-ES\">se utiliza <\/span><\/span><span style=\"color: #000000;\"><span lang=\"es-ES\">la biomasa de manera que no pongan mas <\/span><\/span><span style=\"color: #000000;\"><span lang=\"es-ES\">CO<\/span><\/span><span style=\"color: #000000;\"><sub><span lang=\"es-ES\">2<\/span><\/sub><\/span><span style=\"color: #000000;\"><span lang=\"es-ES\"> en la atm\u00f3sfera que <\/span><\/span><span style=\"color: #000000;\"><span lang=\"es-ES\">emitir\u00eda dentro de<\/span><\/span><span style=\"color: #000000;\"><span lang=\"es-ES\"> procesos naturales, el carbono contenido <\/span><\/span><span style=\"color: #000000;\"><span lang=\"es-ES\"><i>en la biomasa<\/i><\/span><\/span><span style=\"color: #000000;\"><span lang=\"es-ES\"> es neutro de carbono. <\/span><\/span><\/p>\n<p><span style=\"color: #000000;\"><span lang=\"es-ES\">En Estados Unidos, la mayor\u00eda de <\/span><\/span><span style=\"color: #000000;\"><span lang=\"es-ES\">los<\/span><\/span><span style=\"color: #000000;\"><span lang=\"es-ES\"> \u201cbio-combustibles\u201d son <\/span><\/span><span style=\"color: #000000;\"><span lang=\"es-ES\">el <\/span><\/span><span style=\"color: #000000;\"><span lang=\"es-ES\">etanol proveniente del ma\u00edz, que tiene un beneficio clim<\/span><\/span><span style=\"color: #000000;\"><span lang=\"es-ES\">\u00e1<\/span><\/span><span style=\"color: #000000;\"><span lang=\"es-ES\">tico limitado <\/span><\/span><span style=\"color: #000000;\"><span lang=\"es-ES\">[<a href=\"https:\/\/phys.org\/news\/2021-05-corn-ethanol-carbon-footprint-greenhouse.amp\" target=\"_blank\" rel=\"noopener\">2<\/a>]. <\/span><\/span><span style=\"color: #000000;\">Pero hay tecnolog\u00edas bioenerg\u00e9ticas m\u00e1s all\u00e1 <\/span><span style=\"color: #000000;\">del<\/span><span style=\"color: #000000;\"> etanol de ma\u00edz que utilizan una variedad de recursos, incluyendo <\/span><span style=\"color: #000000;\">los <\/span><span style=\"color: #000000;\">residuos de granjas <\/span><span style=\"color: #000000;\">y <\/span><span style=\"color: #000000;\">bosques, y <\/span><span style=\"color: #000000;\">los <\/span><span style=\"color: #000000;\">cultivos energ\u00e9ticos. Estos incluyen m\u00e9todos avanzados de biocombustible\u00a0<\/span><span style=\"color: #000000;\">[<a href=\"https:\/\/www.energy.gov\/eere\/bioenergy\/biofuels-basics\" target=\"_blank\" rel=\"noopener\">3<\/a>] que podr\u00edan reducir el <\/span><span style=\"color: #000000;\">CO<\/span><span style=\"color: #000000;\"><sub>2<\/sub><\/span><span style=\"color: #000000;\"> del transporte \u2013 aeronaves, buques, y millones de veh\u00edculos de gasolina que todav\u00eda estar\u00e1n en uso para d\u00e9cadas \u2013 por entre 60 y 90 por ciento <\/span><span style=\"color: #000000;\">[<a href=\"http:\/\/www.trb.org\/Main\/Blurbs\/177088.aspx\" target=\"_blank\" rel=\"noopener\">4<\/a>]. Otros <\/span><span style=\"color: #000000;\">pronostican<\/span><span style=\"color: #000000;\"> el posible reemplazo del gas natural en los ductos norteamericanos con el biometano <\/span><span style=\"color: #000000;\">renovable<\/span> <span style=\"color: #000000;\">[<a href=\"https:\/\/www.energycentral.com\/c\/pip\/why-biomethane-set-become-new-normal\" target=\"_blank\" rel=\"noopener\">5<\/a>].<\/span><\/p>\n<p>Adem\u00e1s, bajo el Proyecto de Ley de Innovaci\u00f3n Energ\u00e9tica y Dividendos de Carbono, la energ\u00eda f\u00f3sil utilizada en muchas etapas de la cadena de suministro de la biomasa, por ejemplo la fabricaci\u00f3n de fertilazdores, la electricidad, y los combustibles de transporte, <em>s\u00ed estar\u00e1 sujeta<\/em> a la tarifa al carbono, y por ende estos costes de carbono se reflejar\u00e1n en los precios de los productos.<\/p>\n<p lang=\"es-ES\">Hay preocupaciones leg\u00edtimas de que una tarifa al carbono podr\u00eda involuntariamente llevar a pr\u00e1cticas del uso de la tierra da\u00f1inas a la biodiversidad o a la protecci\u00f3n de h\u00e1bitat. Por esta raz\u00f3n, H.R. 2307 obliga a la Academia Nacional de Ciencias que estudie y reporte sobre los impactos ambientales de la bioenerg\u00eda dentro de 10 a\u00f1os de la implementaci\u00f3n de la ley.<\/p>\n<p lang=\"es-ES\"><span style=\"color: #000000;\">Sin alg\u00fan rol para la bioenerg\u00eda, la descarbonizaci\u00f3n de nuestros sistemas energ\u00e9ticas ser\u00eda mucho m\u00e1s lento y dif\u00edcil. CCL apoya la exclusi\u00f3n del carbono que proviene de fuentes sostenibles de biomasa de la tarifa al carbono, y a la misma vez est\u00e1 comprometido con que la pol\u00edtica no aliente el uso ambientalmente da\u00f1ino o insostenible de los recursos de biomasa. <\/span><\/p>\n[\/spb_text_block] [spb_message color=&#8221;alert-info&#8221; width=&#8221;1\/1&#8243; el_position=&#8221;first last&#8221;]\n<p><strong>En pocas palabras:<\/strong> Los biocombustibles s\u00ed consumen algunos combustibles f\u00f3siles en su producci\u00f3n, y estos insumos f\u00f3siles estar\u00e1n sujetas a la tarifa al carbono. Sin embargo, el carbono de origen biol\u00f3gico no se grava porque forma parte del ciclo natural de carbono a corto plazo. La bioenerg\u00eda de origen sostenible podr\u00eda desempa\u00f1ar un papel fundamental en la descarbonizaci\u00f3n de los sectores del transporte en los que la reducci\u00f3n de las emisiones por otras v\u00edas no es t\u00e9cnicamente factible.<\/p>\n[\/spb_message] [divider type=&#8221;standard&#8221; text=&#8221;Go to top&#8221; full_width=&#8221;no&#8221; width=&#8221;1\/1&#8243; el_position=&#8221;first last&#8221;] [spb_text_block pb_margin_bottom=&#8221;no&#8221; pb_border_bottom=&#8221;no&#8221; width=&#8221;1\/1&#8243; el_position=&#8221;first last&#8221;]\n<ol>\n<li>\u201cTerrestrial biological carbon cycle.\u201d Wikipedia (17 <span lang=\"es-ES\">de <\/span><span lang=\"es-ES\">septiembre de<\/span> 2017).<\/li>\n<li>Jandeska, K. \u201cCorn ethanol reduces carbon footprint, greenhouse gases.\u201d Phys.org (24 de mayo de 2021).<\/li>\n<li>\u201cBiofuels Basics.\u201d Departamento de Energ\u00eda de EEUU, la Oficina de Eficiencia Energ\u00e9tica y las Energ\u00edas Renovables (28 de marzo de 2019).<\/li>\n<li>Green, D.L. <span lang=\"es-ES\">y<\/span> G. Parkhurst. <span lang=\"es-ES\">Ap<\/span><span lang=\"es-ES\">\u00e9ndice<\/span> A: White Paper. <span lang=\"es-ES\">E<\/span>n \u201cDecarbonizing Transport for a Sustainable Future, Summary of the Fifth EU-U.S. Transportation Research Symposium.\u201d pp. 30-60 (17-18 <span lang=\"es-ES\">de <\/span><span lang=\"es-ES\">mayo<\/span> de 2017).<\/li>\n<li>Ady, M. \u201cWhy biomethane is set to become a new normal.\u201d Energy Central (20 de febrero de 2019).<\/li>\n<\/ol>\n[\/spb_text_block] [spb_text_block pb_margin_bottom=&#8221;no&#8221; pb_border_bottom=&#8221;no&#8221; width=&#8221;1\/1&#8243; el_position=&#8221;first last&#8221;]\n<p><em>Se actualiz\u00f3 esta p\u00e1gina el 24 de mayo de 2021.<\/em><\/p>\n[\/spb_text_block] [\/spb_column] [sidebar_widget sidebar_id=&#8221;sidebar-1&#8243; width=&#8221;1\/3&#8243; el_position=&#8221;last&#8221;]<\/p>\n","protected":false},"excerpt":{"rendered":"<p>[spb_column width=&#8221;2\/3&#8243; el_position=&#8221;first&#8221;] [spb_text_block pb_margin_bottom=&#8221;no&#8221; pb_border_bottom=&#8221;no&#8221; width=&#8221;1\/1&#8243; el_position=&#8221;first last&#8221;] Biomasa y la tarifa al carbono [\/spb_text_block] [spb_text_block pb_margin_bottom=&#8221;no&#8221; pb_border_bottom=&#8221;no&#8221; width=&#8221;1\/1&#8243; el_position=&#8221;first last&#8221;] Pregunta: \u00bfDebe el carbono de la energ\u00eda de biomasa estar sujeto a la tarifa? Respuesta: Desde el punto de vista cient\u00edfico, no. A diferencia con los combustibles f\u00f3siles, la biomasa forma parte del ciclo de carbono del mundo [&hellip;]<\/p>\n","protected":false},"author":50,"featured_media":23601,"parent":22843,"menu_order":0,"comment_status":"closed","ping_status":"closed","template":"laser_talk.php","meta":{"footnotes":""},"acf":[],"yoast_head":"<!-- This site is optimized with the Yoast SEO Premium plugin v21.3 (Yoast SEO v21.3) - https:\/\/yoast.com\/wordpress\/plugins\/seo\/ -->\n<title>Biomasa y la tarifa al carbono<\/title>\n<meta name=\"description\" content=\"\u00bfEn una pol\u00edtica con una tarifa al carbono, se debe tributar a los combustibles de biomasa?\" \/>\n<meta name=\"robots\" content=\"index, follow, max-snippet:-1, max-image-preview:large, max-video-preview:-1\" \/>\n<link rel=\"canonical\" href=\"https:\/\/citizensclimatelobby.org\/es\/charlitas-laser\/biomasa-y-la-tarifa\/\" \/>\n<meta property=\"og:locale\" content=\"es_ES\" \/>\n<meta property=\"og:type\" content=\"article\" \/>\n<meta property=\"og:title\" content=\"Biomasa y la tarifa al carbono\" \/>\n<meta property=\"og:description\" content=\"\u00bfEn una pol\u00edtica con una tarifa al carbono, se debe tributar a los combustibles de biomasa?\" \/>\n<meta property=\"og:url\" content=\"https:\/\/citizensclimatelobby.org\/es\/charlitas-laser\/biomasa-y-la-tarifa\/\" \/>\n<meta property=\"og:site_name\" content=\"Citizens&#039; Climate Lobby\" \/>\n<meta property=\"article:publisher\" content=\"https:\/\/www.facebook.com\/CitizensClimateLobby\/\" \/>\n<meta property=\"article:modified_time\" content=\"2021-10-27T13:50:18+00:00\" \/>\n<meta property=\"og:image\" content=\"https:\/\/citizensclimatelobby.org\/wp-content\/uploads\/2014\/10\/CCLFBLogo.jpg\" \/>\n\t<meta property=\"og:image:width\" content=\"237\" \/>\n\t<meta property=\"og:image:height\" content=\"200\" \/>\n\t<meta property=\"og:image:type\" content=\"image\/jpeg\" \/>\n<meta name=\"twitter:card\" content=\"summary_large_image\" \/>\n<meta name=\"twitter:site\" content=\"@citizensclimate\" \/>\n<meta name=\"twitter:label1\" content=\"Tiempo de lectura\" \/>\n\t<meta name=\"twitter:data1\" content=\"4 minutes\" \/>\n<script type=\"application\/ld+json\" class=\"yoast-schema-graph\">{\"@context\":\"https:\/\/schema.org\",\"@graph\":[{\"@type\":\"WebPage\",\"@id\":\"https:\/\/citizensclimatelobby.org\/es\/charlitas-laser\/biomasa-y-la-tarifa\/\",\"url\":\"https:\/\/citizensclimatelobby.org\/es\/charlitas-laser\/biomasa-y-la-tarifa\/\",\"name\":\"Biomasa y la tarifa al carbono\",\"isPartOf\":{\"@id\":\"https:\/\/citizensclimatelobby.org\/#website\"},\"datePublished\":\"2014-10-17T17:11:08+00:00\",\"dateModified\":\"2021-10-27T13:50:18+00:00\",\"description\":\"\u00bfEn una pol\u00edtica con una tarifa al carbono, se debe tributar a los combustibles de biomasa?\",\"breadcrumb\":{\"@id\":\"https:\/\/citizensclimatelobby.org\/es\/charlitas-laser\/biomasa-y-la-tarifa\/#breadcrumb\"},\"inLanguage\":\"es-ES\",\"potentialAction\":[{\"@type\":\"ReadAction\",\"target\":[\"https:\/\/citizensclimatelobby.org\/es\/charlitas-laser\/biomasa-y-la-tarifa\/\"]}]},{\"@type\":\"BreadcrumbList\",\"@id\":\"https:\/\/citizensclimatelobby.org\/es\/charlitas-laser\/biomasa-y-la-tarifa\/#breadcrumb\",\"itemListElement\":[{\"@type\":\"ListItem\",\"position\":1,\"name\":\"Home\",\"item\":\"https:\/\/citizensclimatelobby.org\/es\/\"},{\"@type\":\"ListItem\",\"position\":2,\"name\":\"Charlitas l\u00e1ser &#8211; directorio\",\"item\":\"https:\/\/citizensclimatelobby.org\/es\/charlitas-laser\/\"},{\"@type\":\"ListItem\",\"position\":3,\"name\":\"Biomasa y la tarifa al carbono\"}]},{\"@type\":\"WebSite\",\"@id\":\"https:\/\/citizensclimatelobby.org\/#website\",\"url\":\"https:\/\/citizensclimatelobby.org\/\",\"name\":\"Citizens&#039; Climate Lobby\",\"description\":\"Political will for a livable world\",\"publisher\":{\"@id\":\"https:\/\/citizensclimatelobby.org\/#organization\"},\"potentialAction\":[{\"@type\":\"SearchAction\",\"target\":{\"@type\":\"EntryPoint\",\"urlTemplate\":\"https:\/\/citizensclimatelobby.org\/?s={search_term_string}\"},\"query-input\":\"required name=search_term_string\"}],\"inLanguage\":\"es-ES\"},{\"@type\":\"Organization\",\"@id\":\"https:\/\/citizensclimatelobby.org\/#organization\",\"name\":\"Citizens' Climate Lobby\",\"url\":\"https:\/\/citizensclimatelobby.org\/\",\"logo\":{\"@type\":\"ImageObject\",\"inLanguage\":\"es-ES\",\"@id\":\"https:\/\/citizensclimatelobby.org\/#\/schema\/logo\/image\/\",\"url\":\"https:\/\/citizensclimatelobby.org\/wp-content\/uploads\/2017\/04\/CCL-Logo.png\",\"contentUrl\":\"https:\/\/citizensclimatelobby.org\/wp-content\/uploads\/2017\/04\/CCL-Logo.png\",\"width\":314,\"height\":201,\"caption\":\"Citizens' Climate Lobby\"},\"image\":{\"@id\":\"https:\/\/citizensclimatelobby.org\/#\/schema\/logo\/image\/\"},\"sameAs\":[\"https:\/\/www.facebook.com\/CitizensClimateLobby\/\",\"https:\/\/twitter.com\/citizensclimate\",\"https:\/\/www.instagram.com\/citizensclimate\/\",\"https:\/\/www.linkedin.com\/company\/citizens-climate-lobby\/\",\"https:\/\/www.youtube.com\/c\/CitizensClimateLobby\",\"https:\/\/en.wikipedia.org\/wiki\/Citizens_Climate_Lobby\"]}]}<\/script>\n<!-- \/ Yoast SEO Premium plugin. -->","yoast_head_json":{"title":"Biomasa y la tarifa al carbono","description":"\u00bfEn una pol\u00edtica con una tarifa al carbono, se debe tributar a los combustibles de biomasa?","robots":{"index":"index","follow":"follow","max-snippet":"max-snippet:-1","max-image-preview":"max-image-preview:large","max-video-preview":"max-video-preview:-1"},"canonical":"https:\/\/citizensclimatelobby.org\/es\/charlitas-laser\/biomasa-y-la-tarifa\/","og_locale":"es_ES","og_type":"article","og_title":"Biomasa y la tarifa al carbono","og_description":"\u00bfEn una pol\u00edtica con una tarifa al carbono, se debe tributar a los combustibles de biomasa?","og_url":"https:\/\/citizensclimatelobby.org\/es\/charlitas-laser\/biomasa-y-la-tarifa\/","og_site_name":"Citizens&#039; Climate Lobby","article_publisher":"https:\/\/www.facebook.com\/CitizensClimateLobby\/","article_modified_time":"2021-10-27T13:50:18+00:00","og_image":[{"width":237,"height":200,"url":"https:\/\/citizensclimatelobby.org\/wp-content\/uploads\/2014\/10\/CCLFBLogo.jpg","type":"image\/jpeg"}],"twitter_card":"summary_large_image","twitter_site":"@citizensclimate","twitter_misc":{"Tiempo de lectura":"4 minutes"},"schema":{"@context":"https:\/\/schema.org","@graph":[{"@type":"WebPage","@id":"https:\/\/citizensclimatelobby.org\/es\/charlitas-laser\/biomasa-y-la-tarifa\/","url":"https:\/\/citizensclimatelobby.org\/es\/charlitas-laser\/biomasa-y-la-tarifa\/","name":"Biomasa y la tarifa al carbono","isPartOf":{"@id":"https:\/\/citizensclimatelobby.org\/#website"},"datePublished":"2014-10-17T17:11:08+00:00","dateModified":"2021-10-27T13:50:18+00:00","description":"\u00bfEn una pol\u00edtica con una tarifa al carbono, se debe tributar a los combustibles de biomasa?","breadcrumb":{"@id":"https:\/\/citizensclimatelobby.org\/es\/charlitas-laser\/biomasa-y-la-tarifa\/#breadcrumb"},"inLanguage":"es-ES","potentialAction":[{"@type":"ReadAction","target":["https:\/\/citizensclimatelobby.org\/es\/charlitas-laser\/biomasa-y-la-tarifa\/"]}]},{"@type":"BreadcrumbList","@id":"https:\/\/citizensclimatelobby.org\/es\/charlitas-laser\/biomasa-y-la-tarifa\/#breadcrumb","itemListElement":[{"@type":"ListItem","position":1,"name":"Home","item":"https:\/\/citizensclimatelobby.org\/es\/"},{"@type":"ListItem","position":2,"name":"Charlitas l\u00e1ser &#8211; directorio","item":"https:\/\/citizensclimatelobby.org\/es\/charlitas-laser\/"},{"@type":"ListItem","position":3,"name":"Biomasa y la tarifa al carbono"}]},{"@type":"WebSite","@id":"https:\/\/citizensclimatelobby.org\/#website","url":"https:\/\/citizensclimatelobby.org\/","name":"Citizens&#039; Climate Lobby","description":"Political will for a livable world","publisher":{"@id":"https:\/\/citizensclimatelobby.org\/#organization"},"potentialAction":[{"@type":"SearchAction","target":{"@type":"EntryPoint","urlTemplate":"https:\/\/citizensclimatelobby.org\/?s={search_term_string}"},"query-input":"required name=search_term_string"}],"inLanguage":"es-ES"},{"@type":"Organization","@id":"https:\/\/citizensclimatelobby.org\/#organization","name":"Citizens' Climate Lobby","url":"https:\/\/citizensclimatelobby.org\/","logo":{"@type":"ImageObject","inLanguage":"es-ES","@id":"https:\/\/citizensclimatelobby.org\/#\/schema\/logo\/image\/","url":"https:\/\/citizensclimatelobby.org\/wp-content\/uploads\/2017\/04\/CCL-Logo.png","contentUrl":"https:\/\/citizensclimatelobby.org\/wp-content\/uploads\/2017\/04\/CCL-Logo.png","width":314,"height":201,"caption":"Citizens' Climate Lobby"},"image":{"@id":"https:\/\/citizensclimatelobby.org\/#\/schema\/logo\/image\/"},"sameAs":["https:\/\/www.facebook.com\/CitizensClimateLobby\/","https:\/\/twitter.com\/citizensclimate","https:\/\/www.instagram.com\/citizensclimate\/","https:\/\/www.linkedin.com\/company\/citizens-climate-lobby\/","https:\/\/www.youtube.com\/c\/CitizensClimateLobby","https:\/\/en.wikipedia.org\/wiki\/Citizens_Climate_Lobby"]}]}},"_links":{"self":[{"href":"https:\/\/citizensclimatelobby.org\/es\/wp-json\/wp\/v2\/pages\/28415"}],"collection":[{"href":"https:\/\/citizensclimatelobby.org\/es\/wp-json\/wp\/v2\/pages"}],"about":[{"href":"https:\/\/citizensclimatelobby.org\/es\/wp-json\/wp\/v2\/types\/page"}],"author":[{"embeddable":true,"href":"https:\/\/citizensclimatelobby.org\/es\/wp-json\/wp\/v2\/users\/50"}],"replies":[{"embeddable":true,"href":"https:\/\/citizensclimatelobby.org\/es\/wp-json\/wp\/v2\/comments?post=28415"}],"version-history":[{"count":0,"href":"https:\/\/citizensclimatelobby.org\/es\/wp-json\/wp\/v2\/pages\/28415\/revisions"}],"up":[{"embeddable":true,"href":"https:\/\/citizensclimatelobby.org\/es\/wp-json\/wp\/v2\/pages\/22843"}],"wp:featuredmedia":[{"embeddable":true,"href":"https:\/\/citizensclimatelobby.org\/es\/wp-json\/wp\/v2\/media\/23601"}],"wp:attachment":[{"href":"https:\/\/citizensclimatelobby.org\/es\/wp-json\/wp\/v2\/media?parent=28415"}],"curies":[{"name":"wp","href":"https:\/\/api.w.org\/{rel}","templated":true}]}}