{"id":28450,"date":"2016-05-07T20:27:15","date_gmt":"2016-05-07T20:27:15","guid":{"rendered":"https:\/\/stageccl.wpengine.com\/charlitas-laser\/household-energy-costs\/"},"modified":"2021-07-20T13:12:50","modified_gmt":"2021-07-20T13:12:50","slug":"costos-familiares-de-energia","status":"publish","type":"page","link":"https:\/\/citizensclimatelobby.org\/es\/charlitas-laser\/costos-familiares-de-energia\/","title":{"rendered":"Costos familiares de energ\u00eda"},"content":{"rendered":"<p>[spb_column width=&#8221;2\/3&#8243; el_position=&#8221;first last&#8221;] [spb_text_block pb_margin_bottom=&#8221;no&#8221; pb_border_bottom=&#8221;no&#8221; width=&#8221;1\/1&#8243; el_position=&#8221;first last&#8221;]\n<h1><a href=\"#\" rel=\"tooltip\" data-original-title=\"Una charlita l\u00e1ser es una breve y potente oraci\u00f3n sobre un tema espec\u00edfico relacionado con el cambio clim\u00e1tico o la Renta Clim\u00e1tica. Las charlitas l\u00e1ser no son para memorizar, sino para internalizar.\" data-placement=\"right\"><span class=\"highlighted\">Charlita l\u00e1ser:<\/span><\/a> Costos familiares de energ\u00eda<\/h1>\n[\/spb_text_block] [spb_text_block pb_margin_bottom=&#8221;no&#8221; pb_border_bottom=&#8221;no&#8221; width=&#8221;1\/1&#8243; el_position=&#8221;first last&#8221;]\n<h2><span lang=\"es-ES\">Pregunta<\/span>: <span lang=\"es-ES\">\u00bfC\u00f3mo afectar\u00e1 el Proyecto de Ley de Innovaci\u00f3n Energ\u00e9tica y Dividendos de Carbono <\/span><span lang=\"es-ES\">a <\/span><span lang=\"es-ES\">los gastos energ\u00e9ticos de las familias<\/span>?<\/h2>\n<p><strong>Respuesta<\/strong>: Los ingresos de la tarifa al carbono se devolver\u00e1 a las familias estadounidenses de tal forma que aproximadamente 61 por ciento de familias y 68 por ciento de individuos recibir\u00e1n m\u00e1s dinero en sus Dividendos de Carbono que pagar\u00e1n en los costos aumentados de energ\u00eda.<\/p>\n<p>A mucha gente le sorprende aprender que m\u00e1s de la mitad de sus gastos energ\u00e9ticos est\u00e1n escondidos en las compras como la comida, la ropa, y otros productos. Sin embargo, familias ponen m\u00e1s atenci\u00f3n a los costos <em>directos<\/em> de energ\u00eda, como la gasolina y la factura de electricidad. Con una tarifa incremental al carbono, estos costos subir\u00e1n dependiendo de la cantidad de carbono en el combustible, o cu\u00e1nto se quem\u00f3 en su producci\u00f3n.<\/p>\n<p>Basado en los datos del gobierno [<a href=\"https:\/\/www.epa.gov\/sites\/production\/files\/2015-07\/documents\/emission-factors_2014.pdf\">1<\/a>,<a href=\"https:\/\/energy.gov\/sites\/prod\/files\/2015\/07\/f24\/QER%20Analysis%20-%20Fuel%20Use%20and%20GHG%20Emissions%20from%20the%20Natural%20Gas%20System,%20Sankey%20Diagram%20Methodology_0.pdf\">2<\/a>,<a href=\"https:\/\/greet.es.anl.gov\/publication-h3k81jas\">3<\/a>], calculamos que en el primer a\u00f1o de una tarifa al carbono de $15 por tonelada m\u00e9trica:<\/p>\n<ul>\n<li>\n<p lang=\"es-ES\">La gasolina subir\u00e1 por 16 centavos por gal\u00f3n<\/p>\n<\/li>\n<li>\n<p lang=\"es-ES\">El gas natural subir\u00e1 por 9 centavos por termia<\/p>\n<\/li>\n<li>\n<p lang=\"es-ES\">El gas\u00f3leo de calefacci\u00f3n subir\u00e1 por 18 centavos por gal\u00f3n, y<\/p>\n<\/li>\n<li>La electricidad subir\u00e1 por entre 0.6 y 1.4 centavos por kilovatio-hora, dependiendo si la genera con carb\u00f3n o gas natural. La electricidad de renovables o plantas nucleares no subir\u00e1 [4].<\/li>\n<\/ul>\n<p>La devoluci\u00f3n de los ingresos (la &#8220;Renta Clim\u00e1tica&#8221;) es clave para contrarrestar estos aumentos en los costos. Como report\u00f3 el Estudio de los Impactos Dom\u00e9sticos de 2020 [<a href=\"https:\/\/citizensclimatelobby.org\/es\/estudio-del-impacto-domestico\/\" target=\"_blank\" rel=\"noopener noreferrer\">5<\/a>], un 61 por ciento de las familias estadounidenses equilibrar\u00e1n sus gastos o tendr\u00e1n dinero sobrante. Un estudio del Departamento del Tesoro sobre un estrategia similar [<a href=\"https:\/\/www.treasury.gov\/resource-center\/tax-policy\/tax-analysis\/Documents\/WP-115.pdf\" target=\"_blank\" rel=\"noopener noreferrer\">6<\/a>] report\u00f3 que un 70 por ciento de familias tendr\u00e1n dinero sobrante. Todo depende del tipo de energ\u00eda que se utiliza, y cu\u00e1nta [<a href=\"https:\/\/citizensclimatelobby.org\/es\/estudio-del-impacto-domestico\/\">7<\/a>]. Cualquier persona que deseara una estimaci\u00f3n de c\u00f3mo sus finanzas ser\u00edan impactadas puede utilizar nuestro <a href=\"https:\/\/energyinnovationact.org\/carbon-dividend-calculator\/\">Calculador Personal de Dividendos de Carbono<\/a> en ingl\u00e9s.<\/p>\n<p>&nbsp;<\/p>\n[\/spb_text_block] [spb_message color=&#8221;alert-info&#8221; width=&#8221;1\/1&#8243; el_position=&#8221;first last&#8221;]\n<p><strong>En pocas palabras:<\/strong> El Proyecto de Ley de Innovaci\u00f3n Energ\u00e9tica y Dividendos de Carbono reciclar\u00e1 los ingresos de la tarifa al carbono a los consumidores de tal manera que <em>m\u00e1s de dos tercios<\/em> realmente recibir\u00e1n pagos en efectivo mayores que sus aumentados gastos para la energ\u00eda.<\/p>\n[\/spb_message] [divider type=&#8221;standard&#8221; text=&#8221;Go to top&#8221; full_width=&#8221;no&#8221; width=&#8221;1\/1&#8243; el_position=&#8221;first last&#8221;] [spb_text_block pb_margin_bottom=&#8221;no&#8221; pb_border_bottom=&#8221;no&#8221; width=&#8221;1\/1&#8243; el_position=&#8221;first last&#8221;]\n<p><strong>Relacionadas<\/strong>: <a href=\"\/es\/charlitas-laser\/familias-de-bajos-ingresos\" target=\"_blank\" rel=\"noopener noreferrer\">Familias de bajos ingresos<\/a>, <a href=\"\/es\/estudio-del-impacto-domestico\/\" target=\"_blank\" rel=\"noopener noreferrer\">Estudio de los impactos dom\u00e9sticos<\/a><\/p>\n[\/spb_text_block] [boxed_content type=&#8221;whitestroke&#8221; pb_margin_bottom=&#8221;no&#8221; width=&#8221;1\/1&#8243; el_position=&#8221;first last&#8221;]\n<ol>\n<li>\u201cEmissions Factors for Greenhouse Gas Inventories.\u201d <span lang=\"es-ES\">Agencia de la Protecci\u00f3n Ambiental de EEUU<\/span>. 4 <span lang=\"es-ES\">de abril<\/span> de 2014.<\/li>\n<li>Bradbury, J., Z. Clement, <span lang=\"es-ES\">y<\/span> A. Down. \u201cGreenhouse Gas Emissions <span lang=\"es-ES\">and<\/span> Fuel Use Within the Natural Gas Supply Chain: Sankey Diagram Methodology.\u201d Julio de 2015.<\/li>\n<li>Greenhouse Gases, Regulated Emissions, and Energy Use in Transportation (GREET).<\/li>\n<li><span lang=\"es-ES\">La g<\/span>asolin<span lang=\"es-ES\">a<\/span> <span lang=\"es-ES\">e<\/span>s tipo regular <span lang=\"es-ES\">de octano<\/span> 87 <span lang=\"es-ES\">con <\/span>10% siendo <span lang=\"es-ES\">etanol de ma\u00edz<\/span>. Para<span lang=\"es-ES\"> el gas natural<\/span>, 1 <span lang=\"es-ES\">t<\/span><span lang=\"es-ES\">ermia<\/span> = 100,000 B<span lang=\"es-ES\">TU<\/span>. <span lang=\"es-ES\">Para la electricidad<\/span>, 1 kWh = 1 <span lang=\"es-ES\">kilo<\/span><span lang=\"es-ES\">vatio<\/span>&#8211;<span lang=\"es-ES\">ho<\/span><span lang=\"es-ES\">ra<\/span>. <span lang=\"es-ES\">La eficiencia de la planta el\u00e9ctrica <\/span>= 34.0% <span lang=\"es-ES\">para el carb\u00f3n, y <\/span>44.6% <span lang=\"es-ES\">para el gas natural<\/span>. El traspaso a los consumidores es 95%.<\/li>\n<li>Ummel, K. \u201cHousehold Impact Study II (HIS2): The impact of a carbon fee and dividend policy on the finances of U.S. households.\u201d Working Paper v1.1 (agosto de 2020).<\/li>\n<li>Horowitz, J., et al. \u201cMethodology for Analyzing a Carbon Tax.\u201d Papel de Trabajo 115 de la Oficina de An\u00e1lisis de Impuestos (enero 2017).<\/li>\n<li>\u201cFinancial Impact on Households of Carbon Fee and Dividend.\u201d Citizens\u2019 Climate Lobby (agosto de 2020).<\/li>\n<\/ol>\n[\/boxed_content] [spb_text_block pb_margin_bottom=&#8221;no&#8221; pb_border_bottom=&#8221;no&#8221; width=&#8221;1\/1&#8243; el_position=&#8221;first last&#8221;]\n<p style=\"text-align: left;\"><em>Se actualiz\u00f3 esta p\u00e1gina el 1 de mayo de 2021.<\/em><\/p>\n[\/spb_text_block] [\/spb_column]<\/p>\n","protected":false},"excerpt":{"rendered":"<p>[spb_column width=&#8221;2\/3&#8243; el_position=&#8221;first last&#8221;] [spb_text_block pb_margin_bottom=&#8221;no&#8221; pb_border_bottom=&#8221;no&#8221; width=&#8221;1\/1&#8243; el_position=&#8221;first last&#8221;] Costos familiares de energ\u00eda [\/spb_text_block] [spb_text_block pb_margin_bottom=&#8221;no&#8221; pb_border_bottom=&#8221;no&#8221; width=&#8221;1\/1&#8243; el_position=&#8221;first last&#8221;] Pregunta: \u00bfC\u00f3mo afectar\u00e1 el Proyecto de Ley de Innovaci\u00f3n Energ\u00e9tica y Dividendos de Carbono a los gastos energ\u00e9ticos de las familias? Respuesta: Los ingresos de la tarifa al carbono se devolver\u00e1 a las familias estadounidenses de tal forma que [&hellip;]<\/p>\n","protected":false},"author":20,"featured_media":0,"parent":22843,"menu_order":0,"comment_status":"closed","ping_status":"closed","template":"","meta":{"footnotes":""},"acf":[],"yoast_head":"<!-- This site is optimized with the Yoast SEO Premium plugin v21.3 (Yoast SEO v21.3) - https:\/\/yoast.com\/wordpress\/plugins\/seo\/ -->\n<title>Costos familiares de energ\u00eda | Citizens&#039; Climate Lobby<\/title>\n<meta name=\"description\" content=\"\u00bfC\u00f3mo el plan de Dividendos Energ\u00e9ticos afectar\u00e1 a los gastos energ\u00e9ticos de familias?\" \/>\n<meta name=\"robots\" content=\"index, follow, max-snippet:-1, max-image-preview:large, max-video-preview:-1\" \/>\n<link rel=\"canonical\" href=\"https:\/\/citizensclimatelobby.org\/es\/charlitas-laser\/costos-familiares-de-energia\/\" \/>\n<meta property=\"og:locale\" content=\"es_ES\" \/>\n<meta property=\"og:type\" content=\"article\" \/>\n<meta property=\"og:title\" content=\"Costos familiares de energ\u00eda\" \/>\n<meta property=\"og:description\" content=\"\u00bfC\u00f3mo el plan de Dividendos Energ\u00e9ticos afectar\u00e1 a los gastos energ\u00e9ticos de familias?\" \/>\n<meta property=\"og:url\" content=\"https:\/\/citizensclimatelobby.org\/es\/charlitas-laser\/costos-familiares-de-energia\/\" \/>\n<meta property=\"og:site_name\" content=\"Citizens&#039; Climate Lobby\" \/>\n<meta property=\"article:publisher\" content=\"https:\/\/www.facebook.com\/CitizensClimateLobby\/\" \/>\n<meta property=\"article:modified_time\" content=\"2021-07-20T13:12:50+00:00\" \/>\n<meta name=\"twitter:card\" content=\"summary_large_image\" \/>\n<meta name=\"twitter:site\" content=\"@citizensclimate\" \/>\n<meta name=\"twitter:label1\" content=\"Tiempo de lectura\" \/>\n\t<meta name=\"twitter:data1\" content=\"4 minutes\" \/>\n<script type=\"application\/ld+json\" class=\"yoast-schema-graph\">{\"@context\":\"https:\/\/schema.org\",\"@graph\":[{\"@type\":\"WebPage\",\"@id\":\"https:\/\/citizensclimatelobby.org\/es\/charlitas-laser\/costos-familiares-de-energia\/\",\"url\":\"https:\/\/citizensclimatelobby.org\/es\/charlitas-laser\/costos-familiares-de-energia\/\",\"name\":\"Costos familiares de energ\u00eda | Citizens&#039; Climate Lobby\",\"isPartOf\":{\"@id\":\"https:\/\/citizensclimatelobby.org\/#website\"},\"datePublished\":\"2016-05-07T20:27:15+00:00\",\"dateModified\":\"2021-07-20T13:12:50+00:00\",\"description\":\"\u00bfC\u00f3mo el plan de Dividendos Energ\u00e9ticos afectar\u00e1 a los gastos energ\u00e9ticos de familias?\",\"breadcrumb\":{\"@id\":\"https:\/\/citizensclimatelobby.org\/es\/charlitas-laser\/costos-familiares-de-energia\/#breadcrumb\"},\"inLanguage\":\"es-ES\",\"potentialAction\":[{\"@type\":\"ReadAction\",\"target\":[\"https:\/\/citizensclimatelobby.org\/es\/charlitas-laser\/costos-familiares-de-energia\/\"]}]},{\"@type\":\"BreadcrumbList\",\"@id\":\"https:\/\/citizensclimatelobby.org\/es\/charlitas-laser\/costos-familiares-de-energia\/#breadcrumb\",\"itemListElement\":[{\"@type\":\"ListItem\",\"position\":1,\"name\":\"Home\",\"item\":\"https:\/\/citizensclimatelobby.org\/es\/\"},{\"@type\":\"ListItem\",\"position\":2,\"name\":\"Charlitas l\u00e1ser &#8211; directorio\",\"item\":\"https:\/\/citizensclimatelobby.org\/es\/charlitas-laser\/\"},{\"@type\":\"ListItem\",\"position\":3,\"name\":\"Costos familiares de energ\u00eda\"}]},{\"@type\":\"WebSite\",\"@id\":\"https:\/\/citizensclimatelobby.org\/#website\",\"url\":\"https:\/\/citizensclimatelobby.org\/\",\"name\":\"Citizens&#039; Climate Lobby\",\"description\":\"Political will for a livable world\",\"publisher\":{\"@id\":\"https:\/\/citizensclimatelobby.org\/#organization\"},\"potentialAction\":[{\"@type\":\"SearchAction\",\"target\":{\"@type\":\"EntryPoint\",\"urlTemplate\":\"https:\/\/citizensclimatelobby.org\/?s={search_term_string}\"},\"query-input\":\"required name=search_term_string\"}],\"inLanguage\":\"es-ES\"},{\"@type\":\"Organization\",\"@id\":\"https:\/\/citizensclimatelobby.org\/#organization\",\"name\":\"Citizens' Climate Lobby\",\"url\":\"https:\/\/citizensclimatelobby.org\/\",\"logo\":{\"@type\":\"ImageObject\",\"inLanguage\":\"es-ES\",\"@id\":\"https:\/\/citizensclimatelobby.org\/#\/schema\/logo\/image\/\",\"url\":\"https:\/\/citizensclimatelobby.org\/wp-content\/uploads\/2017\/04\/CCL-Logo.png\",\"contentUrl\":\"https:\/\/citizensclimatelobby.org\/wp-content\/uploads\/2017\/04\/CCL-Logo.png\",\"width\":314,\"height\":201,\"caption\":\"Citizens' Climate Lobby\"},\"image\":{\"@id\":\"https:\/\/citizensclimatelobby.org\/#\/schema\/logo\/image\/\"},\"sameAs\":[\"https:\/\/www.facebook.com\/CitizensClimateLobby\/\",\"https:\/\/twitter.com\/citizensclimate\",\"https:\/\/www.instagram.com\/citizensclimate\/\",\"https:\/\/www.linkedin.com\/company\/citizens-climate-lobby\/\",\"https:\/\/www.youtube.com\/c\/CitizensClimateLobby\",\"https:\/\/en.wikipedia.org\/wiki\/Citizens_Climate_Lobby\"]}]}<\/script>\n<!-- \/ Yoast SEO Premium plugin. -->","yoast_head_json":{"title":"Costos familiares de energ\u00eda | Citizens&#039; Climate Lobby","description":"\u00bfC\u00f3mo el plan de Dividendos Energ\u00e9ticos afectar\u00e1 a los gastos energ\u00e9ticos de familias?","robots":{"index":"index","follow":"follow","max-snippet":"max-snippet:-1","max-image-preview":"max-image-preview:large","max-video-preview":"max-video-preview:-1"},"canonical":"https:\/\/citizensclimatelobby.org\/es\/charlitas-laser\/costos-familiares-de-energia\/","og_locale":"es_ES","og_type":"article","og_title":"Costos familiares de energ\u00eda","og_description":"\u00bfC\u00f3mo el plan de Dividendos Energ\u00e9ticos afectar\u00e1 a los gastos energ\u00e9ticos de familias?","og_url":"https:\/\/citizensclimatelobby.org\/es\/charlitas-laser\/costos-familiares-de-energia\/","og_site_name":"Citizens&#039; Climate Lobby","article_publisher":"https:\/\/www.facebook.com\/CitizensClimateLobby\/","article_modified_time":"2021-07-20T13:12:50+00:00","twitter_card":"summary_large_image","twitter_site":"@citizensclimate","twitter_misc":{"Tiempo de lectura":"4 minutes"},"schema":{"@context":"https:\/\/schema.org","@graph":[{"@type":"WebPage","@id":"https:\/\/citizensclimatelobby.org\/es\/charlitas-laser\/costos-familiares-de-energia\/","url":"https:\/\/citizensclimatelobby.org\/es\/charlitas-laser\/costos-familiares-de-energia\/","name":"Costos familiares de energ\u00eda | Citizens&#039; Climate Lobby","isPartOf":{"@id":"https:\/\/citizensclimatelobby.org\/#website"},"datePublished":"2016-05-07T20:27:15+00:00","dateModified":"2021-07-20T13:12:50+00:00","description":"\u00bfC\u00f3mo el plan de Dividendos Energ\u00e9ticos afectar\u00e1 a los gastos energ\u00e9ticos de familias?","breadcrumb":{"@id":"https:\/\/citizensclimatelobby.org\/es\/charlitas-laser\/costos-familiares-de-energia\/#breadcrumb"},"inLanguage":"es-ES","potentialAction":[{"@type":"ReadAction","target":["https:\/\/citizensclimatelobby.org\/es\/charlitas-laser\/costos-familiares-de-energia\/"]}]},{"@type":"BreadcrumbList","@id":"https:\/\/citizensclimatelobby.org\/es\/charlitas-laser\/costos-familiares-de-energia\/#breadcrumb","itemListElement":[{"@type":"ListItem","position":1,"name":"Home","item":"https:\/\/citizensclimatelobby.org\/es\/"},{"@type":"ListItem","position":2,"name":"Charlitas l\u00e1ser &#8211; directorio","item":"https:\/\/citizensclimatelobby.org\/es\/charlitas-laser\/"},{"@type":"ListItem","position":3,"name":"Costos familiares de energ\u00eda"}]},{"@type":"WebSite","@id":"https:\/\/citizensclimatelobby.org\/#website","url":"https:\/\/citizensclimatelobby.org\/","name":"Citizens&#039; Climate Lobby","description":"Political will for a livable world","publisher":{"@id":"https:\/\/citizensclimatelobby.org\/#organization"},"potentialAction":[{"@type":"SearchAction","target":{"@type":"EntryPoint","urlTemplate":"https:\/\/citizensclimatelobby.org\/?s={search_term_string}"},"query-input":"required name=search_term_string"}],"inLanguage":"es-ES"},{"@type":"Organization","@id":"https:\/\/citizensclimatelobby.org\/#organization","name":"Citizens' Climate Lobby","url":"https:\/\/citizensclimatelobby.org\/","logo":{"@type":"ImageObject","inLanguage":"es-ES","@id":"https:\/\/citizensclimatelobby.org\/#\/schema\/logo\/image\/","url":"https:\/\/citizensclimatelobby.org\/wp-content\/uploads\/2017\/04\/CCL-Logo.png","contentUrl":"https:\/\/citizensclimatelobby.org\/wp-content\/uploads\/2017\/04\/CCL-Logo.png","width":314,"height":201,"caption":"Citizens' Climate Lobby"},"image":{"@id":"https:\/\/citizensclimatelobby.org\/#\/schema\/logo\/image\/"},"sameAs":["https:\/\/www.facebook.com\/CitizensClimateLobby\/","https:\/\/twitter.com\/citizensclimate","https:\/\/www.instagram.com\/citizensclimate\/","https:\/\/www.linkedin.com\/company\/citizens-climate-lobby\/","https:\/\/www.youtube.com\/c\/CitizensClimateLobby","https:\/\/en.wikipedia.org\/wiki\/Citizens_Climate_Lobby"]}]}},"_links":{"self":[{"href":"https:\/\/citizensclimatelobby.org\/es\/wp-json\/wp\/v2\/pages\/28450"}],"collection":[{"href":"https:\/\/citizensclimatelobby.org\/es\/wp-json\/wp\/v2\/pages"}],"about":[{"href":"https:\/\/citizensclimatelobby.org\/es\/wp-json\/wp\/v2\/types\/page"}],"author":[{"embeddable":true,"href":"https:\/\/citizensclimatelobby.org\/es\/wp-json\/wp\/v2\/users\/20"}],"replies":[{"embeddable":true,"href":"https:\/\/citizensclimatelobby.org\/es\/wp-json\/wp\/v2\/comments?post=28450"}],"version-history":[{"count":0,"href":"https:\/\/citizensclimatelobby.org\/es\/wp-json\/wp\/v2\/pages\/28450\/revisions"}],"up":[{"embeddable":true,"href":"https:\/\/citizensclimatelobby.org\/es\/wp-json\/wp\/v2\/pages\/22843"}],"wp:attachment":[{"href":"https:\/\/citizensclimatelobby.org\/es\/wp-json\/wp\/v2\/media?parent=28450"}],"curies":[{"name":"wp","href":"https:\/\/api.w.org\/{rel}","templated":true}]}}