{"id":29465,"date":"2018-06-29T16:33:41","date_gmt":"2018-06-29T16:33:41","guid":{"rendered":"https:\/\/stageccl.wpengine.com\/tweet-to-thank-the-co-sponsors-of-the-energy-innovation-and-carbon-dividend-act\/"},"modified":"2018-09-05T00:07:37","modified_gmt":"2018-09-05T00:07:37","slug":"tuitear-para-agradecer-copatrocinadores-de-ley-innovacion-energetica-y-dividendos-de-carbonoion-and-carbon-dividend-act","status":"publish","type":"page","link":"https:\/\/citizensclimatelobby.org\/es\/tuitear-para-agradecer-copatrocinadores-de-ley-innovacion-energetica-y-dividendos-de-carbonoion-and-carbon-dividend-act\/","title":{"rendered":"Tuitear para agradecer los copatrocinadores del Proyecto de Ley de Innovaci\u00f3n Energ\u00e9tica y Dividendos de Carbononovation and Carbon Dividend Act"},"content":{"rendered":"<div class=\"action\">\n<p><!-- Plugin BEGIN --><br \/>\n<script language=\"javascript\" src=\"\/\/www.congressweb.com\/cweb\/js\/jquery.congressweb.iframe.js\"><\/script><br \/>\n<script language=\"javascript\">$cweb(function(){ $cweb('#congressweb-action-62<span style=\"display: inline-block; width: 0px; overflow: hidden; line-height: 0;\" data-mce-type=\"bookmark\" class=\"mce_SELRES_start\">\ufeff<\/span>').congressweb({ url : '\/\/www.congressweb.com\/CCL\/62', responsive\t: true }); });<\/script><\/p>\n<div id=\"congressweb-action-62\"><\/div>\n<p><!-- Plugin END --><\/p>\n<div style=\"font-size: 70%; margin-top: 20px; text-align: center;\">Al utilizar esta herramienta, llenar el formulario arriba, y hacer clic en \u201cYes\u201d (\u201cS\u00ed\u201d) a lado de \u201cSubscribe me to CCL\u2019s mailing list and contact me about future actions\u201d (\u201cInscribirme en la lista de correo de CCL y contactarme sobre futuras acciones\u201d), usted da permiso a <a style=\"color: black;\" title=\"Citizens' Climate, 1330 Orange Ave #309,Coronado, CA 92118, Phone: 619-437-7142\">Ciudadanos por un Clima Vivible\/Citizens\u2019 Climate Lobby (CCL) y Educaci\u00f3n Ciudadana por el Clima\/Citizens\u2019 Climate Education (CCE)<\/a> para mandarle correo electr\u00f3nico, incluso informaci\u00f3n sobre CCL\/CCE y c\u00f3mo usted puede ser un voluntario y apoyar a nuestro trabajo. Puede salir de la lista en cualquier momento por escribir a unsubscribe@climavivible.org.<br \/>\n<a href=\"https:\/\/citizensclimatelobby.org\/es\/politica-de-privacidad\/\" target=\"_blank\" rel=\"noopener\">Pol\u00edtica de Privacidad<\/a><\/div>\n<\/div>\n","protected":false},"excerpt":{"rendered":"<p>Al utilizar esta herramienta, llenar el formulario arriba, y hacer clic en \u201cYes\u201d (\u201cS\u00ed\u201d) a lado de \u201cSubscribe me to CCL\u2019s mailing list and contact me about future actions\u201d (\u201cInscribirme en la lista de correo de CCL y contactarme sobre futuras acciones\u201d), usted da permiso a Ciudadanos por un Clima Vivible\/Citizens\u2019 Climate Lobby (CCL) y Educaci\u00f3n Ciudadana por el Clima\/Citizens\u2019 [&hellip;]<\/p>\n","protected":false},"author":20,"featured_media":32722,"parent":0,"menu_order":8,"comment_status":"closed","ping_status":"closed","template":"","meta":{"footnotes":""},"acf":[],"yoast_head":"<!-- This site is optimized with the Yoast SEO Premium plugin v21.3 (Yoast SEO v21.3) - https:\/\/yoast.com\/wordpress\/plugins\/seo\/ -->\n<title>Tuitear para agradecer los copatrocinadores del Proyecto de Ley de Innovaci\u00f3n Energ\u00e9tica y Dividendos de Carbononovation and Carbon Dividend Act | Citizens&#039; Climate Lobby<\/title>\n<meta name=\"description\" content=\"El Proyecto de Ley de Innovaci\u00f3n Energ\u00e9tica y Dividendos de Carbono ha sido presentado en la C\u00e1mara de Representantes estadounidense. Una vez aprobado, impulsar\u00e1 la reducci\u00f3n de contaminaci\u00f3n de carbono en Estados Unidos, mantendr\u00e1 el cambio clim\u00e1tico bajo control, y desatar\u00e1 el ingenio y la innovaci\u00f3n tecnol\u00f3gica.\" \/>\n<meta name=\"robots\" content=\"noindex, nofollow\" \/>\n<meta property=\"og:locale\" content=\"es_ES\" \/>\n<meta property=\"og:type\" content=\"article\" \/>\n<meta property=\"og:title\" content=\"Tweet to thank the co-sponsors of the Energy Innovation and Carbon Dividend Act\" \/>\n<meta property=\"og:description\" content=\"The Energy Innovation and Carbon Dividend Act has been introduced in the U.S. House of Representatives. When enacted, it will drive down America\u2019s carbon pollution and bring climate change under control, while unleashing American technology innovation and ingenuity.\" \/>\n<meta property=\"og:url\" content=\"https:\/\/citizensclimatelobby.org\/es\/tuitear-para-agradecer-copatrocinadores-de-ley-innovacion-energetica-y-dividendos-de-carbonoion-and-carbon-dividend-act\/\" \/>\n<meta property=\"og:site_name\" content=\"Citizens&#039; Climate Lobby\" \/>\n<meta property=\"article:publisher\" content=\"https:\/\/www.facebook.com\/CitizensClimateLobby\/\" \/>\n<meta property=\"article:modified_time\" content=\"2018-09-05T00:07:37+00:00\" \/>\n<meta property=\"og:image\" content=\"https:\/\/citizensclimatelobby.org\/wp-content\/uploads\/2018\/06\/EICDA_prelaunch_FB.png\" \/>\n\t<meta property=\"og:image:width\" content=\"1200\" \/>\n\t<meta property=\"og:image:height\" content=\"630\" \/>\n\t<meta property=\"og:image:type\" content=\"image\/png\" \/>\n<meta name=\"twitter:card\" content=\"summary_large_image\" \/>\n<meta name=\"twitter:title\" content=\"Tuitear para agradecer los copatrocinadores del Proyecto de Ley de Innovaci\u00f3n Energ\u00e9tica y Dividendos de Carbononovation and Carbon Dividend Act\" \/>\n<meta name=\"twitter:site\" content=\"@citizensclimate\" \/>\n<meta name=\"twitter:label1\" content=\"Tiempo de lectura\" \/>\n\t<meta name=\"twitter:data1\" content=\"1 minute\" \/>\n<script type=\"application\/ld+json\" class=\"yoast-schema-graph\">{\"@context\":\"https:\/\/schema.org\",\"@graph\":[{\"@type\":\"WebPage\",\"@id\":\"https:\/\/citizensclimatelobby.org\/es\/tuitear-para-agradecer-copatrocinadores-de-ley-innovacion-energetica-y-dividendos-de-carbonoion-and-carbon-dividend-act\/\",\"url\":\"https:\/\/citizensclimatelobby.org\/es\/tuitear-para-agradecer-copatrocinadores-de-ley-innovacion-energetica-y-dividendos-de-carbonoion-and-carbon-dividend-act\/\",\"name\":\"Tuitear para agradecer los copatrocinadores del Proyecto de Ley de Innovaci\u00f3n Energ\u00e9tica y Dividendos de Carbononovation and Carbon Dividend Act | Citizens&#039; Climate Lobby\",\"isPartOf\":{\"@id\":\"https:\/\/citizensclimatelobby.org\/#website\"},\"datePublished\":\"2018-06-29T16:33:41+00:00\",\"dateModified\":\"2018-09-05T00:07:37+00:00\",\"description\":\"El Proyecto de Ley de Innovaci\u00f3n Energ\u00e9tica y Dividendos de Carbono ha sido presentado en la C\u00e1mara de Representantes estadounidense. Una vez aprobado, impulsar\u00e1 la reducci\u00f3n de contaminaci\u00f3n de carbono en Estados Unidos, mantendr\u00e1 el cambio clim\u00e1tico bajo control, y desatar\u00e1 el ingenio y la innovaci\u00f3n tecnol\u00f3gica.\",\"breadcrumb\":{\"@id\":\"https:\/\/citizensclimatelobby.org\/es\/tuitear-para-agradecer-copatrocinadores-de-ley-innovacion-energetica-y-dividendos-de-carbonoion-and-carbon-dividend-act\/#breadcrumb\"},\"inLanguage\":\"es-ES\",\"potentialAction\":[{\"@type\":\"ReadAction\",\"target\":[\"https:\/\/citizensclimatelobby.org\/es\/tuitear-para-agradecer-copatrocinadores-de-ley-innovacion-energetica-y-dividendos-de-carbonoion-and-carbon-dividend-act\/\"]}]},{\"@type\":\"BreadcrumbList\",\"@id\":\"https:\/\/citizensclimatelobby.org\/es\/tuitear-para-agradecer-copatrocinadores-de-ley-innovacion-energetica-y-dividendos-de-carbonoion-and-carbon-dividend-act\/#breadcrumb\",\"itemListElement\":[{\"@type\":\"ListItem\",\"position\":1,\"name\":\"Home\",\"item\":\"https:\/\/citizensclimatelobby.org\/es\/\"},{\"@type\":\"ListItem\",\"position\":2,\"name\":\"Tuitear para agradecer los copatrocinadores del Proyecto de Ley de Innovaci\u00f3n Energ\u00e9tica y Dividendos de Carbononovation and Carbon Dividend Act\"}]},{\"@type\":\"WebSite\",\"@id\":\"https:\/\/citizensclimatelobby.org\/#website\",\"url\":\"https:\/\/citizensclimatelobby.org\/\",\"name\":\"Citizens&#039; Climate Lobby\",\"description\":\"Political will for a livable world\",\"publisher\":{\"@id\":\"https:\/\/citizensclimatelobby.org\/#organization\"},\"potentialAction\":[{\"@type\":\"SearchAction\",\"target\":{\"@type\":\"EntryPoint\",\"urlTemplate\":\"https:\/\/citizensclimatelobby.org\/?s={search_term_string}\"},\"query-input\":\"required name=search_term_string\"}],\"inLanguage\":\"es-ES\"},{\"@type\":\"Organization\",\"@id\":\"https:\/\/citizensclimatelobby.org\/#organization\",\"name\":\"Citizens' Climate Lobby\",\"url\":\"https:\/\/citizensclimatelobby.org\/\",\"logo\":{\"@type\":\"ImageObject\",\"inLanguage\":\"es-ES\",\"@id\":\"https:\/\/citizensclimatelobby.org\/#\/schema\/logo\/image\/\",\"url\":\"https:\/\/citizensclimatelobby.org\/wp-content\/uploads\/2017\/04\/CCL-Logo.png\",\"contentUrl\":\"https:\/\/citizensclimatelobby.org\/wp-content\/uploads\/2017\/04\/CCL-Logo.png\",\"width\":314,\"height\":201,\"caption\":\"Citizens' Climate Lobby\"},\"image\":{\"@id\":\"https:\/\/citizensclimatelobby.org\/#\/schema\/logo\/image\/\"},\"sameAs\":[\"https:\/\/www.facebook.com\/CitizensClimateLobby\/\",\"https:\/\/twitter.com\/citizensclimate\",\"https:\/\/www.instagram.com\/citizensclimate\/\",\"https:\/\/www.linkedin.com\/company\/citizens-climate-lobby\/\",\"https:\/\/www.youtube.com\/c\/CitizensClimateLobby\",\"https:\/\/en.wikipedia.org\/wiki\/Citizens_Climate_Lobby\"]}]}<\/script>\n<!-- \/ Yoast SEO Premium plugin. -->","yoast_head_json":{"title":"Tuitear para agradecer los copatrocinadores del Proyecto de Ley de Innovaci\u00f3n Energ\u00e9tica y Dividendos de Carbononovation and Carbon Dividend Act | Citizens&#039; Climate Lobby","description":"El Proyecto de Ley de Innovaci\u00f3n Energ\u00e9tica y Dividendos de Carbono ha sido presentado en la C\u00e1mara de Representantes estadounidense. Una vez aprobado, impulsar\u00e1 la reducci\u00f3n de contaminaci\u00f3n de carbono en Estados Unidos, mantendr\u00e1 el cambio clim\u00e1tico bajo control, y desatar\u00e1 el ingenio y la innovaci\u00f3n tecnol\u00f3gica.","robots":{"index":"noindex","follow":"nofollow"},"og_locale":"es_ES","og_type":"article","og_title":"Tweet to thank the co-sponsors of the Energy Innovation and Carbon Dividend Act","og_description":"The Energy Innovation and Carbon Dividend Act has been introduced in the U.S. House of Representatives. When enacted, it will drive down America\u2019s carbon pollution and bring climate change under control, while unleashing American technology innovation and ingenuity.","og_url":"https:\/\/citizensclimatelobby.org\/es\/tuitear-para-agradecer-copatrocinadores-de-ley-innovacion-energetica-y-dividendos-de-carbonoion-and-carbon-dividend-act\/","og_site_name":"Citizens&#039; Climate Lobby","article_publisher":"https:\/\/www.facebook.com\/CitizensClimateLobby\/","article_modified_time":"2018-09-05T00:07:37+00:00","og_image":[{"width":1200,"height":630,"url":"https:\/\/citizensclimatelobby.org\/wp-content\/uploads\/2018\/06\/EICDA_prelaunch_FB.png","type":"image\/png"}],"twitter_card":"summary_large_image","twitter_title":"Tuitear para agradecer los copatrocinadores del Proyecto de Ley de Innovaci\u00f3n Energ\u00e9tica y Dividendos de Carbononovation and Carbon Dividend Act","twitter_site":"@citizensclimate","twitter_misc":{"Tiempo de lectura":"1 minute"},"schema":{"@context":"https:\/\/schema.org","@graph":[{"@type":"WebPage","@id":"https:\/\/citizensclimatelobby.org\/es\/tuitear-para-agradecer-copatrocinadores-de-ley-innovacion-energetica-y-dividendos-de-carbonoion-and-carbon-dividend-act\/","url":"https:\/\/citizensclimatelobby.org\/es\/tuitear-para-agradecer-copatrocinadores-de-ley-innovacion-energetica-y-dividendos-de-carbonoion-and-carbon-dividend-act\/","name":"Tuitear para agradecer los copatrocinadores del Proyecto de Ley de Innovaci\u00f3n Energ\u00e9tica y Dividendos de Carbononovation and Carbon Dividend Act | Citizens&#039; Climate Lobby","isPartOf":{"@id":"https:\/\/citizensclimatelobby.org\/#website"},"datePublished":"2018-06-29T16:33:41+00:00","dateModified":"2018-09-05T00:07:37+00:00","description":"El Proyecto de Ley de Innovaci\u00f3n Energ\u00e9tica y Dividendos de Carbono ha sido presentado en la C\u00e1mara de Representantes estadounidense. Una vez aprobado, impulsar\u00e1 la reducci\u00f3n de contaminaci\u00f3n de carbono en Estados Unidos, mantendr\u00e1 el cambio clim\u00e1tico bajo control, y desatar\u00e1 el ingenio y la innovaci\u00f3n tecnol\u00f3gica.","breadcrumb":{"@id":"https:\/\/citizensclimatelobby.org\/es\/tuitear-para-agradecer-copatrocinadores-de-ley-innovacion-energetica-y-dividendos-de-carbonoion-and-carbon-dividend-act\/#breadcrumb"},"inLanguage":"es-ES","potentialAction":[{"@type":"ReadAction","target":["https:\/\/citizensclimatelobby.org\/es\/tuitear-para-agradecer-copatrocinadores-de-ley-innovacion-energetica-y-dividendos-de-carbonoion-and-carbon-dividend-act\/"]}]},{"@type":"BreadcrumbList","@id":"https:\/\/citizensclimatelobby.org\/es\/tuitear-para-agradecer-copatrocinadores-de-ley-innovacion-energetica-y-dividendos-de-carbonoion-and-carbon-dividend-act\/#breadcrumb","itemListElement":[{"@type":"ListItem","position":1,"name":"Home","item":"https:\/\/citizensclimatelobby.org\/es\/"},{"@type":"ListItem","position":2,"name":"Tuitear para agradecer los copatrocinadores del Proyecto de Ley de Innovaci\u00f3n Energ\u00e9tica y Dividendos de Carbononovation and Carbon Dividend Act"}]},{"@type":"WebSite","@id":"https:\/\/citizensclimatelobby.org\/#website","url":"https:\/\/citizensclimatelobby.org\/","name":"Citizens&#039; Climate Lobby","description":"Political will for a livable world","publisher":{"@id":"https:\/\/citizensclimatelobby.org\/#organization"},"potentialAction":[{"@type":"SearchAction","target":{"@type":"EntryPoint","urlTemplate":"https:\/\/citizensclimatelobby.org\/?s={search_term_string}"},"query-input":"required name=search_term_string"}],"inLanguage":"es-ES"},{"@type":"Organization","@id":"https:\/\/citizensclimatelobby.org\/#organization","name":"Citizens' Climate Lobby","url":"https:\/\/citizensclimatelobby.org\/","logo":{"@type":"ImageObject","inLanguage":"es-ES","@id":"https:\/\/citizensclimatelobby.org\/#\/schema\/logo\/image\/","url":"https:\/\/citizensclimatelobby.org\/wp-content\/uploads\/2017\/04\/CCL-Logo.png","contentUrl":"https:\/\/citizensclimatelobby.org\/wp-content\/uploads\/2017\/04\/CCL-Logo.png","width":314,"height":201,"caption":"Citizens' Climate Lobby"},"image":{"@id":"https:\/\/citizensclimatelobby.org\/#\/schema\/logo\/image\/"},"sameAs":["https:\/\/www.facebook.com\/CitizensClimateLobby\/","https:\/\/twitter.com\/citizensclimate","https:\/\/www.instagram.com\/citizensclimate\/","https:\/\/www.linkedin.com\/company\/citizens-climate-lobby\/","https:\/\/www.youtube.com\/c\/CitizensClimateLobby","https:\/\/en.wikipedia.org\/wiki\/Citizens_Climate_Lobby"]}]}},"_links":{"self":[{"href":"https:\/\/citizensclimatelobby.org\/es\/wp-json\/wp\/v2\/pages\/29465"}],"collection":[{"href":"https:\/\/citizensclimatelobby.org\/es\/wp-json\/wp\/v2\/pages"}],"about":[{"href":"https:\/\/citizensclimatelobby.org\/es\/wp-json\/wp\/v2\/types\/page"}],"author":[{"embeddable":true,"href":"https:\/\/citizensclimatelobby.org\/es\/wp-json\/wp\/v2\/users\/20"}],"replies":[{"embeddable":true,"href":"https:\/\/citizensclimatelobby.org\/es\/wp-json\/wp\/v2\/comments?post=29465"}],"version-history":[{"count":0,"href":"https:\/\/citizensclimatelobby.org\/es\/wp-json\/wp\/v2\/pages\/29465\/revisions"}],"wp:featuredmedia":[{"embeddable":true,"href":"https:\/\/citizensclimatelobby.org\/es\/wp-json\/wp\/v2\/media\/32722"}],"wp:attachment":[{"href":"https:\/\/citizensclimatelobby.org\/es\/wp-json\/wp\/v2\/media?parent=29465"}],"curies":[{"name":"wp","href":"https:\/\/api.w.org\/{rel}","templated":true}]}}