{"id":31271,"date":"2018-12-07T00:13:36","date_gmt":"2018-12-07T00:13:36","guid":{"rendered":"https:\/\/stageccl.wpengine.com\/?page_id=31271"},"modified":"2021-04-03T20:03:37","modified_gmt":"2021-04-03T20:03:37","slug":"proyecto-de-ley-de-innovacion-energetica","status":"publish","type":"page","link":"https:\/\/citizensclimatelobby.org\/es\/proyecto-de-ley-de-innovacion-energetica\/","title":{"rendered":"Proyecto de Ley de Innovaci\u00f3n Energ\u00e9tica y Dividendos de Carbono (H.R. 2307)"},"content":{"rendered":"[spb_row wrap_type=&#8221;content-width&#8221; row_bg_type=&#8221;image&#8221; color_row_height=&#8221;content-height&#8221; bg_type=&#8221;cover&#8221; parallax_image_height=&#8221;content-height&#8221; parallax_image_movement=&#8221;fixed&#8221; parallax_image_speed=&#8221;0.5&#8243; parallax_video_height=&#8221;window-height&#8221; parallax_video_overlay=&#8221;none&#8221; row_overlay_opacity=&#8221;0&#8243; row_padding_vertical=&#8221;30&#8243; row_padding_horizontal=&#8221;0&#8243; row_margin_vertical=&#8221;0&#8243; remove_element_spacing=&#8221;no&#8221; inner_column_height=&#8221;col-natural&#8221; width=&#8221;1\/1&#8243; el_position=&#8221;first last&#8221;] [spb_column width=&#8221;2\/3&#8243; el_position=&#8221;first&#8221;] [spb_text_block pb_margin_bottom=&#8221;no&#8221; pb_border_bottom=&#8221;no&#8221; width=&#8221;1\/1&#8243; el_position=&#8221;first last&#8221;]\n<h1 class=\"headline\"><span style=\"color: #0081c7;\">El Proyecto de Ley de Innovaci\u00f3n Energ\u00e9tica y Dividendos de Carbono (H.R. 2307)<\/span><\/h1>\n<h2 class=\"subhead\"><span style=\"color: #5b7a31;\">Una soluci\u00f3n clim\u00e1tica justa y eficaz<\/span><\/h2>\n<p>Por m\u00e1s de una d\u00e9cada, nuestros voluntarios han pedido de sus congresistas que trabajen juntos para solucionar el cambio clim\u00e1tico. Una soluci\u00f3n viable necesariamente ser\u00e1 grande y duradera, por lo que apoyamos el Proyecto de Ley de Innovaci\u00f3n Energ\u00e9tica y Dividendos de Carbono de 2021. Esta legislaci\u00f3n salvar\u00e1 vidas, pondr\u00e1 dinero en los bolsillos de la gente y reducir\u00e1 la contaminaci\u00f3n de carbono, mientras desatar\u00e1 el ingenio y la innovaci\u00f3n tecnol\u00f3gica.<\/p>\n<div class=\"row benefit-row\">\n<div class=\"col-sm-4 family\"><img decoding=\"async\" class=\"alignleft size-full wp-image-29350\" src=\"https:\/\/citizensclimatelobby.org\/wp-content\/uploads\/2018\/06\/family150-1.png\" alt=\"\" width=\"150\" height=\"150\" \/><\/div>\n<div class=\"col-sm-8 people\">\n<h3>Buena para la gente<\/h3>\n<p>Esta pol\u00edtica mejorar\u00e1 la salud y salvar\u00e1 4.5 millones de vidas durante los pr\u00f3ximos 50 a\u00f1os.<\/p>\n<p>Los dividendos de carbono (la &#8220;Renta Clim\u00e1tica&#8221;) pondr\u00e1n dinero en los bolsillos de la gente cada mes para gastar sin restricciones, lo que ayudar\u00e1 a las familias de ingresos bajos y medios.<\/p>\n<\/div>\n<\/div>\n<div class=\"row benefit-row\">\n<div class=\"col-sm-4 chart\"><img decoding=\"async\" class=\"alignleft size-full wp-image-29352\" src=\"https:\/\/citizensclimatelobby.org\/wp-content\/uploads\/2018\/06\/chart150.png\" alt=\"\" width=\"150\" height=\"150\" \/><\/div>\n<div class=\"col-sm-8 economy\">\n<h3>Buena para la econom\u00eda<\/h3>\n<p>Esta pol\u00edtica generar\u00e1 2.1 millones de empleos adicionales dentro de 10 a\u00f1os debido al crecimiento econ\u00f3mico en los sectores de energ\u00eda y salud y en los negocios locales.<\/p>\n<\/div>\n<\/div>\n<div class=\"container\">\n<div class=\"row vertical-align\">\n<div class=\"col-sm-4\"><img decoding=\"async\" class=\"alignleft\" src=\"\/wp-content\/uploads\/2018\/06\/checkmark150.png\" alt=\"\" width=\"150\" height=\"150\" \/><\/div>\n<div class=\"col-sm-8\">\n<h3>Eficaz<\/h3>\n<p>Est\u00e1 pol\u00edtica reducir\u00e1 la contaminaci\u00f3n de gases de efecto invernadero en al menos un 30 por ciento en los primeros 5 a\u00f1os y nos llevar\u00e1 a emisiones netas cero antes del 2050.<\/p>\n<\/div>\n<\/div>\n<div class=\"row benefit-row\">\n<div class=\"col-sm-4 flag\"><img decoding=\"async\" class=\"alignleft size-full wp-image-29396\" src=\"https:\/\/citizensclimatelobby.org\/wp-content\/uploads\/2018\/06\/flag_icon150.png\" alt=\"\" width=\"150\" height=\"150\" \/><\/div>\n<div class=\"col-sm-8 bipartisan\">\n<h3>Popular<\/h3>\n<p>La mayor\u00eda de personas de ambos partidos pol\u00edticos desean que el Congreso tome medidas para solucionar el cambio clim\u00e1tico. Frenar la crisis clim\u00e1tica es demasiado urgente para seguir atrapados en una pol\u00edtica partidista.<\/p>\n<\/div>\n<\/div>\n<\/div>\n<div class=\"cta-div\">\n<div class=\"cta-inner-div\">\n<p class=\"headline cta\">Apoye este proyecto de ley<\/p>\n<p class=\"cta\">Dile a su Representante que usted apoya esta legislaci\u00f3n<\/p>\n<p><button class=\"btn btn-action btn-lg\" type=\"button\"><a href=\"\/es\/escribir-representante-sobre-ley-innovacion-energetica-y-dividendos-de-carbono\/\" target=\"_blank\" rel=\"noopener noreferrer\">Env\u00edele una carta aqu\u00ed<\/a><\/button><\/p>\n<\/div>\n<\/div>\n[\/spb_text_block] [\/spb_column] [spb_column width=&#8221;1\/3&#8243; el_position=&#8221;last&#8221;] [sidebar_widget sidebar_id=&#8221;sidebar-8&#8243; width=&#8221;1\/1&#8243; el_position=&#8221;first last&#8221;] [\/spb_column] [\/spb_row] [spb_row row_bg_type=&#8221;image&#8221; parallax_image_height=&#8221;content-height&#8221; parallax_image_movement=&#8221;fixed&#8221; parallax_image_speed=&#8221;0.5&#8243; parallax_video_height=&#8221;window-height&#8221; parallax_video_overlay=&#8221;none&#8221; row_overlay_opacity=&#8221;0&#8243; width=&#8221;1\/1&#8243; el_position=&#8221;first last&#8221;] [spb_text_block pb_margin_bottom=&#8221;no&#8221; pb_border_bottom=&#8221;no&#8221; width=&#8221;1\/1&#8243; el_position=&#8221;first last&#8221;]\n<div class=\"container work\">\n<p class=\"headline\"><span style=\"color: #0081c7;\">\u00bfC\u00f3mo funciona?<\/span><\/p>\n<h4><span style=\"color: #5b7a00;\">La tarifa al carbono<\/span><\/h4>\n<p>Esta pol\u00edtica pone una tarifa sobre los combustibles f\u00f3siles como el carb\u00f3n, el petr\u00f3leo y el gas. La tarifa empieza baja y crece a trav\u00e9s del tiempo. Esto impulsar\u00e1 la reducci\u00f3n de la contaminaci\u00f3n de carbono porque las empresas de energ\u00eda, las industrias y los consumidores buscar\u00e1n las opciones m\u00e1s baratas y limpias.<\/p>\n<h4><span style=\"color: #5b7a00;\">Los dividendos de carbono<\/span><\/h4>\n<p>Todo el dinero recaudado de la tarifa al carbono ser\u00e1 distribuido en porciones equitativas cada mes a todos los estadounidenses para gastar como quieran (una &#8220;Renta Clim\u00e1tica&#8221;). Los costes del programa se pagar\u00e1n con las tarifas recaudadas. El gobierno no se quedar\u00e1 con nada del dinero que proviene de la tarifa al <span style=\"color: #000000;\">carbono<\/span>.<\/p>\n<h4><span style=\"color: #5b7a00;\">El ajuste fronterizo de carbono<\/span><\/h4>\n<p>Para proteger los trabajadores y fabricantes nacionales, bienes importados pagar\u00e1n un ajuste fronterizo de carbono, y bienes exportados al exterior recibir\u00e1n un reembolso.<\/p>\n<p>&nbsp;<\/p>\n<p><!---<\/div>\n\n\n\n\n<div class=\"cta-div\">\n\n\n<div class=\"cta-inner-div\">\n\n\n<p class=\"headline cta\">Comparta la infograf\u00eda<\/p>\n\n\n\n\n<p class=\"cta\">\u00a1Corra la voz! Comparta esta infograf\u00eda en las redes sociales.<\/p>\n\n\n<a href=\"\/wp-content\/uploads\/2018\/06\/big-Infographic-large-2019-SPAN.png\"><img decoding=\"async\" class=\"alignnone wp-image-31171 size-full\" src=\"\/wp-content\/uploads\/2018\/12\/carbon-act-info-graphic-SPAN.png\" alt=\"\" width=\"810\" height=\"450\" srcset=\"https:\/\/citizensclimatelobby.org\/wp-content\/uploads\/2018\/12\/carbon-act-info-graphic-SPAN.png 810w, https:\/\/citizensclimatelobby.org\/wp-content\/uploads\/2018\/12\/carbon-act-info-graphic-SPAN-300x167.png 300w, https:\/\/citizensclimatelobby.org\/wp-content\/uploads\/2018\/12\/carbon-act-info-graphic-SPAN-768x427.png 768w\" sizes=\"(max-width: 810px) 100vw, 810px\" \/><\/a>\n\n\n<p class=\"graphic-share\">&#091;easy-social-share buttons=\"facebook,twitter\" counters=0 style=\"icon\" template=\"59\" url=\"https:\/\/citizensclimatelobby.org\/es\/wp-content\/uploads\/2018\/06\/big-Infographic-large-2019-SPAN.png\" point_type=\"simple\"&#093;<\/p>\n\n\n<!---button class=\"btn btn-action btn-lg\" type=\"button\"><a href=\"\/wp-content\/uploads\/2018\/06\/big-Infographic-large-2019-SPAN.png\" target=\"_blank\" rel=\"noopener noreferrer\">Descargue la infograf\u00eda aqu\u00ed<\/a><\/button>---><\/p>\n<\/div>\n<p>Para m\u00e1s informaci\u00f3n o para respaldar este proyecto de ley por parte de una organizaci\u00f3n, favor de visitar <a href=\"https:\/\/energyinnovationact.org\" target=\"_blank\" rel=\"noopener noreferrer\">www.energyinnovationact.org<\/a>.<\/p>\n<p>Para tomar acci\u00f3n en apoyo de esta legislaci\u00f3n o para mantenerse al tanto con el progreso del proyecto, <a href=\"\/es\/unirse-a-ccl\/\">\u00fanase a CCL<\/a>.<\/p>\n[\/spb_text_block] [\/spb_row]\n","protected":false},"excerpt":{"rendered":"<p>[spb_row wrap_type=&#8221;content-width&#8221; row_bg_type=&#8221;image&#8221; color_row_height=&#8221;content-height&#8221; bg_type=&#8221;cover&#8221; parallax_image_height=&#8221;content-height&#8221; parallax_image_movement=&#8221;fixed&#8221; parallax_image_speed=&#8221;0.5&#8243; parallax_video_height=&#8221;window-height&#8221; parallax_video_overlay=&#8221;none&#8221; row_overlay_opacity=&#8221;0&#8243; row_padding_vertical=&#8221;30&#8243; row_padding_horizontal=&#8221;0&#8243; row_margin_vertical=&#8221;0&#8243; remove_element_spacing=&#8221;no&#8221; inner_column_height=&#8221;col-natural&#8221; width=&#8221;1\/1&#8243; el_position=&#8221;first last&#8221;] [spb_column width=&#8221;2\/3&#8243; el_position=&#8221;first&#8221;] [spb_text_block pb_margin_bottom=&#8221;no&#8221; pb_border_bottom=&#8221;no&#8221; width=&#8221;1\/1&#8243; el_position=&#8221;first last&#8221;] El Proyecto de Ley de Innovaci\u00f3n Energ\u00e9tica y Dividendos de Carbono (H.R. 2307) Una soluci\u00f3n clim\u00e1tica justa y eficaz Por m\u00e1s de una d\u00e9cada, nuestros voluntarios han pedido de sus congresistas que [&hellip;]<\/p>\n","protected":false},"author":46,"featured_media":0,"parent":0,"menu_order":8,"comment_status":"closed","ping_status":"closed","template":"","meta":{"footnotes":""},"acf":[],"yoast_head":"<!-- This site is optimized with the Yoast SEO Premium plugin v21.3 (Yoast SEO v21.3) - https:\/\/yoast.com\/wordpress\/plugins\/seo\/ -->\n<title>Proyecto de Ley de Innovaci\u00f3n Energ\u00e9tica y Dividendos de Carbono (H.R. 2307) | Citizens&#039; Climate Lobby<\/title>\n<meta name=\"description\" content=\"El Proyecto de Ley de Innovaci\u00f3n Energ\u00e9tica y Dividendos de Carbono salvar\u00e1 vidas, pondr\u00e1 dinero en los bolsillos de la gente y reducir\u00e1 la contaminaci\u00f3n, mientras desatar\u00e1 el ingenio y la innovaci\u00f3n tecnol\u00f3gica.\" \/>\n<meta name=\"robots\" content=\"index, follow, max-snippet:-1, max-image-preview:large, max-video-preview:-1\" \/>\n<link rel=\"canonical\" href=\"https:\/\/citizensclimatelobby.org\/es\/proyecto-de-ley-de-innovacion-energetica\/\" \/>\n<meta property=\"og:locale\" content=\"es_ES\" \/>\n<meta property=\"og:type\" content=\"article\" \/>\n<meta property=\"og:title\" content=\"Proyecto de Ley de Innovaci\u00f3n Energ\u00e9tica y Dividendos de Carbono (H.R. 2307)\" \/>\n<meta property=\"og:description\" content=\"El Proyecto de Ley de Innovaci\u00f3n Energ\u00e9tica y Dividendos de Carbono salvar\u00e1 vidas, pondr\u00e1 dinero en los bolsillos de la gente y reducir\u00e1 la contaminaci\u00f3n, mientras desatar\u00e1 el ingenio y la innovaci\u00f3n tecnol\u00f3gica.\" \/>\n<meta property=\"og:url\" content=\"https:\/\/citizensclimatelobby.org\/es\/proyecto-de-ley-de-innovacion-energetica\/\" \/>\n<meta property=\"og:site_name\" content=\"Citizens&#039; Climate Lobby\" \/>\n<meta property=\"article:publisher\" content=\"https:\/\/www.facebook.com\/CitizensClimateLobby\/\" \/>\n<meta property=\"article:modified_time\" content=\"2021-04-03T20:03:37+00:00\" \/>\n<meta property=\"og:image\" content=\"https:\/\/citizensclimatelobby.org\/wp-content\/uploads\/2018\/06\/family150-1.png\" \/>\n<meta name=\"twitter:card\" content=\"summary_large_image\" \/>\n<meta name=\"twitter:site\" content=\"@citizensclimate\" \/>\n<meta name=\"twitter:label1\" content=\"Tiempo de lectura\" \/>\n\t<meta name=\"twitter:data1\" content=\"7 minutes\" \/>\n<script type=\"application\/ld+json\" class=\"yoast-schema-graph\">{\"@context\":\"https:\/\/schema.org\",\"@graph\":[{\"@type\":\"WebPage\",\"@id\":\"https:\/\/citizensclimatelobby.org\/es\/proyecto-de-ley-de-innovacion-energetica\/\",\"url\":\"https:\/\/citizensclimatelobby.org\/es\/proyecto-de-ley-de-innovacion-energetica\/\",\"name\":\"Proyecto de Ley de Innovaci\u00f3n Energ\u00e9tica y Dividendos de Carbono (H.R. 2307) | Citizens&#039; Climate Lobby\",\"isPartOf\":{\"@id\":\"https:\/\/citizensclimatelobby.org\/#website\"},\"datePublished\":\"2018-12-07T00:13:36+00:00\",\"dateModified\":\"2021-04-03T20:03:37+00:00\",\"description\":\"El Proyecto de Ley de Innovaci\u00f3n Energ\u00e9tica y Dividendos de Carbono salvar\u00e1 vidas, pondr\u00e1 dinero en los bolsillos de la gente y reducir\u00e1 la contaminaci\u00f3n, mientras desatar\u00e1 el ingenio y la innovaci\u00f3n tecnol\u00f3gica.\",\"breadcrumb\":{\"@id\":\"https:\/\/citizensclimatelobby.org\/es\/proyecto-de-ley-de-innovacion-energetica\/#breadcrumb\"},\"inLanguage\":\"es-ES\",\"potentialAction\":[{\"@type\":\"ReadAction\",\"target\":[\"https:\/\/citizensclimatelobby.org\/es\/proyecto-de-ley-de-innovacion-energetica\/\"]}]},{\"@type\":\"BreadcrumbList\",\"@id\":\"https:\/\/citizensclimatelobby.org\/es\/proyecto-de-ley-de-innovacion-energetica\/#breadcrumb\",\"itemListElement\":[{\"@type\":\"ListItem\",\"position\":1,\"name\":\"Home\",\"item\":\"https:\/\/citizensclimatelobby.org\/es\/\"},{\"@type\":\"ListItem\",\"position\":2,\"name\":\"Proyecto de Ley de Innovaci\u00f3n Energ\u00e9tica y Dividendos de Carbono (H.R. 2307)\"}]},{\"@type\":\"WebSite\",\"@id\":\"https:\/\/citizensclimatelobby.org\/#website\",\"url\":\"https:\/\/citizensclimatelobby.org\/\",\"name\":\"Citizens&#039; Climate Lobby\",\"description\":\"Political will for a livable world\",\"publisher\":{\"@id\":\"https:\/\/citizensclimatelobby.org\/#organization\"},\"potentialAction\":[{\"@type\":\"SearchAction\",\"target\":{\"@type\":\"EntryPoint\",\"urlTemplate\":\"https:\/\/citizensclimatelobby.org\/?s={search_term_string}\"},\"query-input\":\"required name=search_term_string\"}],\"inLanguage\":\"es-ES\"},{\"@type\":\"Organization\",\"@id\":\"https:\/\/citizensclimatelobby.org\/#organization\",\"name\":\"Citizens' Climate Lobby\",\"url\":\"https:\/\/citizensclimatelobby.org\/\",\"logo\":{\"@type\":\"ImageObject\",\"inLanguage\":\"es-ES\",\"@id\":\"https:\/\/citizensclimatelobby.org\/#\/schema\/logo\/image\/\",\"url\":\"https:\/\/citizensclimatelobby.org\/wp-content\/uploads\/2017\/04\/CCL-Logo.png\",\"contentUrl\":\"https:\/\/citizensclimatelobby.org\/wp-content\/uploads\/2017\/04\/CCL-Logo.png\",\"width\":314,\"height\":201,\"caption\":\"Citizens' Climate Lobby\"},\"image\":{\"@id\":\"https:\/\/citizensclimatelobby.org\/#\/schema\/logo\/image\/\"},\"sameAs\":[\"https:\/\/www.facebook.com\/CitizensClimateLobby\/\",\"https:\/\/twitter.com\/citizensclimate\",\"https:\/\/www.instagram.com\/citizensclimate\/\",\"https:\/\/www.linkedin.com\/company\/citizens-climate-lobby\/\",\"https:\/\/www.youtube.com\/c\/CitizensClimateLobby\",\"https:\/\/en.wikipedia.org\/wiki\/Citizens_Climate_Lobby\"]}]}<\/script>\n<!-- \/ Yoast SEO Premium plugin. -->","yoast_head_json":{"title":"Proyecto de Ley de Innovaci\u00f3n Energ\u00e9tica y Dividendos de Carbono (H.R. 2307) | Citizens&#039; Climate Lobby","description":"El Proyecto de Ley de Innovaci\u00f3n Energ\u00e9tica y Dividendos de Carbono salvar\u00e1 vidas, pondr\u00e1 dinero en los bolsillos de la gente y reducir\u00e1 la contaminaci\u00f3n, mientras desatar\u00e1 el ingenio y la innovaci\u00f3n tecnol\u00f3gica.","robots":{"index":"index","follow":"follow","max-snippet":"max-snippet:-1","max-image-preview":"max-image-preview:large","max-video-preview":"max-video-preview:-1"},"canonical":"https:\/\/citizensclimatelobby.org\/es\/proyecto-de-ley-de-innovacion-energetica\/","og_locale":"es_ES","og_type":"article","og_title":"Proyecto de Ley de Innovaci\u00f3n Energ\u00e9tica y Dividendos de Carbono (H.R. 2307)","og_description":"El Proyecto de Ley de Innovaci\u00f3n Energ\u00e9tica y Dividendos de Carbono salvar\u00e1 vidas, pondr\u00e1 dinero en los bolsillos de la gente y reducir\u00e1 la contaminaci\u00f3n, mientras desatar\u00e1 el ingenio y la innovaci\u00f3n tecnol\u00f3gica.","og_url":"https:\/\/citizensclimatelobby.org\/es\/proyecto-de-ley-de-innovacion-energetica\/","og_site_name":"Citizens&#039; Climate Lobby","article_publisher":"https:\/\/www.facebook.com\/CitizensClimateLobby\/","article_modified_time":"2021-04-03T20:03:37+00:00","og_image":[{"url":"https:\/\/citizensclimatelobby.org\/wp-content\/uploads\/2018\/06\/family150-1.png"}],"twitter_card":"summary_large_image","twitter_site":"@citizensclimate","twitter_misc":{"Tiempo de lectura":"7 minutes"},"schema":{"@context":"https:\/\/schema.org","@graph":[{"@type":"WebPage","@id":"https:\/\/citizensclimatelobby.org\/es\/proyecto-de-ley-de-innovacion-energetica\/","url":"https:\/\/citizensclimatelobby.org\/es\/proyecto-de-ley-de-innovacion-energetica\/","name":"Proyecto de Ley de Innovaci\u00f3n Energ\u00e9tica y Dividendos de Carbono (H.R. 2307) | Citizens&#039; Climate Lobby","isPartOf":{"@id":"https:\/\/citizensclimatelobby.org\/#website"},"datePublished":"2018-12-07T00:13:36+00:00","dateModified":"2021-04-03T20:03:37+00:00","description":"El Proyecto de Ley de Innovaci\u00f3n Energ\u00e9tica y Dividendos de Carbono salvar\u00e1 vidas, pondr\u00e1 dinero en los bolsillos de la gente y reducir\u00e1 la contaminaci\u00f3n, mientras desatar\u00e1 el ingenio y la innovaci\u00f3n tecnol\u00f3gica.","breadcrumb":{"@id":"https:\/\/citizensclimatelobby.org\/es\/proyecto-de-ley-de-innovacion-energetica\/#breadcrumb"},"inLanguage":"es-ES","potentialAction":[{"@type":"ReadAction","target":["https:\/\/citizensclimatelobby.org\/es\/proyecto-de-ley-de-innovacion-energetica\/"]}]},{"@type":"BreadcrumbList","@id":"https:\/\/citizensclimatelobby.org\/es\/proyecto-de-ley-de-innovacion-energetica\/#breadcrumb","itemListElement":[{"@type":"ListItem","position":1,"name":"Home","item":"https:\/\/citizensclimatelobby.org\/es\/"},{"@type":"ListItem","position":2,"name":"Proyecto de Ley de Innovaci\u00f3n Energ\u00e9tica y Dividendos de Carbono (H.R. 2307)"}]},{"@type":"WebSite","@id":"https:\/\/citizensclimatelobby.org\/#website","url":"https:\/\/citizensclimatelobby.org\/","name":"Citizens&#039; Climate Lobby","description":"Political will for a livable world","publisher":{"@id":"https:\/\/citizensclimatelobby.org\/#organization"},"potentialAction":[{"@type":"SearchAction","target":{"@type":"EntryPoint","urlTemplate":"https:\/\/citizensclimatelobby.org\/?s={search_term_string}"},"query-input":"required name=search_term_string"}],"inLanguage":"es-ES"},{"@type":"Organization","@id":"https:\/\/citizensclimatelobby.org\/#organization","name":"Citizens' Climate Lobby","url":"https:\/\/citizensclimatelobby.org\/","logo":{"@type":"ImageObject","inLanguage":"es-ES","@id":"https:\/\/citizensclimatelobby.org\/#\/schema\/logo\/image\/","url":"https:\/\/citizensclimatelobby.org\/wp-content\/uploads\/2017\/04\/CCL-Logo.png","contentUrl":"https:\/\/citizensclimatelobby.org\/wp-content\/uploads\/2017\/04\/CCL-Logo.png","width":314,"height":201,"caption":"Citizens' Climate Lobby"},"image":{"@id":"https:\/\/citizensclimatelobby.org\/#\/schema\/logo\/image\/"},"sameAs":["https:\/\/www.facebook.com\/CitizensClimateLobby\/","https:\/\/twitter.com\/citizensclimate","https:\/\/www.instagram.com\/citizensclimate\/","https:\/\/www.linkedin.com\/company\/citizens-climate-lobby\/","https:\/\/www.youtube.com\/c\/CitizensClimateLobby","https:\/\/en.wikipedia.org\/wiki\/Citizens_Climate_Lobby"]}]}},"_links":{"self":[{"href":"https:\/\/citizensclimatelobby.org\/es\/wp-json\/wp\/v2\/pages\/31271"}],"collection":[{"href":"https:\/\/citizensclimatelobby.org\/es\/wp-json\/wp\/v2\/pages"}],"about":[{"href":"https:\/\/citizensclimatelobby.org\/es\/wp-json\/wp\/v2\/types\/page"}],"author":[{"embeddable":true,"href":"https:\/\/citizensclimatelobby.org\/es\/wp-json\/wp\/v2\/users\/46"}],"replies":[{"embeddable":true,"href":"https:\/\/citizensclimatelobby.org\/es\/wp-json\/wp\/v2\/comments?post=31271"}],"version-history":[{"count":0,"href":"https:\/\/citizensclimatelobby.org\/es\/wp-json\/wp\/v2\/pages\/31271\/revisions"}],"wp:attachment":[{"href":"https:\/\/citizensclimatelobby.org\/es\/wp-json\/wp\/v2\/media?parent=31271"}],"curies":[{"name":"wp","href":"https:\/\/api.w.org\/{rel}","templated":true}]}}