{"id":31323,"date":"2018-11-29T20:30:52","date_gmt":"2018-11-29T20:30:52","guid":{"rendered":"https:\/\/stageccl.wpengine.com\/charlitas-laser\/energy-innovation-and-carbon-dividend-act\/"},"modified":"2021-07-20T13:39:10","modified_gmt":"2021-07-20T13:39:10","slug":"proyecto-de-ley-de-innovacion-energetica-y-dividendos-de-carbono","status":"publish","type":"page","link":"https:\/\/citizensclimatelobby.org\/es\/proyecto-de-ley-de-innovacion-energetica-y-dividendos-de-carbono\/","title":{"rendered":"Charlita l\u00e1ser: Proyecto de Ley de Innovaci\u00f3n Energ\u00e9tica y Dividendos de Carbono"},"content":{"rendered":"<p>[spb_column width=&#8221;2\/3&#8243; el_position=&#8221;first&#8221;] [spb_text_block pb_margin_bottom=&#8221;no&#8221; pb_border_bottom=&#8221;no&#8221; width=&#8221;1\/1&#8243; el_position=&#8221;first last&#8221;]\n<h1><a href=\"#\" rel=\"tooltip\" data-original-title=\"Una charlita l\u00e1ser es una breve y potente oraci\u00f3n sobre un tema espec\u00edfico relacionado con el cambio clim\u00e1tico o la Renta Clim\u00e1tica. Las charlitas l\u00e1ser no son para memorizar, sino par internalizar. \" data-placement=\"right\"><span class=\"highlighted\">Charlita l\u00e1ser:<\/span><\/a> Proyecto de Ley de Innovaci\u00f3n Energ\u00e9tica y Dividendos de Carbono<\/h1>\n[\/spb_text_block] [spb_text_block pb_margin_bottom=&#8221;no&#8221; pb_border_bottom=&#8221;no&#8221; width=&#8221;1\/1&#8243; el_position=&#8221;first last&#8221;]\n<h3><strong>Pregunta: \u00a0\u00bfQu\u00e9 contiene este proyecto de ley?<\/strong><\/h3>\n<p><strong>Respuesta:\u00a0<\/strong><strong>H.R.2307<\/strong>, el <strong>Proyecto de Ley de Innovaci\u00f3n Energ\u00e9tica y Dividendos de Carbono<\/strong>, presentado de nuevo en 2021, es un plan popular y una muy poderosa herramienta para reducir la contaminaci\u00f3n en EEUU a carbono cero para el 2050 [<a href=\"https:\/\/www.congress.gov\/bill\/117th-congress\/house-bill\/2407\" target=\"_blank\" rel=\"noopener\">1<\/a>].\u00a0 Est\u00e1 basado en un plan desarrollado por CCL para tener en cuenta todos los costos escondidos en la quema de los combustibles f\u00f3siles. Una vez promulgada, esta ley impulsar\u00e1 la reducci\u00f3n de la contaminaci\u00f3n de gases de efecto invernadero (GEI) en Estados Unidos al estimular la innovaci\u00f3n innovaci\u00f3n e ingenio tecnol\u00f3gico. Tanto cient\u00edficos clim\u00e1ticos como economistas dicen que esto representa el mejor primer paso y un componente crucial para reducir el impacto del calentamiento global [<a href=\"https:\/\/www.ourenergypolicy.org\/wp-content\/uploads\/2020\/01\/Fee-and-Dividend-Miller-Hansen-20191110-1.pdf\" target=\"_blank\" rel=\"noopener\">2<\/a>,<a href=\"https:\/\/www.wsj.com\/articles\/economists-statement-on-carbon-dividends-11547682910?ns=prod\/accounts-wsj\">3<\/a>].<\/p>\n<p>Funciona as\u00ed:<\/p>\n<ul>\n<li>Se establece un <em>Fondo Fiduciario del Carbono<\/em>, financiado por una tarifa al carbono impuesta al carb\u00f3n, petroleo y gas natural al momento de entrar en la econom\u00eda.<\/li>\n<li>La tarifa comienza a $15 por tonelada m\u00e9trica de CO<sub>2<\/sub>, e incrementa por $10 cada a\u00f1o, hasta llegar a carbono cero.<\/li>\n<li>Si las reducciones de emisiones no llegan a metas obligatorias, el aumento anual subir\u00e1 a $15 por tonelada m\u00e9trica.<\/li>\n<li>Todo el dinero se reciclar\u00e1 a residentes de Estados Unidos como <em>dividendos de carbono<\/em> (pagos) mensuales equitativos. Esto ayudar\u00e1 a los consumidores a adaptarse mientras que los negocios competir\u00e1n para reducir sus huellas de carbono.<\/li>\n<li>Se implementa un <em>ajuste fronterizo de carbono<\/em> sobre bienes intensivos en carbono importados o exportados. Esto disuadir\u00e1 a las empresas de reubicarse a lugares donde puedan contaminar m\u00e1s, y incentivar\u00e1 a otras naciones para que pongan un precio al carbono.<\/li>\n<\/ul>\n<p>Un previsiblemente incrementado precio al carbono estimular\u00e1 la innovaci\u00f3n e inversi\u00f3n para reducir el carbono de varias formas. Cada consumidor sabr\u00e1 que tendr\u00e1 los recursos para poder manejar la transici\u00f3n a un mundo lleno de bienes y servicios eficientes y limpios.<\/p>\n<p>Los cient\u00edficos, los economistas, y cientos de empresas, gobiernos locales, ONGs, grupos de fe, e individulos prominentes [<a href=\"https:\/\/energyinnovationact.org\/supporters-overview\/\" target=\"_blank\" rel=\"noopener\">4<\/a>] est\u00e1n de acuerdo con esta medida eficaz para abordar el cambio clim\u00e1tico.<\/p>\n[\/spb_text_block] [boxed_content type=&#8221;coloured&#8221; pb_margin_bottom=&#8221;no&#8221; width=&#8221;1\/1&#8243; el_position=&#8221;first last&#8221;]\n<p><strong>En pocas palabras:<\/strong> El Proyecto de Ley de Innovaci\u00f3n Energ\u00e9tica y Dividendos de Carbono r\u00e1pidamente reducir\u00e1 los contaminantes que calientan nuestro planeta al gravar a los que contamiadores y luego dividir ese dinero en pagos de una Renta Clim\u00e1tica a todas las familias en EEUU. Esto incentivizar\u00e1 a las empresas, los inversores, y los consumidores a buscar las mejoras maneras de reducir las emisiones sin imponer una carga de costes indebida a las personas de ingresos medios o bajos.<\/p>\n<p>&nbsp;<\/p>\n<p>&nbsp;<\/p>\n[\/boxed_content] [divider type=&#8221;standard&#8221; text=&#8221;Go to top&#8221; full_width=&#8221;no&#8221; width=&#8221;1\/1&#8243; el_position=&#8221;first last&#8221;] [spb_text_block pb_margin_bottom=&#8221;no&#8221; pb_border_bottom=&#8221;no&#8221; width=&#8221;1\/1&#8243; el_position=&#8221;first last&#8221;]\n<p><strong>Relacionada:<\/strong>\u00a0<a href=\"https:\/\/citizensclimatelobby.org\/es\/charlitas-laser\/comparando-proyecto-de-ley-con-dividendos-energeticos\/\" target=\"_blank\" rel=\"noopener noreferrer\">Comparaci\u00f3n entre el Proyecto de Ley H.R. 2307 y el Proyecto de Ley H.R. 763 de 2019.<\/a><\/p>\n[\/spb_text_block] [boxed_content type=&#8221;whitestroke&#8221; pb_margin_bottom=&#8221;no&#8221; width=&#8221;1\/1&#8243; el_position=&#8221;first last&#8221;]\n<section class=\"container\">\n<div class=\"row\">\n<div class=\"spb_content_element col-sm-12 spb_box_text whitestroke\">\n<div class=\"spb_wrapper\">\n<div class=\"box-content-wrap\">\n<ol>\n<li>&#8220;H.R.2307 \u2013 Energy Innovation and Carbon Dividend Act of 2021.&#8221; La biblioteca del Congreso (1 de abril de 2021).<\/li>\n<li>Miller, D.H. y J. Hansen. \u201cWhy Fee and Dividend Will Reduce Emissions Faster Than Other Carbon Pricing Policy Options.\u201d Our Energy Library (noviembre de 2019).<\/li>\n<li>\u201cEconomists\u2019 Statement on Carbon Dividends.\u201d <em>Wall Street Journal<\/em> (16 de enero 2019).<\/li>\n<li>\u201cSupport for the Energy Innovation and Carbon Dividend Act.\u201d energyinnovatinonact.org\/supporters-overview (accedido el 07 de abril de 2021).<\/li>\n<\/ol>\n<\/div>\n<\/div>\n<\/div>\n<\/div>\n<\/section>\n[\/boxed_content] [spb_text_block pb_margin_bottom=&#8221;no&#8221; pb_border_bottom=&#8221;no&#8221; width=&#8221;1\/1&#8243; el_position=&#8221;first last&#8221;]\n<p><em>Se actualiz\u00f3 esta p\u00e1gina el 4 de mayo de 2021.<\/em><\/p>\n[\/spb_text_block] [\/spb_column] [sidebar_widget sidebar_id=&#8221;sidebar-1&#8243; width=&#8221;1\/3&#8243; el_position=&#8221;last&#8221;]<\/p>\n","protected":false},"excerpt":{"rendered":"<p>[spb_column width=&#8221;2\/3&#8243; el_position=&#8221;first&#8221;] [spb_text_block pb_margin_bottom=&#8221;no&#8221; pb_border_bottom=&#8221;no&#8221; width=&#8221;1\/1&#8243; el_position=&#8221;first last&#8221;] Proyecto de Ley de Innovaci\u00f3n Energ\u00e9tica y Dividendos de Carbono [\/spb_text_block] [spb_text_block pb_margin_bottom=&#8221;no&#8221; pb_border_bottom=&#8221;no&#8221; width=&#8221;1\/1&#8243; el_position=&#8221;first last&#8221;] Pregunta: \u00a0\u00bfQu\u00e9 contiene este proyecto de ley? Respuesta:\u00a0H.R.2307, el Proyecto de Ley de Innovaci\u00f3n Energ\u00e9tica y Dividendos de Carbono, presentado de nuevo en 2021, es un plan popular y una muy poderosa herramienta para [&hellip;]<\/p>\n","protected":false},"author":111,"featured_media":0,"parent":0,"menu_order":8,"comment_status":"closed","ping_status":"closed","template":"laser_talk.php","meta":{"footnotes":""},"acf":[],"yoast_head":"<!-- This site is optimized with the Yoast SEO Premium plugin v21.3 (Yoast SEO v21.3) - https:\/\/yoast.com\/wordpress\/plugins\/seo\/ -->\n<title>Charlita l\u00e1ser: Proyecto de Ley de Innovaci\u00f3n Energ\u00e9tica y Dividendos de Carbono | Citizens&#039; Climate Lobby<\/title>\n<meta name=\"robots\" content=\"index, follow, max-snippet:-1, max-image-preview:large, max-video-preview:-1\" \/>\n<link rel=\"canonical\" href=\"https:\/\/citizensclimatelobby.org\/es\/charlitas-laser\/proyecto-de-ley-de-innovacion-energetica-y-dividendos-de-carbono\/\" \/>\n<meta property=\"og:locale\" content=\"es_ES\" \/>\n<meta property=\"og:type\" content=\"article\" \/>\n<meta property=\"og:title\" content=\"Charlita l\u00e1ser: Proyecto de Ley de Innovaci\u00f3n Energ\u00e9tica y Dividendos de Carbono\" \/>\n<meta property=\"og:description\" content=\"[spb_column width=&#8221;2\/3&#8243; el_position=&#8221;first&#8221;] [spb_text_block pb_margin_bottom=&#8221;no&#8221; pb_border_bottom=&#8221;no&#8221; width=&#8221;1\/1&#8243; el_position=&#8221;first last&#8221;] Proyecto de Ley de Innovaci\u00f3n Energ\u00e9tica y Dividendos de Carbono [\/spb_text_block] [spb_text_block pb_margin_bottom=&#8221;no&#8221; pb_border_bottom=&#8221;no&#8221; width=&#8221;1\/1&#8243; el_position=&#8221;first last&#8221;] Pregunta: \u00a0\u00bfQu\u00e9 contiene este proyecto de ley? Respuesta:\u00a0H.R.2307, el Proyecto de Ley de Innovaci\u00f3n Energ\u00e9tica y Dividendos de Carbono, presentado de nuevo en 2021, es un plan popular y una muy poderosa herramienta para [&hellip;]\" \/>\n<meta property=\"og:url\" content=\"https:\/\/citizensclimatelobby.org\/es\/charlitas-laser\/proyecto-de-ley-de-innovacion-energetica-y-dividendos-de-carbono\/\" \/>\n<meta property=\"og:site_name\" content=\"Citizens&#039; Climate Lobby\" \/>\n<meta property=\"article:publisher\" content=\"https:\/\/www.facebook.com\/CitizensClimateLobby\/\" \/>\n<meta property=\"article:modified_time\" content=\"2021-07-20T13:39:10+00:00\" \/>\n<meta name=\"twitter:card\" content=\"summary_large_image\" \/>\n<meta name=\"twitter:site\" content=\"@citizensclimate\" \/>\n<meta name=\"twitter:label1\" content=\"Tiempo de lectura\" \/>\n\t<meta name=\"twitter:data1\" content=\"3 minutes\" \/>\n<script type=\"application\/ld+json\" class=\"yoast-schema-graph\">{\"@context\":\"https:\/\/schema.org\",\"@graph\":[{\"@type\":\"WebPage\",\"@id\":\"https:\/\/citizensclimatelobby.org\/es\/charlitas-laser\/proyecto-de-ley-de-innovacion-energetica-y-dividendos-de-carbono\/\",\"url\":\"https:\/\/citizensclimatelobby.org\/es\/charlitas-laser\/proyecto-de-ley-de-innovacion-energetica-y-dividendos-de-carbono\/\",\"name\":\"Charlita l\u00e1ser: Proyecto de Ley de Innovaci\u00f3n Energ\u00e9tica y Dividendos de Carbono | Citizens&#039; Climate Lobby\",\"isPartOf\":{\"@id\":\"https:\/\/citizensclimatelobby.org\/#website\"},\"datePublished\":\"2018-11-29T20:30:52+00:00\",\"dateModified\":\"2021-07-20T13:39:10+00:00\",\"breadcrumb\":{\"@id\":\"https:\/\/citizensclimatelobby.org\/es\/charlitas-laser\/proyecto-de-ley-de-innovacion-energetica-y-dividendos-de-carbono\/#breadcrumb\"},\"inLanguage\":\"es-ES\",\"potentialAction\":[{\"@type\":\"ReadAction\",\"target\":[\"https:\/\/citizensclimatelobby.org\/es\/charlitas-laser\/proyecto-de-ley-de-innovacion-energetica-y-dividendos-de-carbono\/\"]}]},{\"@type\":\"BreadcrumbList\",\"@id\":\"https:\/\/citizensclimatelobby.org\/es\/charlitas-laser\/proyecto-de-ley-de-innovacion-energetica-y-dividendos-de-carbono\/#breadcrumb\",\"itemListElement\":[{\"@type\":\"ListItem\",\"position\":1,\"name\":\"Home\",\"item\":\"https:\/\/citizensclimatelobby.org\/es\/\"},{\"@type\":\"ListItem\",\"position\":2,\"name\":\"Charlitas l\u00e1ser &#8211; directorio\",\"item\":\"https:\/\/citizensclimatelobby.org\/es\/charlitas-laser\/\"},{\"@type\":\"ListItem\",\"position\":3,\"name\":\"Charlita l\u00e1ser: Proyecto de Ley de Innovaci\u00f3n Energ\u00e9tica y Dividendos de Carbono\"}]},{\"@type\":\"WebSite\",\"@id\":\"https:\/\/citizensclimatelobby.org\/#website\",\"url\":\"https:\/\/citizensclimatelobby.org\/\",\"name\":\"Citizens&#039; Climate Lobby\",\"description\":\"Political will for a livable world\",\"publisher\":{\"@id\":\"https:\/\/citizensclimatelobby.org\/#organization\"},\"potentialAction\":[{\"@type\":\"SearchAction\",\"target\":{\"@type\":\"EntryPoint\",\"urlTemplate\":\"https:\/\/citizensclimatelobby.org\/?s={search_term_string}\"},\"query-input\":\"required name=search_term_string\"}],\"inLanguage\":\"es-ES\"},{\"@type\":\"Organization\",\"@id\":\"https:\/\/citizensclimatelobby.org\/#organization\",\"name\":\"Citizens' Climate Lobby\",\"url\":\"https:\/\/citizensclimatelobby.org\/\",\"logo\":{\"@type\":\"ImageObject\",\"inLanguage\":\"es-ES\",\"@id\":\"https:\/\/citizensclimatelobby.org\/#\/schema\/logo\/image\/\",\"url\":\"https:\/\/citizensclimatelobby.org\/wp-content\/uploads\/2017\/04\/CCL-Logo.png\",\"contentUrl\":\"https:\/\/citizensclimatelobby.org\/wp-content\/uploads\/2017\/04\/CCL-Logo.png\",\"width\":314,\"height\":201,\"caption\":\"Citizens' Climate Lobby\"},\"image\":{\"@id\":\"https:\/\/citizensclimatelobby.org\/#\/schema\/logo\/image\/\"},\"sameAs\":[\"https:\/\/www.facebook.com\/CitizensClimateLobby\/\",\"https:\/\/twitter.com\/citizensclimate\",\"https:\/\/www.instagram.com\/citizensclimate\/\",\"https:\/\/www.linkedin.com\/company\/citizens-climate-lobby\/\",\"https:\/\/www.youtube.com\/c\/CitizensClimateLobby\",\"https:\/\/en.wikipedia.org\/wiki\/Citizens_Climate_Lobby\"]}]}<\/script>\n<!-- \/ Yoast SEO Premium plugin. -->","yoast_head_json":{"title":"Charlita l\u00e1ser: Proyecto de Ley de Innovaci\u00f3n Energ\u00e9tica y Dividendos de Carbono | Citizens&#039; Climate Lobby","robots":{"index":"index","follow":"follow","max-snippet":"max-snippet:-1","max-image-preview":"max-image-preview:large","max-video-preview":"max-video-preview:-1"},"canonical":"https:\/\/citizensclimatelobby.org\/es\/charlitas-laser\/proyecto-de-ley-de-innovacion-energetica-y-dividendos-de-carbono\/","og_locale":"es_ES","og_type":"article","og_title":"Charlita l\u00e1ser: Proyecto de Ley de Innovaci\u00f3n Energ\u00e9tica y Dividendos de Carbono","og_description":"[spb_column width=&#8221;2\/3&#8243; el_position=&#8221;first&#8221;] [spb_text_block pb_margin_bottom=&#8221;no&#8221; pb_border_bottom=&#8221;no&#8221; width=&#8221;1\/1&#8243; el_position=&#8221;first last&#8221;] Proyecto de Ley de Innovaci\u00f3n Energ\u00e9tica y Dividendos de Carbono [\/spb_text_block] [spb_text_block pb_margin_bottom=&#8221;no&#8221; pb_border_bottom=&#8221;no&#8221; width=&#8221;1\/1&#8243; el_position=&#8221;first last&#8221;] Pregunta: \u00a0\u00bfQu\u00e9 contiene este proyecto de ley? Respuesta:\u00a0H.R.2307, el Proyecto de Ley de Innovaci\u00f3n Energ\u00e9tica y Dividendos de Carbono, presentado de nuevo en 2021, es un plan popular y una muy poderosa herramienta para [&hellip;]","og_url":"https:\/\/citizensclimatelobby.org\/es\/charlitas-laser\/proyecto-de-ley-de-innovacion-energetica-y-dividendos-de-carbono\/","og_site_name":"Citizens&#039; Climate Lobby","article_publisher":"https:\/\/www.facebook.com\/CitizensClimateLobby\/","article_modified_time":"2021-07-20T13:39:10+00:00","twitter_card":"summary_large_image","twitter_site":"@citizensclimate","twitter_misc":{"Tiempo de lectura":"3 minutes"},"schema":{"@context":"https:\/\/schema.org","@graph":[{"@type":"WebPage","@id":"https:\/\/citizensclimatelobby.org\/es\/charlitas-laser\/proyecto-de-ley-de-innovacion-energetica-y-dividendos-de-carbono\/","url":"https:\/\/citizensclimatelobby.org\/es\/charlitas-laser\/proyecto-de-ley-de-innovacion-energetica-y-dividendos-de-carbono\/","name":"Charlita l\u00e1ser: Proyecto de Ley de Innovaci\u00f3n Energ\u00e9tica y Dividendos de Carbono | Citizens&#039; Climate Lobby","isPartOf":{"@id":"https:\/\/citizensclimatelobby.org\/#website"},"datePublished":"2018-11-29T20:30:52+00:00","dateModified":"2021-07-20T13:39:10+00:00","breadcrumb":{"@id":"https:\/\/citizensclimatelobby.org\/es\/charlitas-laser\/proyecto-de-ley-de-innovacion-energetica-y-dividendos-de-carbono\/#breadcrumb"},"inLanguage":"es-ES","potentialAction":[{"@type":"ReadAction","target":["https:\/\/citizensclimatelobby.org\/es\/charlitas-laser\/proyecto-de-ley-de-innovacion-energetica-y-dividendos-de-carbono\/"]}]},{"@type":"BreadcrumbList","@id":"https:\/\/citizensclimatelobby.org\/es\/charlitas-laser\/proyecto-de-ley-de-innovacion-energetica-y-dividendos-de-carbono\/#breadcrumb","itemListElement":[{"@type":"ListItem","position":1,"name":"Home","item":"https:\/\/citizensclimatelobby.org\/es\/"},{"@type":"ListItem","position":2,"name":"Charlitas l\u00e1ser &#8211; directorio","item":"https:\/\/citizensclimatelobby.org\/es\/charlitas-laser\/"},{"@type":"ListItem","position":3,"name":"Charlita l\u00e1ser: Proyecto de Ley de Innovaci\u00f3n Energ\u00e9tica y Dividendos de Carbono"}]},{"@type":"WebSite","@id":"https:\/\/citizensclimatelobby.org\/#website","url":"https:\/\/citizensclimatelobby.org\/","name":"Citizens&#039; Climate Lobby","description":"Political will for a livable world","publisher":{"@id":"https:\/\/citizensclimatelobby.org\/#organization"},"potentialAction":[{"@type":"SearchAction","target":{"@type":"EntryPoint","urlTemplate":"https:\/\/citizensclimatelobby.org\/?s={search_term_string}"},"query-input":"required name=search_term_string"}],"inLanguage":"es-ES"},{"@type":"Organization","@id":"https:\/\/citizensclimatelobby.org\/#organization","name":"Citizens' Climate Lobby","url":"https:\/\/citizensclimatelobby.org\/","logo":{"@type":"ImageObject","inLanguage":"es-ES","@id":"https:\/\/citizensclimatelobby.org\/#\/schema\/logo\/image\/","url":"https:\/\/citizensclimatelobby.org\/wp-content\/uploads\/2017\/04\/CCL-Logo.png","contentUrl":"https:\/\/citizensclimatelobby.org\/wp-content\/uploads\/2017\/04\/CCL-Logo.png","width":314,"height":201,"caption":"Citizens' Climate Lobby"},"image":{"@id":"https:\/\/citizensclimatelobby.org\/#\/schema\/logo\/image\/"},"sameAs":["https:\/\/www.facebook.com\/CitizensClimateLobby\/","https:\/\/twitter.com\/citizensclimate","https:\/\/www.instagram.com\/citizensclimate\/","https:\/\/www.linkedin.com\/company\/citizens-climate-lobby\/","https:\/\/www.youtube.com\/c\/CitizensClimateLobby","https:\/\/en.wikipedia.org\/wiki\/Citizens_Climate_Lobby"]}]}},"_links":{"self":[{"href":"https:\/\/citizensclimatelobby.org\/es\/wp-json\/wp\/v2\/pages\/31323"}],"collection":[{"href":"https:\/\/citizensclimatelobby.org\/es\/wp-json\/wp\/v2\/pages"}],"about":[{"href":"https:\/\/citizensclimatelobby.org\/es\/wp-json\/wp\/v2\/types\/page"}],"author":[{"embeddable":true,"href":"https:\/\/citizensclimatelobby.org\/es\/wp-json\/wp\/v2\/users\/111"}],"replies":[{"embeddable":true,"href":"https:\/\/citizensclimatelobby.org\/es\/wp-json\/wp\/v2\/comments?post=31323"}],"version-history":[{"count":0,"href":"https:\/\/citizensclimatelobby.org\/es\/wp-json\/wp\/v2\/pages\/31323\/revisions"}],"wp:attachment":[{"href":"https:\/\/citizensclimatelobby.org\/es\/wp-json\/wp\/v2\/media?parent=31323"}],"curies":[{"name":"wp","href":"https:\/\/api.w.org\/{rel}","templated":true}]}}