{"id":31809,"date":"2019-01-07T01:35:00","date_gmt":"2019-01-07T01:35:00","guid":{"rendered":"https:\/\/stageccl.wpengine.com\/price-on-pollution-studies\/"},"modified":"2021-11-02T03:52:43","modified_gmt":"2021-11-02T03:52:43","slug":"estudios-precios-a-la-contaminacion","status":"publish","type":"page","link":"https:\/\/citizensclimatelobby.org\/es\/estudios-precios-a-la-contaminacion\/","title":{"rendered":"Estudios de precios al carbono"},"content":{"rendered":"[spb_row wrap_type=&#8221;content-width&#8221; row_bg_type=&#8221;image&#8221; color_row_height=&#8221;content-height&#8221; bg_type=&#8221;cover&#8221; parallax_image_height=&#8221;content-height&#8221; parallax_image_movement=&#8221;fixed&#8221; parallax_image_speed=&#8221;0.5&#8243; parallax_video_height=&#8221;window-height&#8221; parallax_video_overlay=&#8221;none&#8221; row_overlay_opacity=&#8221;0&#8243; row_padding_vertical=&#8221;40&#8243; row_padding_horizontal=&#8221;0&#8243; row_margin_vertical=&#8221;0&#8243; remove_element_spacing=&#8221;no&#8221; inner_column_height=&#8221;col-natural&#8221; width=&#8221;1\/1&#8243; el_position=&#8221;first last&#8221;] [spb_column width=&#8221;1\/1&#8243; el_position=&#8221;first last&#8221;] [spb_text_block pb_margin_bottom=&#8221;no&#8221; pb_border_bottom=&#8221;no&#8221; width=&#8221;1\/1&#8243; el_position=&#8221;first last&#8221;]\n<h1 class=\"conference-header gray\" style=\"text-align: center; padding: 40px 10px 0px;\">Estudios sobre los precios al carbono<\/h1>\n[\/spb_text_block] [blank_spacer height=&#8221;20px&#8221; width=&#8221;1\/1&#8243; el_position=&#8221;first last&#8221;] [blank_spacer height=&#8221;20px&#8221; width=&#8221;1\/1&#8243; el_position=&#8221;first last&#8221;] [spb_text_block pb_margin_bottom=&#8221;no&#8221; pb_border_bottom=&#8221;no&#8221; width=&#8221;1\/1&#8243; el_position=&#8221;first last&#8221;]\n<h2 style=\"text-align: center;\"><span style=\"color: #5b7a31;\">Las investigaciones muestran que un precio sobre la contaminaci\u00f3n es bueno para la gente, la econom\u00eda y el medio ambiente.<\/span><\/h2>\n[\/spb_text_block] [spb_text_block pb_margin_bottom=&#8221;no&#8221; pb_border_bottom=&#8221;no&#8221; width=&#8221;1\/1&#8243; el_position=&#8221;first last&#8221;]\n<p>Estas investigaciones muestran que una tarifa a la contaminaci\u00f3n de carbono aplicada en toda la econom\u00eda, con los ingresos distribuidos al pueblo como una &#8220;Renta Clim\u00e1tica&#8221; para gastar sin restricciones, tendr\u00e1 un impacto positivo en el clima, la salud, y los bolsillos de la gente.<\/p>\n[\/spb_text_block] [spb_text_block pb_margin_bottom=&#8221;no&#8221; pb_border_bottom=&#8221;no&#8221; width=&#8221;1\/1&#8243; el_position=&#8221;first last&#8221;]\n<hr \/>\n<p>Este estudio hecho en 2019 por la Universidad Columbia modela el impacto del Proyecto de Ley de Innovaci\u00f3n Energ\u00e9tica y Dividendos de Carbono de 2019 en las emisiones de GEI, los otros contaminantes del aire, y la &#8220;Renta Clim\u00e1tica&#8221; familiar debido a los dividendos de carbono en Estados Unidos.<\/p>\n<ul>\n<li><a href=\"https:\/\/energypolicy.columbia.edu\/research\/report\/assessment-energy-innovation-and-carbon-dividend-act\" target=\"_blank\" rel=\"noopener noreferrer\">Una evaluaci\u00f3n del Proyecto de Ley de Innovaci\u00f3n Energ\u00e9tica y Dividendos de Carbono <\/a><\/li>\n<\/ul>\n<hr \/>\n<p>Esta investigaci\u00f3n, realizada por Regional Economic Modeling, Inc. (REMI) en 2013, analiza el efecto amplio de una tarifa al carbono con dividendos en el medio ambiente, la econom\u00eda y la salud.<\/p>\n<ul>\n<li><a href=\"https:\/\/citizensclimatelobby.org\/es\/estudio-remi\/\" target=\"_blank\" rel=\"noopener noreferrer\">El impacto econ\u00f3mico, clim\u00e1tico, fiscal, energ\u00e9tico y demogr\u00e1fico de un plan nacional de un impuesto al carbono con dividendos <\/a><\/li>\n<\/ul>\n<hr \/>\n<p>\u00bfC\u00f3mo impactar\u00e1 un precio en la contaminaci\u00f3n a familias individuales? Esta investigaci\u00f3n examina los impactos a las familias seg\u00fan factores regionales y demogr\u00e1ficos. Realizada por Kevin Ummel en 2020.<\/p>\n<ul>\n<li><a href=\"https:\/\/citizensclimatelobby.org\/es\/estudio-del-impacto-domestico\/\" target=\"_blank\" rel=\"noopener noreferrer\">Estudio del impacto dom\u00e9stico de 2020<\/a><\/li>\n<\/ul>\n<hr \/>\n<p>\u00bfC\u00f3mo se distribuir\u00e1 los dividendos a las personas? Este estudio eval\u00faa las opciones e identifica un m\u00e9todo efectivo y eficiente para hacerlo. Realizado por el economista Allen H. Lerman en 2018.<\/p>\n<ul>\n<li><a href=\"https:\/\/citizensclimatelobby.org\/es\/estudio-distribucion-de-dividendos\/\" target=\"_blank\" rel=\"noopener noreferrer\">La distribuci\u00f3n de los dividendos de carbono a los residentes estadounidenses <\/a><\/li>\n<\/ul>\n[\/spb_text_block] [spb_text_block pb_margin_bottom=&#8221;no&#8221; pb_border_bottom=&#8221;no&#8221; width=&#8221;1\/1&#8243; el_position=&#8221;first last&#8221;]\n<hr \/>\n<p><strong>Aprenda m\u00e1s:<\/strong><\/p>\n<p>Un precio al carbono es la herramienta m\u00e1s poderosa disponible para reducir la contaminaci\u00f3n de carbono.<\/p>\n<ul>\n<li><a href=\"\/es\/precio-al-carbono\" target=\"_blank\" rel=\"noopener noreferrer\">\u00bfPor qu\u00e9 poner un precio al carbono?<\/a><\/li>\n<\/ul>\n<p>El Congreso est\u00e1 prepar\u00e1ndose para tomar acci\u00f3n sobre el cambio clim\u00e1tico. Por ende los proyectos de ley que encontrar\u00e1 en el v\u00ednculo se han presentado en los Congresos 116 y 117 (2020-2021):<\/p>\n<ul>\n<li><a href=\"\/es\/precios-al-carbono-en-el-congreso\/\" target=\"_blank\" rel=\"noopener noreferrer\">Listado de proyectos de ley de precios al carbono en el Congreso<\/a><\/li>\n<\/ul>\n[\/spb_text_block] [\/spb_column] [\/spb_row]\n","protected":false},"excerpt":{"rendered":"<p>[spb_row wrap_type=&#8221;content-width&#8221; row_bg_type=&#8221;image&#8221; color_row_height=&#8221;content-height&#8221; bg_type=&#8221;cover&#8221; parallax_image_height=&#8221;content-height&#8221; parallax_image_movement=&#8221;fixed&#8221; parallax_image_speed=&#8221;0.5&#8243; parallax_video_height=&#8221;window-height&#8221; parallax_video_overlay=&#8221;none&#8221; row_overlay_opacity=&#8221;0&#8243; row_padding_vertical=&#8221;40&#8243; row_padding_horizontal=&#8221;0&#8243; row_margin_vertical=&#8221;0&#8243; remove_element_spacing=&#8221;no&#8221; inner_column_height=&#8221;col-natural&#8221; width=&#8221;1\/1&#8243; el_position=&#8221;first last&#8221;] [spb_column width=&#8221;1\/1&#8243; el_position=&#8221;first last&#8221;] [spb_text_block pb_margin_bottom=&#8221;no&#8221; pb_border_bottom=&#8221;no&#8221; width=&#8221;1\/1&#8243; el_position=&#8221;first last&#8221;] Estudios sobre los precios al carbono [\/spb_text_block] [blank_spacer height=&#8221;20px&#8221; width=&#8221;1\/1&#8243; el_position=&#8221;first last&#8221;] [blank_spacer height=&#8221;20px&#8221; width=&#8221;1\/1&#8243; el_position=&#8221;first last&#8221;] [spb_text_block pb_margin_bottom=&#8221;no&#8221; pb_border_bottom=&#8221;no&#8221; width=&#8221;1\/1&#8243; el_position=&#8221;first last&#8221;] Las investigaciones muestran que un precio sobre la [&hellip;]<\/p>\n","protected":false},"author":117,"featured_media":44806,"parent":0,"menu_order":8,"comment_status":"closed","ping_status":"closed","template":"","meta":{"footnotes":""},"acf":[],"yoast_head":"<!-- This site is optimized with the Yoast SEO Premium plugin v21.3 (Yoast SEO v21.3) - https:\/\/yoast.com\/wordpress\/plugins\/seo\/ -->\n<title>Estudios | Precios sobre la contaminaci\u00f3n | Ciudadanos por un Clima Vivible<\/title>\n<meta name=\"description\" content=\"\u00bfQu\u00e9 pasar\u00e1 una vez que implementemos un precio sobre la contaminaci\u00f3n? Las investigaciones muestran un impacto positivo sobre el clima, la econom\u00eda y la salud en Estados Unidos.\" \/>\n<meta name=\"robots\" content=\"index, follow, max-snippet:-1, max-image-preview:large, max-video-preview:-1\" \/>\n<link rel=\"canonical\" href=\"https:\/\/citizensclimatelobby.org\/es\/estudios-precios-a-la-contaminacion\/\" \/>\n<meta property=\"og:locale\" content=\"es_ES\" \/>\n<meta property=\"og:type\" content=\"article\" \/>\n<meta property=\"og:title\" content=\"Price on Pollution - Studies\" \/>\n<meta property=\"og:description\" content=\"Studies have modeled the potential impacts of a price on pollution, including the likely economic, environmental and household financial effects.\" \/>\n<meta property=\"og:url\" content=\"https:\/\/citizensclimatelobby.org\/es\/estudios-precios-a-la-contaminacion\/\" \/>\n<meta property=\"og:site_name\" content=\"Citizens&#039; Climate Lobby\" \/>\n<meta property=\"article:publisher\" content=\"https:\/\/www.facebook.com\/CitizensClimateLobby\/\" \/>\n<meta property=\"article:modified_time\" content=\"2021-11-02T03:52:43+00:00\" \/>\n<meta property=\"og:image\" content=\"https:\/\/citizensclimatelobby.org\/wp-content\/uploads\/2019\/01\/price-on-pollution-studies-fb.jpg\" \/>\n\t<meta property=\"og:image:width\" content=\"1200\" \/>\n\t<meta property=\"og:image:height\" content=\"630\" \/>\n\t<meta property=\"og:image:type\" content=\"image\/jpeg\" \/>\n<meta name=\"twitter:card\" content=\"summary_large_image\" \/>\n<meta name=\"twitter:title\" content=\"Price on pollution - studies\" \/>\n<meta name=\"twitter:description\" content=\"Studies have modeled the potential impacts of a price on pollution, including the likely economic, environmental and household financial effects.\" \/>\n<meta name=\"twitter:image\" content=\"https:\/\/citizensclimatelobby.org\/wp-content\/uploads\/2019\/01\/price-on-pollution-studies-tw.jpg\" \/>\n<meta name=\"twitter:site\" content=\"@citizensclimate\" \/>\n<meta name=\"twitter:label1\" content=\"Tiempo de lectura\" \/>\n\t<meta name=\"twitter:data1\" content=\"3 minutes\" \/>\n<script type=\"application\/ld+json\" class=\"yoast-schema-graph\">{\"@context\":\"https:\/\/schema.org\",\"@graph\":[{\"@type\":\"WebPage\",\"@id\":\"https:\/\/citizensclimatelobby.org\/es\/estudios-precios-a-la-contaminacion\/\",\"url\":\"https:\/\/citizensclimatelobby.org\/es\/estudios-precios-a-la-contaminacion\/\",\"name\":\"Estudios | Precios sobre la contaminaci\u00f3n | Ciudadanos por un Clima Vivible\",\"isPartOf\":{\"@id\":\"https:\/\/citizensclimatelobby.org\/#website\"},\"datePublished\":\"2019-01-07T01:35:00+00:00\",\"dateModified\":\"2021-11-02T03:52:43+00:00\",\"description\":\"\u00bfQu\u00e9 pasar\u00e1 una vez que implementemos un precio sobre la contaminaci\u00f3n? Las investigaciones muestran un impacto positivo sobre el clima, la econom\u00eda y la salud en Estados Unidos.\",\"breadcrumb\":{\"@id\":\"https:\/\/citizensclimatelobby.org\/es\/estudios-precios-a-la-contaminacion\/#breadcrumb\"},\"inLanguage\":\"es-ES\",\"potentialAction\":[{\"@type\":\"ReadAction\",\"target\":[\"https:\/\/citizensclimatelobby.org\/es\/estudios-precios-a-la-contaminacion\/\"]}]},{\"@type\":\"BreadcrumbList\",\"@id\":\"https:\/\/citizensclimatelobby.org\/es\/estudios-precios-a-la-contaminacion\/#breadcrumb\",\"itemListElement\":[{\"@type\":\"ListItem\",\"position\":1,\"name\":\"Home\",\"item\":\"https:\/\/citizensclimatelobby.org\/es\/\"},{\"@type\":\"ListItem\",\"position\":2,\"name\":\"Estudios de precios al carbono\"}]},{\"@type\":\"WebSite\",\"@id\":\"https:\/\/citizensclimatelobby.org\/#website\",\"url\":\"https:\/\/citizensclimatelobby.org\/\",\"name\":\"Citizens&#039; Climate Lobby\",\"description\":\"Political will for a livable world\",\"publisher\":{\"@id\":\"https:\/\/citizensclimatelobby.org\/#organization\"},\"potentialAction\":[{\"@type\":\"SearchAction\",\"target\":{\"@type\":\"EntryPoint\",\"urlTemplate\":\"https:\/\/citizensclimatelobby.org\/?s={search_term_string}\"},\"query-input\":\"required name=search_term_string\"}],\"inLanguage\":\"es-ES\"},{\"@type\":\"Organization\",\"@id\":\"https:\/\/citizensclimatelobby.org\/#organization\",\"name\":\"Citizens' Climate Lobby\",\"url\":\"https:\/\/citizensclimatelobby.org\/\",\"logo\":{\"@type\":\"ImageObject\",\"inLanguage\":\"es-ES\",\"@id\":\"https:\/\/citizensclimatelobby.org\/#\/schema\/logo\/image\/\",\"url\":\"https:\/\/citizensclimatelobby.org\/wp-content\/uploads\/2017\/04\/CCL-Logo.png\",\"contentUrl\":\"https:\/\/citizensclimatelobby.org\/wp-content\/uploads\/2017\/04\/CCL-Logo.png\",\"width\":314,\"height\":201,\"caption\":\"Citizens' Climate Lobby\"},\"image\":{\"@id\":\"https:\/\/citizensclimatelobby.org\/#\/schema\/logo\/image\/\"},\"sameAs\":[\"https:\/\/www.facebook.com\/CitizensClimateLobby\/\",\"https:\/\/twitter.com\/citizensclimate\",\"https:\/\/www.instagram.com\/citizensclimate\/\",\"https:\/\/www.linkedin.com\/company\/citizens-climate-lobby\/\",\"https:\/\/www.youtube.com\/c\/CitizensClimateLobby\",\"https:\/\/en.wikipedia.org\/wiki\/Citizens_Climate_Lobby\"]}]}<\/script>\n<!-- \/ Yoast SEO Premium plugin. -->","yoast_head_json":{"title":"Estudios | Precios sobre la contaminaci\u00f3n | Ciudadanos por un Clima Vivible","description":"\u00bfQu\u00e9 pasar\u00e1 una vez que implementemos un precio sobre la contaminaci\u00f3n? Las investigaciones muestran un impacto positivo sobre el clima, la econom\u00eda y la salud en Estados Unidos.","robots":{"index":"index","follow":"follow","max-snippet":"max-snippet:-1","max-image-preview":"max-image-preview:large","max-video-preview":"max-video-preview:-1"},"canonical":"https:\/\/citizensclimatelobby.org\/es\/estudios-precios-a-la-contaminacion\/","og_locale":"es_ES","og_type":"article","og_title":"Price on Pollution - Studies","og_description":"Studies have modeled the potential impacts of a price on pollution, including the likely economic, environmental and household financial effects.","og_url":"https:\/\/citizensclimatelobby.org\/es\/estudios-precios-a-la-contaminacion\/","og_site_name":"Citizens&#039; Climate Lobby","article_publisher":"https:\/\/www.facebook.com\/CitizensClimateLobby\/","article_modified_time":"2021-11-02T03:52:43+00:00","og_image":[{"width":1200,"height":630,"url":"https:\/\/citizensclimatelobby.org\/wp-content\/uploads\/2019\/01\/price-on-pollution-studies-fb.jpg","type":"image\/jpeg"}],"twitter_card":"summary_large_image","twitter_title":"Price on pollution - studies","twitter_description":"Studies have modeled the potential impacts of a price on pollution, including the likely economic, environmental and household financial effects.","twitter_image":"https:\/\/citizensclimatelobby.org\/wp-content\/uploads\/2019\/01\/price-on-pollution-studies-tw.jpg","twitter_site":"@citizensclimate","twitter_misc":{"Tiempo de lectura":"3 minutes"},"schema":{"@context":"https:\/\/schema.org","@graph":[{"@type":"WebPage","@id":"https:\/\/citizensclimatelobby.org\/es\/estudios-precios-a-la-contaminacion\/","url":"https:\/\/citizensclimatelobby.org\/es\/estudios-precios-a-la-contaminacion\/","name":"Estudios | Precios sobre la contaminaci\u00f3n | Ciudadanos por un Clima Vivible","isPartOf":{"@id":"https:\/\/citizensclimatelobby.org\/#website"},"datePublished":"2019-01-07T01:35:00+00:00","dateModified":"2021-11-02T03:52:43+00:00","description":"\u00bfQu\u00e9 pasar\u00e1 una vez que implementemos un precio sobre la contaminaci\u00f3n? Las investigaciones muestran un impacto positivo sobre el clima, la econom\u00eda y la salud en Estados Unidos.","breadcrumb":{"@id":"https:\/\/citizensclimatelobby.org\/es\/estudios-precios-a-la-contaminacion\/#breadcrumb"},"inLanguage":"es-ES","potentialAction":[{"@type":"ReadAction","target":["https:\/\/citizensclimatelobby.org\/es\/estudios-precios-a-la-contaminacion\/"]}]},{"@type":"BreadcrumbList","@id":"https:\/\/citizensclimatelobby.org\/es\/estudios-precios-a-la-contaminacion\/#breadcrumb","itemListElement":[{"@type":"ListItem","position":1,"name":"Home","item":"https:\/\/citizensclimatelobby.org\/es\/"},{"@type":"ListItem","position":2,"name":"Estudios de precios al carbono"}]},{"@type":"WebSite","@id":"https:\/\/citizensclimatelobby.org\/#website","url":"https:\/\/citizensclimatelobby.org\/","name":"Citizens&#039; Climate Lobby","description":"Political will for a livable world","publisher":{"@id":"https:\/\/citizensclimatelobby.org\/#organization"},"potentialAction":[{"@type":"SearchAction","target":{"@type":"EntryPoint","urlTemplate":"https:\/\/citizensclimatelobby.org\/?s={search_term_string}"},"query-input":"required name=search_term_string"}],"inLanguage":"es-ES"},{"@type":"Organization","@id":"https:\/\/citizensclimatelobby.org\/#organization","name":"Citizens' Climate Lobby","url":"https:\/\/citizensclimatelobby.org\/","logo":{"@type":"ImageObject","inLanguage":"es-ES","@id":"https:\/\/citizensclimatelobby.org\/#\/schema\/logo\/image\/","url":"https:\/\/citizensclimatelobby.org\/wp-content\/uploads\/2017\/04\/CCL-Logo.png","contentUrl":"https:\/\/citizensclimatelobby.org\/wp-content\/uploads\/2017\/04\/CCL-Logo.png","width":314,"height":201,"caption":"Citizens' Climate Lobby"},"image":{"@id":"https:\/\/citizensclimatelobby.org\/#\/schema\/logo\/image\/"},"sameAs":["https:\/\/www.facebook.com\/CitizensClimateLobby\/","https:\/\/twitter.com\/citizensclimate","https:\/\/www.instagram.com\/citizensclimate\/","https:\/\/www.linkedin.com\/company\/citizens-climate-lobby\/","https:\/\/www.youtube.com\/c\/CitizensClimateLobby","https:\/\/en.wikipedia.org\/wiki\/Citizens_Climate_Lobby"]}]}},"_links":{"self":[{"href":"https:\/\/citizensclimatelobby.org\/es\/wp-json\/wp\/v2\/pages\/31809"}],"collection":[{"href":"https:\/\/citizensclimatelobby.org\/es\/wp-json\/wp\/v2\/pages"}],"about":[{"href":"https:\/\/citizensclimatelobby.org\/es\/wp-json\/wp\/v2\/types\/page"}],"author":[{"embeddable":true,"href":"https:\/\/citizensclimatelobby.org\/es\/wp-json\/wp\/v2\/users\/117"}],"replies":[{"embeddable":true,"href":"https:\/\/citizensclimatelobby.org\/es\/wp-json\/wp\/v2\/comments?post=31809"}],"version-history":[{"count":0,"href":"https:\/\/citizensclimatelobby.org\/es\/wp-json\/wp\/v2\/pages\/31809\/revisions"}],"wp:featuredmedia":[{"embeddable":true,"href":"https:\/\/citizensclimatelobby.org\/es\/wp-json\/wp\/v2\/media\/44806"}],"wp:attachment":[{"href":"https:\/\/citizensclimatelobby.org\/es\/wp-json\/wp\/v2\/media?parent=31809"}],"curies":[{"name":"wp","href":"https:\/\/api.w.org\/{rel}","templated":true}]}}