{"id":32192,"date":"2019-01-14T04:20:36","date_gmt":"2019-01-14T04:20:36","guid":{"rendered":"https:\/\/stageccl.wpengine.com\/charlitas-laser\/carbon-capture-and-storage\/"},"modified":"2021-10-27T15:15:10","modified_gmt":"2021-10-27T15:15:10","slug":"captura-y-almacenamiento-de-carbono","status":"publish","type":"page","link":"https:\/\/citizensclimatelobby.org\/es\/captura-y-almacenamiento-de-carbono\/","title":{"rendered":"Captura y almacenamiento del carbono"},"content":{"rendered":"<p>[spb_column width=&#8221;2\/3&#8243; el_position=&#8221;first&#8221;] [spb_text_block pb_margin_bottom=&#8221;no&#8221; pb_border_bottom=&#8221;no&#8221; width=&#8221;1\/1&#8243; el_position=&#8221;first last&#8221;]\n<h1><a href=\"#\" rel=\"tooltip\" data-original-title=\"Una charlita l\u00e1ser es una breve y potente oraci\u00f3n sobre un tema espec\u00edfico relacionado con el cambio clim\u00e1tico o el plan de Dividendos Energ\u00e9ticos. Las charlitas l\u00e1ser no son para memorizar, sino para internalizar.\" data-placement=\"right\"><span class=\"highlighted\">Charlita l\u00e1ser:<\/span><\/a> <span class=\"tlid-translation translation\"><span class=\"\" title=\"\">La captura y almacenamiento del carbono<\/span><\/span><\/h1>\n[\/spb_text_block] [spb_text_block pb_margin_bottom=&#8221;no&#8221; pb_border_bottom=&#8221;no&#8221; width=&#8221;1\/1&#8243; el_position=&#8221;first last&#8221;]\n<h3><strong>Pregunta: \u00bfC\u00f3mo encaja la captura y el almacenamiento del carbono en esta pol\u00edtica?<\/strong><\/h3>\n<p><strong>Respuesta:<\/strong>\u00a0El di\u00f3xido de carbono extra\u00eddo de una fuente de emisiones y luego aislado de la atm\u00f3sfera no contribuye al calentamiento global ni a la acidificaci\u00f3n oce\u00e1nica [<a href=\"https:\/\/en.wikipedia.org\/wiki\/Carbon_capture_and_storage\" target=\"_blank\" rel=\"noopener\">1<\/a>, <a href=\"https:\/\/es.wikipedia.org\/wiki\/Captura_y_almacenamiento_de_carbono\">1a<\/a>]. Es por eso que el Proyecto de Ley de Innovaci\u00f3n Energ\u00e9tica y Dividendos de Carbono\u00a0[<a href=\"https:\/\/www.congress.gov\/bill\/117th-congress\/house-bill\/2307\" target=\"_blank\" rel=\"noopener\">2<\/a>] ofrece reembolsos de las tarifas al carbono para CO<sub>2 <\/sub>que se capture y aisla de la combusti\u00f3n de combustibles f\u00f3siles. Los operadores de los sitios de almacenamiento deben garantizar la seguridad y permanencia de su dep\u00f3sito de CO<sub>2<\/sub>.<\/p>\n<p>Se han utilizado varios t\u00e9rminos en referencia a este concepto \u2013 &#8220;captura del carbono&#8221; o &#8220;captura de CO<sub>2<\/sub>&#8221; para el primer paso, &#8220;almacenaje&#8221; o &#8220;secuestro&#8221; para el segundo. Todos significan lo mismo, y en todos los casos se denominan CAC (o \u201cCCS\u201d en ingl\u00e9s). La fuente del CO<sub>2<\/sub> podr\u00eda ser una planta de energ\u00eda, una refiner\u00eda, una planta qu\u00edmica o cualquier fuente alimentada con combustibles f\u00f3siles donde de otro modo el CO<sub>2<\/sub> ser\u00eda suelto a la atm\u00f3sfera.<\/p>\n<p>La depuraci\u00f3n del CO<sub>2<\/sub> de los gases industriales se utiliza ampliamente para prop\u00f3sitos de ingenier\u00eda [<a href=\"https:\/\/www.elsevier.com\/books\/gas-purification\/kohl\/978-0-88415-220-0\" target=\"_blank\" rel=\"noopener\">3<\/a>], y actualmente se bombean cantidades limitadas bajo tierra en pozos de petr\u00f3leo para &#8220;mejorar la recuperaci\u00f3n de petr\u00f3leo&#8221; [<a href=\"https:\/\/en.wikipedia.org\/wiki\/Enhanced_oil_recovery\" target=\"_blank\" rel=\"noopener\">4<\/a>], pero la CAC no se ha desplagado a escala comercial solamente para mantenerlo fuera de la atm\u00f3sfera porque no hab\u00eda ninguna recompensa financiera por hacerlo hasta que entr\u00f3 en vigor un nuevo cr\u00e9dito fiscal llamado &#8220;45Q&#8221; en 2018 [<a href=\"https:\/\/cen.acs.org\/environment\/greenhouse-gases\/45Q-tax-credit-s-luring\/98\/i8\" target=\"_blank\" rel=\"noopener\">5<\/a>].<\/p>\n<p>Los posibles destinos para grandes cantidades de CO<sub>2<\/sub> est\u00e1n en dep\u00f3sitos de petr\u00f3leo y gas agotados o en formaciones subterr\u00e1neas profundas donde se combina gradualmente con los minerales existentes [<a href=\"https:\/\/www.geo.arizona.edu\/~reiners\/geos195K\/CO2Sequestration_Benson_ELEMENTS.pdf\" target=\"_blank\" rel=\"noopener\">6<\/a>]. Investigaciones recientes tambi\u00e9n han demostrado que una roca com\u00fan llamada basalto puede reaccionar con CO<sub>2<\/sub> m\u00e1s r\u00e1pidamente de lo esperado previamente [<a href=\"https:\/\/pubs.acs.org\/doi\/10.1021\/acs.estlett.8b00047\" target=\"_blank\" rel=\"noopener\">7<\/a>].<\/p>\n<p>Muchas investigaciones sobre las posibles rutas a la descarbonizaci\u00f3n, incluyendo la de la Universidad de Columbia [<a href=\"https:\/\/www.energypolicy.columbia.edu\/research\/report\/assessment-energy-innovation-and-carbon-dividend-act\" target=\"_blank\" rel=\"noopener\">8<\/a>], del Proyecto de V\u00edas a la Descarbonizaci\u00f3n Profunda (&#8220;Deep Decarbonization Pathways Project&#8221;) [<a href=\"https:\/\/www.iddri.org\/en\/publications-and-events\/blog-post\/path-net-zero-united-states\" target=\"_blank\" rel=\"noopener\">9<\/a>] , y del Banco Mundial [<a href=\"https:\/\/openknowledge.worldbank.org\/handle\/10986\/21842\" target=\"_blank\" rel=\"noopener\">10<\/a>], consideran a la CAC como una de las opciones tecnol\u00f3gicas que probablemente desempe\u00f1ar\u00e1 alg\u00fan papel. Si se realiza de forma segura y permanente, la CAC puede ayudar a reducir las emisiones mientras se facilita una transici\u00f3n ordenada para distanciarnos de la energ\u00eda f\u00f3sil.<\/p>\n<p>&nbsp;<\/p>\n[\/spb_text_block] [spb_message color=&#8221;alert-info&#8221; width=&#8221;1\/1&#8243; el_position=&#8221;first last&#8221;]\n<p><strong>En pocas palabras:<\/strong> La captura y almacenamiento de carbono (CAC), si se realiza de forma segura y permanente, puede ser una pieza esencial del rompecabezas clim\u00e1tico. La red el\u00e9ctrica y las redes de distribuci\u00f3n de petr\u00f3leo y gas son complejas y est\u00e1n \u00edntimamente ligadas a nuestra econom\u00eda, por lo que se necesitar\u00e1 tiempo para reinventar esas redes &#8211; tiempo del que no disponemos &#8211; con una interrupci\u00f3n m\u00ednima. La CAC puede ayudar a mantener la estabilidad de nuestro flujo y distribuci\u00f3n de energ\u00eda, a la misma vez que maximiza el ritmo de descarbonizaci\u00f3n con un precio al carbono s\u00f3lido.<\/p>\n[\/spb_message] [divider type=&#8221;standard&#8221; text=&#8221;Go to top&#8221; full_width=&#8221;no&#8221; width=&#8221;1\/1&#8243; el_position=&#8221;first last&#8221;] [boxed_content type=&#8221;whitestroke&#8221; pb_margin_bottom=&#8221;no&#8221; width=&#8221;1\/1&#8243; el_position=&#8221;first last&#8221;]\n<ol>\n<li>\u201cCarbon capture and storage\u201d. Wikipedia (1 de julio de 2018). [1a es el art\u00edculo en espa\u00f1ol, \u201c<span lang=\"es-ES\">Captura y almacenamiento de carbono\u201d.]<\/span><\/li>\n<li>H.R.2307 \u2013 Energy Innovation and Carbon Dividend Act of 2021. Congress.gov (01 de abril de 2021).<\/li>\n<li>Kohl, A. y R. Nielsen. <em>Gas Purification<\/em> <em>\u2013 5<\/em><em><sup>th<\/sup><\/em><em>,<\/em> Cap\u00edtulos 2, 3, 5, y 14. Gulf Publishing Co., Houston, Texas (1997).<\/li>\n<li>\u201cEnhanced oil recovery.\u201d Wikipedia (22 de noviembre de 2018).<\/li>\n<li>Bomgardner, M. \u201c45Q, the tax credit that\u2019s luring US companies to capture CO<sub>2<\/sub>.\u201d <em>Chemical &amp; Engineering News<\/em> <strong>98:8<\/strong> (23 de febrero de 2020).<\/li>\n<li>Benson, S.M. y D.R. Cole. \u201cCO<sub>2<\/sub> Sequestration in Deep Sedimentary Formations.\u201d <em>Elements<\/em> <strong>4<\/strong>, 325-331 (octubre de 2008).<\/li>\n<li>Xiong, W., et al<em>.<\/em> \u201cCO2 Mineral Sequestration in Naturally Porous Basalt.\u201d <em>Sci. Technol. Lett.<\/em> <strong>5<\/strong> (3), 142-147 (27 de febrero de 2018).<\/li>\n<li>Kaufman, N. <em>et al.<\/em> \u201cAn Assessment of the Energy Innovation and Carbon Dividend Act.\u201d Columbia SIPA | Centro sobre las Pol\u00edticas Globales de Energ\u00eda (6 de moviembre de 2019).<\/li>\n<li>Williams, J.H., et al<em>.<\/em> \u201cPathways to deep decarbonization in the United States: Revision with technical supplement.\u201d SDSN-IDDRI. (17 de febrero de 2021).<\/li>\n<li>Fay, M., et al<em>.<\/em> <em>Decarbonizing Development: Three Steps to a Zero-Carbon Future<\/em>. Banco Mundial (2015).<\/li>\n<\/ol>\n[\/boxed_content] [spb_text_block pb_margin_bottom=&#8221;no&#8221; pb_border_bottom=&#8221;no&#8221; width=&#8221;1\/1&#8243; el_position=&#8221;first last&#8221;]\n<p><em>Se actualiz\u00f3 esta p\u00e1gina el 6 de mayo de 2021.<\/em><\/p>\n[\/spb_text_block] [\/spb_column] [sidebar_widget sidebar_id=&#8221;sidebar-1&#8243; width=&#8221;1\/3&#8243; el_position=&#8221;last&#8221;]<\/p>\n","protected":false},"excerpt":{"rendered":"<p>[spb_column width=&#8221;2\/3&#8243; el_position=&#8221;first&#8221;] [spb_text_block pb_margin_bottom=&#8221;no&#8221; pb_border_bottom=&#8221;no&#8221; width=&#8221;1\/1&#8243; el_position=&#8221;first last&#8221;] La captura y almacenamiento del carbono [\/spb_text_block] [spb_text_block pb_margin_bottom=&#8221;no&#8221; pb_border_bottom=&#8221;no&#8221; width=&#8221;1\/1&#8243; el_position=&#8221;first last&#8221;] Pregunta: \u00bfC\u00f3mo encaja la captura y el almacenamiento del carbono en esta pol\u00edtica? Respuesta:\u00a0El di\u00f3xido de carbono extra\u00eddo de una fuente de emisiones y luego aislado de la atm\u00f3sfera no contribuye al calentamiento global ni a la acidificaci\u00f3n [&hellip;]<\/p>\n","protected":false},"author":111,"featured_media":0,"parent":0,"menu_order":8,"comment_status":"closed","ping_status":"closed","template":"laser_talk.php","meta":{"footnotes":""},"acf":[],"yoast_head":"<!-- This site is optimized with the Yoast SEO Premium plugin v21.3 (Yoast SEO v21.3) - https:\/\/yoast.com\/wordpress\/plugins\/seo\/ -->\n<title>Captura y almacenamiento del carbono | Citizens&#039; Climate Lobby<\/title>\n<meta name=\"robots\" content=\"index, follow, max-snippet:-1, max-image-preview:large, max-video-preview:-1\" \/>\n<link rel=\"canonical\" href=\"https:\/\/citizensclimatelobby.org\/es\/charlitas-laser\/captura-y-almacenamiento-de-carbono\/\" \/>\n<meta property=\"og:locale\" content=\"es_ES\" \/>\n<meta property=\"og:type\" content=\"article\" \/>\n<meta property=\"og:title\" content=\"Captura y almacenamiento del carbono\" \/>\n<meta property=\"og:description\" content=\"[spb_column width=&#8221;2\/3&#8243; el_position=&#8221;first&#8221;] [spb_text_block pb_margin_bottom=&#8221;no&#8221; pb_border_bottom=&#8221;no&#8221; width=&#8221;1\/1&#8243; el_position=&#8221;first last&#8221;] La captura y almacenamiento del carbono [\/spb_text_block] [spb_text_block pb_margin_bottom=&#8221;no&#8221; pb_border_bottom=&#8221;no&#8221; width=&#8221;1\/1&#8243; el_position=&#8221;first last&#8221;] Pregunta: \u00bfC\u00f3mo encaja la captura y el almacenamiento del carbono en esta pol\u00edtica? Respuesta:\u00a0El di\u00f3xido de carbono extra\u00eddo de una fuente de emisiones y luego aislado de la atm\u00f3sfera no contribuye al calentamiento global ni a la acidificaci\u00f3n [&hellip;]\" \/>\n<meta property=\"og:url\" content=\"https:\/\/citizensclimatelobby.org\/es\/charlitas-laser\/captura-y-almacenamiento-de-carbono\/\" \/>\n<meta property=\"og:site_name\" content=\"Citizens&#039; Climate Lobby\" \/>\n<meta property=\"article:publisher\" content=\"https:\/\/www.facebook.com\/CitizensClimateLobby\/\" \/>\n<meta property=\"article:modified_time\" content=\"2021-10-27T15:15:10+00:00\" \/>\n<meta name=\"twitter:card\" content=\"summary_large_image\" \/>\n<meta name=\"twitter:site\" content=\"@citizensclimate\" \/>\n<meta name=\"twitter:label1\" content=\"Tiempo de lectura\" \/>\n\t<meta name=\"twitter:data1\" content=\"4 minutes\" \/>\n<script type=\"application\/ld+json\" class=\"yoast-schema-graph\">{\"@context\":\"https:\/\/schema.org\",\"@graph\":[{\"@type\":\"WebPage\",\"@id\":\"https:\/\/citizensclimatelobby.org\/es\/charlitas-laser\/captura-y-almacenamiento-de-carbono\/\",\"url\":\"https:\/\/citizensclimatelobby.org\/es\/charlitas-laser\/captura-y-almacenamiento-de-carbono\/\",\"name\":\"Captura y almacenamiento del carbono | Citizens&#039; Climate Lobby\",\"isPartOf\":{\"@id\":\"https:\/\/citizensclimatelobby.org\/#website\"},\"datePublished\":\"2019-01-14T04:20:36+00:00\",\"dateModified\":\"2021-10-27T15:15:10+00:00\",\"breadcrumb\":{\"@id\":\"https:\/\/citizensclimatelobby.org\/es\/charlitas-laser\/captura-y-almacenamiento-de-carbono\/#breadcrumb\"},\"inLanguage\":\"es-ES\",\"potentialAction\":[{\"@type\":\"ReadAction\",\"target\":[\"https:\/\/citizensclimatelobby.org\/es\/charlitas-laser\/captura-y-almacenamiento-de-carbono\/\"]}]},{\"@type\":\"BreadcrumbList\",\"@id\":\"https:\/\/citizensclimatelobby.org\/es\/charlitas-laser\/captura-y-almacenamiento-de-carbono\/#breadcrumb\",\"itemListElement\":[{\"@type\":\"ListItem\",\"position\":1,\"name\":\"Home\",\"item\":\"https:\/\/citizensclimatelobby.org\/es\/\"},{\"@type\":\"ListItem\",\"position\":2,\"name\":\"Charlitas l\u00e1ser &#8211; directorio\",\"item\":\"https:\/\/citizensclimatelobby.org\/es\/charlitas-laser\/\"},{\"@type\":\"ListItem\",\"position\":3,\"name\":\"Captura y almacenamiento del carbono\"}]},{\"@type\":\"WebSite\",\"@id\":\"https:\/\/citizensclimatelobby.org\/#website\",\"url\":\"https:\/\/citizensclimatelobby.org\/\",\"name\":\"Citizens&#039; Climate Lobby\",\"description\":\"Political will for a livable world\",\"publisher\":{\"@id\":\"https:\/\/citizensclimatelobby.org\/#organization\"},\"potentialAction\":[{\"@type\":\"SearchAction\",\"target\":{\"@type\":\"EntryPoint\",\"urlTemplate\":\"https:\/\/citizensclimatelobby.org\/?s={search_term_string}\"},\"query-input\":\"required name=search_term_string\"}],\"inLanguage\":\"es-ES\"},{\"@type\":\"Organization\",\"@id\":\"https:\/\/citizensclimatelobby.org\/#organization\",\"name\":\"Citizens' Climate Lobby\",\"url\":\"https:\/\/citizensclimatelobby.org\/\",\"logo\":{\"@type\":\"ImageObject\",\"inLanguage\":\"es-ES\",\"@id\":\"https:\/\/citizensclimatelobby.org\/#\/schema\/logo\/image\/\",\"url\":\"https:\/\/citizensclimatelobby.org\/wp-content\/uploads\/2017\/04\/CCL-Logo.png\",\"contentUrl\":\"https:\/\/citizensclimatelobby.org\/wp-content\/uploads\/2017\/04\/CCL-Logo.png\",\"width\":314,\"height\":201,\"caption\":\"Citizens' Climate Lobby\"},\"image\":{\"@id\":\"https:\/\/citizensclimatelobby.org\/#\/schema\/logo\/image\/\"},\"sameAs\":[\"https:\/\/www.facebook.com\/CitizensClimateLobby\/\",\"https:\/\/twitter.com\/citizensclimate\",\"https:\/\/www.instagram.com\/citizensclimate\/\",\"https:\/\/www.linkedin.com\/company\/citizens-climate-lobby\/\",\"https:\/\/www.youtube.com\/c\/CitizensClimateLobby\",\"https:\/\/en.wikipedia.org\/wiki\/Citizens_Climate_Lobby\"]}]}<\/script>\n<!-- \/ Yoast SEO Premium plugin. -->","yoast_head_json":{"title":"Captura y almacenamiento del carbono | Citizens&#039; Climate Lobby","robots":{"index":"index","follow":"follow","max-snippet":"max-snippet:-1","max-image-preview":"max-image-preview:large","max-video-preview":"max-video-preview:-1"},"canonical":"https:\/\/citizensclimatelobby.org\/es\/charlitas-laser\/captura-y-almacenamiento-de-carbono\/","og_locale":"es_ES","og_type":"article","og_title":"Captura y almacenamiento del carbono","og_description":"[spb_column width=&#8221;2\/3&#8243; el_position=&#8221;first&#8221;] [spb_text_block pb_margin_bottom=&#8221;no&#8221; pb_border_bottom=&#8221;no&#8221; width=&#8221;1\/1&#8243; el_position=&#8221;first last&#8221;] La captura y almacenamiento del carbono [\/spb_text_block] [spb_text_block pb_margin_bottom=&#8221;no&#8221; pb_border_bottom=&#8221;no&#8221; width=&#8221;1\/1&#8243; el_position=&#8221;first last&#8221;] Pregunta: \u00bfC\u00f3mo encaja la captura y el almacenamiento del carbono en esta pol\u00edtica? Respuesta:\u00a0El di\u00f3xido de carbono extra\u00eddo de una fuente de emisiones y luego aislado de la atm\u00f3sfera no contribuye al calentamiento global ni a la acidificaci\u00f3n [&hellip;]","og_url":"https:\/\/citizensclimatelobby.org\/es\/charlitas-laser\/captura-y-almacenamiento-de-carbono\/","og_site_name":"Citizens&#039; Climate Lobby","article_publisher":"https:\/\/www.facebook.com\/CitizensClimateLobby\/","article_modified_time":"2021-10-27T15:15:10+00:00","twitter_card":"summary_large_image","twitter_site":"@citizensclimate","twitter_misc":{"Tiempo de lectura":"4 minutes"},"schema":{"@context":"https:\/\/schema.org","@graph":[{"@type":"WebPage","@id":"https:\/\/citizensclimatelobby.org\/es\/charlitas-laser\/captura-y-almacenamiento-de-carbono\/","url":"https:\/\/citizensclimatelobby.org\/es\/charlitas-laser\/captura-y-almacenamiento-de-carbono\/","name":"Captura y almacenamiento del carbono | Citizens&#039; Climate Lobby","isPartOf":{"@id":"https:\/\/citizensclimatelobby.org\/#website"},"datePublished":"2019-01-14T04:20:36+00:00","dateModified":"2021-10-27T15:15:10+00:00","breadcrumb":{"@id":"https:\/\/citizensclimatelobby.org\/es\/charlitas-laser\/captura-y-almacenamiento-de-carbono\/#breadcrumb"},"inLanguage":"es-ES","potentialAction":[{"@type":"ReadAction","target":["https:\/\/citizensclimatelobby.org\/es\/charlitas-laser\/captura-y-almacenamiento-de-carbono\/"]}]},{"@type":"BreadcrumbList","@id":"https:\/\/citizensclimatelobby.org\/es\/charlitas-laser\/captura-y-almacenamiento-de-carbono\/#breadcrumb","itemListElement":[{"@type":"ListItem","position":1,"name":"Home","item":"https:\/\/citizensclimatelobby.org\/es\/"},{"@type":"ListItem","position":2,"name":"Charlitas l\u00e1ser &#8211; directorio","item":"https:\/\/citizensclimatelobby.org\/es\/charlitas-laser\/"},{"@type":"ListItem","position":3,"name":"Captura y almacenamiento del carbono"}]},{"@type":"WebSite","@id":"https:\/\/citizensclimatelobby.org\/#website","url":"https:\/\/citizensclimatelobby.org\/","name":"Citizens&#039; Climate Lobby","description":"Political will for a livable world","publisher":{"@id":"https:\/\/citizensclimatelobby.org\/#organization"},"potentialAction":[{"@type":"SearchAction","target":{"@type":"EntryPoint","urlTemplate":"https:\/\/citizensclimatelobby.org\/?s={search_term_string}"},"query-input":"required name=search_term_string"}],"inLanguage":"es-ES"},{"@type":"Organization","@id":"https:\/\/citizensclimatelobby.org\/#organization","name":"Citizens' Climate Lobby","url":"https:\/\/citizensclimatelobby.org\/","logo":{"@type":"ImageObject","inLanguage":"es-ES","@id":"https:\/\/citizensclimatelobby.org\/#\/schema\/logo\/image\/","url":"https:\/\/citizensclimatelobby.org\/wp-content\/uploads\/2017\/04\/CCL-Logo.png","contentUrl":"https:\/\/citizensclimatelobby.org\/wp-content\/uploads\/2017\/04\/CCL-Logo.png","width":314,"height":201,"caption":"Citizens' Climate Lobby"},"image":{"@id":"https:\/\/citizensclimatelobby.org\/#\/schema\/logo\/image\/"},"sameAs":["https:\/\/www.facebook.com\/CitizensClimateLobby\/","https:\/\/twitter.com\/citizensclimate","https:\/\/www.instagram.com\/citizensclimate\/","https:\/\/www.linkedin.com\/company\/citizens-climate-lobby\/","https:\/\/www.youtube.com\/c\/CitizensClimateLobby","https:\/\/en.wikipedia.org\/wiki\/Citizens_Climate_Lobby"]}]}},"_links":{"self":[{"href":"https:\/\/citizensclimatelobby.org\/es\/wp-json\/wp\/v2\/pages\/32192"}],"collection":[{"href":"https:\/\/citizensclimatelobby.org\/es\/wp-json\/wp\/v2\/pages"}],"about":[{"href":"https:\/\/citizensclimatelobby.org\/es\/wp-json\/wp\/v2\/types\/page"}],"author":[{"embeddable":true,"href":"https:\/\/citizensclimatelobby.org\/es\/wp-json\/wp\/v2\/users\/111"}],"replies":[{"embeddable":true,"href":"https:\/\/citizensclimatelobby.org\/es\/wp-json\/wp\/v2\/comments?post=32192"}],"version-history":[{"count":0,"href":"https:\/\/citizensclimatelobby.org\/es\/wp-json\/wp\/v2\/pages\/32192\/revisions"}],"wp:attachment":[{"href":"https:\/\/citizensclimatelobby.org\/es\/wp-json\/wp\/v2\/media?parent=32192"}],"curies":[{"name":"wp","href":"https:\/\/api.w.org\/{rel}","templated":true}]}}