{"id":32503,"date":"2019-03-16T23:53:33","date_gmt":"2019-03-16T23:53:33","guid":{"rendered":"https:\/\/stageccl.wpengine.com\/?page_id=32503"},"modified":"2021-11-02T04:31:16","modified_gmt":"2021-11-02T04:31:16","slug":"preguntas-frecuentes-sobre-el-proyecto-de-ley-de-innovacion-energetica-y-dividendos-de-carbono","status":"publish","type":"page","link":"https:\/\/citizensclimatelobby.org\/es\/preguntas-frecuentes-sobre-el-proyecto-de-ley-de-innovacion-energetica-y-dividendos-de-carbono\/","title":{"rendered":"Preguntas frecuentes sobre el Proyecto de Ley EICD"},"content":{"rendered":"[spb_text_block pb_margin_bottom=&#8221;no&#8221; pb_border_bottom=&#8221;no&#8221; width=&#8221;1\/1&#8243; el_position=&#8221;first last&#8221;]\n<h1 class=\"conference-header gray\" style=\"text-align: center; padding: 40px 10px 0px;\">Preguntas frecuentes sobre los precios al carbono<\/h1>\n[\/spb_text_block] [spb_text_block pb_margin_bottom=&#8221;no&#8221; pb_border_bottom=&#8221;no&#8221; width=&#8221;1\/1&#8243; el_position=&#8221;first last&#8221;]\n<p>Desde 2010, Ciudadanos por un Clima Vivible ha abogado por un plan de &#8220;Renta clim\u00e1tica&#8221;, tambi\u00e9n conocido como tarifa al carbono con dividendos (en ingl\u00e9s, Carbon Cashback). En 2018, 2019 y 2021, se present\u00f3 el Proyecto de Ley de Innovaci\u00f3n Energ\u00e9tica y Dividendos de Carbono, que incorpora un precio directo a la contaminaci\u00f3n de carbono con los ingresos devueltos a las personas mensualmente para gastar como quieran. Aqu\u00ed encontrar\u00e1 las <a href=\"https:\/\/energyinnovationact.org\/how-it-works\/\">preguntas frecuentes<\/a> sobre este proyecto de ley que preferimos.<\/p>\n<p>Haga clic <a href=\"\/wp-content\/uploads\/2018\/06\/Preguntas-Frecuentes-Ley-IEDC-2021.pdf\">aqu\u00ed para descargar<\/a> estas preguntas frecuentes.<\/p>\n[\/spb_text_block] [blank_spacer height=&#8221;30px&#8221; width=&#8221;1\/1&#8243; el_position=&#8221;first last&#8221;] [blank_spacer height=&#8221;30px&#8221; width=&#8221;1\/6&#8243; el_position=&#8221;first&#8221;] [spb_accordion width=&#8221;2\/3&#8243;] [spb_accordion_tab title=&#8221;\u00bfEs necesario un precio sobre la contaminaci\u00f3n de carbono?&#8221; accordion_id=&#8221;&#8221; icon=&#8221;&#8221;] [spb_text_block pb_margin_bottom=&#8221;no&#8221; pb_border_bottom=&#8221;no&#8221; width=&#8221;1\/1&#8243; el_position=&#8221;first last&#8221;]\n<p>S\u00ed. Mientras que algunas personas e sectores ya est\u00e1n limpiando sus emisiones de carbono, otros no avanzar\u00e1n hasta que haya un plan para incentivarlos. Cuando el programa alcanza su meta de una reducci\u00f3n en los gases de efecto invernadero de un 90% por debajo de los niveles de 2015, autom\u00e1ticamente terminar\u00e1.<\/p>\n[\/spb_text_block] [\/spb_accordion_tab] [spb_accordion_tab title=&#8221;\u00bfPorqu\u00e9 necesitamos este proyecto de ley ahora?&#8221; accordion_id=&#8221;&#8221; icon=&#8221;&#8221;] [spb_text_block pb_margin_bottom=&#8221;no&#8221; pb_border_bottom=&#8221;no&#8221; width=&#8221;1\/1&#8243; el_position=&#8221;first last&#8221;]\n<p>La amplia mayor\u00eda de cient\u00edficos ha concluido que el cambio clim\u00e1tico es un problema urgente. La mayor\u00eda de estadounidenses est\u00e1n de acuerdo, y est\u00e1n preocupados por los impactos que el cambio clim\u00e1tico tendr\u00e1 en sus vidas. Las encuestas muestran que dem\u00f3cratas, independientes, y republicanos est\u00e1n cada vez m\u00e1s unidos en su apoyo para medidas que reducir\u00e1n las emisiones de di\u00f3xido de carbono que son la causa principal del cambio clim\u00e1tico.<\/p>\n[\/spb_text_block] [\/spb_accordion_tab] [spb_accordion_tab title=&#8221;\u00bfA cu\u00e1nto empieza la tarifa al carbono? \u00bfCambiar\u00e1?&#8221; accordion_id=&#8221;&#8221; icon=&#8221;&#8221;] [spb_text_block pb_margin_bottom=&#8221;no&#8221; pb_border_bottom=&#8221;no&#8221; width=&#8221;1\/1&#8243; el_position=&#8221;first last&#8221;]\n<p>Es una tarifa gradualmente incremental sobre el contenido de carbono en los combustibles f\u00f3siles, que se cobrar\u00e1 en el primer punto de venta. La tarifa empieza a $15 por tonelada m\u00e9trica de emisiones equivalentes a CO2, y aumenta $10 por a\u00f1o. Alienta a las personas y las empresas para que substituyan a fuentes energ\u00e9ticas m\u00e1s limpias, o busquen maneras m\u00e1s eficientes de utilizar la energ\u00eda.<\/p>\n[\/spb_text_block] [\/spb_accordion_tab] [spb_accordion_tab title=&#8221;\u00bfA c\u00f3mo ser\u00edan mis dividendos?&#8221; accordion_id=&#8221;&#8221; icon=&#8221;&#8221;] [spb_text_block pb_margin_bottom=&#8221;no&#8221; pb_border_bottom=&#8221;no&#8221; width=&#8221;1\/1&#8243; el_position=&#8221;first last&#8221;]\n<p>En el primer a\u00f1o, el dividendo de carbono ser\u00e1 aproximadamente entre $16 y $24 por mes por cada adulto. Mientras que crezca la tarifa anualmente, los dividendos mensuales de carbono tambi\u00e9n aumentar\u00e1n.<\/p>\n[\/spb_text_block] [\/spb_accordion_tab] [spb_accordion_tab title=&#8221;\u00bfC\u00f3mo funcionan los dividendos de carbono?&#8221; accordion_id=&#8221;&#8221; icon=&#8221;&#8221;] [spb_text_block pb_margin_bottom=&#8221;no&#8221; pb_border_bottom=&#8221;no&#8221; width=&#8221;1\/1&#8243; el_position=&#8221;first last&#8221;]\n<p>Se asignar\u00e1n porciones equitativas a cada adulto que tiene un N\u00famero de Seguro Social (SSN) o N\u00famero de Identificaci\u00f3n Individual de Contribuyente (ITIN), con una media porci\u00f3n asignada a cada ni\u00f1o menos de 19 a\u00f1os de edad. Los dividendos se administrar\u00e1n por el Departamento del Tesoro, y los gastos a lo largo del tiempo no deber\u00e1n pasar un 2% de los ingresos. El primer pago mensual se har\u00e1 en el mes antes del inicio del programa. Los dividendos de carbono se incluir\u00e1n en los ingresos brutos para fines de los impuestos sobre la renta, pero no se incluir\u00e1 en pruebas de medios para asistencia federal. Nadie perder\u00e1 su asistencia federal debido a los dividendos de carbono.<\/p>\n[\/spb_text_block] [\/spb_accordion_tab] [spb_accordion_tab title=&#8221;\u00bfC\u00f3mo recibir\u00e9 mis dividendos, exactamente?&#8221; accordion_id=&#8221;&#8221; icon=&#8221;&#8221;] [spb_text_block pb_margin_bottom=&#8221;no&#8221; pb_border_bottom=&#8221;no&#8221; width=&#8221;1\/1&#8243; el_position=&#8221;first last&#8221;]\n<p>Si usted paga impuestos a la renta, sus dividendos del carbono ser\u00e1n distribuidos autom\u00e1ticamente cada mes. Similar con la manera en cual el IRS le env\u00eda o directamente deposita su reembolso de impuestos cada primavera, sus dividendos de carbono le llegar\u00e1 cada mes. Si usted no paga impuestos a la renta, tendr\u00e1 que llenar un simple formulario indicando el n\u00famero de hijos dependientes y proporcionando la informaci\u00f3n sobre d\u00f3nde enviar sus pagos.<\/p>\n[\/spb_text_block] [\/spb_accordion_tab] [spb_accordion_tab title=&#8221;\u00bfEs esto lo mismo que un impuesto al carbono?&#8221; accordion_id=&#8221;&#8221; icon=&#8221;&#8221;] [spb_text_block pb_margin_bottom=&#8221;no&#8221; pb_border_bottom=&#8221;no&#8221; width=&#8221;1\/1&#8243; el_position=&#8221;first last&#8221;]\n<p>No. Un impuesto tiene el objetivo principal de recaudar ingresos para el estado. Por el contrario, el gobierno no se queda con los ingresos de la tarifa al carbono; en su lugar, se recicla la tarifa a las familias como los dividendos de carbono. Esto no crece el gobierno y se caracteriza como una tarifa en vez de un impuesto.<\/p>\n[\/spb_text_block] [\/spb_accordion_tab] [spb_accordion_tab title=&#8221;\u00bfEs esto lo mismo que tope y trueque (cap and trade)?&#8221; accordion_id=&#8221;&#8221; icon=&#8221;&#8221;] [spb_text_block pb_margin_bottom=&#8221;no&#8221; pb_border_bottom=&#8221;no&#8221; width=&#8221;1\/1&#8243; el_position=&#8221;first last&#8221;]\n<p>No. Tope y trueque funciona estableciendo un \u201ctope\u201d (un l\u00edmite m\u00e1xima para el total de emisiones) y luego vendiendo y trocando los permisos de contaminar debajo de ese tope. Eso requiere burocracia para implementar y administrar, y genera una volatilidad en el precio de permisos que resulta dif\u00edcil para las empresas. Una tarifa al carbono es mucho m\u00e1s sencilla, con menos burocracia, menos costes, y m\u00e1s previsibilidad.<\/p>\n[\/spb_text_block] [\/spb_accordion_tab] [spb_accordion_tab title=&#8221;\u00bfQu\u00e9 tanto afectar\u00e1 al precio de la energ\u00eda?&#8221; accordion_id=&#8221;&#8221; icon=&#8221;&#8221;] [spb_text_block pb_margin_bottom=&#8221;no&#8221; pb_border_bottom=&#8221;no&#8221; width=&#8221;1\/1&#8243; el_position=&#8221;first last&#8221;]\n<div id=\"ui-accordion-1-panel-9\" class=\"row-fluid ui-accordion-content ui-helper-reset ui-widget-content ui-corner-bottom ui-accordion-content-active\" role=\"tabpanel\">\n<section class=\"row\">\n<div class=\"spb_content_element col-sm-12 spb_text_column\">\n<div class=\"spb_wrapper clearfix\">Hay algunas formas de energ\u00eda que compramos directamente, como la gasolina y la electricidad. Como una regla imp\u00e9rica, cada $10 por tonelada m\u00e9trica a\u00f1adir\u00eda aproximadamente 11\u00a2 a un gal\u00f3n de gasolina, 6\u00a2 a un termo de gas natural, y 0.9\u00a2 a un kilovatio-hora de electricidad generada con carb\u00f3n. Los costos de energ\u00eda tambi\u00e9n est\u00e1n incorporados en la mayor\u00eda de productos y servicios que consumimos, as\u00ed que estos aumentar\u00edan en su precio dependiendo de su huella de carbono, con una gama entre 0.2 por ciento para una televisor hasta 1.1 por ciento para un boleto de avi\u00f3n (por cada incremento de $10 por tonelada m\u00e9trica).<\/div>\n<\/div>\n<\/section>\n<\/div>\n[\/spb_text_block] [\/spb_accordion_tab] [spb_accordion_tab title=&#8221;\u00bfC\u00f3mo impactar\u00e1 a los agricultores?&#8221; accordion_id=&#8221;&#8221; icon=&#8221;&#8221;] [spb_text_block pb_margin_bottom=&#8221;no&#8221; pb_border_bottom=&#8221;no&#8221; width=&#8221;1\/1&#8243; el_position=&#8221;first last&#8221;]\n<p>Los trabajadores y familias que cultivan nuestra comida y mantienen fuerte nuestra econom\u00eda son muy importantes para la econom\u00eda estadounidense. Esta pol\u00edtica proporciona una exenci\u00f3n para cualquier gasolina y di\u00e9sel utilizados para prop\u00f3sitos agr\u00edcolas. Las emisiones de los procesos biol\u00f3gicos agr\u00edcolas no se cubren por este proyecto de ley, porque solamente aplica a emisiones de los combustibles f\u00f3siles.<\/p>\n[\/spb_text_block] [\/spb_accordion_tab] [spb_accordion_tab title=&#8221;\u00bfC\u00f3mo impactar\u00e1 a los fabricantes?&#8221; accordion_id=&#8221;&#8221; icon=&#8221;&#8221;] [spb_text_block pb_margin_bottom=&#8221;no&#8221; pb_border_bottom=&#8221;no&#8221; width=&#8221;1\/1&#8243; el_position=&#8221;first last&#8221;]\n<p>El Proyecto de Ley de Innovaci\u00f3n Energ\u00e9tica y Dividendos de Carbono incluye un ajuste fronterizo, lo que aplicar\u00e1 a importaciones intensivos en carbono expuestos al comercio desde pa\u00edses que no tienen un precio al carbono similar. Esto mata a cualquier incentivo de las empresas estadounidenses para mudarse a un pa\u00eds que les permitiera contaminar m\u00e1s por un costo menor. Los fabricantes estadounidenses no perder\u00e1n nada econ\u00f3micamente por producir bienes con una menor huella de carbono.<\/p>\n[\/spb_text_block] [\/spb_accordion_tab] [spb_accordion_tab title=&#8221;\u00bfC\u00f3mo afectar\u00e1 a otros sectores?&#8221; accordion_id=&#8221;&#8221; icon=&#8221;&#8221;] [spb_text_block pb_margin_bottom=&#8221;no&#8221; pb_border_bottom=&#8221;no&#8221; width=&#8221;1\/1&#8243; el_position=&#8221;first last&#8221;]\n<p>Esta pol\u00edtica generar\u00e1 2.1 millones de empleos adicionales durante los primeros 10 a\u00f1os. Seg\u00fan un estudio de 2014 hecho por Regional Economic Models, Inc., las mayores ganancias ser\u00edan en los sectores de la salud, el comercio minorista, y otros sectores de servicios. Esto es porque las personas tendr\u00e1n m\u00e1s dinero en sus bolsillos para gastar, y estos sectores, con su alta necesidad de recursos humanos, responden a un aumento en consumo por generar m\u00e1s empleos.<\/p>\n[\/spb_text_block] [\/spb_accordion_tab] [spb_accordion_tab title=&#8221;\u00bfC\u00f3mo impactar\u00e1 a los servicios militares?&#8221; accordion_id=&#8221;&#8221; icon=&#8221;&#8221;] [spb_text_block pb_margin_bottom=&#8221;no&#8221; pb_border_bottom=&#8221;no&#8221; width=&#8221;1\/1&#8243; el_position=&#8221;first last&#8221;]\n<p>El Proyecto de Ley de Innovaci\u00f3n Energ\u00e9tica y Dividendos de Carbono proporciona un reembolso de la tarifa al carbono por los combustibles utilizados por los servicios militares, incluyendo la gasolina, el di\u00e9sel, u otros combustibles utilizados por buques, aeronaves, y transporte terrestre, adem\u00e1s del carb\u00f3n, petr\u00f3leo, o gas natural utilizados para generar electricidad en las bases militares y en operaciones del campo.<\/p>\n<p>Los servicios militares estadounidenses han estado persiguiendo activamente fuentes alternativas de energ\u00eda por razones estrat\u00e9gicas y medioambientales, por lo que se beneficiar\u00e1 de nuevos avances en las tecnolog\u00edas energ\u00e9ticas renovables y con bajo contenido de carbono, los que permitir\u00e1n mayores reducciones de las emisiones.<\/p>\n[\/spb_text_block] [\/spb_accordion_tab] [spb_accordion_tab title=&#8221;\u00bfPor qu\u00e9 los Estados Unidos debe cargarse de la responsabilidad por China, India, y los otros contaminadores?&#8221; accordion_id=&#8221;&#8221; icon=&#8221;&#8221;] [spb_text_block pb_margin_bottom=&#8221;no&#8221; pb_border_bottom=&#8221;no&#8221; width=&#8221;1\/1&#8243; el_position=&#8221;first last&#8221;]\n<p>Bajo esta pol\u00edtica, Estados Unidos no va a asumir ninguna carga o costo en nombre de otros pa\u00edses. Por el contrario, 12 de las econom\u00edas m\u00e1s grandes del mundo ya cuentan con pol\u00edticas de precios al carbono planificadas o en su lugar. Por ejemplo, en diciembre de 2017, China lanz\u00f3 un mercado nacional de carbono dirigido a su sector de energ\u00eda, y ya regulan las emisiones del sector el\u00e9ctrico. La India est\u00e1 desplegando r\u00e1pidamente las energ\u00edas renovables e impuso un impuesto sobre el carb\u00f3n que se ha duplicado en los \u00faltimos a\u00f1os. Ambos est\u00e1n imponiendo costos a la contaminaci\u00f3n como un medio para frenar las emisiones, pero al igual que todas las naciones, todav\u00eda miran a los Estados Unidos para el liderazgo y la innovaci\u00f3n.<\/p>\n[\/spb_text_block] [\/spb_accordion_tab] [spb_accordion_tab title=&#8221;\u00bfD\u00f3nde puedo leer el texto completo del Proyecto de Ley de Innovaci\u00f3n Energ\u00e9tica y Dividendos de Carbono?&#8221; accordion_id=&#8221;&#8221; icon=&#8221;&#8221;] [spb_text_block pb_margin_bottom=&#8221;no&#8221; pb_border_bottom=&#8221;no&#8221; width=&#8221;1\/1&#8243; el_position=&#8221;first last&#8221;]\n<p><span lang=\"es-ES\">Haga clic en el enlace para ver<\/span><span lang=\"es-ES\"> el texto completo y <a class=\"western\" href=\"https:\/\/energyinnovationact.org\/wp-content\/uploads\/2019\/01\/Energy-Innovation-and-Carbon-Dividend-Act-2019.pdf\">descargar una copia<\/a> en ingl\u00e9s del Proyecto de Ley de Innovaci\u00f3n Energ\u00e9tica y Dividendos de Carbono.<\/span><\/p>\n<p>&nbsp;<\/p>\n[\/spb_text_block] [\/spb_accordion_tab] [\/spb_accordion] [blank_spacer height=&#8221;30px&#8221; width=&#8221;1\/6&#8243; el_position=&#8221;last&#8221;]\n","protected":false},"excerpt":{"rendered":"<p>[spb_text_block pb_margin_bottom=&#8221;no&#8221; pb_border_bottom=&#8221;no&#8221; width=&#8221;1\/1&#8243; el_position=&#8221;first last&#8221;] Preguntas frecuentes sobre los precios al carbono [\/spb_text_block] [spb_text_block pb_margin_bottom=&#8221;no&#8221; pb_border_bottom=&#8221;no&#8221; width=&#8221;1\/1&#8243; el_position=&#8221;first last&#8221;] Desde 2010, Ciudadanos por un Clima Vivible ha abogado por un plan de &#8220;Renta clim\u00e1tica&#8221;, tambi\u00e9n conocido como tarifa al carbono con dividendos (en ingl\u00e9s, Carbon Cashback). En 2018, 2019 y 2021, se present\u00f3 el Proyecto de Ley de Innovaci\u00f3n [&hellip;]<\/p>\n","protected":false},"author":46,"featured_media":0,"parent":0,"menu_order":8,"comment_status":"closed","ping_status":"closed","template":"","meta":{"footnotes":""},"acf":[],"yoast_head":"<!-- This site is optimized with the Yoast SEO Premium plugin v21.3 (Yoast SEO v21.3) - https:\/\/yoast.com\/wordpress\/plugins\/seo\/ -->\n<title>Preguntas frecuentes sobre el Proyecto de Ley EICD | Citizens&#039; Climate Lobby<\/title>\n<meta name=\"description\" content=\"Las preguntas frecuentes sobre el Proyecto de Ley de Innovaci\u00f3n Energ\u00e9tica y Dividendos de Carbono\" \/>\n<meta name=\"robots\" content=\"index, follow, max-snippet:-1, max-image-preview:large, max-video-preview:-1\" \/>\n<link rel=\"canonical\" href=\"https:\/\/citizensclimatelobby.org\/es\/preguntas-frecuentes-sobre-el-proyecto-de-ley-de-innovacion-energetica-y-dividendos-de-carbono\/\" \/>\n<meta property=\"og:locale\" content=\"es_ES\" \/>\n<meta property=\"og:type\" content=\"article\" \/>\n<meta property=\"og:title\" content=\"Preguntas frecuentes sobre el Proyecto de Ley EICD\" \/>\n<meta property=\"og:description\" content=\"Las preguntas frecuentes sobre el Proyecto de Ley de Innovaci\u00f3n Energ\u00e9tica y Dividendos de Carbono\" \/>\n<meta property=\"og:url\" content=\"https:\/\/citizensclimatelobby.org\/es\/preguntas-frecuentes-sobre-el-proyecto-de-ley-de-innovacion-energetica-y-dividendos-de-carbono\/\" \/>\n<meta property=\"og:site_name\" content=\"Citizens&#039; Climate Lobby\" \/>\n<meta property=\"article:publisher\" content=\"https:\/\/www.facebook.com\/CitizensClimateLobby\/\" \/>\n<meta property=\"article:modified_time\" content=\"2021-11-02T04:31:16+00:00\" \/>\n<meta name=\"twitter:card\" content=\"summary_large_image\" \/>\n<meta name=\"twitter:site\" content=\"@citizensclimate\" \/>\n<meta name=\"twitter:label1\" content=\"Tiempo de lectura\" \/>\n\t<meta name=\"twitter:data1\" content=\"10 minutes\" \/>\n<script type=\"application\/ld+json\" class=\"yoast-schema-graph\">{\"@context\":\"https:\/\/schema.org\",\"@graph\":[{\"@type\":\"WebPage\",\"@id\":\"https:\/\/citizensclimatelobby.org\/es\/preguntas-frecuentes-sobre-el-proyecto-de-ley-de-innovacion-energetica-y-dividendos-de-carbono\/\",\"url\":\"https:\/\/citizensclimatelobby.org\/es\/preguntas-frecuentes-sobre-el-proyecto-de-ley-de-innovacion-energetica-y-dividendos-de-carbono\/\",\"name\":\"Preguntas frecuentes sobre el Proyecto de Ley EICD | Citizens&#039; Climate Lobby\",\"isPartOf\":{\"@id\":\"https:\/\/citizensclimatelobby.org\/#website\"},\"datePublished\":\"2019-03-16T23:53:33+00:00\",\"dateModified\":\"2021-11-02T04:31:16+00:00\",\"description\":\"Las preguntas frecuentes sobre el Proyecto de Ley de Innovaci\u00f3n Energ\u00e9tica y Dividendos de Carbono\",\"breadcrumb\":{\"@id\":\"https:\/\/citizensclimatelobby.org\/es\/preguntas-frecuentes-sobre-el-proyecto-de-ley-de-innovacion-energetica-y-dividendos-de-carbono\/#breadcrumb\"},\"inLanguage\":\"es-ES\",\"potentialAction\":[{\"@type\":\"ReadAction\",\"target\":[\"https:\/\/citizensclimatelobby.org\/es\/preguntas-frecuentes-sobre-el-proyecto-de-ley-de-innovacion-energetica-y-dividendos-de-carbono\/\"]}]},{\"@type\":\"BreadcrumbList\",\"@id\":\"https:\/\/citizensclimatelobby.org\/es\/preguntas-frecuentes-sobre-el-proyecto-de-ley-de-innovacion-energetica-y-dividendos-de-carbono\/#breadcrumb\",\"itemListElement\":[{\"@type\":\"ListItem\",\"position\":1,\"name\":\"Home\",\"item\":\"https:\/\/citizensclimatelobby.org\/es\/\"},{\"@type\":\"ListItem\",\"position\":2,\"name\":\"Preguntas frecuentes sobre el Proyecto de Ley EICD\"}]},{\"@type\":\"WebSite\",\"@id\":\"https:\/\/citizensclimatelobby.org\/#website\",\"url\":\"https:\/\/citizensclimatelobby.org\/\",\"name\":\"Citizens&#039; Climate Lobby\",\"description\":\"Political will for a livable world\",\"publisher\":{\"@id\":\"https:\/\/citizensclimatelobby.org\/#organization\"},\"potentialAction\":[{\"@type\":\"SearchAction\",\"target\":{\"@type\":\"EntryPoint\",\"urlTemplate\":\"https:\/\/citizensclimatelobby.org\/?s={search_term_string}\"},\"query-input\":\"required name=search_term_string\"}],\"inLanguage\":\"es-ES\"},{\"@type\":\"Organization\",\"@id\":\"https:\/\/citizensclimatelobby.org\/#organization\",\"name\":\"Citizens' Climate Lobby\",\"url\":\"https:\/\/citizensclimatelobby.org\/\",\"logo\":{\"@type\":\"ImageObject\",\"inLanguage\":\"es-ES\",\"@id\":\"https:\/\/citizensclimatelobby.org\/#\/schema\/logo\/image\/\",\"url\":\"https:\/\/citizensclimatelobby.org\/wp-content\/uploads\/2017\/04\/CCL-Logo.png\",\"contentUrl\":\"https:\/\/citizensclimatelobby.org\/wp-content\/uploads\/2017\/04\/CCL-Logo.png\",\"width\":314,\"height\":201,\"caption\":\"Citizens' Climate Lobby\"},\"image\":{\"@id\":\"https:\/\/citizensclimatelobby.org\/#\/schema\/logo\/image\/\"},\"sameAs\":[\"https:\/\/www.facebook.com\/CitizensClimateLobby\/\",\"https:\/\/twitter.com\/citizensclimate\",\"https:\/\/www.instagram.com\/citizensclimate\/\",\"https:\/\/www.linkedin.com\/company\/citizens-climate-lobby\/\",\"https:\/\/www.youtube.com\/c\/CitizensClimateLobby\",\"https:\/\/en.wikipedia.org\/wiki\/Citizens_Climate_Lobby\"]}]}<\/script>\n<!-- \/ Yoast SEO Premium plugin. -->","yoast_head_json":{"title":"Preguntas frecuentes sobre el Proyecto de Ley EICD | Citizens&#039; Climate Lobby","description":"Las preguntas frecuentes sobre el Proyecto de Ley de Innovaci\u00f3n Energ\u00e9tica y Dividendos de Carbono","robots":{"index":"index","follow":"follow","max-snippet":"max-snippet:-1","max-image-preview":"max-image-preview:large","max-video-preview":"max-video-preview:-1"},"canonical":"https:\/\/citizensclimatelobby.org\/es\/preguntas-frecuentes-sobre-el-proyecto-de-ley-de-innovacion-energetica-y-dividendos-de-carbono\/","og_locale":"es_ES","og_type":"article","og_title":"Preguntas frecuentes sobre el Proyecto de Ley EICD","og_description":"Las preguntas frecuentes sobre el Proyecto de Ley de Innovaci\u00f3n Energ\u00e9tica y Dividendos de Carbono","og_url":"https:\/\/citizensclimatelobby.org\/es\/preguntas-frecuentes-sobre-el-proyecto-de-ley-de-innovacion-energetica-y-dividendos-de-carbono\/","og_site_name":"Citizens&#039; Climate Lobby","article_publisher":"https:\/\/www.facebook.com\/CitizensClimateLobby\/","article_modified_time":"2021-11-02T04:31:16+00:00","twitter_card":"summary_large_image","twitter_site":"@citizensclimate","twitter_misc":{"Tiempo de lectura":"10 minutes"},"schema":{"@context":"https:\/\/schema.org","@graph":[{"@type":"WebPage","@id":"https:\/\/citizensclimatelobby.org\/es\/preguntas-frecuentes-sobre-el-proyecto-de-ley-de-innovacion-energetica-y-dividendos-de-carbono\/","url":"https:\/\/citizensclimatelobby.org\/es\/preguntas-frecuentes-sobre-el-proyecto-de-ley-de-innovacion-energetica-y-dividendos-de-carbono\/","name":"Preguntas frecuentes sobre el Proyecto de Ley EICD | Citizens&#039; Climate Lobby","isPartOf":{"@id":"https:\/\/citizensclimatelobby.org\/#website"},"datePublished":"2019-03-16T23:53:33+00:00","dateModified":"2021-11-02T04:31:16+00:00","description":"Las preguntas frecuentes sobre el Proyecto de Ley de Innovaci\u00f3n Energ\u00e9tica y Dividendos de Carbono","breadcrumb":{"@id":"https:\/\/citizensclimatelobby.org\/es\/preguntas-frecuentes-sobre-el-proyecto-de-ley-de-innovacion-energetica-y-dividendos-de-carbono\/#breadcrumb"},"inLanguage":"es-ES","potentialAction":[{"@type":"ReadAction","target":["https:\/\/citizensclimatelobby.org\/es\/preguntas-frecuentes-sobre-el-proyecto-de-ley-de-innovacion-energetica-y-dividendos-de-carbono\/"]}]},{"@type":"BreadcrumbList","@id":"https:\/\/citizensclimatelobby.org\/es\/preguntas-frecuentes-sobre-el-proyecto-de-ley-de-innovacion-energetica-y-dividendos-de-carbono\/#breadcrumb","itemListElement":[{"@type":"ListItem","position":1,"name":"Home","item":"https:\/\/citizensclimatelobby.org\/es\/"},{"@type":"ListItem","position":2,"name":"Preguntas frecuentes sobre el Proyecto de Ley EICD"}]},{"@type":"WebSite","@id":"https:\/\/citizensclimatelobby.org\/#website","url":"https:\/\/citizensclimatelobby.org\/","name":"Citizens&#039; Climate Lobby","description":"Political will for a livable world","publisher":{"@id":"https:\/\/citizensclimatelobby.org\/#organization"},"potentialAction":[{"@type":"SearchAction","target":{"@type":"EntryPoint","urlTemplate":"https:\/\/citizensclimatelobby.org\/?s={search_term_string}"},"query-input":"required name=search_term_string"}],"inLanguage":"es-ES"},{"@type":"Organization","@id":"https:\/\/citizensclimatelobby.org\/#organization","name":"Citizens' Climate Lobby","url":"https:\/\/citizensclimatelobby.org\/","logo":{"@type":"ImageObject","inLanguage":"es-ES","@id":"https:\/\/citizensclimatelobby.org\/#\/schema\/logo\/image\/","url":"https:\/\/citizensclimatelobby.org\/wp-content\/uploads\/2017\/04\/CCL-Logo.png","contentUrl":"https:\/\/citizensclimatelobby.org\/wp-content\/uploads\/2017\/04\/CCL-Logo.png","width":314,"height":201,"caption":"Citizens' Climate Lobby"},"image":{"@id":"https:\/\/citizensclimatelobby.org\/#\/schema\/logo\/image\/"},"sameAs":["https:\/\/www.facebook.com\/CitizensClimateLobby\/","https:\/\/twitter.com\/citizensclimate","https:\/\/www.instagram.com\/citizensclimate\/","https:\/\/www.linkedin.com\/company\/citizens-climate-lobby\/","https:\/\/www.youtube.com\/c\/CitizensClimateLobby","https:\/\/en.wikipedia.org\/wiki\/Citizens_Climate_Lobby"]}]}},"_links":{"self":[{"href":"https:\/\/citizensclimatelobby.org\/es\/wp-json\/wp\/v2\/pages\/32503"}],"collection":[{"href":"https:\/\/citizensclimatelobby.org\/es\/wp-json\/wp\/v2\/pages"}],"about":[{"href":"https:\/\/citizensclimatelobby.org\/es\/wp-json\/wp\/v2\/types\/page"}],"author":[{"embeddable":true,"href":"https:\/\/citizensclimatelobby.org\/es\/wp-json\/wp\/v2\/users\/46"}],"replies":[{"embeddable":true,"href":"https:\/\/citizensclimatelobby.org\/es\/wp-json\/wp\/v2\/comments?post=32503"}],"version-history":[{"count":0,"href":"https:\/\/citizensclimatelobby.org\/es\/wp-json\/wp\/v2\/pages\/32503\/revisions"}],"wp:attachment":[{"href":"https:\/\/citizensclimatelobby.org\/es\/wp-json\/wp\/v2\/media?parent=32503"}],"curies":[{"name":"wp","href":"https:\/\/api.w.org\/{rel}","templated":true}]}}