{"id":35788,"date":"2019-12-16T19:41:14","date_gmt":"2019-12-16T19:41:14","guid":{"rendered":"https:\/\/stageccl.wpengine.com\/monthly-calling-campaign\/"},"modified":"2022-04-13T19:01:43","modified_gmt":"2022-04-13T19:01:43","slug":"campana-de-llamadas-mensuales","status":"publish","type":"page","link":"https:\/\/citizensclimatelobby.org\/es\/campana-de-llamadas-mensuales\/","title":{"rendered":"Campa\u00f1a de Llamadas Mensuales"},"content":{"rendered":"[spb_raw_html width=&#8221;2\/3&#8243; el_position=&#8221;first&#8221;]JTNDZGl2JTIwY2xhc3MlM0QlMjJjYWxsLWhlYWRlciUyMiUzRSUwQUxsYW1hciUyMGElMjBsb3MlMjBjb25ncmVzaXN0YXMlMjBtZW5zdWFsbWVudGUlMEElM0MlMkZkaXYlM0UlMEElM0NwJTIwY2xhc3MlM0QlMjJ0ZXh0LWxlYWQtMSUyMiUzRUxsYW1hciUyMGElMjBzdXMlMjBTZW5hZG9yZXMlMjB5JTIwUmVwcmVzZW50YW50ZXMlMjBheXVkYSUyMGElMjBnZW5lcmFyJTIwbGElMjB2b2x1bnRhZCUyMHBvbCVDMyVBRHRpY2ElMjBuZWNlc2FyaWElMjBwYXJhJTIwc29sdWNpb25hciUyMGVsJTIwY2FtYmlvJTIwY2xpbSVDMyVBMXRpY28lMkMlMjBhbCUyMG1vc3RyYXIlMjBxdWUlMjBhJTIwbG9zJTIwZWxlY3RvcmVzJTIwbGVzJTIwaW1wb3J0YS4lM0MlMkZwJTNFJTBBJTNDcCUyMGNsYXNzJTNEJTIydGV4dC1sZWFkLTElMjIlM0UlM0NzdHJvbmclM0VDJUMzJUIzbW8lMjBlbXBlemFyJTIwLSUyMEluc2NyJUMzJUFEYmFzZSUyMHBhcmElMjBsYSUyMENhbXBhJUMzJUIxYSUyMGRlJTIwTGxhbWFkYXMlMjBNZW5zdWFsZXMlMjBkZSUyMENDTCUyMHklMjB1c3RlZCUyMHJlY2liaXIlQzMlQTElMjB1biUyMHJlY29yZGF0b3JpbyUyMGVuJTIwaW5nbCVDMyVBOXMlMjBtZW5zdWFsbWVudGUuJTNDJTJGc3Ryb25nJTNFJTIwVW5hJTIwdmV6JTIwYWwlMjBtZXMlMkMlMjByZWNpYmlyJUMzJUExJTIwaW5zdHJ1Y2Npb25lcyUyMHNvYnJlJTIwYyVDMyVCM21vJTIwbGxhbWFyJTIwYSUyMGxhJTIwb2ZpY2luYSUyMGRlJTIwc3UlMjBjb25ncmVzdGlzdGElMjB5JTIwdW4lMjB0ZXh0byUyMHN1Z2VyaWRvJTIwcGFyYSUyMGV4cHJlc2FyJTIwc3UlMjBwcmVvY3VwYWNpJUMzJUIzbiUyMHklMjBwZWRpciUyMGFjY2klQzMlQjNuJTIwY2xpbSVDMyVBMXRpY2ElMjByZXNwZXR1b3NhbWVudGUuJTIwUHVlZGUlMjBoYWNlciUyMHN1JTIwbGxhbWFkYSUyMGVuJTIwY3VhbHF1aWVyJTIwaWRpb21hLiUzQyUyRnAlM0UlMEE=[\/spb_raw_html] [spb_text_block pb_margin_bottom=&#8221;no&#8221; pb_border_bottom=&#8221;no&#8221; width=&#8221;1\/3&#8243; el_position=&#8221;last&#8221;]\n<div class=\"gcjoin-sidebar\">\r\n    <div class=\"gcjoin-headline\">Inscribirse para recordatorios mensuales<\/div>\r\n    <div class=\"gcjoin-subheadline\">Cada mes, recibir\u00e1 un correo electr\u00f3nico o un mensaje de texto en ingl\u00e9s con un enlace a una gu\u00eda para la llamada. Puede hacer su llamada al congresista en cualquier idioma.\r\n    <\/div>\r\n    <div class=\"gcjoin-form\">\r\n        <div class=\"gcjoin-input-group gc-join-firstname\">\r\n            <label for=\"gc-join-firstname\" class=\"gcjoin-label\">Nombre<\/label>\r\n            <input type=\"text\" id=\"gcjoin-firstname\" class=\"gcjoin-textbox\" onfocusout=\"validateFirstNameUI()\">\r\n            <div class=\"gcjoin-error-field\" id=\"gcjoin-firstname-error\"><\/div>\r\n        <\/div>\r\n        <div class=\"gcjoin-input-group gc-join-lastname\">\r\n            <label for=\"gc-join-lastname\" class=\"gcjoin-label\">Apellido<\/label>\r\n            <input type=\"text\" id=\"gcjoin-lastname\" class=\"gcjoin-textbox\" onfocusout=\"validateLastNameUI()\">\r\n            <div class=\"gcjoin-error-field\" id=\"gcjoin-lastname-error\"><\/div>\r\n        <\/div>\r\n        <div class=\"gcjoin-input-group gc-join-contacttype\">\r\n            <label class=\"gcjoin-label\">\u00bfC\u00f3mo deber\u00edamos contactarle??<\/label>\r\n            <div class=\"gcjoin-checkbox-group\">\r\n                <label for=\"gcjoin-checkbox-text\" class=\"gcjoin-label gcjoin-checkbox-label checkmark-container\">Mensaje de texto SMS\r\n                <input type=\"checkbox\" id=\"gcjoin-checkbox-text\" class=\"gcjoin-checkbox\"\r\n                    onchange='onTextCheckChange(this);'>\r\n                    <span class=\"checkmark\"><\/span>\r\n                <\/label>\r\n            <\/div>\r\n            <div class=\"gcjoin-checkbox-group\">\r\n                <label for=\"gcjoin-checkbox-email\" class=\"gcjoin-label gcjoin-checkbox-label checkmark-container\">Correo electr\u00f3nico\r\n                    <input type=\"checkbox\" id=\"gcjoin-checkbox-email\" class=\"gcjoin-checkbox\"\r\n                        onchange='onEmailCheckChange(this);'>\r\n                    <span class=\"checkmark\"><\/span>\r\n                <\/label>\r\n            <\/div>\r\n            <div class=\"gcjoin-error-field\" id=\"gcjoin-contacttype-error\"><\/div>\r\n        <\/div>\r\n        <div id=\"gcjoin-phone-group\" class=\"gcjoin-input-group gcjoin-phone hidden\">\r\n            <label for=\"gc-join-phone\" class=\"gcjoin-label\">Tel\u00e9fono<\/label>\r\n            <input type=\"text\" id=\"gcjoin-phone\" class=\"gcjoin-textbox\" onfocusout=\"validatePhoneUI()\">\r\n            <div class=\"gcjoin-error-field\" id=\"gcjoin-phone-error\"><\/div>\r\n        <\/div>\r\n        <div id=\"gcjoin-email-group\" class=\"gcjoin-input-group gcjoin-email\">\r\n            <label for=\"gc-join-email\" class=\"gcjoin-label\">Correo electr\u00f3nico<\/label>\r\n            <input type=\"text\" id=\"gcjoin-email\" class=\"gcjoin-textbox\" onfocusout=\"validateEmailUI()\">\r\n            <div class=\"gcjoin-error-field\" id=\"gcjoin-email-error\"><\/div>\r\n        <\/div>\r\n        <div class=\"gcjoin-input-group gc-join-zip\">\r\n            <label for=\"gc-join-zip\" class=\"gcjoin-label\">C\u00f3digo postal<\/label>\r\n            <input type=\"text\" id=\"gcjoin-zip\" class=\"gcjoin-textbox\" onfocusout=\"validateZipUI()\">\r\n            <div class=\"gcjoin-error-field\" id=\"gcjoin-zip-error\"><\/div>\r\n        <\/div>\r\n        <div class=\"gcjoin-input-group gc-join-district\">\r\n            <label for=\"gc-join-district\" class=\"gcjoin-label\">Distrito electoral<\/label>\r\n            <div id=\"gcjoin-district\" class=\"gcjoin-textbox\" onfocusout=\"validateDistrictUI()\"><\/div>\r\n            <div class=\"gcjoin-error-field hidden\" id=\"gcjoin-district-error\">Por favor seleccionar su distrito electoral.\r\n            <\/div>\r\n            <a class=\"gcjoin-find-district\" href=\"https:\/\/www.house.gov\/representatives\/find-your-representative\"\r\n                target=\"_blank\" rel=\"noopener\">Busque su distrito<\/a>\r\n        <\/div>\r\n        <div class=\"gcjoin-register\">\r\n            <a class=\"gcjoin-register-button\" onclick=\"register()\">Inscribirse<\/a>\r\n        <\/div>\r\n\t\t<div>\r\n\t\t\t<div class=\"gcjoin-disclosure\">Al hacer clic en \"Inscribirse\", usted no se est\u00e1 uniendo a CCL. Solamente utilizaremos su informaci\u00f3n para contactarle sobre sus llamadas. Puede dar de baja en cualquier momento.<\/div>\r\n\t\t<\/div>\t\r\n        <div class=\"gcjoin-error-field\" id=\"gcjoin-generic-error\"><\/div>\r\n    <\/div>\r\n    <div class=\"gcjoin-thank-you hidden\">\r\n        <div class=\"gcjoin-thanks-check\"><\/div>\r\n        <p>\u00a1Gracias! Usted est\u00e1 inscrito para recibir recordatorios mensuales para llamar a su congresista.<\/p>\r\n    <\/div>\r\n<\/div>\n[\/spb_text_block]\n","protected":false},"excerpt":{"rendered":"<p>[spb_raw_html width=&#8221;2\/3&#8243; el_position=&#8221;first&#8221;]JTNDZGl2JTIwY2xhc3MlM0QlMjJjYWxsLWhlYWRlciUyMiUzRSUwQUxsYW1hciUyMGElMjBsb3MlMjBjb25ncmVzaXN0YXMlMjBtZW5zdWFsbWVudGUlMEElM0MlMkZkaXYlM0UlMEElM0NwJTIwY2xhc3MlM0QlMjJ0ZXh0LWxlYWQtMSUyMiUzRUxsYW1hciUyMGElMjBzdXMlMjBTZW5hZG9yZXMlMjB5JTIwUmVwcmVzZW50YW50ZXMlMjBheXVkYSUyMGElMjBnZW5lcmFyJTIwbGElMjB2b2x1bnRhZCUyMHBvbCVDMyVBRHRpY2ElMjBuZWNlc2FyaWElMjBwYXJhJTIwc29sdWNpb25hciUyMGVsJTIwY2FtYmlvJTIwY2xpbSVDMyVBMXRpY28lMkMlMjBhbCUyMG1vc3RyYXIlMjBxdWUlMjBhJTIwbG9zJTIwZWxlY3RvcmVzJTIwbGVzJTIwaW1wb3J0YS4lM0MlMkZwJTNFJTBBJTNDcCUyMGNsYXNzJTNEJTIydGV4dC1sZWFkLTElMjIlM0UlM0NzdHJvbmclM0VDJUMzJUIzbW8lMjBlbXBlemFyJTIwLSUyMEluc2NyJUMzJUFEYmFzZSUyMHBhcmElMjBsYSUyMENhbXBhJUMzJUIxYSUyMGRlJTIwTGxhbWFkYXMlMjBNZW5zdWFsZXMlMjBkZSUyMENDTCUyMHklMjB1c3RlZCUyMHJlY2liaXIlQzMlQTElMjB1biUyMHJlY29yZGF0b3JpbyUyMGVuJTIwaW5nbCVDMyVBOXMlMjBtZW5zdWFsbWVudGUuJTNDJTJGc3Ryb25nJTNFJTIwVW5hJTIwdmV6JTIwYWwlMjBtZXMlMkMlMjByZWNpYmlyJUMzJUExJTIwaW5zdHJ1Y2Npb25lcyUyMHNvYnJlJTIwYyVDMyVCM21vJTIwbGxhbWFyJTIwYSUyMGxhJTIwb2ZpY2luYSUyMGRlJTIwc3UlMjBjb25ncmVzdGlzdGElMjB5JTIwdW4lMjB0ZXh0byUyMHN1Z2VyaWRvJTIwcGFyYSUyMGV4cHJlc2FyJTIwc3UlMjBwcmVvY3VwYWNpJUMzJUIzbiUyMHklMjBwZWRpciUyMGFjY2klQzMlQjNuJTIwY2xpbSVDMyVBMXRpY2ElMjByZXNwZXR1b3NhbWVudGUuJTIwUHVlZGUlMjBoYWNlciUyMHN1JTIwbGxhbWFkYSUyMGVuJTIwY3VhbHF1aWVyJTIwaWRpb21hLiUzQyUyRnAlM0UlMEE=[\/spb_raw_html] [spb_text_block pb_margin_bottom=&#8221;no&#8221; pb_border_bottom=&#8221;no&#8221; width=&#8221;1\/3&#8243; el_position=&#8221;last&#8221;] [\/spb_text_block]<\/p>\n","protected":false},"author":20,"featured_media":46919,"parent":0,"menu_order":8,"comment_status":"closed","ping_status":"closed","template":"","meta":{"footnotes":""},"acf":[],"yoast_head":"<!-- This site is optimized with the Yoast SEO Premium plugin v21.3 (Yoast SEO v21.3) - https:\/\/yoast.com\/wordpress\/plugins\/seo\/ -->\n<title>Campa\u00f1a de Llamadas Mensuales | Citizens&#039; Climate Lobby<\/title>\n<meta name=\"description\" content=\"Inscr\u00edbese en la Campa\u00f1a de Llamadas Mensuales de CCL y recibir\u00e1 un recordatorio mensualmente para llamar a los congresistas y alentarles tomar acci\u00f3n sobre el cambio clim\u00e1tico.\" \/>\n<meta name=\"robots\" content=\"index, follow, max-snippet:-1, max-image-preview:large, max-video-preview:-1\" \/>\n<link rel=\"canonical\" href=\"https:\/\/citizensclimatelobby.org\/es\/campana-de-llamadas-mensuales\/\" \/>\n<meta property=\"og:locale\" content=\"es_ES\" \/>\n<meta property=\"og:type\" content=\"article\" \/>\n<meta property=\"og:title\" content=\"Campa\u00f1a de Llamadas Mensuales\" \/>\n<meta property=\"og:description\" content=\"Inscr\u00edbese en la Campa\u00f1a de Llamadas Mensuales de CCL y recibir\u00e1 un recordatorio mensualmente para llamar a los congresistas y alentarles tomar acci\u00f3n sobre el cambio clim\u00e1tico.\" \/>\n<meta property=\"og:url\" content=\"https:\/\/citizensclimatelobby.org\/es\/campana-de-llamadas-mensuales\/\" \/>\n<meta property=\"og:site_name\" content=\"Citizens&#039; Climate Lobby\" \/>\n<meta property=\"article:publisher\" content=\"https:\/\/www.facebook.com\/CitizensClimateLobby\/\" \/>\n<meta property=\"article:modified_time\" content=\"2022-04-13T19:01:43+00:00\" \/>\n<meta property=\"og:image\" content=\"https:\/\/citizensclimatelobby.org\/wp-content\/uploads\/2020\/01\/monthly-calling-campaign1200X630.jpg\" \/>\n\t<meta property=\"og:image:width\" content=\"1201\" \/>\n\t<meta property=\"og:image:height\" content=\"628\" \/>\n\t<meta property=\"og:image:type\" content=\"image\/jpeg\" \/>\n<meta name=\"twitter:card\" content=\"summary_large_image\" \/>\n<meta name=\"twitter:title\" content=\"Campa\u00f1a de Llamadas Mensuales\" \/>\n<meta name=\"twitter:description\" content=\"Inscr\u00edbese en la Campa\u00f1a de Llamadas Mensuales de CCL y recibir\u00e1 un recordatorio mensualmente para llamar a los congresistas y alentarles tomar acci\u00f3n sobre el cambio clim\u00e1tico.\" \/>\n<meta name=\"twitter:image\" content=\"https:\/\/citizensclimatelobby.org\/wp-content\/uploads\/2020\/01\/monthly-calling-campaign1024X510.jpg\" \/>\n<meta name=\"twitter:site\" content=\"@citizensclimate\" \/>\n<meta name=\"twitter:label1\" content=\"Tiempo de lectura\" \/>\n\t<meta name=\"twitter:data1\" content=\"1 minute\" \/>\n<script type=\"application\/ld+json\" class=\"yoast-schema-graph\">{\"@context\":\"https:\/\/schema.org\",\"@graph\":[{\"@type\":\"WebPage\",\"@id\":\"https:\/\/citizensclimatelobby.org\/es\/campana-de-llamadas-mensuales\/\",\"url\":\"https:\/\/citizensclimatelobby.org\/es\/campana-de-llamadas-mensuales\/\",\"name\":\"Campa\u00f1a de Llamadas Mensuales | Citizens&#039; Climate Lobby\",\"isPartOf\":{\"@id\":\"https:\/\/citizensclimatelobby.org\/#website\"},\"datePublished\":\"2019-12-16T19:41:14+00:00\",\"dateModified\":\"2022-04-13T19:01:43+00:00\",\"description\":\"Inscr\u00edbese en la Campa\u00f1a de Llamadas Mensuales de CCL y recibir\u00e1 un recordatorio mensualmente para llamar a los congresistas y alentarles tomar acci\u00f3n sobre el cambio clim\u00e1tico.\",\"breadcrumb\":{\"@id\":\"https:\/\/citizensclimatelobby.org\/es\/campana-de-llamadas-mensuales\/#breadcrumb\"},\"inLanguage\":\"es-ES\",\"potentialAction\":[{\"@type\":\"ReadAction\",\"target\":[\"https:\/\/citizensclimatelobby.org\/es\/campana-de-llamadas-mensuales\/\"]}]},{\"@type\":\"BreadcrumbList\",\"@id\":\"https:\/\/citizensclimatelobby.org\/es\/campana-de-llamadas-mensuales\/#breadcrumb\",\"itemListElement\":[{\"@type\":\"ListItem\",\"position\":1,\"name\":\"Home\",\"item\":\"https:\/\/citizensclimatelobby.org\/es\/\"},{\"@type\":\"ListItem\",\"position\":2,\"name\":\"Campa\u00f1a de Llamadas Mensuales\"}]},{\"@type\":\"WebSite\",\"@id\":\"https:\/\/citizensclimatelobby.org\/#website\",\"url\":\"https:\/\/citizensclimatelobby.org\/\",\"name\":\"Citizens&#039; Climate Lobby\",\"description\":\"Political will for a livable world\",\"publisher\":{\"@id\":\"https:\/\/citizensclimatelobby.org\/#organization\"},\"potentialAction\":[{\"@type\":\"SearchAction\",\"target\":{\"@type\":\"EntryPoint\",\"urlTemplate\":\"https:\/\/citizensclimatelobby.org\/?s={search_term_string}\"},\"query-input\":\"required name=search_term_string\"}],\"inLanguage\":\"es-ES\"},{\"@type\":\"Organization\",\"@id\":\"https:\/\/citizensclimatelobby.org\/#organization\",\"name\":\"Citizens' Climate Lobby\",\"url\":\"https:\/\/citizensclimatelobby.org\/\",\"logo\":{\"@type\":\"ImageObject\",\"inLanguage\":\"es-ES\",\"@id\":\"https:\/\/citizensclimatelobby.org\/#\/schema\/logo\/image\/\",\"url\":\"https:\/\/citizensclimatelobby.org\/wp-content\/uploads\/2017\/04\/CCL-Logo.png\",\"contentUrl\":\"https:\/\/citizensclimatelobby.org\/wp-content\/uploads\/2017\/04\/CCL-Logo.png\",\"width\":314,\"height\":201,\"caption\":\"Citizens' Climate Lobby\"},\"image\":{\"@id\":\"https:\/\/citizensclimatelobby.org\/#\/schema\/logo\/image\/\"},\"sameAs\":[\"https:\/\/www.facebook.com\/CitizensClimateLobby\/\",\"https:\/\/twitter.com\/citizensclimate\",\"https:\/\/www.instagram.com\/citizensclimate\/\",\"https:\/\/www.linkedin.com\/company\/citizens-climate-lobby\/\",\"https:\/\/www.youtube.com\/c\/CitizensClimateLobby\",\"https:\/\/en.wikipedia.org\/wiki\/Citizens_Climate_Lobby\"]}]}<\/script>\n<!-- \/ Yoast SEO Premium plugin. -->","yoast_head_json":{"title":"Campa\u00f1a de Llamadas Mensuales | Citizens&#039; Climate Lobby","description":"Inscr\u00edbese en la Campa\u00f1a de Llamadas Mensuales de CCL y recibir\u00e1 un recordatorio mensualmente para llamar a los congresistas y alentarles tomar acci\u00f3n sobre el cambio clim\u00e1tico.","robots":{"index":"index","follow":"follow","max-snippet":"max-snippet:-1","max-image-preview":"max-image-preview:large","max-video-preview":"max-video-preview:-1"},"canonical":"https:\/\/citizensclimatelobby.org\/es\/campana-de-llamadas-mensuales\/","og_locale":"es_ES","og_type":"article","og_title":"Campa\u00f1a de Llamadas Mensuales","og_description":"Inscr\u00edbese en la Campa\u00f1a de Llamadas Mensuales de CCL y recibir\u00e1 un recordatorio mensualmente para llamar a los congresistas y alentarles tomar acci\u00f3n sobre el cambio clim\u00e1tico.","og_url":"https:\/\/citizensclimatelobby.org\/es\/campana-de-llamadas-mensuales\/","og_site_name":"Citizens&#039; Climate Lobby","article_publisher":"https:\/\/www.facebook.com\/CitizensClimateLobby\/","article_modified_time":"2022-04-13T19:01:43+00:00","og_image":[{"width":1201,"height":628,"url":"https:\/\/citizensclimatelobby.org\/wp-content\/uploads\/2020\/01\/monthly-calling-campaign1200X630.jpg","type":"image\/jpeg"}],"twitter_card":"summary_large_image","twitter_title":"Campa\u00f1a de Llamadas Mensuales","twitter_description":"Inscr\u00edbese en la Campa\u00f1a de Llamadas Mensuales de CCL y recibir\u00e1 un recordatorio mensualmente para llamar a los congresistas y alentarles tomar acci\u00f3n sobre el cambio clim\u00e1tico.","twitter_image":"https:\/\/citizensclimatelobby.org\/wp-content\/uploads\/2020\/01\/monthly-calling-campaign1024X510.jpg","twitter_site":"@citizensclimate","twitter_misc":{"Tiempo de lectura":"1 minute"},"schema":{"@context":"https:\/\/schema.org","@graph":[{"@type":"WebPage","@id":"https:\/\/citizensclimatelobby.org\/es\/campana-de-llamadas-mensuales\/","url":"https:\/\/citizensclimatelobby.org\/es\/campana-de-llamadas-mensuales\/","name":"Campa\u00f1a de Llamadas Mensuales | Citizens&#039; Climate Lobby","isPartOf":{"@id":"https:\/\/citizensclimatelobby.org\/#website"},"datePublished":"2019-12-16T19:41:14+00:00","dateModified":"2022-04-13T19:01:43+00:00","description":"Inscr\u00edbese en la Campa\u00f1a de Llamadas Mensuales de CCL y recibir\u00e1 un recordatorio mensualmente para llamar a los congresistas y alentarles tomar acci\u00f3n sobre el cambio clim\u00e1tico.","breadcrumb":{"@id":"https:\/\/citizensclimatelobby.org\/es\/campana-de-llamadas-mensuales\/#breadcrumb"},"inLanguage":"es-ES","potentialAction":[{"@type":"ReadAction","target":["https:\/\/citizensclimatelobby.org\/es\/campana-de-llamadas-mensuales\/"]}]},{"@type":"BreadcrumbList","@id":"https:\/\/citizensclimatelobby.org\/es\/campana-de-llamadas-mensuales\/#breadcrumb","itemListElement":[{"@type":"ListItem","position":1,"name":"Home","item":"https:\/\/citizensclimatelobby.org\/es\/"},{"@type":"ListItem","position":2,"name":"Campa\u00f1a de Llamadas Mensuales"}]},{"@type":"WebSite","@id":"https:\/\/citizensclimatelobby.org\/#website","url":"https:\/\/citizensclimatelobby.org\/","name":"Citizens&#039; Climate Lobby","description":"Political will for a livable world","publisher":{"@id":"https:\/\/citizensclimatelobby.org\/#organization"},"potentialAction":[{"@type":"SearchAction","target":{"@type":"EntryPoint","urlTemplate":"https:\/\/citizensclimatelobby.org\/?s={search_term_string}"},"query-input":"required name=search_term_string"}],"inLanguage":"es-ES"},{"@type":"Organization","@id":"https:\/\/citizensclimatelobby.org\/#organization","name":"Citizens' Climate Lobby","url":"https:\/\/citizensclimatelobby.org\/","logo":{"@type":"ImageObject","inLanguage":"es-ES","@id":"https:\/\/citizensclimatelobby.org\/#\/schema\/logo\/image\/","url":"https:\/\/citizensclimatelobby.org\/wp-content\/uploads\/2017\/04\/CCL-Logo.png","contentUrl":"https:\/\/citizensclimatelobby.org\/wp-content\/uploads\/2017\/04\/CCL-Logo.png","width":314,"height":201,"caption":"Citizens' Climate Lobby"},"image":{"@id":"https:\/\/citizensclimatelobby.org\/#\/schema\/logo\/image\/"},"sameAs":["https:\/\/www.facebook.com\/CitizensClimateLobby\/","https:\/\/twitter.com\/citizensclimate","https:\/\/www.instagram.com\/citizensclimate\/","https:\/\/www.linkedin.com\/company\/citizens-climate-lobby\/","https:\/\/www.youtube.com\/c\/CitizensClimateLobby","https:\/\/en.wikipedia.org\/wiki\/Citizens_Climate_Lobby"]}]}},"_links":{"self":[{"href":"https:\/\/citizensclimatelobby.org\/es\/wp-json\/wp\/v2\/pages\/35788"}],"collection":[{"href":"https:\/\/citizensclimatelobby.org\/es\/wp-json\/wp\/v2\/pages"}],"about":[{"href":"https:\/\/citizensclimatelobby.org\/es\/wp-json\/wp\/v2\/types\/page"}],"author":[{"embeddable":true,"href":"https:\/\/citizensclimatelobby.org\/es\/wp-json\/wp\/v2\/users\/20"}],"replies":[{"embeddable":true,"href":"https:\/\/citizensclimatelobby.org\/es\/wp-json\/wp\/v2\/comments?post=35788"}],"version-history":[{"count":0,"href":"https:\/\/citizensclimatelobby.org\/es\/wp-json\/wp\/v2\/pages\/35788\/revisions"}],"wp:featuredmedia":[{"embeddable":true,"href":"https:\/\/citizensclimatelobby.org\/es\/wp-json\/wp\/v2\/media\/46919"}],"wp:attachment":[{"href":"https:\/\/citizensclimatelobby.org\/es\/wp-json\/wp\/v2\/media?parent=35788"}],"curies":[{"name":"wp","href":"https:\/\/api.w.org\/{rel}","templated":true}]}}