{"id":38988,"date":"2021-03-31T23:07:44","date_gmt":"2021-03-31T23:07:44","guid":{"rendered":"https:\/\/stageccl.wpengine.com\/carbon-pricing-congress\/"},"modified":"2021-11-02T03:34:07","modified_gmt":"2021-11-02T03:34:07","slug":"precios-al-carbono-en-el-congreso","status":"publish","type":"page","link":"https:\/\/citizensclimatelobby.org\/es\/precios-al-carbono-en-el-congreso\/","title":{"rendered":"Precios al carbono en el Congreso"},"content":{"rendered":"[spb_row wrap_type=&#8221;content-width&#8221; row_bg_type=&#8221;image&#8221; color_row_height=&#8221;content-height&#8221; bg_type=&#8221;cover&#8221; parallax_image_height=&#8221;content-height&#8221; parallax_image_movement=&#8221;fixed&#8221; parallax_image_speed=&#8221;0.5&#8243; parallax_video_height=&#8221;window-height&#8221; parallax_video_overlay=&#8221;none&#8221; row_overlay_opacity=&#8221;0&#8243; row_padding_vertical=&#8221;30&#8243; row_padding_horizontal=&#8221;0&#8243; row_margin_vertical=&#8221;0&#8243; remove_element_spacing=&#8221;no&#8221; inner_column_height=&#8221;col-natural&#8221; width=&#8221;1\/1&#8243; el_position=&#8221;first last&#8221;] [spb_text_block pb_margin_bottom=&#8221;no&#8221; pb_border_bottom=&#8221;no&#8221; width=&#8221;1\/1&#8243; el_position=&#8221;first last&#8221;]\n<h1 class=\"conference-header gray\" style=\"text-align: center; padding: 40px 10px 0px;\">Proyectos de ley con un precio al carbono<\/h1>\n[\/spb_text_block] [blank_spacer height=&#8221;20px&#8221; width=&#8221;1\/1&#8243; el_position=&#8221;first last&#8221;] [blank_spacer height=&#8221;20px&#8221; width=&#8221;1\/1&#8243; el_position=&#8221;first last&#8221;] [spb_text_block pb_margin_bottom=&#8221;no&#8221; pb_border_bottom=&#8221;no&#8221; width=&#8221;1\/1&#8243; el_position=&#8221;first last&#8221;]\n<h2 style=\"text-align: center;\"><span style=\"color: #5b7a31;\">El \u00edmpetu para la acci\u00f3n clim\u00e1tica est\u00e1 acelerando en el Congreso<\/span><\/h2>\n[\/spb_text_block] [spb_text_block pb_margin_bottom=&#8221;no&#8221; pb_border_bottom=&#8221;no&#8221; width=&#8221;1\/1&#8243; el_position=&#8221;first last&#8221;]\n<p style=\"text-align: center;\">Los siguientes proyectos de ley se han presentado en el Congreso entre 2019 y 2021.<\/p>\n[\/spb_text_block] [\/spb_row] [spb_raw_html width=&#8221;1\/1&#8243; el_position=&#8221;first last&#8221;]JTNDZGl2JTIwY2xhc3MlM0QlMjJiYW5uZXItc2VjdGlvbiUyMiUyMHN0eWxlJTNEJTIybWFyZ2luLWJvdHRvbSUzQSUyMDUwcHglM0IlMjBib3gtc2hhZG93JTNBJTIwbm9uZSUzQiUyMiUzRSUwQSUyMCUyMCUyMCUyMCUzQ2RpdiUyMGNsYXNzJTNEJTIyYmFubmVyLWJhbm5lciUyMiUyMHN0eWxlJTNEJTIyYmFja2dyb3VuZC1jb2xvciUzQSUyMCUyMzU0NDc0MSUzQiUyMiUzRSUwQSUyMCUyMCUyMCUyMCUyMCUyMCUyMCUyMCUzQ2RpdiUyMGNsYXNzJTNEJTIyYmFubmVyLXRpdGxlJTIyJTNFUHJveWVjdG8lMjBkZSUyMExleSUyMGRlJTIwSW5ub3ZhY2klQzMlQjNuJTIwRW5lcmclQzMlQTl0aWNhJTIweSUyMERpdmlkZW5kb3MlMjBkZSUyMENhcmJvbm8lMjAlMjhILlIuJTIwMjMwNyUyOSUzQyUyRmRpdiUzRSUwQSUyMCUyMCUyMCUyMCUyMCUyMCUyMCUyMCUzQyUyMS0tJTNDZGl2JTIwY2xhc3MlM0QlMjJiYW5uZXItc2VwYXJhdG9yJTIyJTNFJTdDJTNDJTJGZGl2JTNFJTBBJTIwJTIwJTIwJTIwJTIwJTIwJTIwJTIwJTNDZGl2JTIwY2xhc3MlM0QlMjJiYW5uZXItdGltZSUyMiUzRVRJTUUlMjBUSU1FJTNDJTJGZGl2JTNFLS0lM0UlMEElMjAlMjAlMjAlMjAlM0MlMkZkaXYlM0UlMEElM0NkaXYlMjBjbGFzcyUzRCUyMmJhbm5lci1ub3RjaCUyMiUyMHN0eWxlJTNEJTIyYm9yZGVyLXRvcC1jb2xvciUzQSUyMCUyMzAwMDAwMCUzQiUyMGJvcmRlci1yaWdodC1jb2xvciUzQSUyMCUyMzAwMDAwMCUzQiUyMiUzRSUzQyUyRmRpdiUzRSUwQSUzQyUyRmRpdiUzRQ==[\/spb_raw_html] [spb_row row_bg_type=&#8221;image&#8221; parallax_image_height=&#8221;content-height&#8221; parallax_image_movement=&#8221;fixed&#8221; parallax_image_speed=&#8221;0.5&#8243; parallax_video_height=&#8221;window-height&#8221; parallax_video_overlay=&#8221;none&#8221; row_overlay_opacity=&#8221;0&#8243; width=&#8221;1\/1&#8243; el_position=&#8221;first last&#8221;] [spb_single_image image=&#8221;38975&#8243; image_size=&#8221;full&#8221; frame=&#8221;noframe&#8221; intro_animation=&#8221;none&#8221; full_width=&#8221;no&#8221; lightbox=&#8221;no&#8221; link_target=&#8221;_self&#8221; width=&#8221;1\/3&#8243; el_position=&#8221;first&#8221;] [spb_column width=&#8221;2\/3&#8243; el_position=&#8221;last&#8221;] [spb_text_block pb_margin_bottom=&#8221;no&#8221; pb_border_bottom=&#8221;no&#8221; width=&#8221;1\/1&#8243; el_position=&#8221;first last&#8221;]\n<h4>Representante Ted Deutch (FL-22)<\/h4>\n[\/spb_text_block] [spb_text_block pb_margin_bottom=&#8221;no&#8221; pb_border_bottom=&#8221;no&#8221; width=&#8221;1\/1&#8243; el_position=&#8221;first last&#8221;]\n<p>Con m\u00e1s de 85 copatrocinadores en el 117<span class=\"translation--1KLLZbXF translationDesktop--2LS7s-8u\">\u00ba <\/span> Congreso, el <a href=\"https:\/\/energyinnovationact.org\/\">Proyecto de Ley de Innovaci\u00f3n Energ\u00e9tica<\/a> (Energy Innovation and Carbon Dividend Act) es el proyecto de ley de un precio al carbono m\u00e1s apoyado en el Congreso. Incluye un precio al carbono en toda la econom\u00eda, lo que nos propulsar\u00e1 a cero carbono antes del 2050. Todos los ingresos se devuelvan a la gente para que todos puedan sostenerse durante la transici\u00f3n a energ\u00eda limpia. El Proyecto de Ley de Innovaci\u00f3n Energ\u00e9tica incorpora la propuesta de tarifa al carbono con dividendos para la cual CCL ha abogado desde 2010.<\/p>\n[\/spb_text_block] [spb_text_block pb_margin_bottom=&#8221;no&#8221; pb_border_bottom=&#8221;no&#8221; width=&#8221;1\/1&#8243; el_position=&#8221;first last&#8221;]\n<ul>\n<li>Calcule cu\u00e1nto dinero usted recibir\u00e1 bajo el Proyecto de Ley de Innovaci\u00f3n Energ\u00e9tico y Dividendos de Carbono con este <a href=\"https:\/\/energyinnovationact.org\/carbon-dividend-calculator\/\">Calculador de Dividendos de Carbono<\/a><\/li>\n<li><a href=\"https:\/\/energyinnovationact.org\/supporters-overview\/\" target=\"_blank\" rel=\"noopener noreferrer\">Vea quienes respaldan el Proyecto de Ley de Innovaci\u00f3n Energ\u00e9tica<\/a><\/li>\n<\/ul>\n[\/spb_text_block] [\/spb_column] [\/spb_row] [spb_row row_bg_type=&#8221;image&#8221; parallax_image_height=&#8221;content-height&#8221; parallax_image_movement=&#8221;fixed&#8221; parallax_image_speed=&#8221;0.5&#8243; parallax_video_height=&#8221;window-height&#8221; parallax_video_overlay=&#8221;none&#8221; row_overlay_opacity=&#8221;0&#8243; width=&#8221;1\/1&#8243; el_position=&#8221;first last&#8221;] [spb_text_block pb_margin_bottom=&#8221;no&#8221; pb_border_bottom=&#8221;no&#8221; width=&#8221;1\/1&#8243; el_position=&#8221;first last&#8221;]\n<h3><span style=\"color: #000000;\">Otros proyectos de ley de precios al carbono presentados en el Congreso (2019-2021)<\/span><\/h3>\n[\/spb_text_block] [spb_column width=&#8221;1\/2&#8243; el_position=&#8221;first&#8221;] [spb_text_block pb_margin_bottom=&#8221;no&#8221; pb_border_bottom=&#8221;no&#8221; width=&#8221;1\/1&#8243; el_position=&#8221;first last&#8221;]\n<p><strong><a href=\"https:\/\/www.congress.gov\/bill\/117th-congress\/senate-bill\/685\" target=\"_blank\" rel=\"noopener noreferrer\"><span style=\"text-decoration: underline;\">America&#8217;s Clean Future Fund Act<\/span><\/a><\/strong><br \/>\n<em>Senador Durbin (IL)<\/em><\/p>\n[\/spb_text_block] [spb_text_block pb_margin_bottom=&#8221;no&#8221; pb_border_bottom=&#8221;no&#8221; width=&#8221;1\/1&#8243; el_position=&#8221;first last&#8221;]\n<p>Incluye un precio al carbono en todo la econom\u00eda con el 75% de los ingresos devueltos a las familias como dividendos, y el resto invertido en energ\u00edas limpias y asistencia para la transici\u00f3n.<\/p>\n[\/spb_text_block] [\/spb_column] [spb_column width=&#8221;1\/2&#8243; el_position=&#8221;last&#8221;] [spb_text_block pb_margin_bottom=&#8221;no&#8221; pb_border_bottom=&#8221;no&#8221; width=&#8221;1\/1&#8243; el_position=&#8221;first last&#8221;]\n<p><strong><a href=\"https:\/\/www.congress.gov\/bill\/117th-congress\/senate-bill\/2085\" target=\"_blank\" rel=\"noopener noreferrer\"><span style=\"text-decoration: underline;\">Save our Future Act<\/span> <\/a><\/strong><br \/>\n<em>Senadores Whitehouse (RI) y Schatz (HI)<\/em><\/p>\n[\/spb_text_block] [spb_text_block pb_margin_bottom=&#8221;no&#8221; pb_border_bottom=&#8221;no&#8221; width=&#8221;1\/1&#8243; el_position=&#8221;first last&#8221;]\n<p>Combina un precio al carbono con un precio sobre otros contaminantes del aire. El dinero recaudado se destina a pagos directos a las familias, a inversiones en las comunidades de primera l\u00ednea y de combustibles f\u00f3siles, y a subvenciones en bloque a los estados.<\/p>\n[\/spb_text_block] [\/spb_column] [\/spb_row] [spb_row row_bg_type=&#8221;image&#8221; parallax_image_height=&#8221;content-height&#8221; parallax_image_movement=&#8221;fixed&#8221; parallax_image_speed=&#8221;0.5&#8243; parallax_video_height=&#8221;window-height&#8221; parallax_video_overlay=&#8221;none&#8221; row_overlay_opacity=&#8221;0&#8243; width=&#8221;1\/1&#8243; el_position=&#8221;first last&#8221;] [spb_column width=&#8221;1\/2&#8243; el_position=&#8221;first&#8221;] [spb_text_block pb_margin_bottom=&#8221;no&#8221; pb_border_bottom=&#8221;no&#8221; width=&#8221;1\/1&#8243; el_position=&#8221;first last&#8221;]\n<p><strong><a href=\"https:\/\/www.congress.gov\/bill\/116th-congress\/senate-bill\/2284\" target=\"_blank\" rel=\"noopener noreferrer\"><span style=\"text-decoration: underline;\">Climate Action Rebate Act<\/span> <\/a><\/strong><br \/>\n<em>Senadores Coons (DE) y Feinstein (CA)<\/em><\/p>\n[\/spb_text_block] [spb_text_block pb_margin_bottom=&#8221;no&#8221; pb_border_bottom=&#8221;no&#8221; width=&#8221;1\/1&#8243; el_position=&#8221;first last&#8221;]\n<p>Un precio al carbono con una alta trayector\u00eda del impuesto, con el 70% de los ingresos devueltos a las familias en dividendos, y el resto invertido en la infraestructura, investigaciones y desarrollo, y asistencia para la transici\u00f3n.<\/p>\n[\/spb_text_block] [\/spb_column] [spb_column width=&#8221;1\/2&#8243; el_position=&#8221;last&#8221;] [spb_text_block pb_margin_bottom=&#8221;no&#8221; pb_border_bottom=&#8221;no&#8221; width=&#8221;1\/1&#8243; el_position=&#8221;first last&#8221;]\n<p><strong><a href=\"https:\/\/www.congress.gov\/bill\/117th-congress\/house-bill\/3039\" target=\"_blank\" rel=\"noopener noreferrer\"><span style=\"text-decoration: underline;\"> MARKET CHOICE Act<\/span><\/a><\/strong><br \/>\n<em>Representantes Fitzpatrick (PA-01), Peters (CA-52), y Carbajal (CA-24)<\/em><\/p>\n[\/spb_text_block] [spb_text_block pb_margin_bottom=&#8221;no&#8221; pb_border_bottom=&#8221;no&#8221; width=&#8221;1\/1&#8243; el_position=&#8221;first last&#8221;]\n<p>Un proyecto de ley para la infraestructura que incluye financiamiento por un precio al carbono modesto.<\/p>\n[\/spb_text_block] [\/spb_column] [\/spb_row] [spb_row wrap_type=&#8221;content-width&#8221; row_bg_type=&#8221;image&#8221; color_row_height=&#8221;content-height&#8221; bg_type=&#8221;cover&#8221; parallax_image_height=&#8221;content-height&#8221; parallax_image_movement=&#8221;fixed&#8221; parallax_image_speed=&#8221;0.5&#8243; parallax_video_height=&#8221;window-height&#8221; parallax_video_overlay=&#8221;none&#8221; row_overlay_opacity=&#8221;0&#8243; row_padding_vertical=&#8221;0&#8243; row_padding_horizontal=&#8221;0&#8243; row_margin_vertical=&#8221;0&#8243; remove_element_spacing=&#8221;no&#8221; inner_column_height=&#8221;col-natural&#8221; row_el_class=&#8221;program-component&#8221; width=&#8221;1\/1&#8243; el_position=&#8221;first last&#8221;] [blank_spacer height=&#8221;35px&#8221; width=&#8221;1\/1&#8243; el_position=&#8221;first last&#8221;] [spb_text_block pb_margin_bottom=&#8221;no&#8221; pb_border_bottom=&#8221;no&#8221; width=&#8221;1\/1&#8243; el_position=&#8221;first last&#8221;]\n<h2 style=\"text-align: center;\"><span style=\"color: #5b7a31;\">El Congreso apoya un precio al carbono porque es r\u00e1pido, eficaz y duradero.<\/span><\/h2>\n[\/spb_text_block] [spb_text_block pb_margin_bottom=&#8221;no&#8221; pb_border_bottom=&#8221;no&#8221; width=&#8221;1\/1&#8243; el_position=&#8221;first last&#8221;]\n<p>El Congreso est\u00e1 prepar\u00e1ndose para tomar acci\u00f3n sobre el cambio clim\u00e1tico. Saben que poner un precio al carbono tiene muchos <a href=\"http:\/\/citizensclimatelobby.org\/es\/precio-al-carbono\">beneficios<\/a>. Adem\u00e1s, un impuesto al carbono es una soluci\u00f3n pol\u00edticamente viable. Los congresistas pueden aprobar esta legislaci\u00f3n sabiendo que se implementar\u00e1 rpa\u00eddamente y sin grandes desaf\u00edos legales.<\/p>\n<p>&nbsp;<\/p>\n[\/spb_text_block] [spb_text_block pb_margin_bottom=&#8221;no&#8221; pb_border_bottom=&#8221;no&#8221; width=&#8221;1\/1&#8243; el_position=&#8221;first last&#8221;]\n<h3>R\u00e1pido<\/h3>\n[\/spb_text_block] [spb_text_block pb_margin_bottom=&#8221;no&#8221; pb_border_bottom=&#8221;no&#8221; width=&#8221;1\/1&#8243; el_position=&#8221;first last&#8221;]\n<p>El Congreso est\u00e1 prepar\u00e1ndose para tomar acci\u00f3n sobre el cambio clim\u00e1tico. Saben que poner un precio al carbono tiene muchos <a href=\"http:\/\/citizensclimatelobby.org\/es\/precio-al-carbono\">beneficios<\/a>. Adem\u00e1s, un impuesto al carbono es una soluci\u00f3n pol\u00edticamente viable. Los congresistas pueden aprobar esta legislaci\u00f3n sabiendo que se implementar\u00e1 rpa\u00eddamente y sin grandes desaf\u00edos legales.<\/p>\n<p>&nbsp;<\/p>\n[\/spb_text_block] [spb_text_block pb_margin_bottom=&#8221;no&#8221; pb_border_bottom=&#8221;no&#8221; width=&#8221;1\/1&#8243; el_position=&#8221;first last&#8221;]\n<h3>Eficaz<\/h3>\n[\/spb_text_block] [spb_text_block pb_margin_bottom=&#8221;no&#8221; pb_border_bottom=&#8221;no&#8221; width=&#8221;1\/1&#8243; el_position=&#8221;first last&#8221;]\n<p>Un impuesto al carbono trabajar\u00eda por toda la econom\u00eda, reduciendo 80% de las emisiones en todos los sectores. Muchas pol\u00edticas se centran solamente en el sector el\u00e9ctrico: lo m\u00e1s f\u00e1cil para descarbonizar pero que solo consiste en un 25% de la contaminaci\u00f3n de carbono en Estados Unidos. Un precio al carbono impulsar\u00e1 reducciones adicionales en los sectores del transporte, los edificios residenciales y comerciales, y la manufactura.<\/p>\n<p>&nbsp;<\/p>\n[\/spb_text_block] [spb_text_block pb_margin_bottom=&#8221;no&#8221; pb_border_bottom=&#8221;no&#8221; width=&#8221;1\/1&#8243; el_position=&#8221;first last&#8221;]\n<h3>Duradero<\/h3>\n[\/spb_text_block] [spb_text_block pb_margin_bottom=&#8221;no&#8221; pb_border_bottom=&#8221;no&#8221; width=&#8221;1\/1&#8243; el_position=&#8221;first last&#8221;]\n<p>El Congreso tiene una clara autoridad constitucional de imponer tributos, por lo que un impuesto al carbono no enfrentar\u00e1 desaf\u00edos legales. Las regulaciones a menudo enfrentan desaf\u00edos judiciales que pueden atarlas por a\u00f1os y anularlas. El Plan de Energ\u00eda Limpia (Clean Power Plan) tard\u00f3 6 a\u00f1os para dise\u00f1arse y desarrollarse, y nunca se implement\u00f3 por completo debido a desaf\u00edos en las tribunales.<\/p>\n<p>&nbsp;<\/p>\n[\/spb_text_block] [spb_text_block pb_margin_bottom=&#8221;no&#8221; pb_border_bottom=&#8221;no&#8221; width=&#8221;1\/1&#8243; el_position=&#8221;first last&#8221;]\n<hr \/>\n<h3>Aprenda m\u00e1s:<\/h3>\n<ul>\n<li><strong><a href=\"https:\/\/citizensclimatelobby.org\/es\/precio-al-carbono\" target=\"_blank\" rel=\"noopener noreferrer\">\u00bfPor qu\u00e9 poner un precio al carbono?<\/a><\/strong><\/li>\n<li><strong><a href=\"https:\/\/citizensclimatelobby.org\/es\/estudios-precios-a-la-contaminacion\/\" target=\"_blank\" rel=\"noopener noreferrer\">Estudios sobre los precios a carbono<\/a><\/strong><\/li>\n<li><strong><a href=\"https:\/\/citizensclimatelobby.org\/es\/estandares-de-electricidad-limpia-vs-impuesto-al-carbono\/\" target=\"_blank\" rel=\"noopener noreferrer\">Blog: \u00bfC\u00f3mo se compara un est\u00e1ndar de electricidad limpia con un impuesto al carbono?<\/a><\/strong><\/li>\n<\/ul>\n[\/spb_text_block] [blank_spacer height=&#8221;35px&#8221; width=&#8221;1\/1&#8243; el_position=&#8221;first last&#8221;] [\/spb_row]\n","protected":false},"excerpt":{"rendered":"<p>[spb_row wrap_type=&#8221;content-width&#8221; row_bg_type=&#8221;image&#8221; color_row_height=&#8221;content-height&#8221; bg_type=&#8221;cover&#8221; parallax_image_height=&#8221;content-height&#8221; parallax_image_movement=&#8221;fixed&#8221; parallax_image_speed=&#8221;0.5&#8243; parallax_video_height=&#8221;window-height&#8221; parallax_video_overlay=&#8221;none&#8221; row_overlay_opacity=&#8221;0&#8243; row_padding_vertical=&#8221;30&#8243; row_padding_horizontal=&#8221;0&#8243; row_margin_vertical=&#8221;0&#8243; remove_element_spacing=&#8221;no&#8221; inner_column_height=&#8221;col-natural&#8221; width=&#8221;1\/1&#8243; el_position=&#8221;first last&#8221;] [spb_text_block pb_margin_bottom=&#8221;no&#8221; pb_border_bottom=&#8221;no&#8221; width=&#8221;1\/1&#8243; el_position=&#8221;first last&#8221;] Proyectos de ley con un precio al carbono [\/spb_text_block] [blank_spacer height=&#8221;20px&#8221; width=&#8221;1\/1&#8243; el_position=&#8221;first last&#8221;] [blank_spacer height=&#8221;20px&#8221; width=&#8221;1\/1&#8243; el_position=&#8221;first last&#8221;] [spb_text_block pb_margin_bottom=&#8221;no&#8221; pb_border_bottom=&#8221;no&#8221; width=&#8221;1\/1&#8243; el_position=&#8221;first last&#8221;] El \u00edmpetu para la acci\u00f3n clim\u00e1tica est\u00e1 acelerando en el [&hellip;]<\/p>\n","protected":false},"author":20,"featured_media":0,"parent":0,"menu_order":8,"comment_status":"closed","ping_status":"closed","template":"","meta":{"footnotes":""},"acf":[],"yoast_head":"<!-- This site is optimized with the Yoast SEO Premium plugin v21.3 (Yoast SEO v21.3) - https:\/\/yoast.com\/wordpress\/plugins\/seo\/ -->\n<title>Proyectos de ley de precios al carbono | Ciudadanos por un Clima Vivible<\/title>\n<meta name=\"description\" content=\"El Congreso apoya la fijaci\u00f3n de un precio al carbono porque es r\u00e1pido y eficaz. Vea aqu\u00ed los proyectos de ley presentados en los Congresos 116o y 117o.\" \/>\n<meta name=\"robots\" content=\"index, follow, max-snippet:-1, max-image-preview:large, max-video-preview:-1\" \/>\n<link rel=\"canonical\" href=\"https:\/\/citizensclimatelobby.org\/es\/precios-al-carbono-en-el-congreso\/\" \/>\n<meta property=\"og:locale\" content=\"es_ES\" \/>\n<meta property=\"og:type\" content=\"article\" \/>\n<meta property=\"og:title\" content=\"Carbon Pricing Bills in Congress\" \/>\n<meta property=\"og:description\" content=\"Momentum is building for a price on carbon in Congress. See bills introduced between 2019 and 2021.\" \/>\n<meta property=\"og:url\" content=\"https:\/\/citizensclimatelobby.org\/es\/precios-al-carbono-en-el-congreso\/\" \/>\n<meta property=\"og:site_name\" content=\"Citizens&#039; Climate Lobby\" \/>\n<meta property=\"article:publisher\" content=\"https:\/\/www.facebook.com\/CitizensClimateLobby\/\" \/>\n<meta property=\"article:modified_time\" content=\"2021-11-02T03:34:07+00:00\" \/>\n<meta property=\"og:image\" content=\"https:\/\/citizensclimatelobby.org\/wp-content\/uploads\/2018\/06\/1200x630-Congress-A_v02.jpg\" \/>\n\t<meta property=\"og:image:width\" content=\"1200\" \/>\n\t<meta property=\"og:image:height\" content=\"630\" \/>\n\t<meta property=\"og:image:type\" content=\"image\/jpeg\" \/>\n<meta name=\"twitter:card\" content=\"summary_large_image\" \/>\n<meta name=\"twitter:title\" content=\"Carbon Pricing Bills in Congress\" \/>\n<meta name=\"twitter:description\" content=\"Momentum is building for a price on carbon in Congress. See bills introduced between 2019 and 2021.\" \/>\n<meta name=\"twitter:site\" content=\"@citizensclimate\" \/>\n<script type=\"application\/ld+json\" class=\"yoast-schema-graph\">{\"@context\":\"https:\/\/schema.org\",\"@graph\":[{\"@type\":\"WebPage\",\"@id\":\"https:\/\/citizensclimatelobby.org\/es\/precios-al-carbono-en-el-congreso\/\",\"url\":\"https:\/\/citizensclimatelobby.org\/es\/precios-al-carbono-en-el-congreso\/\",\"name\":\"Proyectos de ley de precios al carbono | Ciudadanos por un Clima Vivible\",\"isPartOf\":{\"@id\":\"https:\/\/citizensclimatelobby.org\/#website\"},\"datePublished\":\"2021-03-31T23:07:44+00:00\",\"dateModified\":\"2021-11-02T03:34:07+00:00\",\"description\":\"El Congreso apoya la fijaci\u00f3n de un precio al carbono porque es r\u00e1pido y eficaz. Vea aqu\u00ed los proyectos de ley presentados en los Congresos 116o y 117o.\",\"breadcrumb\":{\"@id\":\"https:\/\/citizensclimatelobby.org\/es\/precios-al-carbono-en-el-congreso\/#breadcrumb\"},\"inLanguage\":\"es-ES\",\"potentialAction\":[{\"@type\":\"ReadAction\",\"target\":[\"https:\/\/citizensclimatelobby.org\/es\/precios-al-carbono-en-el-congreso\/\"]}]},{\"@type\":\"BreadcrumbList\",\"@id\":\"https:\/\/citizensclimatelobby.org\/es\/precios-al-carbono-en-el-congreso\/#breadcrumb\",\"itemListElement\":[{\"@type\":\"ListItem\",\"position\":1,\"name\":\"Home\",\"item\":\"https:\/\/citizensclimatelobby.org\/es\/\"},{\"@type\":\"ListItem\",\"position\":2,\"name\":\"Precios al carbono en el Congreso\"}]},{\"@type\":\"WebSite\",\"@id\":\"https:\/\/citizensclimatelobby.org\/#website\",\"url\":\"https:\/\/citizensclimatelobby.org\/\",\"name\":\"Citizens&#039; Climate Lobby\",\"description\":\"Political will for a livable world\",\"publisher\":{\"@id\":\"https:\/\/citizensclimatelobby.org\/#organization\"},\"potentialAction\":[{\"@type\":\"SearchAction\",\"target\":{\"@type\":\"EntryPoint\",\"urlTemplate\":\"https:\/\/citizensclimatelobby.org\/?s={search_term_string}\"},\"query-input\":\"required name=search_term_string\"}],\"inLanguage\":\"es-ES\"},{\"@type\":\"Organization\",\"@id\":\"https:\/\/citizensclimatelobby.org\/#organization\",\"name\":\"Citizens' Climate Lobby\",\"url\":\"https:\/\/citizensclimatelobby.org\/\",\"logo\":{\"@type\":\"ImageObject\",\"inLanguage\":\"es-ES\",\"@id\":\"https:\/\/citizensclimatelobby.org\/#\/schema\/logo\/image\/\",\"url\":\"https:\/\/citizensclimatelobby.org\/wp-content\/uploads\/2017\/04\/CCL-Logo.png\",\"contentUrl\":\"https:\/\/citizensclimatelobby.org\/wp-content\/uploads\/2017\/04\/CCL-Logo.png\",\"width\":314,\"height\":201,\"caption\":\"Citizens' Climate Lobby\"},\"image\":{\"@id\":\"https:\/\/citizensclimatelobby.org\/#\/schema\/logo\/image\/\"},\"sameAs\":[\"https:\/\/www.facebook.com\/CitizensClimateLobby\/\",\"https:\/\/twitter.com\/citizensclimate\",\"https:\/\/www.instagram.com\/citizensclimate\/\",\"https:\/\/www.linkedin.com\/company\/citizens-climate-lobby\/\",\"https:\/\/www.youtube.com\/c\/CitizensClimateLobby\",\"https:\/\/en.wikipedia.org\/wiki\/Citizens_Climate_Lobby\"]}]}<\/script>\n<!-- \/ Yoast SEO Premium plugin. -->","yoast_head_json":{"title":"Proyectos de ley de precios al carbono | Ciudadanos por un Clima Vivible","description":"El Congreso apoya la fijaci\u00f3n de un precio al carbono porque es r\u00e1pido y eficaz. Vea aqu\u00ed los proyectos de ley presentados en los Congresos 116o y 117o.","robots":{"index":"index","follow":"follow","max-snippet":"max-snippet:-1","max-image-preview":"max-image-preview:large","max-video-preview":"max-video-preview:-1"},"canonical":"https:\/\/citizensclimatelobby.org\/es\/precios-al-carbono-en-el-congreso\/","og_locale":"es_ES","og_type":"article","og_title":"Carbon Pricing Bills in Congress","og_description":"Momentum is building for a price on carbon in Congress. See bills introduced between 2019 and 2021.","og_url":"https:\/\/citizensclimatelobby.org\/es\/precios-al-carbono-en-el-congreso\/","og_site_name":"Citizens&#039; Climate Lobby","article_publisher":"https:\/\/www.facebook.com\/CitizensClimateLobby\/","article_modified_time":"2021-11-02T03:34:07+00:00","og_image":[{"width":1200,"height":630,"url":"https:\/\/citizensclimatelobby.org\/wp-content\/uploads\/2018\/06\/1200x630-Congress-A_v02.jpg","type":"image\/jpeg"}],"twitter_card":"summary_large_image","twitter_title":"Carbon Pricing Bills in Congress","twitter_description":"Momentum is building for a price on carbon in Congress. See bills introduced between 2019 and 2021.","twitter_site":"@citizensclimate","schema":{"@context":"https:\/\/schema.org","@graph":[{"@type":"WebPage","@id":"https:\/\/citizensclimatelobby.org\/es\/precios-al-carbono-en-el-congreso\/","url":"https:\/\/citizensclimatelobby.org\/es\/precios-al-carbono-en-el-congreso\/","name":"Proyectos de ley de precios al carbono | Ciudadanos por un Clima Vivible","isPartOf":{"@id":"https:\/\/citizensclimatelobby.org\/#website"},"datePublished":"2021-03-31T23:07:44+00:00","dateModified":"2021-11-02T03:34:07+00:00","description":"El Congreso apoya la fijaci\u00f3n de un precio al carbono porque es r\u00e1pido y eficaz. Vea aqu\u00ed los proyectos de ley presentados en los Congresos 116o y 117o.","breadcrumb":{"@id":"https:\/\/citizensclimatelobby.org\/es\/precios-al-carbono-en-el-congreso\/#breadcrumb"},"inLanguage":"es-ES","potentialAction":[{"@type":"ReadAction","target":["https:\/\/citizensclimatelobby.org\/es\/precios-al-carbono-en-el-congreso\/"]}]},{"@type":"BreadcrumbList","@id":"https:\/\/citizensclimatelobby.org\/es\/precios-al-carbono-en-el-congreso\/#breadcrumb","itemListElement":[{"@type":"ListItem","position":1,"name":"Home","item":"https:\/\/citizensclimatelobby.org\/es\/"},{"@type":"ListItem","position":2,"name":"Precios al carbono en el Congreso"}]},{"@type":"WebSite","@id":"https:\/\/citizensclimatelobby.org\/#website","url":"https:\/\/citizensclimatelobby.org\/","name":"Citizens&#039; Climate Lobby","description":"Political will for a livable world","publisher":{"@id":"https:\/\/citizensclimatelobby.org\/#organization"},"potentialAction":[{"@type":"SearchAction","target":{"@type":"EntryPoint","urlTemplate":"https:\/\/citizensclimatelobby.org\/?s={search_term_string}"},"query-input":"required name=search_term_string"}],"inLanguage":"es-ES"},{"@type":"Organization","@id":"https:\/\/citizensclimatelobby.org\/#organization","name":"Citizens' Climate Lobby","url":"https:\/\/citizensclimatelobby.org\/","logo":{"@type":"ImageObject","inLanguage":"es-ES","@id":"https:\/\/citizensclimatelobby.org\/#\/schema\/logo\/image\/","url":"https:\/\/citizensclimatelobby.org\/wp-content\/uploads\/2017\/04\/CCL-Logo.png","contentUrl":"https:\/\/citizensclimatelobby.org\/wp-content\/uploads\/2017\/04\/CCL-Logo.png","width":314,"height":201,"caption":"Citizens' Climate Lobby"},"image":{"@id":"https:\/\/citizensclimatelobby.org\/#\/schema\/logo\/image\/"},"sameAs":["https:\/\/www.facebook.com\/CitizensClimateLobby\/","https:\/\/twitter.com\/citizensclimate","https:\/\/www.instagram.com\/citizensclimate\/","https:\/\/www.linkedin.com\/company\/citizens-climate-lobby\/","https:\/\/www.youtube.com\/c\/CitizensClimateLobby","https:\/\/en.wikipedia.org\/wiki\/Citizens_Climate_Lobby"]}]}},"_links":{"self":[{"href":"https:\/\/citizensclimatelobby.org\/es\/wp-json\/wp\/v2\/pages\/38988"}],"collection":[{"href":"https:\/\/citizensclimatelobby.org\/es\/wp-json\/wp\/v2\/pages"}],"about":[{"href":"https:\/\/citizensclimatelobby.org\/es\/wp-json\/wp\/v2\/types\/page"}],"author":[{"embeddable":true,"href":"https:\/\/citizensclimatelobby.org\/es\/wp-json\/wp\/v2\/users\/20"}],"replies":[{"embeddable":true,"href":"https:\/\/citizensclimatelobby.org\/es\/wp-json\/wp\/v2\/comments?post=38988"}],"version-history":[{"count":0,"href":"https:\/\/citizensclimatelobby.org\/es\/wp-json\/wp\/v2\/pages\/38988\/revisions"}],"wp:attachment":[{"href":"https:\/\/citizensclimatelobby.org\/es\/wp-json\/wp\/v2\/media?parent=38988"}],"curies":[{"name":"wp","href":"https:\/\/api.w.org\/{rel}","templated":true}]}}