{"id":41104,"date":"2021-07-16T16:44:29","date_gmt":"2021-07-16T16:44:29","guid":{"rendered":"https:\/\/stageccl.wpengine.com\/senate\/"},"modified":"2022-03-04T22:07:21","modified_gmt":"2022-03-04T22:07:21","slug":"senado","status":"publish","type":"page","link":"https:\/\/citizensclimatelobby.org\/es\/senado\/","title":{"rendered":"P\u00eddale una renta clim\u00e1tica a su Senador"},"content":{"rendered":"[spb_row wrap_type=&#8221;content-width&#8221; row_bg_type=&#8221;image&#8221; color_row_height=&#8221;content-height&#8221; bg_type=&#8221;cover&#8221; parallax_image_height=&#8221;content-height&#8221; parallax_image_movement=&#8221;fixed&#8221; parallax_image_speed=&#8221;0.5&#8243; parallax_video_height=&#8221;window-height&#8221; parallax_video_overlay=&#8221;none&#8221; row_overlay_opacity=&#8221;0&#8243; row_padding_vertical=&#8221;0&#8243; row_padding_horizontal=&#8221;0&#8243; row_margin_vertical=&#8221;0&#8243; remove_element_spacing=&#8221;no&#8221; inner_column_height=&#8221;col-natural&#8221; width=&#8221;1\/1&#8243; el_position=&#8221;first last&#8221;] [spb_text_block pb_margin_bottom=&#8221;no&#8221; pb_border_bottom=&#8221;no&#8221; el_class=&#8221;section-header&#8221; width=&#8221;1\/1&#8243; el_position=&#8221;first last&#8221;]\n<h1 style=\"text-align: center; padding: 40px 0px 0px 0px;\">D\u00edgales a los Senadores\u00a0que <span class=\"blue-bkg\">se mantengan firmes ante el cambio clim\u00e1tico.<\/span><\/h1>\n<h1 style=\"text-align: center; padding: 0px;\">Deben aprobar pol\u00edticas clim\u00e1ticas en 2022.<\/h1>\n[\/spb_text_block] [\/spb_row] [spb_row wrap_type=&#8221;content-width&#8221; row_bg_type=&#8221;image&#8221; color_row_height=&#8221;content-height&#8221; bg_type=&#8221;cover&#8221; parallax_image_height=&#8221;content-height&#8221; parallax_image_movement=&#8221;fixed&#8221; parallax_image_speed=&#8221;0.5&#8243; parallax_video_height=&#8221;window-height&#8221; parallax_video_overlay=&#8221;none&#8221; row_overlay_opacity=&#8221;0&#8243; row_padding_vertical=&#8221;0&#8243; row_padding_horizontal=&#8221;0&#8243; row_margin_vertical=&#8221;0&#8243; remove_element_spacing=&#8221;no&#8221; inner_column_height=&#8221;col-natural&#8221; row_el_class=&#8221;widget-row&#8221; width=&#8221;1\/1&#8243; el_position=&#8221;first last&#8221;] [blank_spacer height=&#8221;30px&#8221; width=&#8221;1\/1&#8243; el_position=&#8221;first last&#8221;] [spb_column width=&#8221;1\/2&#8243; el_position=&#8221;first&#8221;] [spb_text_block pb_margin_bottom=&#8221;no&#8221; pb_border_bottom=&#8221;no&#8221; el_class=&#8221;conference-header-2&#8243; width=&#8221;1\/1&#8243; el_position=&#8221;first last&#8221;]\n<p>En 2021, el Senado no alcanz\u00f3 la aprobaci\u00f3n de pol\u00edticas clim\u00e1ticas y energ\u00e9ticas. Ahora, est\u00e1n contempl\u00e1ndolo de nuevo. Nuestras llamadas y correos de todo el pa\u00eds ayudaron a hacer que el clima fuera una prioridad principal en el paquete de conciliaci\u00f3n presupuestaria. Mantengamos la presi\u00f3n para que se quede ah\u00ed.<\/p>\n<section class=\"container\">\n<div class=\"row\"><\/div>\n<\/section>\n[\/spb_text_block] [blank_spacer height=&#8221;30px&#8221; width=&#8221;1\/1&#8243; el_position=&#8221;first last&#8221;] [spb_text_block pb_margin_bottom=&#8221;no&#8221; pb_border_bottom=&#8221;no&#8221; el_class=&#8221;conference-header-2&#8243; width=&#8221;1\/1&#8243; el_position=&#8221;first last&#8221;]\n<h2 style=\"text-align: left;\">\u00bfQu\u00e9 deber\u00eda pedir cuando escribo o llamo?<\/h2>\n[\/spb_text_block] [spb_text_block pb_margin_bottom=&#8221;no&#8221; pb_border_bottom=&#8221;no&#8221; el_class=&#8221;conference-header-3 subheader-paragraph&#8221; width=&#8221;1\/1&#8243; el_position=&#8221;first last&#8221;]\n<p>Pida a sus Senadores dem\u00f3cratas que promulguen las pol\u00edticas clim\u00e1ticas que el pa\u00eds necesita para reducir la contaminaci\u00f3n de carbono por la mitad antes del 2030, y que incluyan una renta clim\u00e1tica.<\/p>\n<p>&nbsp;<\/p>\n<p>Solamente los Senadores dem\u00f3cratas est\u00e1n participando en la conversaci\u00f3n sobre la concilaci\u00f3n presupuestaria. Si usted tiene Senadores republicanos, su mensaje les pedir\u00e1 apoyar pol\u00edticas para reducir la contaminaci\u00f3n de carbono y proteger a los bosques.<\/p>\n[\/spb_text_block] [\/spb_column] [spb_raw_html width=&#8221;1\/2&#8243; el_position=&#8221;last&#8221;]JTNDJTIxLS0lMjBQbHVnaW4lMjBCRUdJTiUyMC0tJTNFJTBBJTNDc2NyaXB0JTIwbGFuZ3VhZ2UlM0QlMjJqYXZhc2NyaXB0JTIyJTIwc3JjJTNEJTIyJTJGJTJGd3d3LmNvbmdyZXNzd2ViLmNvbSUyRmN3ZWIlMkZqcyUyRmpxdWVyeS5jb25ncmVzc3dlYi5pZnJhbWUuanMlMjIlM0UlM0MlMkZzY3JpcHQlM0UlMEElM0NzY3JpcHQlMjBsYW5ndWFnZSUzRCUyMmphdmFzY3JpcHQlMjIlM0UlMjRjd2ViJTI4ZnVuY3Rpb24lMjglMjklN0IlMjAlMjRjd2ViJTI4JTI3JTIzY29uZ3Jlc3N3ZWItd2Vic3RpY2tlci00NSUyNyUyOS5jb25ncmVzc3dlYiUyOCU3QiUyMHVybCUyMCUzQSUyMCUyNyUyRiUyRnd3dy5jb25ncmVzc3dlYi5jb20lMkZDQ0wlMkZUYWtlQWN0aW9uJTJGb25lQWN0aW9uJTJGbGV0dGVyZ3JvdXBpZCUyRjQ1JTI3JTJDJTIwcmVzcG9uc2l2ZSUwOSUzQSUyMHRydWUlMkMlMjBpc1dlYnN0aWNrZXIlMjAlM0ElMjB0cnVlJTIwJTdEJTI5JTNCJTIwJTdEJTI5JTNCJTNDJTJGc2NyaXB0JTNFJTBBJTNDZGl2JTIwaWQlM0QlMjJjb25ncmVzc3dlYi13ZWJzdGlja2VyLTQ1JTIyJTIwc3R5bGUlM0QlMjJib3gtc2hhZG93JTNBJTIwMCUyMDAlMjAycHglMjAycHglMjAlMjNkZGQlM0IlMjBtYXgtd2lkdGglM0ElMjA1MDBweCUyMiUzRSUzQyUyRmRpdiUzRSUwQSUzQyUyMS0tJTIwUGx1Z2luJTIwRU5EJTIwLS0lM0U=[\/spb_raw_html] [\/spb_row] [spb_row wrap_type=&#8221;content-width&#8221; row_bg_type=&#8221;image&#8221; color_row_height=&#8221;content-height&#8221; bg_type=&#8221;cover&#8221; parallax_image_height=&#8221;content-height&#8221; parallax_image_movement=&#8221;fixed&#8221; parallax_image_speed=&#8221;0.5&#8243; parallax_video_height=&#8221;window-height&#8221; parallax_video_overlay=&#8221;none&#8221; row_overlay_opacity=&#8221;0&#8243; row_padding_vertical=&#8221;0&#8243; row_padding_horizontal=&#8221;0&#8243; row_margin_vertical=&#8221;0&#8243; remove_element_spacing=&#8221;no&#8221; inner_column_height=&#8221;col-natural&#8221; width=&#8221;1\/1&#8243; el_position=&#8221;first last&#8221;] [blank_spacer height=&#8221;60px&#8221; width=&#8221;1\/1&#8243; el_position=&#8221;first last&#8221;] [spb_text_block pb_margin_bottom=&#8221;no&#8221; pb_border_bottom=&#8221;no&#8221; el_class=&#8221;conference-header-2&#8243; width=&#8221;1\/1&#8243; el_position=&#8221;first last&#8221;]\n<h2 style=\"text-align: center;\">Otras formas de ayudar<\/h2>\n[\/spb_text_block] [spb_text_block pb_margin_bottom=&#8221;no&#8221; pb_border_bottom=&#8221;no&#8221; width=&#8221;1\/2&#8243; el_position=&#8221;first&#8221;]\n<h2>Una vez que haya enviado su correo, anime a otros a actuar.<\/h2>\n<p>Usted solo necesita escribir una vez. Comparta esta p\u00e1gina web (<a href=\"http:\/\/cclusa.org\/senado\"><strong>cclusa.org\/senado<\/strong><\/a>) con amigos, familiares y compa\u00f1eros de trabajo preocupados por el clima. <strong>ESTA ES NUESTRA MEJOR OPORTUNIDAD PARA UNA ACCI\u00d3N CLIM\u00c1TICA SIGNIFICATIVA EN 2022.\u00a0<\/strong><\/p>\n[\/spb_text_block] [spb_text_block pb_margin_bottom=&#8221;no&#8221; pb_border_bottom=&#8221;no&#8221; width=&#8221;1\/2&#8243; el_position=&#8221;last&#8221;]\n<h2>Enviar un correo a la Casa Blanca<\/h2>\n<p>\u00a1Hay m\u00e1s que puede hacer! Los detalles est\u00e1n en la p\u00e1gina <a href=\"http:\/\/cclusa.org\/haga-ruido\">cclusa.org\/haga-ruido<\/a>.<\/p>\n[\/spb_text_block] [blank_spacer height=&#8221;35px&#8221; width=&#8221;1\/1&#8243; el_position=&#8221;first last&#8221;] [spb_text_block pb_margin_bottom=&#8221;no&#8221; pb_border_bottom=&#8221;no&#8221; width=&#8221;1\/1&#8243; el_position=&#8221;first last&#8221;]\n\n[\/spb_text_block] [blank_spacer height=&#8221;35px&#8221; width=&#8221;1\/1&#8243; el_position=&#8221;first last&#8221;] [\/spb_row] [blank_spacer height=&#8221;35px&#8221; width=&#8221;1\/1&#8243; el_position=&#8221;first last&#8221;] [spb_row wrap_type=&#8221;content-width&#8221; row_bg_type=&#8221;image&#8221; color_row_height=&#8221;content-height&#8221; bg_type=&#8221;cover&#8221; parallax_image_height=&#8221;content-height&#8221; parallax_image_movement=&#8221;fixed&#8221; parallax_image_speed=&#8221;0.5&#8243; parallax_video_height=&#8221;window-height&#8221; parallax_video_overlay=&#8221;none&#8221; row_overlay_opacity=&#8221;0&#8243; row_padding_vertical=&#8221;0&#8243; row_padding_horizontal=&#8221;0&#8243; row_margin_vertical=&#8221;0&#8243; remove_element_spacing=&#8221;no&#8221; inner_column_height=&#8221;col-natural&#8221; row_el_class=&#8221;program-component&#8221; width=&#8221;1\/1&#8243; el_position=&#8221;first last&#8221;] [blank_spacer height=&#8221;35px&#8221; spacer_id=&#8221;faq&#8221; width=&#8221;1\/1&#8243; el_position=&#8221;first last&#8221;] [spb_text_block pb_margin_bottom=&#8221;no&#8221; pb_border_bottom=&#8221;no&#8221; el_class=&#8221;conference-header-2&#8243; width=&#8221;1\/1&#8243; el_position=&#8221;first last&#8221;]\n<h2 id=\"pregfrec\" style=\"text-align: center;\">Preguntas frecuentes<\/h2>\n[\/spb_text_block] [spb_text_block pb_margin_bottom=&#8221;no&#8221; pb_border_bottom=&#8221;no&#8221; el_class=&#8221;conference-header-3 subheader-paragraph&#8221; width=&#8221;1\/1&#8243; el_position=&#8221;first last&#8221;]\n<h3>\u00bfPor qu\u00e9 este momento es tan importante?<\/h3>\n<p><span style=\"font-weight: 400;\">Senadores dem\u00f3cratas est\u00e1n listos para terminar su trabajo en la conciliaci\u00f3n presupuestaria para que pueda entrar en vigor. Como el 2022 es un a\u00f1o de elecciones, es aun m\u00e1s importante que terminen temprano.<br \/>\n<\/span><\/p>\n<p>&nbsp;<\/p>\n<h3>\u00bfPor qu\u00e9 necesitamos estipulaciones clim\u00e1ticas en la conciliaci\u00f3n presupuestaria?<\/h3>\n<div class=\"_2F-n_tCo\"><span class=\"_1KLLZbXF _2LS7s-8u\">Estadounidenses est\u00e1n cada vez m\u00e1s preocupados por el cambio clim\u00e1tico. <a href=\"https:\/\/climatecommunication.yale.edu\/publications\/climate-change-in-the-american-mind-september-2021\/\">Investigaciones recientes<\/a>\u00a0<\/span><span class=\"_1KLLZbXF _2LS7s-8u\">muestran que case dos tercios de estadounidenses creen que eventos meteorol\u00f3gicos extremos arriesgarr\u00e1n a sus comunidades durante los pr\u00f3ximos 10 a\u00f1os. Adicionalmente, se preocupan que los apagones de electricidad amenazan la capacidad de nuestras comunidades a resistir los eventos meteorol\u00f3gicos extremos.\u00a0<\/span><\/div>\n<div><\/div>\n<div>Los hidrocarburos siempre han sido sujetos a subidas repentinas de precio. Adem\u00e1s, eventos meteorol\u00f3gicos extremos interrumpen su producci\u00f3n, lo que los hace cada vez menos confiables como fuentes de energ\u00eda. El proyecto de ley Reconstruir Mejor incluye cr\u00e9ditos fiscales y otras medidas que acelerar\u00e1 la transici\u00f3n a energ\u00eda limpia y hacerla asequible para la gente.<\/div>\n<h3><\/h3>\n<h3>\u00bfIncluye la conciliaci\u00f3n presupuestaria un precio al carbono?<\/h3>\n<p>La versi\u00f3n de la conciliaci\u00f3n presupuestaria de la C\u00e1mara de Representantes no incluye un precio al carbono, pero en el Senado todav\u00eda est\u00e1n debati\u00e9ndolo. Apoyamos fuertemente la inclusi\u00f3n de un precio al carbono para cumplir con el objetivo de reducir las emisiones de Estados Unidos por un 50% antes del 2030.\u00a0 Aqu\u00ed puede ver m\u00e1s sobre <a href=\"http:\/\/itizensclimatelobby.org\/es\/precio-al-carbono\/\">por qu\u00e9 poner un precio al carbono<\/a>.<\/p>\n<h3><\/h3>\n<h3>\u00bfEs la conciliaci\u00f3n presupuestaria lo mismo que Reconstruir Mejor?<\/h3>\n<p><span class=\"_1KLLZbXF _2LS7s-8u\">La conciliaci\u00f3n presupuestaria es un proceso en el que se pueden hacer ajustes en los gastos y los ingresos con 51 votos del Senado en lugar de los 60 votos completos. Las reglas de lo que se puede incluir en una conciliaci\u00f3n presupuestaria son estrictas y est\u00e1n gobernadas por un parlamentario no partidista del Senado. Reconstruir Mejor es el nombre del proyecto de ley que la C\u00e1mara de Representantes aprob\u00f3 a trav\u00e9s de la conciliaci\u00f3n presupuestaria. Incluye estipulaciones clim\u00e1ticas y otras legislaciones. Este proyecto de ley ser\u00e1 renegociado y llamado por otro nombre en el Senado.<\/span><\/p>\n[\/spb_text_block] [blank_spacer height=&#8221;35px&#8221; width=&#8221;1\/1&#8243; el_position=&#8221;first last&#8221;] [\/spb_row]\n","protected":false},"excerpt":{"rendered":"<p>[spb_row wrap_type=&#8221;content-width&#8221; row_bg_type=&#8221;image&#8221; color_row_height=&#8221;content-height&#8221; bg_type=&#8221;cover&#8221; parallax_image_height=&#8221;content-height&#8221; parallax_image_movement=&#8221;fixed&#8221; parallax_image_speed=&#8221;0.5&#8243; parallax_video_height=&#8221;window-height&#8221; parallax_video_overlay=&#8221;none&#8221; row_overlay_opacity=&#8221;0&#8243; row_padding_vertical=&#8221;0&#8243; row_padding_horizontal=&#8221;0&#8243; row_margin_vertical=&#8221;0&#8243; remove_element_spacing=&#8221;no&#8221; inner_column_height=&#8221;col-natural&#8221; width=&#8221;1\/1&#8243; el_position=&#8221;first last&#8221;] [spb_text_block pb_margin_bottom=&#8221;no&#8221; pb_border_bottom=&#8221;no&#8221; el_class=&#8221;section-header&#8221; width=&#8221;1\/1&#8243; el_position=&#8221;first last&#8221;] D\u00edgales a los Senadores\u00a0que se mantengan firmes ante el cambio clim\u00e1tico. Deben aprobar pol\u00edticas clim\u00e1ticas en 2022. [\/spb_text_block] [\/spb_row] [spb_row wrap_type=&#8221;content-width&#8221; row_bg_type=&#8221;image&#8221; color_row_height=&#8221;content-height&#8221; bg_type=&#8221;cover&#8221; parallax_image_height=&#8221;content-height&#8221; parallax_image_movement=&#8221;fixed&#8221; parallax_image_speed=&#8221;0.5&#8243; parallax_video_height=&#8221;window-height&#8221; parallax_video_overlay=&#8221;none&#8221; row_overlay_opacity=&#8221;0&#8243; row_padding_vertical=&#8221;0&#8243; row_padding_horizontal=&#8221;0&#8243; row_margin_vertical=&#8221;0&#8243; remove_element_spacing=&#8221;no&#8221; [&hellip;]<\/p>\n","protected":false},"author":105,"featured_media":46085,"parent":0,"menu_order":8,"comment_status":"closed","ping_status":"closed","template":"","meta":{"footnotes":""},"acf":[],"yoast_head":"<!-- This site is optimized with the Yoast SEO Premium plugin v21.3 (Yoast SEO v21.3) - https:\/\/yoast.com\/wordpress\/plugins\/seo\/ -->\n<title>D\u00edgales a sus Senadores que necesitamos legislaci\u00f3n clim\u00e1tica en 2022<\/title>\n<meta name=\"description\" content=\"El Senado no lleg\u00f3 a la meta en 2021. Env\u00edeles un correo para recordarles incluir medidas clim\u00e1ticas en la conciliaci\u00f3n presupuestaria.\" \/>\n<meta name=\"robots\" content=\"index, follow, max-snippet:-1, max-image-preview:large, max-video-preview:-1\" \/>\n<link rel=\"canonical\" href=\"https:\/\/citizensclimatelobby.org\/es\/senado\/\" \/>\n<meta property=\"og:locale\" content=\"es_ES\" \/>\n<meta property=\"og:type\" content=\"article\" \/>\n<meta property=\"og:title\" content=\"D\u00edgales a sus Senadores que necesitamos legislaci\u00f3n clim\u00e1tica en 2022\" \/>\n<meta property=\"og:description\" content=\"El Senado no lleg\u00f3 a la meta en 2021. Env\u00edeles un correo para recordarles incluir medidas clim\u00e1ticas en la conciliaci\u00f3n presupuestaria.\" \/>\n<meta property=\"og:url\" content=\"https:\/\/citizensclimatelobby.org\/es\/senado\/\" \/>\n<meta property=\"og:site_name\" content=\"Citizens&#039; Climate Lobby\" \/>\n<meta property=\"article:publisher\" content=\"https:\/\/www.facebook.com\/CitizensClimateLobby\/\" \/>\n<meta property=\"article:modified_time\" content=\"2022-03-04T22:07:21+00:00\" \/>\n<meta property=\"og:image\" content=\"https:\/\/citizensclimatelobby.org\/wp-content\/uploads\/2022\/03\/1200x630-Facebook-Senate-Priority-Spanish.png\" \/>\n\t<meta property=\"og:image:width\" content=\"1081\" \/>\n\t<meta property=\"og:image:height\" content=\"556\" \/>\n\t<meta property=\"og:image:type\" content=\"image\/png\" \/>\n<meta name=\"twitter:card\" content=\"summary_large_image\" \/>\n<meta name=\"twitter:title\" content=\"D\u00edgales a sus Senadores que necesitamos legislaci\u00f3n clim\u00e1tica en 2022\" \/>\n<meta name=\"twitter:description\" content=\"El Senado no lleg\u00f3 a la meta en 2021. Env\u00edeles un correo para recordarles incluir medidas clim\u00e1ticas en la conciliaci\u00f3n presupuestaria.\" \/>\n<meta name=\"twitter:image\" content=\"https:\/\/citizensclimatelobby.org\/wp-content\/uploads\/2022\/03\/1200x630-Facebook-Senate-Priority-Spanish.png\" \/>\n<meta name=\"twitter:site\" content=\"@citizensclimate\" \/>\n<meta name=\"twitter:label1\" content=\"Tiempo de lectura\" \/>\n\t<meta name=\"twitter:data1\" content=\"4 minutes\" \/>\n<script type=\"application\/ld+json\" class=\"yoast-schema-graph\">{\"@context\":\"https:\/\/schema.org\",\"@graph\":[{\"@type\":\"WebPage\",\"@id\":\"https:\/\/citizensclimatelobby.org\/es\/senado\/\",\"url\":\"https:\/\/citizensclimatelobby.org\/es\/senado\/\",\"name\":\"D\u00edgales a sus Senadores que necesitamos legislaci\u00f3n clim\u00e1tica en 2022\",\"isPartOf\":{\"@id\":\"https:\/\/citizensclimatelobby.org\/#website\"},\"datePublished\":\"2021-07-16T16:44:29+00:00\",\"dateModified\":\"2022-03-04T22:07:21+00:00\",\"description\":\"El Senado no lleg\u00f3 a la meta en 2021. Env\u00edeles un correo para recordarles incluir medidas clim\u00e1ticas en la conciliaci\u00f3n presupuestaria.\",\"breadcrumb\":{\"@id\":\"https:\/\/citizensclimatelobby.org\/es\/senado\/#breadcrumb\"},\"inLanguage\":\"es-ES\",\"potentialAction\":[{\"@type\":\"ReadAction\",\"target\":[\"https:\/\/citizensclimatelobby.org\/es\/senado\/\"]}]},{\"@type\":\"BreadcrumbList\",\"@id\":\"https:\/\/citizensclimatelobby.org\/es\/senado\/#breadcrumb\",\"itemListElement\":[{\"@type\":\"ListItem\",\"position\":1,\"name\":\"Home\",\"item\":\"https:\/\/citizensclimatelobby.org\/es\/\"},{\"@type\":\"ListItem\",\"position\":2,\"name\":\"P\u00eddale una renta clim\u00e1tica a su Senador\"}]},{\"@type\":\"WebSite\",\"@id\":\"https:\/\/citizensclimatelobby.org\/#website\",\"url\":\"https:\/\/citizensclimatelobby.org\/\",\"name\":\"Citizens&#039; Climate Lobby\",\"description\":\"Political will for a livable world\",\"publisher\":{\"@id\":\"https:\/\/citizensclimatelobby.org\/#organization\"},\"potentialAction\":[{\"@type\":\"SearchAction\",\"target\":{\"@type\":\"EntryPoint\",\"urlTemplate\":\"https:\/\/citizensclimatelobby.org\/?s={search_term_string}\"},\"query-input\":\"required name=search_term_string\"}],\"inLanguage\":\"es-ES\"},{\"@type\":\"Organization\",\"@id\":\"https:\/\/citizensclimatelobby.org\/#organization\",\"name\":\"Citizens' Climate Lobby\",\"url\":\"https:\/\/citizensclimatelobby.org\/\",\"logo\":{\"@type\":\"ImageObject\",\"inLanguage\":\"es-ES\",\"@id\":\"https:\/\/citizensclimatelobby.org\/#\/schema\/logo\/image\/\",\"url\":\"https:\/\/citizensclimatelobby.org\/wp-content\/uploads\/2017\/04\/CCL-Logo.png\",\"contentUrl\":\"https:\/\/citizensclimatelobby.org\/wp-content\/uploads\/2017\/04\/CCL-Logo.png\",\"width\":314,\"height\":201,\"caption\":\"Citizens' Climate Lobby\"},\"image\":{\"@id\":\"https:\/\/citizensclimatelobby.org\/#\/schema\/logo\/image\/\"},\"sameAs\":[\"https:\/\/www.facebook.com\/CitizensClimateLobby\/\",\"https:\/\/twitter.com\/citizensclimate\",\"https:\/\/www.instagram.com\/citizensclimate\/\",\"https:\/\/www.linkedin.com\/company\/citizens-climate-lobby\/\",\"https:\/\/www.youtube.com\/c\/CitizensClimateLobby\",\"https:\/\/en.wikipedia.org\/wiki\/Citizens_Climate_Lobby\"]}]}<\/script>\n<!-- \/ Yoast SEO Premium plugin. -->","yoast_head_json":{"title":"D\u00edgales a sus Senadores que necesitamos legislaci\u00f3n clim\u00e1tica en 2022","description":"El Senado no lleg\u00f3 a la meta en 2021. Env\u00edeles un correo para recordarles incluir medidas clim\u00e1ticas en la conciliaci\u00f3n presupuestaria.","robots":{"index":"index","follow":"follow","max-snippet":"max-snippet:-1","max-image-preview":"max-image-preview:large","max-video-preview":"max-video-preview:-1"},"canonical":"https:\/\/citizensclimatelobby.org\/es\/senado\/","og_locale":"es_ES","og_type":"article","og_title":"D\u00edgales a sus Senadores que necesitamos legislaci\u00f3n clim\u00e1tica en 2022","og_description":"El Senado no lleg\u00f3 a la meta en 2021. Env\u00edeles un correo para recordarles incluir medidas clim\u00e1ticas en la conciliaci\u00f3n presupuestaria.","og_url":"https:\/\/citizensclimatelobby.org\/es\/senado\/","og_site_name":"Citizens&#039; Climate Lobby","article_publisher":"https:\/\/www.facebook.com\/CitizensClimateLobby\/","article_modified_time":"2022-03-04T22:07:21+00:00","og_image":[{"width":1081,"height":556,"url":"https:\/\/citizensclimatelobby.org\/wp-content\/uploads\/2022\/03\/1200x630-Facebook-Senate-Priority-Spanish.png","type":"image\/png"}],"twitter_card":"summary_large_image","twitter_title":"D\u00edgales a sus Senadores que necesitamos legislaci\u00f3n clim\u00e1tica en 2022","twitter_description":"El Senado no lleg\u00f3 a la meta en 2021. Env\u00edeles un correo para recordarles incluir medidas clim\u00e1ticas en la conciliaci\u00f3n presupuestaria.","twitter_image":"https:\/\/citizensclimatelobby.org\/wp-content\/uploads\/2022\/03\/1200x630-Facebook-Senate-Priority-Spanish.png","twitter_site":"@citizensclimate","twitter_misc":{"Tiempo de lectura":"4 minutes"},"schema":{"@context":"https:\/\/schema.org","@graph":[{"@type":"WebPage","@id":"https:\/\/citizensclimatelobby.org\/es\/senado\/","url":"https:\/\/citizensclimatelobby.org\/es\/senado\/","name":"D\u00edgales a sus Senadores que necesitamos legislaci\u00f3n clim\u00e1tica en 2022","isPartOf":{"@id":"https:\/\/citizensclimatelobby.org\/#website"},"datePublished":"2021-07-16T16:44:29+00:00","dateModified":"2022-03-04T22:07:21+00:00","description":"El Senado no lleg\u00f3 a la meta en 2021. Env\u00edeles un correo para recordarles incluir medidas clim\u00e1ticas en la conciliaci\u00f3n presupuestaria.","breadcrumb":{"@id":"https:\/\/citizensclimatelobby.org\/es\/senado\/#breadcrumb"},"inLanguage":"es-ES","potentialAction":[{"@type":"ReadAction","target":["https:\/\/citizensclimatelobby.org\/es\/senado\/"]}]},{"@type":"BreadcrumbList","@id":"https:\/\/citizensclimatelobby.org\/es\/senado\/#breadcrumb","itemListElement":[{"@type":"ListItem","position":1,"name":"Home","item":"https:\/\/citizensclimatelobby.org\/es\/"},{"@type":"ListItem","position":2,"name":"P\u00eddale una renta clim\u00e1tica a su Senador"}]},{"@type":"WebSite","@id":"https:\/\/citizensclimatelobby.org\/#website","url":"https:\/\/citizensclimatelobby.org\/","name":"Citizens&#039; Climate Lobby","description":"Political will for a livable world","publisher":{"@id":"https:\/\/citizensclimatelobby.org\/#organization"},"potentialAction":[{"@type":"SearchAction","target":{"@type":"EntryPoint","urlTemplate":"https:\/\/citizensclimatelobby.org\/?s={search_term_string}"},"query-input":"required name=search_term_string"}],"inLanguage":"es-ES"},{"@type":"Organization","@id":"https:\/\/citizensclimatelobby.org\/#organization","name":"Citizens' Climate Lobby","url":"https:\/\/citizensclimatelobby.org\/","logo":{"@type":"ImageObject","inLanguage":"es-ES","@id":"https:\/\/citizensclimatelobby.org\/#\/schema\/logo\/image\/","url":"https:\/\/citizensclimatelobby.org\/wp-content\/uploads\/2017\/04\/CCL-Logo.png","contentUrl":"https:\/\/citizensclimatelobby.org\/wp-content\/uploads\/2017\/04\/CCL-Logo.png","width":314,"height":201,"caption":"Citizens' Climate Lobby"},"image":{"@id":"https:\/\/citizensclimatelobby.org\/#\/schema\/logo\/image\/"},"sameAs":["https:\/\/www.facebook.com\/CitizensClimateLobby\/","https:\/\/twitter.com\/citizensclimate","https:\/\/www.instagram.com\/citizensclimate\/","https:\/\/www.linkedin.com\/company\/citizens-climate-lobby\/","https:\/\/www.youtube.com\/c\/CitizensClimateLobby","https:\/\/en.wikipedia.org\/wiki\/Citizens_Climate_Lobby"]}]}},"_links":{"self":[{"href":"https:\/\/citizensclimatelobby.org\/es\/wp-json\/wp\/v2\/pages\/41104"}],"collection":[{"href":"https:\/\/citizensclimatelobby.org\/es\/wp-json\/wp\/v2\/pages"}],"about":[{"href":"https:\/\/citizensclimatelobby.org\/es\/wp-json\/wp\/v2\/types\/page"}],"author":[{"embeddable":true,"href":"https:\/\/citizensclimatelobby.org\/es\/wp-json\/wp\/v2\/users\/105"}],"replies":[{"embeddable":true,"href":"https:\/\/citizensclimatelobby.org\/es\/wp-json\/wp\/v2\/comments?post=41104"}],"version-history":[{"count":0,"href":"https:\/\/citizensclimatelobby.org\/es\/wp-json\/wp\/v2\/pages\/41104\/revisions"}],"wp:featuredmedia":[{"embeddable":true,"href":"https:\/\/citizensclimatelobby.org\/es\/wp-json\/wp\/v2\/media\/46085"}],"wp:attachment":[{"href":"https:\/\/citizensclimatelobby.org\/es\/wp-json\/wp\/v2\/media?parent=41104"}],"curies":[{"name":"wp","href":"https:\/\/api.w.org\/{rel}","templated":true}]}}